{"id":15074,"date":"2024-04-03T09:51:18","date_gmt":"2024-04-03T02:51:18","guid":{"rendered":"https:\/\/b2c.fairs.vn\/?post_type=product&#038;p=15074"},"modified":"2024-04-03T09:51:18","modified_gmt":"2024-04-03T02:51:18","slug":"den-led-thanh-ray-30w","status":"publish","type":"product","link":"https:\/\/b2c.fairs.vn\/en\/product\/den-led-thanh-ray-30w\/","title":{"rendered":"\u0110\u00e8n LED thanh ray 30W"},"content":{"rendered":"<p><i>Ng\u00e0y nay, v\u1edbi nhu c\u1ea7u t\u0103ng cao c\u1ee7a cu\u1ed9c s\u1ed1ng n\u00ean c\u00e1c s\u1ea3n ph\u1ea9m \u0111\u00e8n LED thanh ray c\u0169ng \u0111a d\u1ea1ng m\u1eabu m\u00e3, v\u1ec1 h\u00ecnh d\u1ea1ng c\u0169ng nh\u01b0 c\u1ea5u t\u1ea1o b\u00ean trong b\u00f3ng \u0111\u00e8n. \u0110\u00e8n LED thanh ray l\u00e0 s\u1ea3n ph\u1ea9m \u0111\u01b0\u1ee3c \u01b0a chu\u1ed9ng s\u1eed d\u1ee5ng nhi\u1ec1u v\u00e0 ph\u1ed5 bi\u1ebfn v\u1edbi gi\u1edbi thi\u1ebft k\u1ebf n\u1ed9i th\u1ea5t, trang tr\u00ed n\u1ed9i th\u1ea5t gia \u0111\u00ecnh, showroom, c\u1eeda h\u00e0ng\u2026 S\u1ea3n ph\u1ea9m cho c\u01b0\u1eddng \u0111\u1ed9 chi\u1ebfu s\u00e1ng m\u1ea1nh, thi\u1ebft k\u1ebf nh\u1ecf g\u1ecdn \u0111\u1eb9p m\u1eaft mang \u0111\u1ebfn \u00e1nh s\u00e1ng lung linh, b\u1eaft m\u1eaft \u0111em l\u1ea1i kh\u00f4ng gian s\u1ed1ng tuy\u1ec7t v\u1eddi h\u01a1n.<\/i><\/p>","protected":false},"excerpt":{"rendered":"<p>Ng\u00e0y nay, v\u1edbi nhu c\u1ea7u t\u0103ng cao c\u1ee7a cu\u1ed9c s\u1ed1ng n\u00ean c\u00e1c s\u1ea3n ph\u1ea9m \u0111\u00e8n LED thanh ray c\u0169ng \u0111a<\/p>","protected":false},"featured_media":15089,"comment_status":"open","ping_status":"closed","template":"","meta":{"_acf_changed":false},"product_cat":[366,446],"product_tag":[],"class_list":{"0":"post-15074","1":"product","2":"type-product","3":"status-publish","4":"has-post-thumbnail","6":"product_cat-hang-cnnt-cap-qg","7":"product_cat-san-pham-cnnt-tb-cap-qg-2019","9":"first","10":"instock","11":"shipping-taxable","12":"purchasable","13":"product-type-variable"},"acf":[],"_links":{"self":[{"href":"https:\/\/b2c.fairs.vn\/en\/wp-json\/wp\/v2\/product\/15074","targetHints":{"allow":["GET"]}}],"collection":[{"href":"https:\/\/b2c.fairs.vn\/en\/wp-json\/wp\/v2\/product"}],"about":[{"href":"https:\/\/b2c.fairs.vn\/en\/wp-json\/wp\/v2\/types\/product"}],"replies":[{"embeddable":true,"href":"https:\/\/b2c.fairs.vn\/en\/wp-json\/wp\/v2\/comments?post=15074"}],"version-history":[{"count":0,"href":"https:\/\/b2c.fairs.vn\/en\/wp-json\/wp\/v2\/product\/15074\/revisions"}],"wp:featuredmedia":[{"embeddable":true,"href":"https:\/\/b2c.fairs.vn\/en\/wp-json\/wp\/v2\/media\/15089"}],"wp:attachment":[{"href":"https:\/\/b2c.fairs.vn\/en\/wp-json\/wp\/v2\/media?parent=15074"}],"wp:term":[{"taxonomy":"product_cat","embeddable":true,"href":"https:\/\/b2c.fairs.vn\/en\/wp-json\/wp\/v2\/product_cat?post=15074"},{"taxonomy":"product_tag","embeddable":true,"href":"https:\/\/b2c.fairs.vn\/en\/wp-json\/wp\/v2\/product_tag?post=15074"}],"curies":[{"name":"wp","href":"https:\/\/api.w.org\/{rel}","templated":true}]}}