{"id":15037,"date":"2024-04-03T10:01:59","date_gmt":"2024-04-03T03:01:59","guid":{"rendered":"https:\/\/b2c.fairs.vn\/?post_type=product&#038;p=15037"},"modified":"2024-04-03T10:01:59","modified_gmt":"2024-04-03T03:01:59","slug":"may-cuon-rom-tu-hanh-pt-cr57","status":"publish","type":"product","link":"https:\/\/b2c.fairs.vn\/en\/product\/may-cuon-rom-tu-hanh-pt-cr57\/","title":{"rendered":"M\u00e1y cu\u1ed9n r\u01a1m t\u1ef1 h\u00e0nh PT-CR57"},"content":{"rendered":"<p>Lo\u1ea1i m\u00e1y hi\u1ec7u PT-CR57 l\u00e0 lo\u1ea1i m\u00e1y cu\u1ed1n r\u01a1m t\u1ef1 h\u00e0nh do C\u00f4ng ty TNHH MTV c\u01a1 kh\u00ed Phan T\u1ea5n cho ra \u0111\u1eddi n\u0103m 2014 c\u00f3 chi\u1ec1u d\u00e0i 4,2m, r\u1ed9ng 2,2m, ch\u1ea1y b\u1eb1ng \u0111\u1ed9ng c\u01a1 diesel c\u00f3 thi\u1ebft k\u1ebf b\u1ed9 ph\u1eadn thu gom r\u01a1m ph\u00eda tr\u01b0\u1edbc \u0111\u01b0\u1ee3c n\u00e2ng h\u1ea1 b\u1eb1ng h\u1ec7 th\u1ed1ng \u1ed1ng th\u1ee7y l\u1ef1c n\u00ean d\u1ec5 d\u00e0ng thao t\u00e1c, di chuy\u1ec3n tr\u00ean c\u00e1c \u0111\u1ecba h\u00ecnh ph\u1ee9c t\u1ea1p. M\u00e1y l\u1ea5y r\u01a1m \u1edf ph\u00eda tr\u01b0\u1edbc n\u00ean r\u01a1m kh\u00f4ng b\u1ecb c\u00e1n v\u00e0 s\u1ea1ch h\u01a1n. Thi\u1ebft k\u1ebf h\u1ec7 th\u1ed1ng di \u0111\u1ed9ng c\u1ee7a m\u00e1y b\u1eb1ng b\u00e1nh x\u00edch cao su n\u00ean c\u00f3 t\u00ednh n\u0103ng v\u01b0\u1ee3t tr\u1ed9i l\u00e0 ho\u1ea1t \u0111\u1ed9ng kh\u00e1 t\u1ed1t tr\u00ean c\u00e1c ch\u00e2n \u0111\u1ea5t \u01b0\u1edbt v\u00e0 y\u1ebfu, c\u00e1c \u0111\u1ecba h\u00ecnh l\u1ea7y th\u1ee5t n\u00ean c\u00f3 th\u1ec3 ho\u1ea1t \u0111\u1ed9ng quanh n\u0103m&#8230; R\u01a1m cu\u1ed9n \u0111\u01b0\u1ee3c nh\u1ea3 tr\u00ean th\u00f9ng ch\u1ee9a l\u1edbn n\u00ean s\u1ea1ch h\u01a1n v\u00e0 cho ph\u00e9p ch\u1edf t\u1ed1i \u0111a 30 cu\u1ed9n r\u01a1m ho\u1eb7c 1 t\u1ea5n n\u00f4ng s\u1ea3n \u0111\u01b0a v\u00e0o n\u01a1i thu gom, b\u1ea3o qu\u1ea3n. N\u0103ng su\u1ea5t ho\u1ea1t \u0111\u1ed9ng th\u1ef1c t\u1ebf c\u1ee7a m\u00e1y t\u1eeb 80-120 cu\u1ed9n\/gi\u1edd, 3ha\/ng\u00e0y cho l\u1ee3i nhu\u1eadn b\u00ecnh qu\u00e2n kho\u1ea3ng 4 tri\u1ec7u \u0111\u1ed3ng\/ha. Theo \u01b0\u1edbc t\u00ednh ch\u1ee7 m\u00e1y c\u00f3 th\u1ec3 thu h\u1ed3i \u0111\u01b0\u1ee3c v\u1ed1n ch\u1ec9 ch\u01b0a \u0111\u1ea7y 3 v\u1ee5 l\u00faa. Ngo\u00e0i ra, vi\u1ec7c \u0111\u1ea7u t\u01b0 lo\u1ea1i m\u00e1y n\u00e0y c\u00f2n c\u00f3 th\u1ec3 t\u1ea1o th\u00eam \u0111\u01b0\u1ee3c vi\u1ec7c l\u00e0m cho 3 lao \u0111\u1ed9ng v\u1edbi thu nh\u1eadp tr\u00ean 4 tri\u1ec7u \u0111\u1ed3ng\/th\u00e1ng. \u0110\u00e2y l\u00e0 lo\u1ea1i m\u00e1y m\u1edbi \u0111\u01b0\u1ee3c s\u1ea3n xu\u1ea5t t\u1ea1i Vi\u1ec7t Nam n\u00ean chi\u1ebfc m\u00e1y cu\u1ed1n r\u01a1m PT-CR57 \u0111ang \u0111\u01b0\u1ee3c nhi\u1ec1u n\u00f4ng d\u00e2n tin d\u00f9ng v\u00e0 m\u1ea1nh d\u1ea1n \u0111\u1ea7u t\u01b0 v\u1edbi s\u1ed1 l\u01b0\u1ee3ng v\u00ec hi\u1ec7u qu\u1ea3 mang l\u1ea1i kh\u00e1 cao.<\/p>\n<p>Ngo\u00e0i ra trong khi c\u00e1c m\u00e1y thu gom r\u01a1m kh\u00e1c \u0111\u01b0\u1ee3c \u0111\u1ea7u t\u01b0 \u0111a s\u1ed1 ch\u1ec9 ho\u1ea1t \u0111\u1ed9ng t\u1ed1t trong v\u1ee5 \u0111\u00f4ng xu\u00e2n khi tr\u1eddi kh\u00f4 r\u00e1o th\u00ec trong m\u00f9a m\u01b0a lo\u1ea1i m\u00e1y PT-CR57 v\u1eabn ho\u1ea1t \u0111\u1ed9ng b\u00ecnh th\u01b0\u1eddng \u0111\u00e3 gi\u00fap cho d\u1ef1 \u00e1n th\u1ef1c hi\u1ec7n th\u00e0nh c\u00f4ng c\u00e1c m\u00f4 h\u00ecnh n\u1ea5m r\u01a1m trong nh\u00e0 (12 nh\u00e0) v\u00e0 n\u1ea5m r\u01a1m truy\u1ec1n th\u1ed1ng c\u00f3 c\u1ea3i ti\u1ebfn (80 ha) trong v\u1ee5 h\u00e8 thu, thu \u0111\u00f4ng; gi\u00fap b\u00e0 con ch\u1ee7 \u0111\u1ed9ng \u0111\u01b0\u1ee3c ngu\u1ed3n nguy\u00ean li\u1ec7u s\u1ea3n xu\u1ea5t n\u1ea5m; g\u00f3p ph\u1ea7n v\u1ef1c d\u1eady v\u00e0 ph\u00e1t tri\u1ec3n ngh\u1ec1 tr\u1ed3ng n\u1ea5m r\u01a1m c\u1ee7a t\u1ec9nh.<\/p>\n<p>Qua th\u1ef1c t\u1ebf cho th\u1ea5y vi\u1ec7c \u1ee9ng d\u1ee5ng m\u00e1y cu\u1ed1n r\u01a1m n\u00f3i chung v\u00e0 lo\u1ea1i m\u00e1y PT-CR57 n\u00f3i ri\u00eang kh\u00f4ng ch\u1ec9 mang l\u1ea1i l\u1ee3i \u00edch qua vi\u1ec7c gi\u1ea3m chi ph\u00ed thu gom r\u01a1m, gi\u1ea3m ph\u00e1t th\u1ea3i kh\u00ed nh\u00e0 k\u00ednh m\u00e0 c\u00f2n t\u1ea1o \u0111i\u1ec1u ki\u1ec7n cho vi\u1ec7c t\u0103ng thu nh\u1eadp t\u1eeb s\u1eed d\u1ee5ng r\u01a1m cho nh\u1eefng m\u1ee5c \u0111\u00edch kh\u00e1c nhau. B\u00ean c\u1ea1nh \u0111\u00f3, vi\u1ec7c n\u00f4ng d\u00e2n (ch\u1ee7 ru\u1ed9ng) c\u00f3 kho\u1ea3n thu nh\u1eadp th\u00eam\u00a0 t\u1eeb vi\u1ec7c b\u00e1n r\u01a1m v\u1edbi m\u1ee9c gi\u00e1 t\u1eeb 400.000- 500.000 \u0111\u1ed3ng\/ha t\u00f9y theo m\u00f9a v\u1ee5 (khi c\u00f3 d\u1ecbch v\u1ee5 cu\u1ed1n r\u01a1m v\u00e0 thu mua r\u01a1m) t\u0103ng thu nh\u1eadp t\u1ea1i n\u00f4ng th\u00f4n, c\u0169ng \u0111\u00e3 cho th\u1ea5y hi\u1ec7u qu\u1ea3 x\u00e3 h\u1ed9i v\u00f4 c\u00f9ng \u00fd ngh\u0129a.<\/p>","protected":false},"excerpt":{"rendered":"<p>Lo\u1ea1i m\u00e1y hi\u1ec7u PT-CR57 l\u00e0 lo\u1ea1i m\u00e1y cu\u1ed1n r\u01a1m t\u1ef1 h\u00e0nh do C\u00f4ng ty TNHH MTV c\u01a1 kh\u00ed Phan T\u1ea5n<\/p>","protected":false},"featured_media":15110,"comment_status":"open","ping_status":"closed","template":"","meta":{"_acf_changed":false},"product_cat":[391,366,447,348],"product_tag":[],"class_list":{"0":"post-15037","1":"product","2":"type-product","3":"status-publish","4":"has-post-thumbnail","6":"product_cat-may-nong-nghiep","7":"product_cat-hang-cnnt-cap-qg","8":"product_cat-san-pham-cnnt-tb-cap-qg-2017","9":"product_cat-thiet-bi-co-khi","11":"first","12":"instock","13":"shipping-taxable","14":"product-type-simple"},"acf":[],"_links":{"self":[{"href":"https:\/\/b2c.fairs.vn\/en\/wp-json\/wp\/v2\/product\/15037","targetHints":{"allow":["GET"]}}],"collection":[{"href":"https:\/\/b2c.fairs.vn\/en\/wp-json\/wp\/v2\/product"}],"about":[{"href":"https:\/\/b2c.fairs.vn\/en\/wp-json\/wp\/v2\/types\/product"}],"replies":[{"embeddable":true,"href":"https:\/\/b2c.fairs.vn\/en\/wp-json\/wp\/v2\/comments?post=15037"}],"version-history":[{"count":0,"href":"https:\/\/b2c.fairs.vn\/en\/wp-json\/wp\/v2\/product\/15037\/revisions"}],"wp:featuredmedia":[{"embeddable":true,"href":"https:\/\/b2c.fairs.vn\/en\/wp-json\/wp\/v2\/media\/15110"}],"wp:attachment":[{"href":"https:\/\/b2c.fairs.vn\/en\/wp-json\/wp\/v2\/media?parent=15037"}],"wp:term":[{"taxonomy":"product_cat","embeddable":true,"href":"https:\/\/b2c.fairs.vn\/en\/wp-json\/wp\/v2\/product_cat?post=15037"},{"taxonomy":"product_tag","embeddable":true,"href":"https:\/\/b2c.fairs.vn\/en\/wp-json\/wp\/v2\/product_tag?post=15037"}],"curies":[{"name":"wp","href":"https:\/\/api.w.org\/{rel}","templated":true}]}}