{"id":15031,"date":"2024-04-03T09:42:27","date_gmt":"2024-04-03T02:42:27","guid":{"rendered":"https:\/\/b2c.fairs.vn\/?post_type=product&#038;p=15031"},"modified":"2024-04-03T09:44:10","modified_gmt":"2024-04-03T02:44:10","slug":"den-pha-led","status":"publish","type":"product","link":"https:\/\/b2c.fairs.vn\/en\/product\/den-pha-led\/","title":{"rendered":"\u0110\u00e8n pha LED"},"content":{"rendered":"<p><i>C\u00f3 th\u1ec3 n\u00f3i \u0111\u00e8n LED l\u00e0 s\u1ea3n ph\u1ea9m \u0111\u00e8n chi\u1ebfu s\u00e1ng \u0111em \u0111\u1ebfn nhi\u1ec1u l\u1ee3i \u00edch nh\u1ea5t cho x\u00e3 h\u1ed9i ng\u00e0y nay m\u00e0 kh\u00f4ng ph\u1ea3i b\u1ea5t k\u1ef3 lo\u1ea1i \u0111\u00e8n n\u00e0o c\u0169ng l\u00e0m \u0111\u01b0\u1ee3c.<\/i><\/p>\n<p><i>\u0110\u00e8n LED ngo\u00e0i tr\u1eddi l\u00e0 nh\u1eefng gi\u1ea3i ph\u00e1p chi\u1ebfu s\u00e1ng h\u1eefu hi\u1ec7u c\u00e1c v\u00f9ng t\u1ed1i ngo\u00e0i tr\u1eddi, \u0111\u1ec3 nh\u1eefng n\u01a1i c\u00f3 s\u1ef1 hi\u1ec7n di\u1ec7n c\u1ee7a Led s\u1ebd tr\u1edf n\u00ean lung linh, huy\u1ec1n \u1ea3o, nh\u1ed9n nh\u1ecbp.<\/i><\/p>","protected":false},"excerpt":{"rendered":"<p>C\u00f3 th\u1ec3 n\u00f3i \u0111\u00e8n LED l\u00e0 s\u1ea3n ph\u1ea9m \u0111\u00e8n chi\u1ebfu s\u00e1ng \u0111em \u0111\u1ebfn nhi\u1ec1u l\u1ee3i \u00edch nh\u1ea5t cho x\u00e3 h\u1ed9i<\/p>","protected":false},"featured_media":15063,"comment_status":"open","ping_status":"closed","template":"","meta":{"_acf_changed":false},"product_cat":[366,446],"product_tag":[],"class_list":{"0":"post-15031","1":"product","2":"type-product","3":"status-publish","4":"has-post-thumbnail","6":"product_cat-hang-cnnt-cap-qg","7":"product_cat-san-pham-cnnt-tb-cap-qg-2019","9":"first","10":"instock","11":"shipping-taxable","12":"purchasable","13":"product-type-variable"},"acf":[],"_links":{"self":[{"href":"https:\/\/b2c.fairs.vn\/en\/wp-json\/wp\/v2\/product\/15031","targetHints":{"allow":["GET"]}}],"collection":[{"href":"https:\/\/b2c.fairs.vn\/en\/wp-json\/wp\/v2\/product"}],"about":[{"href":"https:\/\/b2c.fairs.vn\/en\/wp-json\/wp\/v2\/types\/product"}],"replies":[{"embeddable":true,"href":"https:\/\/b2c.fairs.vn\/en\/wp-json\/wp\/v2\/comments?post=15031"}],"version-history":[{"count":0,"href":"https:\/\/b2c.fairs.vn\/en\/wp-json\/wp\/v2\/product\/15031\/revisions"}],"wp:featuredmedia":[{"embeddable":true,"href":"https:\/\/b2c.fairs.vn\/en\/wp-json\/wp\/v2\/media\/15063"}],"wp:attachment":[{"href":"https:\/\/b2c.fairs.vn\/en\/wp-json\/wp\/v2\/media?parent=15031"}],"wp:term":[{"taxonomy":"product_cat","embeddable":true,"href":"https:\/\/b2c.fairs.vn\/en\/wp-json\/wp\/v2\/product_cat?post=15031"},{"taxonomy":"product_tag","embeddable":true,"href":"https:\/\/b2c.fairs.vn\/en\/wp-json\/wp\/v2\/product_tag?post=15031"}],"curies":[{"name":"wp","href":"https:\/\/api.w.org\/{rel}","templated":true}]}}