{"id":15016,"date":"2024-04-03T09:34:41","date_gmt":"2024-04-03T02:34:41","guid":{"rendered":"https:\/\/b2c.fairs.vn\/?post_type=product&#038;p=15016"},"modified":"2024-04-03T09:34:41","modified_gmt":"2024-04-03T02:34:41","slug":"ca-phe-huy-tung-huong-chon-truyen-thong","status":"publish","type":"product","link":"https:\/\/b2c.fairs.vn\/en\/product\/ca-phe-huy-tung-huong-chon-truyen-thong\/","title":{"rendered":"C\u00e0 ph\u00ea Huy T\u00f9ng &#8211; H\u01b0\u01a1ng ch\u1ed3n truy\u1ec1n th\u1ed1ng"},"content":{"rendered":"<p>Th\u00e0nh ph\u1ea7n:\u00a0C\u00e0 ph\u00ea Moka, Robusta, B\u01a1, Mu\u1ed1i&#8230;<br \/>\nKh\u1ed1i l\u01b0\u1ee3ng: 500gr<br \/>\nC\u00e1ch d\u00f9ng: C\u00e0 ph\u00ea d\u1ea1ng b\u1ed9t d\u00f9ng \u0111\u1ec3 pha phin<br \/>\n<span style=\"font-family: inherit;\">V\u1edbi kinh nghi\u1ec7m g\u1ea7n 40 n\u0103m ho\u1ea1t \u0111\u1ed9ng trong l\u0129nh v\u1ef1c ch\u1ebf bi\u1ebfn c\u00e0 ph\u00ea, c\u00e0 ph\u00ea Huy T\u00f9ng \u0111\u01b0\u1ee3c ch\u1ebf bi\u1ebfn v\u1edbi c\u00f4ng th\u1ee9c b\u00ed truy\u1ec1n, mang l\u1ea1i h\u01b0\u01a1ng v\u1ecb \u0111\u1ed9c \u0111\u00e1o, \u0111\u1eadm \u0111\u00e0 v\u00e0 t\u1ef1 h\u00e0o l\u00e0 s\u1ea3n ph\u1ea9m \u0111\u1eb7c tr\u01b0ng c\u1ee7a v\u00f9ng \u0111\u1ea5t Ph\u00fa Y\u00ean. S\u1ef1 k\u1ebft h\u1ee3p ch\u1ecdn l\u1ecdc ho\u00e0n h\u1ea3o gi\u1eefa hai lo\u1ea1i c\u00e0 ph\u00ea n\u1ed5i ti\u1ebfng c\u1ee7a Cao nguy\u00ean Bu\u00f4n Ma Thu\u1ed9t &#8211; Arabica v\u00e0 Robusta c\u00f9ng nh\u1eefng h\u01b0\u01a1ng li\u1ec7u cao c\u1ea5p, Huy T\u00f9ng cho ra s\u1ea3n ph\u1ea9m c\u00e0 ph\u00ea H\u01b0\u01a1ng Ch\u1ed3n truy\u1ec1n th\u1ed1ng g\u1ee3i nh\u1edb \u0111\u1ebfn s\u1ea3n ph\u1ea9m c\u00e0 ph\u00ea Ch\u1ed3n Kopi Luwak danh ti\u1ebfng.\u00a0<\/span><\/p>\n<p>Nh\u1eefng h\u1ea1t c\u00e0 ph\u00ea th\u01a1m ngon t\u1edbi tay ng\u01b0\u1eddi ti\u00eau d\u00f9ng \u0111\u1ec1u ph\u1ea3i qua m\u1ed9t qu\u00e1 tr\u00ecnh ch\u1ecdn l\u1ef1a nguy\u00ean li\u1ec7u v\u00e0 ch\u1ebf bi\u1ebfn k\u0129 c\u00e0ng. H\u1ea1t c\u00e0 ph\u00ea sau khi ch\u1ecdn l\u1ecdc, ph\u00e2n lo\u1ea1i s\u1ebd \u0111\u01b0\u1ee3c \u0111\u01b0a v\u00e0o l\u00f2 rang trong kho\u1ea3ng 55 ph\u00fat, v\u1edbi nhi\u1ec7t \u0111\u1ed9 kho\u1ea3ng 228 \u0111\u1ed9 C. Sau \u0111\u00f3, c\u00e0 ph\u00ea \u0111\u01b0\u1ee3c l\u00e0m ngu\u1ed9i r\u1ed3i tr\u1ed9n t\u1ea9m b\u01a1, nguy\u00ean li\u1ec7u, cho v\u00e0o bao \u1ee7 th\u00f9ng trong 3 ng\u00e0y. Sau \u0111\u00f3, c\u00e0 ph\u00ea h\u1ea1t \u0111\u01b0\u1ee3c chuy\u1ec3n sang c\u00f4ng \u0111o\u1ea1n xay v\u00e0 \u0111\u00f3ng bao th\u00e0nh p.<\/p>\n<p>M\u1eb7c d\u00f9 \u0111\u1ea7u t\u01b0 c\u00f4ng ngh\u1ec7 hi\u1ec7n \u0111\u1ea1i nh\u01b0ng c\u00f4ng ty v\u1eabn gi\u1eef m\u1ed9t ph\u1ea7n c\u00f4ng \u0111o\u1ea1n l\u00e0m tay truy\u1ec1n th\u1ed1ng nh\u01b0 rang k\u1ebft h\u1ee3p gi\u1eefa \u0111i\u1ec7n v\u00e0 than c\u1ee7i \u0111\u1ec3 gi\u1eef \u0111\u01b0\u1ee3c nhi\u1ec7t \u0111\u1ed9 \u0111\u1ec1u, duy tr\u00ec \u0111\u1ed9 n\u00f3ng ph\u00f9 h\u1ee3p. B\u00ean c\u1ea1nh \u0111\u00f3, trong qu\u00e1 tr\u00ecnh rang, ng\u01b0\u1eddi rang c\u00e0 ph\u00ea b\u1eb1ng kinh nghi\u1ec7m l\u00e2u n\u0103m c\u00f3 th\u1ec3 ki\u1ec3m tra \u0111\u01b0\u1ee3c \u0111\u1ed9 ch\u00edn c\u1ee7a h\u1ea1t c\u00e0 ph\u00ea \u0111\u1ec3 \u0111\u1ea3m b\u1ea3o h\u1ea1t c\u00e0 ph\u00ea \u0111\u1ea1t \u0111\u00fang \u0111\u1ed9 ch\u00edn c\u1ea7n thi\u1ebft. Nh\u1edd v\u1eady, s\u1ea3n ph\u1ea9m c\u00e0 ph\u00ea Huy T\u00f9ng lu\u00f4n gi\u1eef \u0111\u01b0\u1ee3c n\u00e9t ri\u00eang, h\u01b0\u01a1ng v\u1ecb \u0111\u1eadm \u0111\u00e0. Khi u\u1ed1ng c\u00e0 ph\u00ea c\u00f3 m\u00f9i \u0111\u1eb7c tr\u01b0ng, m\u1ed9t ch\u00fat v\u1ecb kh\u00f3i, h\u01b0\u01a1ng th\u01a1m \u0111\u1eadm \u0111\u00e0, thoang tho\u1ea3ng v\u1ecb socola v\u00e0 m\u1ed9t ch\u00fat \u0111\u1eafng d\u1ec5 ch\u1ecbu.<\/p>\n<p>C\u00e1ch pha c\u00e0 ph\u00ea:<br \/>\n&#8211; Cho v\u00e0o phin 4 mu\u1ed7ng c\u00e0 ph\u00ea b\u1ed9t<br \/>\n&#8211; L\u1eafc \u0111\u1ec1u v\u00e0 \u00e9p nh\u1eb9 n\u1eafp g\u00e0i b\u00ean trong<br \/>\n&#8211; D\u00f9ng 10ml n\u01b0\u1edbc tinh khi\u1ebft \u0111\u1ed9 96 &#8211; 100 \u0111\u1ed9 C ch\u00e2m v\u00e0o phin, ch\u1edd c\u00e0 ph\u00ea ng\u1ea5m \u0111\u1ec1u kho\u1ea3ng 1 ph\u00fat. Sau \u0111\u00f3 ch\u00e2m 60ml n\u01b0\u1edbc s\u00f4i v\u00e0o phin<br \/>\n&#8211; Th\u00eam \u0111\u01b0\u1eddng, s\u1eefa, \u0111\u00e1 t\u00f9y kh\u1ea9u v\u1ecb<\/p>","protected":false},"excerpt":{"rendered":"<p>Th\u00e0nh ph\u1ea7n:\u00a0C\u00e0 ph\u00ea Moka, Robusta, B\u01a1, Mu\u1ed1i&#8230; Kh\u1ed1i l\u01b0\u1ee3ng: 500gr C\u00e1ch d\u00f9ng: C\u00e0 ph\u00ea d\u1ea1ng b\u1ed9t d\u00f9ng \u0111\u1ec3 pha phin<\/p>","protected":false},"featured_media":15026,"comment_status":"open","ping_status":"closed","template":"","meta":{"_acf_changed":false},"product_cat":[325,329,331,366,398],"product_tag":[],"class_list":{"0":"post-15016","1":"product","2":"type-product","3":"status-publish","4":"has-post-thumbnail","6":"product_cat-san-pham-do-uong","7":"product_cat-do-uong-khong-con","8":"product_cat-do-uong-khong-con-do-uong-khong-con","9":"product_cat-hang-cnnt-cap-qg","10":"product_cat-san-pham-cnnt-tb-cap-qg-2021","12":"first","13":"instock","14":"shipping-taxable","15":"purchasable","16":"product-type-variable"},"acf":[],"_links":{"self":[{"href":"https:\/\/b2c.fairs.vn\/en\/wp-json\/wp\/v2\/product\/15016","targetHints":{"allow":["GET"]}}],"collection":[{"href":"https:\/\/b2c.fairs.vn\/en\/wp-json\/wp\/v2\/product"}],"about":[{"href":"https:\/\/b2c.fairs.vn\/en\/wp-json\/wp\/v2\/types\/product"}],"replies":[{"embeddable":true,"href":"https:\/\/b2c.fairs.vn\/en\/wp-json\/wp\/v2\/comments?post=15016"}],"version-history":[{"count":0,"href":"https:\/\/b2c.fairs.vn\/en\/wp-json\/wp\/v2\/product\/15016\/revisions"}],"wp:featuredmedia":[{"embeddable":true,"href":"https:\/\/b2c.fairs.vn\/en\/wp-json\/wp\/v2\/media\/15026"}],"wp:attachment":[{"href":"https:\/\/b2c.fairs.vn\/en\/wp-json\/wp\/v2\/media?parent=15016"}],"wp:term":[{"taxonomy":"product_cat","embeddable":true,"href":"https:\/\/b2c.fairs.vn\/en\/wp-json\/wp\/v2\/product_cat?post=15016"},{"taxonomy":"product_tag","embeddable":true,"href":"https:\/\/b2c.fairs.vn\/en\/wp-json\/wp\/v2\/product_tag?post=15016"}],"curies":[{"name":"wp","href":"https:\/\/api.w.org\/{rel}","templated":true}]}}