{"id":15011,"date":"2024-04-03T09:36:36","date_gmt":"2024-04-03T02:36:36","guid":{"rendered":"https:\/\/b2c.fairs.vn\/?post_type=product&#038;p=15011"},"modified":"2024-04-26T14:31:38","modified_gmt":"2024-04-26T07:31:38","slug":"tra-o-long-2","status":"publish","type":"product","link":"https:\/\/b2c.fairs.vn\/en\/product\/tra-o-long-2\/","title":{"rendered":"Tr\u00e0 \u00d4 long"},"content":{"rendered":"<div class=\"xdj266r x11i5rnm xat24cr x1mh8g0r x1vvkbs x126k92a\">\n<div dir=\"auto\">Ch\u00e8 \u00d4 Long &#8211; C\u00f4ng ty C\u1ed5 ph\u1ea7n Ch\u00e8 Th\u00e1i B\u00ecnh L\u1ea1ng S\u01a1n:<\/div>\n<\/div>\n<div class=\"x11i5rnm xat24cr x1mh8g0r x1vvkbs xtlvy1s x126k92a\">\n<div dir=\"auto\">Theo qu\u1ed1c l\u1ed9 31, qua c\u00e1c huy\u1ec7n thu\u1ed9c t\u1ec9nh B\u1eafc Giang, v\u01b0\u1ee3t qua nh\u1eefng con \u0111\u01b0\u1eddng tr\u1ea3i nh\u1ef1a ngo\u1eb1n ngo\u00e8o tr\u00ean c\u00e1c \u0111\u1ed3i, n\u00fai nh\u1ea5p nh\u00f4, ch\u00fang t\u00f4i \u0111\u1ebfn th\u1ecb tr\u1ea5n n\u00f4ng tr\u01b0\u1eddng Th\u00e1i B\u00ecnh, huy\u1ec7n \u0110\u00ecnh L\u1eadp, t\u1ec9nh L\u1ea1ng S\u01a1n. Th\u1ecb tr\u1ea5n c\u0169ng l\u00e0 \u0111\u1ecba ch\u1ec9 c\u1ee7a C\u00f4ng ty C\u1ed5 ph\u1ea7n ch\u00e8 Th\u00e1i B\u00ecnh (ti\u1ec1n th\u00e2n l\u00e0 n\u00f4ng tr\u01b0\u1eddng qu\u1ed1c doanh Th\u00e1i B\u00ecnh \u0111\u01b0\u1ee3c th\u00e0nh l\u1eadp v\u00e0o th\u00e1ng 9 n\u0103m 1962, l\u1ef1c l\u01b0\u1ee3ng c\u00e1n b\u1ed9 c\u00f4ng nh\u00e2n vi\u00ean n\u00f2ng c\u1ed1t l\u00e0 b\u1ed9 \u0111\u1ed9i ph\u1ee5c vi\u00ean thu\u1ed9c \u0110\u1ea1i \u0111\u1ed9i 6 Trung \u0111o\u00e0n 242 chuy\u1ec3n sang l\u00e0m kinh t\u1ebf v\u00e0 gi\u1eef g\u00ecn an ninh v\u00f9ng bi\u00ean gi\u1edbi)<\/div>\n<\/div>\n<div class=\"x11i5rnm xat24cr x1mh8g0r x1vvkbs xtlvy1s x126k92a\">\n<div dir=\"auto\">V\u00f9ng nguy\u00ean li\u1ec7u ch\u00e8 n\u1eb1m \u1edf v\u00f9ng cao L\u1ea1ng S\u01a1n gi\u00e1p t\u1ec9nh Qu\u1ea3ng Ninh, ng\u00e0y nay nh\u1edd \u0111\u01b0\u1eddng s\u00e1 thu\u1eadn ti\u1ec7n \u0111\u00e3 g\u00f3p ph\u1ea7n l\u00e0m thay \u0111\u1ed5i di\u1ec7n m\u1ea1o cho v\u00f9ng \u0111\u1ea5t h\u1ebbo l\u00e1nh x\u01b0a kia.<\/div>\n<\/div>\n<div class=\"x11i5rnm xat24cr x1mh8g0r x1vvkbs xtlvy1s x126k92a\">\n<div dir=\"auto\">C\u00e2y ch\u00e8 \u0111\u00e3 c\u00f3 m\u1eb7t t\u1ea1i \u0111\u00e2y g\u00e2\u0300n 40 n\u0103m nay. Khu v\u1ef1c n\u00e0y c\u00f3 \u0111i\u00ea\u0300u ki\u00ea\u0323n \u0111\u00e2\u0301t \u0111ai v\u00e0 kh\u00ed h\u00e2\u0323u ph\u00f9 h\u1ee3p, ng\u01b0\u1eddi d\u00e2n c\u00f3 kinh nghi\u00ea\u0323m tr\u00f4\u0300ng v\u00e0 ch\u00ea\u0301 bi\u00ea\u0301n ch\u00e8, vi\u1ec7c \u00e1p d\u1ee5ng khoa h\u1ecdc &#8211; k\u1ef9 thu\u00e2\u0323t v\u00e0o s\u1ea3n xu\u00e2\u0301t, \u0111\u1eb7c bi\u00ea\u0323t l\u00e0 \u0111\u01b0a c\u00e1c gi\u00f4\u0301ng ch\u00e8 m\u1edbi nh\u01b0 \u00d4 Long Thanh T\u00e2m, B\u00e1t Ti\u00ean, Ng\u1ecdc Th\u00fay v\u00e0o tr\u00f4\u0300ng tr\u00ean di\u00ea\u0323n r\u00f4\u0323ng \u0111\u00e3 gi\u00fap ng\u01b0\u1eddi d\u00e2n n\u01a1i \u0111\u00e2y ph\u00e1t tri\u1ec3n kinh t\u1ebf, g\u00f3p ph\u1ea7n x\u00f3a \u0111\u00f3i, gi\u1ea3m ngh\u00e8o, t\u1eebng b\u01b0\u1edbc \u0111i l\u00ean \u0111\u1ec3 l\u00e0m gi\u00e0u tr\u00ean ch\u00ednh m\u1ea3nh \u0111\u1ea5t qu\u00ea h\u01b0\u01a1ng c\u1ee7a m\u00ecnh.<\/div>\n<\/div>","protected":false},"excerpt":{"rendered":"<p>Ch\u00e8 \u00d4 Long &#8211; C\u00f4ng ty C\u1ed5 ph\u1ea7n Ch\u00e8 Th\u00e1i B\u00ecnh L\u1ea1ng S\u01a1n: Theo qu\u1ed1c l\u1ed9 31, qua c\u00e1c huy\u1ec7n<\/p>","protected":false},"featured_media":15044,"comment_status":"open","ping_status":"closed","template":"","meta":{"_acf_changed":false},"product_cat":[321,366,398,22,323],"product_tag":[],"class_list":{"0":"post-15011","1":"product","2":"type-product","3":"status-publish","4":"has-post-thumbnail","6":"product_cat-che","7":"product_cat-hang-cnnt-cap-qg","8":"product_cat-san-pham-cnnt-tb-cap-qg-2021","9":"product_cat-sanphamthucpham","10":"product_cat-san-pham-tra-tu-thuc-vat-khac","12":"first","13":"instock","14":"shipping-taxable","15":"product-type-simple"},"acf":[],"_links":{"self":[{"href":"https:\/\/b2c.fairs.vn\/en\/wp-json\/wp\/v2\/product\/15011","targetHints":{"allow":["GET"]}}],"collection":[{"href":"https:\/\/b2c.fairs.vn\/en\/wp-json\/wp\/v2\/product"}],"about":[{"href":"https:\/\/b2c.fairs.vn\/en\/wp-json\/wp\/v2\/types\/product"}],"replies":[{"embeddable":true,"href":"https:\/\/b2c.fairs.vn\/en\/wp-json\/wp\/v2\/comments?post=15011"}],"version-history":[{"count":0,"href":"https:\/\/b2c.fairs.vn\/en\/wp-json\/wp\/v2\/product\/15011\/revisions"}],"wp:featuredmedia":[{"embeddable":true,"href":"https:\/\/b2c.fairs.vn\/en\/wp-json\/wp\/v2\/media\/15044"}],"wp:attachment":[{"href":"https:\/\/b2c.fairs.vn\/en\/wp-json\/wp\/v2\/media?parent=15011"}],"wp:term":[{"taxonomy":"product_cat","embeddable":true,"href":"https:\/\/b2c.fairs.vn\/en\/wp-json\/wp\/v2\/product_cat?post=15011"},{"taxonomy":"product_tag","embeddable":true,"href":"https:\/\/b2c.fairs.vn\/en\/wp-json\/wp\/v2\/product_tag?post=15011"}],"curies":[{"name":"wp","href":"https:\/\/api.w.org\/{rel}","templated":true}]}}