{"id":15007,"date":"2024-04-03T09:24:36","date_gmt":"2024-04-03T02:24:36","guid":{"rendered":"https:\/\/b2c.fairs.vn\/?post_type=product&#038;p=15007"},"modified":"2024-04-03T09:24:37","modified_gmt":"2024-04-03T02:24:37","slug":"tra-giao-co-lam-cao-bang","status":"publish","type":"product","link":"https:\/\/b2c.fairs.vn\/en\/product\/tra-giao-co-lam-cao-bang\/","title":{"rendered":"Tr\u00e0 Gi\u1ea3o c\u1ed5 lam Cao B\u1eb1ng"},"content":{"rendered":"<h5><b>GI\u1ea2O C\u1ed4 LAM (C\u00c2Y TR\u01af\u1edcNG SINH)<\/b>\u00a0l\u00e0 lo\u00e0i c\u00e2y th\u00e2n b\u00f2, m\u1ecdc r\u1ea3i r\u00e1c\u00a0hoang d\u00e3 tr\u00ean v\u00f9ng n\u00fai cao thu\u1ed9c T\u1ec9nh Cao B\u1eb1ng. \u0110\u00e3 \u0111\u01b0\u1ee3c ng\u01b0\u1eddi d\u00e2n \u0111\u1ecba ph\u01b0\u01a1ng s\u1eed d\u1ee5ng l\u00e2u \u0111\u1eddi.<\/h5>\n<p>S\u1ea3n xu\u1ea5t d\u01b0\u1edbi d\u1ea1ng tr\u00e0 t\u00fai l\u1ecdc: H\u01b0\u01a1ng v\u1ecb tr\u00e0 Gi\u1ea3o C\u1ed5 Lam nh\u1eb9 nh\u00e0ng d\u1ec5 u\u1ed1ng nh\u01b0 s\u1ea3n ph\u1ea9m Tr\u00e0 thanh nhi\u1ec7t, Tr\u00e0 truy\u1ec1n th\u1ed1ng\u2026<\/p>\n<h4><b>T\u00e1c d\u1ee5ng:<\/b><\/h4>\n<p>B\u00ecnh \u1ed5n huy\u1ebft \u00e1p \u2013 h\u1ea1 m\u1ee1 m\u00e1u \u2013 gi\u1ea3m cholesterol hi\u1ec7u qu\u1ea3 cao \u2013 ng\u0103n ng\u1eeba x\u01a1 v\u1eefa m\u1ea1ch m\u00e1u, huy\u1ebft kh\u1ed1i, c\u00e1c bi\u1ebfn ch\u1ee9ng tim m\u1ea1ch, ti\u1ec3u \u0111\u01b0\u1eddng, ch\u1ed1ng ung th\u01b0 \u2013 ch\u1ed1ng l\u00e3o h\u00f3a \u2013 \u0111i\u1ec1u ch\u1ec9nh r\u1ed1i lo\u1ea1n m\u1ee1 l\u00e0m gi\u1ea3m b\u00e9o m\u1eadp, ch\u1ed1ng stress gi\u00fap \u0103n, ng\u1ee7, ti\u00eau h\u00f3a t\u1ed1t \u2013 t\u0103ng l\u1ef1c, t\u0103ng kh\u1ea3\u00a0n\u0103ng mi\u1ec5n d\u1ecbch.<\/p>","protected":false},"excerpt":{"rendered":"<p>GI\u1ea2O C\u1ed4 LAM (C\u00c2Y TR\u01af\u1edcNG SINH)\u00a0l\u00e0 lo\u00e0i c\u00e2y th\u00e2n b\u00f2, m\u1ecdc r\u1ea3i r\u00e1c\u00a0hoang d\u00e3 tr\u00ean v\u00f9ng n\u00fai cao thu\u1ed9c T\u1ec9nh<\/p>","protected":false},"featured_media":15008,"comment_status":"open","ping_status":"closed","template":"","meta":{"_acf_changed":false},"product_cat":[321,366,447,22,323],"product_tag":[],"class_list":{"0":"post-15007","1":"product","2":"type-product","3":"status-publish","4":"has-post-thumbnail","6":"product_cat-che","7":"product_cat-hang-cnnt-cap-qg","8":"product_cat-san-pham-cnnt-tb-cap-qg-2017","9":"product_cat-sanphamthucpham","10":"product_cat-san-pham-tra-tu-thuc-vat-khac","12":"first","13":"instock","14":"shipping-taxable","15":"purchasable","16":"product-type-simple"},"acf":[],"_links":{"self":[{"href":"https:\/\/b2c.fairs.vn\/en\/wp-json\/wp\/v2\/product\/15007","targetHints":{"allow":["GET"]}}],"collection":[{"href":"https:\/\/b2c.fairs.vn\/en\/wp-json\/wp\/v2\/product"}],"about":[{"href":"https:\/\/b2c.fairs.vn\/en\/wp-json\/wp\/v2\/types\/product"}],"replies":[{"embeddable":true,"href":"https:\/\/b2c.fairs.vn\/en\/wp-json\/wp\/v2\/comments?post=15007"}],"version-history":[{"count":0,"href":"https:\/\/b2c.fairs.vn\/en\/wp-json\/wp\/v2\/product\/15007\/revisions"}],"wp:featuredmedia":[{"embeddable":true,"href":"https:\/\/b2c.fairs.vn\/en\/wp-json\/wp\/v2\/media\/15008"}],"wp:attachment":[{"href":"https:\/\/b2c.fairs.vn\/en\/wp-json\/wp\/v2\/media?parent=15007"}],"wp:term":[{"taxonomy":"product_cat","embeddable":true,"href":"https:\/\/b2c.fairs.vn\/en\/wp-json\/wp\/v2\/product_cat?post=15007"},{"taxonomy":"product_tag","embeddable":true,"href":"https:\/\/b2c.fairs.vn\/en\/wp-json\/wp\/v2\/product_tag?post=15007"}],"curies":[{"name":"wp","href":"https:\/\/api.w.org\/{rel}","templated":true}]}}