{"id":15006,"date":"2024-04-03T09:27:45","date_gmt":"2024-04-03T02:27:45","guid":{"rendered":"https:\/\/b2c.fairs.vn\/?post_type=product&#038;p=15006"},"modified":"2024-04-23T15:31:45","modified_gmt":"2024-04-23T08:31:45","slug":"choa-den-led-30w","status":"publish","type":"product","link":"https:\/\/b2c.fairs.vn\/en\/product\/choa-den-led-30w\/","title":{"rendered":"Ch\u00f3a \u0111\u00e8n LED 30W"},"content":{"rendered":"<p><i>Ch\u00f3a \u0111\u00e8n LED \u0111\u01b0\u1ee3c bi\u1ebft \u0111\u1ebfn l\u00e0 b\u1ed9 ph\u1eadn kh\u00f4ng th\u1ec3 thi\u1ec3u c\u1ee7a \u0111\u00e8n gi\u00fap cho b\u00f3ng \u0111\u00e8n LED c\u00f3 \u0111\u1ed9 ph\u1ea3n quang cao nh\u1ea5t. H\u1ed7 tr\u1ee3 \u0111\u1ea3m b\u1ea3o ch\u1ea5t l\u01b0\u1ee3ng \u00e1nh s\u00e1ng ph\u00e1t ra t\u1eeb chip LED \u0111\u01b0\u1ee3c ph\u00e1t huy m\u1ed9t c\u00e1ch t\u1ed1i \u01b0u nh\u1ea5t. V\u00e0 \u0111\u1eb7c bi\u1ec7t n\u00f3 mang l\u1ea1i s\u1ef1 ho\u00e0n thi\u1ec7n v\u00e0 t\u00ednh th\u1ea9m m\u1ef9 cho c\u00f4ng tr\u00ecnh.<\/i><\/p>","protected":false},"excerpt":{"rendered":"<h4><b>\u0110\u1eb7c \u0111i\u1ec3m, t\u00ednh n\u0103ng n\u1ed5i b\u1eadt c\u1ee7a ch\u00f3a \u0111\u00e8n LED<\/b><\/h4>\n<ul>\n<li>V\u1ecf \u0111\u00e8n: l\u00e0m b\u1eb1ng nh\u00f4m nguy\u00ean kh\u1ed1i \u0111\u1ec3 ch\u1ecbu \u0111\u01b0\u1ee3c ngo\u1ea1i l\u1ef1c m\u1ea1nh t\u1eeb b\u00ean ngo\u00e0i.<\/li>\n<li>Tr\u00ean b\u1ec1 m\u1eb7t ch\u00f3a \u0111\u00e8n nh\u00f4m \u0111\u01b0\u1ee3c ph\u1ee7 b\u1eb1ng l\u1edbp s\u01a1n t\u0129nh \u0111i\u1ec7n gi\u00fap ch\u1ed1ng g\u1ec9, \u0103n m\u00f2n,\u2026<\/li>\n<li>Ch\u00f3a \u0111\u00e8n \u0111\u01b0\u1ee3c l\u00e0m b\u1eb1ng nhi\u1ec1u ch\u1ea5t l\u01b0\u1ee3ng kh\u00e1c nhau: nh\u1ef1a, nh\u00f4m, ch\u1ea5t li\u1ec7u t\u1ed5ng h\u1ee3p\u2026 \u0111\u1ea3m b\u1ea3o ch\u1ecbu \u0111\u01b0\u1ee3c nhi\u1ec7t \u0111\u1ed9 cao c\u1ee7a b\u00f3ng \u0111\u00e8n, ch\u1ed1ng oxy h\u00f3a, ch\u1ed1ng r\u1ec9 s\u00e9t.<\/li>\n<li>Ch\u00f3a \u0111\u00e8n th\u01b0\u1eddng \u0111\u01b0\u1ee3c s\u01a1n th\u00eam l\u1edbp ph\u1ee7 crom s\u00e1ng b\u00f3ng \u0111\u1ec3 t\u0103ng th\u00eam t\u00ednh th\u1ea9m m\u1ef9 v\u00e0 gi\u00fap cho kh\u00f4ng gian tr\u1edf l\u00ean s\u00e1ng v\u00e0 trung th\u1ef1c h\u01a1n.<\/li>\n<li>\u0110\u1ebf l\u1eafp ph\u1ee5 ki\u1ec7n: l\u00e0m b\u1eb1ng nh\u00f4m nguy\u00ean ch\u1ea5t \u0111\u1ec3 g\u00e1 b\u1ed9 \u0111i\u1ec7n k\u00edch t\u1ee5, ch\u1ea5n l\u01b0u, c\u1ea7u \u0111\u1ea5u n\u1ed1i d\u00e2y.<\/li>\n<\/ul>\n<h4><b>\u01afu \u0111i\u1ec3m<\/b><\/h4>\n<p><strong>Ti\u1ebft ki\u1ec7m \u0111i\u1ec7n n\u0103ng<\/strong><\/p>\n<p>Nh\u1eefng chi\u1ebfc ch\u00f3a \u0111\u00e8n \u0111\u01b0\u1ee3c thi\u1ebft k\u1ebf gi\u00fap cho \u0111\u1ed9 ph\u1ea3n quang cao nh\u1ea5t, ch\u1ea5t l\u01b0\u1ee3ng \u00e1nh s\u00e1ng \u0111\u01b0\u1ee3c ph\u00e1t ra t\u1eeb \u0111\u00e8n \u0111\u1ea1t \u0111\u1ebfn m\u1ee9c t\u1ed1i \u01b0u. Nh\u1eefng lo\u1ea1i \u0111\u00e8n LED\u00a0 c\u00f3 th\u00eam b\u1ed9 ph\u1eadn ch\u00f3a \u0111\u00e8n s\u1ebd gi\u00fap cho \u0111\u1ed9 ph\u1ea3n chi\u1ebfu \u00e1nh s\u00e1ng cao g\u1ea5p 3-4 l\u1ea7n nh\u1eefng s\u1ea3n ph\u1ea9m \u0111\u00e8n th\u00f4ng th\u01b0\u1eddng, b\u1edfi ch\u00f3a \u0111\u00e8n gi\u00fap tr\u00e1nh s\u1ef1 th\u1ea5t tho\u00e1t \u00e1nh s\u00e1ng, gi\u00fap gi\u1ea3m c\u00f4ng su\u1ea5t ti\u00eau th\u1ee5 \u0111i\u1ec7n m\u00e0 v\u1eabn \u0111\u1ea3m b\u1ea3o \u0111\u1ee7 ti\u00eau chu\u1ea9n \u00e1nh s\u00e1ng.<\/p>\n<p><strong>Ch\u1ea5t l\u01b0\u1ee3ng \u00e1nh s\u00e1ng ho\u00e0n h\u1ea3o<\/strong><\/p>\n<p>Ch\u00f3a \u0111\u00e8n gi\u00fap \u00e1nh s\u00e1ng lan t\u1ecfa \u0111\u1ed3ng \u0111\u1ec1u, chi\u1ebfu s\u00e1ng \u0111\u01b0\u1ee3c t\u1eadp trung v\u00e0 xa h\u01a1n. \u00c1nh s\u00e1ng kh\u00f4ng c\u00f3 hi\u1ec7n t\u01b0\u1ee3ng nh\u1ea5p nh\u00e1y, cho m\u00e0u s\u1eafc trung th\u1ef1c, ch\u1ed1ng ch\u00f3i l\u00f3a hi\u1ec7u qu\u1ea3. Do v\u1eady s\u1eed d\u1ee5ng ch\u00f3a \u0111\u00e8n c\u00f9ng v\u1edbi \u0111\u00e8n LED s\u1ebd gi\u00fap n\u00e2ng cao hi\u1ec7u su\u1ea5t chi\u1ebfu s\u00e1ng.<\/p>\n<p><strong>Th\u00e2n thi\u1ec7n v\u1edbi m\u00f4i tr\u01b0\u1eddng<\/strong><\/p>\n<p>Ch\u00f3a \u0111\u00e8n \u0111\u01b0\u1ee3c l\u00e0m t\u1eeb ch\u1ea5t li\u1ec7u t\u1ed5ng h\u1ee3p, nano, nh\u00f4m, nh\u1ef1a\u2026. \u0111\u1ea3m b\u1ea3o ch\u1ecbu \u0111\u01b0\u1ee3c nhi\u1ec7t \u0111\u1ed9 cao, kh\u00f4ng g\u00e2y \u0111\u1ed9c h\u1ea1i, ho\u00e0n to\u00e0n kh\u00f4ng ch\u1ee9a cacbon, ch\u00ec, th\u1ee7y ng\u00e2n,.. g\u00e2y \u1ea3nh h\u01b0\u1edfng t\u1edbi m\u00f4i tr\u01b0\u1eddng. \u0110\u1eb7c bi\u1ec7t, s\u1ea3n ph\u1ea9m c\u00f2n th\u1ec3 t\u00e1i ch\u1ebf gi\u00fap h\u1ea1n ch\u1ebf l\u01b0\u1ee3ng r\u00e1c th\u1ea3i g\u00e2y \u00f4 nhi\u1ec5m m\u00f4i tr\u01b0\u1eddng.<\/p>\n<p><strong>An to\u00e0n khi s\u1eed d\u1ee5ng<\/strong><\/p>\n<p>\u0110\u01b0\u1ee3c ch\u1ebf t\u1ea1o t\u1eeb nh\u1eefng nguy\u00ean v\u1eadt li\u1ec7u cao c\u1ea5p, s\u1eed d\u1ee5ng ch\u00f3a \u0111\u00e8n LED s\u1ebd gi\u00fap ng\u0103n ch\u1eb7n \u0111\u01b0\u1ee3c t\u00ecnh tr\u1ea1ng ch\u00e1y n\u1ed5 do h\u01a1i n\u00f3ng t\u1eeb b\u00f3ng \u0111\u00e8n ph\u00e1t ra \u0111\u1ea3m b\u1ea3o s\u1ee9c kh\u1ecfe ng\u01b0\u1eddi ti\u00eau d\u00f9ng.<\/p>\n<p><strong>\u0110\u1ed9 b\u1ec1n cao\u00a0<\/strong><\/p>\n<p>Ch\u00f3a \u0111\u00e8n c\u00f2n c\u00f3 c\u00f4ng d\u1ee5ng b\u1ea3o v\u1ec7 \u0111\u00e8n LED, tr\u00e1nh va \u0111\u1eadp, tr\u00e1nh nh\u1eefng t\u00e1c \u0111\u1ed9ng kh\u00e1ch quan t\u1eeb b\u00ean ngo\u00e0i g\u00e2y h\u01b0 h\u1ecfng b\u00f3ng \u0111\u00e8n b\u00ean trong trong qu\u00e1 tr\u00ecnh v\u1eadn chuy\u1ec3n, thi c\u00f4ng, l\u1eafp \u0111\u1eb7t v\u00e0 s\u1eed d\u1ee5ng.<\/p>\n<h4><b>\u1ee8ng d\u1ee5ng<\/b><\/h4>\n<p>Hi\u1ec7n nay tr\u00ean th\u1ecb tr\u01b0\u1eddng c\u00f3 r\u1ea5t nhi\u1ec1u lo\u1ea1i ch\u00f3a \u0111\u00e8n v\u1edbi ki\u1ec3u d\u00e1ng, m\u1eabu m\u00e3 thi\u1ebft k\u1ebf \u0111a d\u1ea1ng gi\u00fap \u0111\u00e8n c\u00f3 t\u00ednh th\u1ea9m m\u1ef9 cao v\u00e0 t\u0103ng \u0111\u1ed9 b\u1ec1n cho s\u1ea3n ph\u1ea9m. Ch\u00f3a \u0111\u00e8n LED c\u1ef1c k\u00ec\u00a0 th\u00edch h\u1ee3p s\u1eed d\u1ee5ng d\u00e0nh cho nh\u00e0 x\u01b0\u1edfng, nh\u00e0 m\u00e1y s\u1ea3n xu\u1ea5t, kho h\u00e0ng, d\u00e2y chuy\u1ec1n s\u1ea3n xu\u1ea5t tr\u1ea7n cao\u2026.<\/p>","protected":false},"featured_media":15019,"comment_status":"open","ping_status":"closed","template":"","meta":{"_acf_changed":false},"product_cat":[366,446],"product_tag":[],"class_list":{"0":"post-15006","1":"product","2":"type-product","3":"status-publish","4":"has-post-thumbnail","6":"product_cat-hang-cnnt-cap-qg","7":"product_cat-san-pham-cnnt-tb-cap-qg-2019","9":"first","10":"instock","11":"shipping-taxable","12":"purchasable","13":"product-type-variable"},"acf":[],"_links":{"self":[{"href":"https:\/\/b2c.fairs.vn\/en\/wp-json\/wp\/v2\/product\/15006","targetHints":{"allow":["GET"]}}],"collection":[{"href":"https:\/\/b2c.fairs.vn\/en\/wp-json\/wp\/v2\/product"}],"about":[{"href":"https:\/\/b2c.fairs.vn\/en\/wp-json\/wp\/v2\/types\/product"}],"replies":[{"embeddable":true,"href":"https:\/\/b2c.fairs.vn\/en\/wp-json\/wp\/v2\/comments?post=15006"}],"version-history":[{"count":0,"href":"https:\/\/b2c.fairs.vn\/en\/wp-json\/wp\/v2\/product\/15006\/revisions"}],"wp:featuredmedia":[{"embeddable":true,"href":"https:\/\/b2c.fairs.vn\/en\/wp-json\/wp\/v2\/media\/15019"}],"wp:attachment":[{"href":"https:\/\/b2c.fairs.vn\/en\/wp-json\/wp\/v2\/media?parent=15006"}],"wp:term":[{"taxonomy":"product_cat","embeddable":true,"href":"https:\/\/b2c.fairs.vn\/en\/wp-json\/wp\/v2\/product_cat?post=15006"},{"taxonomy":"product_tag","embeddable":true,"href":"https:\/\/b2c.fairs.vn\/en\/wp-json\/wp\/v2\/product_tag?post=15006"}],"curies":[{"name":"wp","href":"https:\/\/api.w.org\/{rel}","templated":true}]}}