{"id":14992,"date":"2024-04-03T09:07:36","date_gmt":"2024-04-03T02:07:36","guid":{"rendered":"https:\/\/b2c.fairs.vn\/?post_type=product&#038;p=14992"},"modified":"2024-04-23T16:17:45","modified_gmt":"2024-04-23T09:17:45","slug":"tra-nhan-sam-bo-chinh-tue-lam-luxury","status":"publish","type":"product","link":"https:\/\/b2c.fairs.vn\/en\/product\/tra-nhan-sam-bo-chinh-tue-lam-luxury\/","title":{"rendered":"Tr\u00e0 nh\u00e2n s\u00e2m b\u1ed1 ch\u00ednh Tu\u1ec7 L\u00e2m luxury"},"content":{"rendered":"<p>S\u00e2m B\u1ed1 Ch\u00ednh\u00a0hay c\u00f2n \u0111\u01b0\u1ee3c g\u1ecdi l\u00e0: th\u1ed5 h\u00e0o s\u00e2m, s\u00e2m n\u00fai, s\u00e2m khu n\u0103m\u2026 c\u00f3 t\u00ean khoa h\u1ecdc l\u00e0 Abelmoschus sagittifolius, thu\u1ed9c h\u1ecd c\u1ea9m qu\u1ef3. Theo c\u00e1c t\u00e0i li\u1ec7u,\u00a0s\u00e2m B\u1ed1 Ch\u00ednh\u00a0ph\u00e2n b\u1ed1 ch\u1ee7 y\u1ebfu \u1edf c\u00e1c t\u1ec9nh mi\u1ec1n Trung t\u1eeb Thanh H\u00f3a \u0111\u1ebfn Ph\u00fa Y\u00ean, ngo\u00e0i ra c\u00f2n t\u00ecm th\u1ea5y \u1edf c\u00e1c t\u1ec9nh mi\u1ec1n n\u00fai ph\u00eda B\u1eafc, nh\u01b0: S\u01a1n La, H\u00f2a B\u00ecnh\u2026 S\u1edf d\u0129 c\u00f3 t\u00ean g\u1ecdi B\u1ed1 Ch\u00ednh v\u00ec c\u00e2y s\u00e2m n\u00e0y \u0111\u01b0\u1ee3c ph\u00e1t hi\u1ec7n v\u00e0 s\u1eed d\u1ee5ng l\u00e0m d\u01b0\u1ee3c li\u1ec7u \u0111\u1ea7u ti\u00ean \u1edf Ch\u00e2u B\u1ed1 Ch\u00ednh (nay l\u00e0 v\u00f9ng B\u1ed1 Tr\u1ea1ch, Qu\u1ea3ng Tr\u1ea1ch).<\/p>","protected":false},"excerpt":{"rendered":"<p>S\u00e2m B\u1ed1 Ch\u00ednh\u00a0hay c\u00f2n \u0111\u01b0\u1ee3c g\u1ecdi l\u00e0: th\u1ed5 h\u00e0o s\u00e2m, s\u00e2m n\u00fai, s\u00e2m khu n\u0103m\u2026 c\u00f3 t\u00ean khoa h\u1ecdc l\u00e0<\/p>","protected":false},"featured_media":14993,"comment_status":"open","ping_status":"closed","template":"","meta":{"_acf_changed":false},"product_cat":[366,398,22],"product_tag":[],"class_list":{"0":"post-14992","1":"product","2":"type-product","3":"status-publish","4":"has-post-thumbnail","6":"product_cat-hang-cnnt-cap-qg","7":"product_cat-san-pham-cnnt-tb-cap-qg-2021","8":"product_cat-sanphamthucpham","10":"first","11":"instock","12":"shipping-taxable","13":"product-type-simple"},"acf":[],"_links":{"self":[{"href":"https:\/\/b2c.fairs.vn\/en\/wp-json\/wp\/v2\/product\/14992","targetHints":{"allow":["GET"]}}],"collection":[{"href":"https:\/\/b2c.fairs.vn\/en\/wp-json\/wp\/v2\/product"}],"about":[{"href":"https:\/\/b2c.fairs.vn\/en\/wp-json\/wp\/v2\/types\/product"}],"replies":[{"embeddable":true,"href":"https:\/\/b2c.fairs.vn\/en\/wp-json\/wp\/v2\/comments?post=14992"}],"version-history":[{"count":0,"href":"https:\/\/b2c.fairs.vn\/en\/wp-json\/wp\/v2\/product\/14992\/revisions"}],"wp:featuredmedia":[{"embeddable":true,"href":"https:\/\/b2c.fairs.vn\/en\/wp-json\/wp\/v2\/media\/14993"}],"wp:attachment":[{"href":"https:\/\/b2c.fairs.vn\/en\/wp-json\/wp\/v2\/media?parent=14992"}],"wp:term":[{"taxonomy":"product_cat","embeddable":true,"href":"https:\/\/b2c.fairs.vn\/en\/wp-json\/wp\/v2\/product_cat?post=14992"},{"taxonomy":"product_tag","embeddable":true,"href":"https:\/\/b2c.fairs.vn\/en\/wp-json\/wp\/v2\/product_tag?post=14992"}],"curies":[{"name":"wp","href":"https:\/\/api.w.org\/{rel}","templated":true}]}}