{"id":14978,"date":"2024-04-03T08:32:55","date_gmt":"2024-04-03T01:32:55","guid":{"rendered":"https:\/\/b2c.fairs.vn\/?post_type=product&#038;p=14978"},"modified":"2024-04-22T09:42:03","modified_gmt":"2024-04-22T02:42:03","slug":"cao-atiso-nuoc-thanh-uyen-hop-10-ong-artichoke","status":"publish","type":"product","link":"https:\/\/b2c.fairs.vn\/en\/product\/cao-atiso-nuoc-thanh-uyen-hop-10-ong-artichoke\/","title":{"rendered":"Cao Atiso N\u01b0\u1edbc Thanh Uy\u00ean h\u1ed9p 10 \u1ed1ng Artichoke"},"content":{"rendered":"<div>\n<p>T\u00ean S\u1ea3n Ph\u1ea9m:\u00a0Cao Atiso N\u01b0\u1edbc Hay c\u00f2n g\u1ecdi \u1ed0ng U\u1ed1ng Atiso Cao N\u01b0\u1edbc Atiso<\/p>\n<p>Quy C\u00e1ch:\u00a0\u0110\u00f3ng H\u1ed9p 10 \u1ed1ng X 10ml<\/p>\n<p>Gi\u00e1 b\u00e1n:\u00a040.000\u0111<\/p>\n<p>\u00bbMua 10 H\u1ed9p gi\u1ea3m gi\u00e1 ch\u1ec9 c\u00f2n: 40.000\u0111 x 10 = 400.000\u0111\u00a0Mi\u1ec5n ph\u00ed giao h\u00e0ng V\u00c0\u00a0 t\u1eb7ng th\u00eam 1 h\u1ed9p c\u00f9ng lo\u1ea1i<\/p>\n<p>S\u1ea3n Xu\u1ea5t b\u1edfi:C\u00f4ng Ty TNHH Thanh Uy\u00ean<\/p>\n<p>GPKD:5800526658 S\u1ed1:04\/THANHUYEN\/2018<\/p>\n<p>GI\u1ea4Y ATTP: CBT10\/2017\/NNPTNT-L\u0110<\/p>\n<\/div>","protected":false},"excerpt":{"rendered":"<p>T\u00ean S\u1ea3n Ph\u1ea9m:\u00a0Cao Atiso N\u01b0\u1edbc Hay c\u00f2n g\u1ecdi \u1ed0ng U\u1ed1ng Atiso Cao N\u01b0\u1edbc Atiso Quy C\u00e1ch:\u00a0\u0110\u00f3ng H\u1ed9p 10 \u1ed1ng X<\/p>","protected":false},"featured_media":14979,"comment_status":"open","ping_status":"closed","template":"","meta":{"_acf_changed":false},"product_cat":[321,366,398,22,323],"product_tag":[],"class_list":{"0":"post-14978","1":"product","2":"type-product","3":"status-publish","4":"has-post-thumbnail","6":"product_cat-che","7":"product_cat-hang-cnnt-cap-qg","8":"product_cat-san-pham-cnnt-tb-cap-qg-2021","9":"product_cat-sanphamthucpham","10":"product_cat-san-pham-tra-tu-thuc-vat-khac","12":"first","13":"instock","14":"shipping-taxable","15":"purchasable","16":"product-type-simple"},"acf":[],"_links":{"self":[{"href":"https:\/\/b2c.fairs.vn\/en\/wp-json\/wp\/v2\/product\/14978","targetHints":{"allow":["GET"]}}],"collection":[{"href":"https:\/\/b2c.fairs.vn\/en\/wp-json\/wp\/v2\/product"}],"about":[{"href":"https:\/\/b2c.fairs.vn\/en\/wp-json\/wp\/v2\/types\/product"}],"replies":[{"embeddable":true,"href":"https:\/\/b2c.fairs.vn\/en\/wp-json\/wp\/v2\/comments?post=14978"}],"version-history":[{"count":0,"href":"https:\/\/b2c.fairs.vn\/en\/wp-json\/wp\/v2\/product\/14978\/revisions"}],"wp:featuredmedia":[{"embeddable":true,"href":"https:\/\/b2c.fairs.vn\/en\/wp-json\/wp\/v2\/media\/14979"}],"wp:attachment":[{"href":"https:\/\/b2c.fairs.vn\/en\/wp-json\/wp\/v2\/media?parent=14978"}],"wp:term":[{"taxonomy":"product_cat","embeddable":true,"href":"https:\/\/b2c.fairs.vn\/en\/wp-json\/wp\/v2\/product_cat?post=14978"},{"taxonomy":"product_tag","embeddable":true,"href":"https:\/\/b2c.fairs.vn\/en\/wp-json\/wp\/v2\/product_tag?post=14978"}],"curies":[{"name":"wp","href":"https:\/\/api.w.org\/{rel}","templated":true}]}}