{"id":14967,"date":"2024-04-03T08:14:54","date_gmt":"2024-04-03T01:14:54","guid":{"rendered":"https:\/\/b2c.fairs.vn\/?post_type=product&#038;p=14967"},"modified":"2024-04-23T15:31:04","modified_gmt":"2024-04-23T08:31:04","slug":"caravat-lua-to-tam","status":"publish","type":"product","link":"https:\/\/b2c.fairs.vn\/en\/product\/caravat-lua-to-tam\/","title":{"rendered":"Caravat l\u1ee5a t\u01a1 t\u1eb1m"},"content":{"rendered":"<p>S\u1eed d\u1ee5ng ch\u1ea5t li\u1ec7u 100% l\u1ee5a t\u01a1 t\u1eb1m thi\u00ean nhi\u00ean.<\/p>\n<p>Li\u00ean h\u1ec7 s\u1ed1 hotline 0911 316 968 ho\u1eb7c gh\u00e9 tr\u1ef1c ti\u1ebfp c\u1eeda h\u00e0ng t\u1ea1i 56 L\u00fd Th\u01b0\u1eddng Ki\u1ec7t &#8211; Ph\u01b0\u1eddng 1 &#8211; B\u1ea3o L\u1ed9c &#8211; L\u00e2m \u0110\u1ed3ng \u0111\u1ec3 \u0111\u01b0\u1ee3c t\u01b0 v\u1ea5n v\u00e0 \u0111\u1eb7t h\u00e0ng.<\/p>","protected":false},"excerpt":{"rendered":"<p>S\u1eed d\u1ee5ng ch\u1ea5t li\u1ec7u 100% l\u1ee5a t\u01a1 t\u1eb1m thi\u00ean nhi\u00ean. Li\u00ean h\u1ec7 s\u1ed1 hotline 0911 316 968 ho\u1eb7c gh\u00e9 tr\u1ef1c<\/p>","protected":false},"featured_media":14968,"comment_status":"open","ping_status":"closed","template":"","meta":{"_acf_changed":false},"product_cat":[366,398,336,338],"product_tag":[],"class_list":{"0":"post-14967","1":"product","2":"type-product","3":"status-publish","4":"has-post-thumbnail","6":"product_cat-hang-cnnt-cap-qg","7":"product_cat-san-pham-cnnt-tb-cap-qg-2021","8":"product_cat-san-pham-thu-cong-my-nghe","9":"product_cat-vai-may-mac","11":"first","12":"instock","13":"shipping-taxable","14":"product-type-simple"},"acf":[],"_links":{"self":[{"href":"https:\/\/b2c.fairs.vn\/en\/wp-json\/wp\/v2\/product\/14967","targetHints":{"allow":["GET"]}}],"collection":[{"href":"https:\/\/b2c.fairs.vn\/en\/wp-json\/wp\/v2\/product"}],"about":[{"href":"https:\/\/b2c.fairs.vn\/en\/wp-json\/wp\/v2\/types\/product"}],"replies":[{"embeddable":true,"href":"https:\/\/b2c.fairs.vn\/en\/wp-json\/wp\/v2\/comments?post=14967"}],"version-history":[{"count":0,"href":"https:\/\/b2c.fairs.vn\/en\/wp-json\/wp\/v2\/product\/14967\/revisions"}],"wp:featuredmedia":[{"embeddable":true,"href":"https:\/\/b2c.fairs.vn\/en\/wp-json\/wp\/v2\/media\/14968"}],"wp:attachment":[{"href":"https:\/\/b2c.fairs.vn\/en\/wp-json\/wp\/v2\/media?parent=14967"}],"wp:term":[{"taxonomy":"product_cat","embeddable":true,"href":"https:\/\/b2c.fairs.vn\/en\/wp-json\/wp\/v2\/product_cat?post=14967"},{"taxonomy":"product_tag","embeddable":true,"href":"https:\/\/b2c.fairs.vn\/en\/wp-json\/wp\/v2\/product_tag?post=14967"}],"curies":[{"name":"wp","href":"https:\/\/api.w.org\/{rel}","templated":true}]}}