{"id":14952,"date":"2024-04-02T17:47:11","date_gmt":"2024-04-02T10:47:11","guid":{"rendered":"https:\/\/b2c.fairs.vn\/?post_type=product&#038;p=14952"},"modified":"2024-04-04T09:52:58","modified_gmt":"2024-04-04T02:52:58","slug":"may-hut-bot-da-cong-suat-10-tan-gio-bun-kho-phan-bon-ba-nanh","status":"publish","type":"product","link":"https:\/\/b2c.fairs.vn\/en\/product\/may-hut-bot-da-cong-suat-10-tan-gio-bun-kho-phan-bon-ba-nanh\/","title":{"rendered":"M\u00e1y h\u00fat b\u1ed9t \u0111\u00e1 c\u00f4ng su\u1ea5t 10 t\u1ea5n\/gi\u1edd, ( b\u00f9n kh\u00f4, ph\u00e2n b\u00f3n, b\u00e3 n\u00e0nh,\u2026)"},"content":{"rendered":"<ul>\n<li>C\u00f4ng su\u1ea5t s\u1ea3n xu\u1ea5t : 5-10 t\u1ea5n\/gi\u1edd<\/li>\n<li>Kho\u1ea3ng c\u00e1ch : 10m- 300m<\/li>\n<li>C\u00f4ng ngh\u1ec7 : T\u00fai gi\u0169 hai silo<\/li>\n<li>B\u1ea3o h\u00e0nh : 12 th\u00e1ng<\/li>\n<\/ul>","protected":false},"excerpt":{"rendered":"<ul>\n<li>C\u00f4ng su\u1ea5t s\u1ea3n xu\u1ea5t : 5-10 t\u1ea5n\/gi\u1edd<\/li>\n<li>Kho\u1ea3ng c\u00e1ch : 10m- 300m<\/li>\n<li>C\u00f4ng ngh\u1ec7 : T\u00fai gi\u0169 hai silo<\/li>\n<li>B\u1ea3o h\u00e0nh : 12 th\u00e1ng<\/li>\n<\/ul>","protected":false},"featured_media":14953,"comment_status":"open","ping_status":"closed","template":"","meta":{"_acf_changed":false},"product_cat":[366,447,348,392],"product_tag":[],"class_list":{"0":"post-14952","1":"product","2":"type-product","3":"status-publish","4":"has-post-thumbnail","6":"product_cat-hang-cnnt-cap-qg","7":"product_cat-san-pham-cnnt-tb-cap-qg-2017","8":"product_cat-thiet-bi-co-khi","9":"product_cat-thiet-bi-may-moc-khac","11":"first","12":"instock","13":"shipping-taxable","14":"product-type-simple"},"acf":[],"_links":{"self":[{"href":"https:\/\/b2c.fairs.vn\/en\/wp-json\/wp\/v2\/product\/14952","targetHints":{"allow":["GET"]}}],"collection":[{"href":"https:\/\/b2c.fairs.vn\/en\/wp-json\/wp\/v2\/product"}],"about":[{"href":"https:\/\/b2c.fairs.vn\/en\/wp-json\/wp\/v2\/types\/product"}],"replies":[{"embeddable":true,"href":"https:\/\/b2c.fairs.vn\/en\/wp-json\/wp\/v2\/comments?post=14952"}],"version-history":[{"count":0,"href":"https:\/\/b2c.fairs.vn\/en\/wp-json\/wp\/v2\/product\/14952\/revisions"}],"wp:featuredmedia":[{"embeddable":true,"href":"https:\/\/b2c.fairs.vn\/en\/wp-json\/wp\/v2\/media\/14953"}],"wp:attachment":[{"href":"https:\/\/b2c.fairs.vn\/en\/wp-json\/wp\/v2\/media?parent=14952"}],"wp:term":[{"taxonomy":"product_cat","embeddable":true,"href":"https:\/\/b2c.fairs.vn\/en\/wp-json\/wp\/v2\/product_cat?post=14952"},{"taxonomy":"product_tag","embeddable":true,"href":"https:\/\/b2c.fairs.vn\/en\/wp-json\/wp\/v2\/product_tag?post=14952"}],"curies":[{"name":"wp","href":"https:\/\/api.w.org\/{rel}","templated":true}]}}