{"id":14940,"date":"2024-04-02T17:42:34","date_gmt":"2024-04-02T10:42:34","guid":{"rendered":"https:\/\/b2c.fairs.vn\/?post_type=product&#038;p=14940"},"modified":"2024-04-04T09:52:22","modified_gmt":"2024-04-04T02:52:22","slug":"may-hut-ngo-cong-suat-10-tan-gio","status":"publish","type":"product","link":"https:\/\/b2c.fairs.vn\/en\/product\/may-hut-ngo-cong-suat-10-tan-gio\/","title":{"rendered":"M\u00e1y H\u00fat Ng\u00f4 c\u00f4ng su\u1ea5t 10 t\u1ea5n\/gi\u1edd"},"content":{"rendered":"<div class=\"product-short-description\">\n<p>C\u00f4ng su\u1ea5t s\u1ea3n xu\u1ea5t t\u1eeb 1 t\u1ea5n -30 t\u1ea5n\/gi\u1edd<\/p>\n<\/div>\n<div id=\"row-646338358\" class=\"row row-collapse\">\n<div id=\"col-69714686\" class=\"col medium-7 small-12 large-7\">\n<div class=\"col-inner\">\n<div class=\"icon-box featured-box align-middle buynow_btn icon-box-left text-left\">\n<div class=\"icon-box-img\">\n<div class=\"icon\">\n<div class=\"icon-inner\"><\/div>\n<\/div>\n<\/div>\n<div class=\"icon-box-text last-reset\">\n<div id=\"text-2217422364\" class=\"text\"><\/div>\n<\/div>\n<\/div>\n<\/div>\n<\/div>\n<\/div>","protected":false},"excerpt":{"rendered":"<div class=\"product-short-description\">\n<p>C\u00f4ng su\u1ea5t s\u1ea3n xu\u1ea5t t\u1eeb 1 t\u1ea5n -30 t\u1ea5n\/gi\u1edd<\/p>\n<\/div>\n<div id=\"row-646338358\" class=\"row row-collapse\">\n<div id=\"col-69714686\" class=\"col medium-7 small-12 large-7\">\n<div class=\"col-inner\">\n<div class=\"icon-box featured-box align-middle buynow_btn icon-box-left text-left\">\n<div class=\"icon-box-img\">\n<div class=\"icon\">\n<div class=\"icon-inner\"><\/div>\n<\/div>\n<\/div>\n<div class=\"icon-box-text last-reset\">\n<div id=\"text-2217422364\" class=\"text\"><\/div>\n<\/div>\n<\/div>\n<\/div>\n<\/div>\n<\/div>","protected":false},"featured_media":14945,"comment_status":"open","ping_status":"closed","template":"","meta":{"_acf_changed":false},"product_cat":[366,447,348,392],"product_tag":[],"class_list":{"0":"post-14940","1":"product","2":"type-product","3":"status-publish","4":"has-post-thumbnail","6":"product_cat-hang-cnnt-cap-qg","7":"product_cat-san-pham-cnnt-tb-cap-qg-2017","8":"product_cat-thiet-bi-co-khi","9":"product_cat-thiet-bi-may-moc-khac","11":"first","12":"instock","13":"shipping-taxable","14":"purchasable","15":"product-type-simple"},"acf":[],"_links":{"self":[{"href":"https:\/\/b2c.fairs.vn\/en\/wp-json\/wp\/v2\/product\/14940","targetHints":{"allow":["GET"]}}],"collection":[{"href":"https:\/\/b2c.fairs.vn\/en\/wp-json\/wp\/v2\/product"}],"about":[{"href":"https:\/\/b2c.fairs.vn\/en\/wp-json\/wp\/v2\/types\/product"}],"replies":[{"embeddable":true,"href":"https:\/\/b2c.fairs.vn\/en\/wp-json\/wp\/v2\/comments?post=14940"}],"version-history":[{"count":0,"href":"https:\/\/b2c.fairs.vn\/en\/wp-json\/wp\/v2\/product\/14940\/revisions"}],"wp:featuredmedia":[{"embeddable":true,"href":"https:\/\/b2c.fairs.vn\/en\/wp-json\/wp\/v2\/media\/14945"}],"wp:attachment":[{"href":"https:\/\/b2c.fairs.vn\/en\/wp-json\/wp\/v2\/media?parent=14940"}],"wp:term":[{"taxonomy":"product_cat","embeddable":true,"href":"https:\/\/b2c.fairs.vn\/en\/wp-json\/wp\/v2\/product_cat?post=14940"},{"taxonomy":"product_tag","embeddable":true,"href":"https:\/\/b2c.fairs.vn\/en\/wp-json\/wp\/v2\/product_tag?post=14940"}],"curies":[{"name":"wp","href":"https:\/\/api.w.org\/{rel}","templated":true}]}}