{"id":14936,"date":"2024-04-02T17:38:14","date_gmt":"2024-04-02T10:38:14","guid":{"rendered":"https:\/\/b2c.fairs.vn\/?post_type=product&#038;p=14936"},"modified":"2024-04-04T09:52:12","modified_gmt":"2024-04-04T02:52:12","slug":"may-hut-lua-cong-suat-10-tan-gio","status":"publish","type":"product","link":"https:\/\/b2c.fairs.vn\/en\/product\/may-hut-lua-cong-suat-10-tan-gio\/","title":{"rendered":"M\u00e1y h\u00fat l\u00faa c\u00f4ng su\u1ea5t 10 t\u1ea5n\/gi\u1edd"},"content":{"rendered":"<p>C\u00f4ng su\u1ea5t\u00a0 : 5-10 t\u1ea5n\/gi\u1edd<\/p>\n<p><em>Capacity : 5-10 tons\/hours<\/em><\/p>\n<p>Kho\u1ea3ng c\u00e1ch : 10-300m<\/p>\n<p><em><span class=\"VIiyi\" lang=\"vi\"><span class=\"JLqJ4b ChMk0b\" data-language-for-alternatives=\"vi\" data-language-to-translate-into=\"en\" data-phrase-index=\"0\">Distance : 10-300m<\/span><\/span><\/em><\/p>\n<p>\u0110\u1ed9ng c\u01a1 : Diesel M\u1edbi<\/p>","protected":false},"excerpt":{"rendered":"<p>C\u00f4ng su\u1ea5t\u00a0 : 5-10 t\u1ea5n\/gi\u1edd<\/p>\n<p><em>Capacity : 5-10 tons\/hours<\/em><\/p>\n<p>Kho\u1ea3ng c\u00e1ch : 10-300m<\/p>\n<p><em><span class=\"VIiyi\" lang=\"vi\"><span class=\"JLqJ4b ChMk0b\" data-language-for-alternatives=\"vi\" data-language-to-translate-into=\"en\" data-phrase-index=\"0\">Distance : 10-300m<\/span><\/span><\/em><\/p>\n<p>\u0110\u1ed9ng c\u01a1 : Diesel M\u1edbi<\/p>","protected":false},"featured_media":14937,"comment_status":"open","ping_status":"closed","template":"","meta":{"_acf_changed":false},"product_cat":[366,447,348,392],"product_tag":[],"class_list":{"0":"post-14936","1":"product","2":"type-product","3":"status-publish","4":"has-post-thumbnail","6":"product_cat-hang-cnnt-cap-qg","7":"product_cat-san-pham-cnnt-tb-cap-qg-2017","8":"product_cat-thiet-bi-co-khi","9":"product_cat-thiet-bi-may-moc-khac","11":"first","12":"instock","13":"shipping-taxable","14":"purchasable","15":"product-type-simple"},"acf":[],"_links":{"self":[{"href":"https:\/\/b2c.fairs.vn\/en\/wp-json\/wp\/v2\/product\/14936","targetHints":{"allow":["GET"]}}],"collection":[{"href":"https:\/\/b2c.fairs.vn\/en\/wp-json\/wp\/v2\/product"}],"about":[{"href":"https:\/\/b2c.fairs.vn\/en\/wp-json\/wp\/v2\/types\/product"}],"replies":[{"embeddable":true,"href":"https:\/\/b2c.fairs.vn\/en\/wp-json\/wp\/v2\/comments?post=14936"}],"version-history":[{"count":0,"href":"https:\/\/b2c.fairs.vn\/en\/wp-json\/wp\/v2\/product\/14936\/revisions"}],"wp:featuredmedia":[{"embeddable":true,"href":"https:\/\/b2c.fairs.vn\/en\/wp-json\/wp\/v2\/media\/14937"}],"wp:attachment":[{"href":"https:\/\/b2c.fairs.vn\/en\/wp-json\/wp\/v2\/media?parent=14936"}],"wp:term":[{"taxonomy":"product_cat","embeddable":true,"href":"https:\/\/b2c.fairs.vn\/en\/wp-json\/wp\/v2\/product_cat?post=14936"},{"taxonomy":"product_tag","embeddable":true,"href":"https:\/\/b2c.fairs.vn\/en\/wp-json\/wp\/v2\/product_tag?post=14936"}],"curies":[{"name":"wp","href":"https:\/\/api.w.org\/{rel}","templated":true}]}}