{"id":14920,"date":"2024-04-02T17:33:34","date_gmt":"2024-04-02T10:33:34","guid":{"rendered":"https:\/\/b2c.fairs.vn\/?post_type=product&#038;p=14920"},"modified":"2024-04-04T09:51:52","modified_gmt":"2024-04-04T02:51:52","slug":"may-hut-trau-cong-suat-10-tan-gio","status":"publish","type":"product","link":"https:\/\/b2c.fairs.vn\/en\/product\/may-hut-trau-cong-suat-10-tan-gio\/","title":{"rendered":"M\u00e1y h\u00fat tr\u1ea5u c\u00f4ng su\u1ea5t 10 t\u1ea5n\/gi\u1edd"},"content":{"rendered":"<h3 class=\"uppercase\">TH\u00d4NG TIN S\u1ea2N PH\u1ea8M -THE DETAIL INFORMATION OF PRODUCT<\/h3>\n<div class=\"woocommerce-tabs wc-tabs-wrapper container tabbed-content\">\n<div class=\"tab-panels\">\n<div id=\"tab-description\" class=\"woocommerce-Tabs-panel woocommerce-Tabs-panel--description panel entry-content active\" role=\"tabpanel\" aria-labelledby=\"tab-title-description\">\n<p><strong>M\u00e1y h\u00fat tr\u1ea5u<\/strong>\u00a0d\u00f9ng \u0111\u1ec3 v\u1eadn chuy\u1ec3n li\u1ec7u t\u1eeb n\u01a1i n\u00e0y \u0111\u1ebfn n\u01a1i kh\u00e1c, t\u1eeb \u0111\u01b0\u1eddng th\u1ee7y l\u00ean \u0111\u01b0\u1eddng b\u1ed9. V\u01a1\u0301i th\u00ea\u0301 ma\u0323nh v\u00ea\u0300 n\u0103ng l\u01b0\u0323c m\u00e1y m\u00f3c s\u1ea3n xu\u1ea5t c\u00f4ng ngh\u1ec7 cao , nh\u00e2n s\u01b0\u0323 ky\u0303 thu\u00e2\u0323t ch\u00e2\u0301t l\u01b0\u01a1\u0323ng c\u00f4\u0323ng v\u01a1\u0301i qua\u0301 tri\u0300nh nghi\u00ean c\u01b0\u0301u, tr\u00e3i nghi\u1ec7m, kh\u00f4ng ng\u1eebng c\u1ea3i ti\u1ebfn, n\u00ean s\u1ea3n ph\u1ea9m \u0111\u00e3 \u0111\u01b0\u1ee3c nhi\u1ec1u kh\u00e1ch h\u00e0ng tin t\u01b0\u1edfng s\u1eed d\u1ee5ng,<\/p>\n<h2><strong>M\u00e1y h\u00fat tr\u1ea5u<\/strong>\u00a0v\u1edbi nh\u1eefng \u01b0u \u0111i\u1ec3m n\u1ed5i b\u1eadt :<\/h2>\n<ul>\n<li>M\u00e1y v\u1eadn h\u00e0nh \u0111\u01a1n gi\u1ea3n<\/li>\n<li>V\u1eadt li\u1ec7u kh\u00f4ng qua b\u01a1m<\/li>\n<li>Di chuy\u1ec3n d\u1ec5 d\u00e0ng<\/li>\n<li>\u1ed0ng h\u00fat th\u1ed5i c\u00f3 th\u1ec3 n\u1ed1i xa , g\u1ea7n t\u00f9y nhu c\u1ea7u<\/li>\n<li>M\u00e1y ch\u1ea1y r\u1ea5t \u00eam v\u00e0 b\u1ec1n<\/li>\n<li>B\u1ea3o tr\u00ec \u0111\u01a1n gi\u1ea3n<\/li>\n<li>Ti\u1ebft ki\u1ec7m nhi\u1ec1u nhi\u00ean li\u1ec7u<\/li>\n<\/ul>\n<h2>\u1ee8ng d\u1ee5ng c\u1ee7a\u00a0<strong>m\u00e1y h\u00fat tr\u1ea5u<\/strong><\/h2>\n<ul>\n<li>M\u00e1y d\u00f9ng \u0111\u1ec3 v\u1eadn chuy\u1ec3n li\u1ec7u t\u1eeb n\u01a1i n\u00e0y \u0111\u1ebfn n\u01a1i kh\u00e1c<\/li>\n<li>M\u00e1y d\u00f9ng \u0111\u1ec3 v\u1eadn chuy\u1ec3n li\u1ec7u t\u1eeb t\u00e0u ,thuy\u1ec1n, ghe \u2026 \u0111\u1ebfn kho ch\u1ee9a, xe t\u1ea3i.<\/li>\n<li>M\u00e1y d\u00f9ng \u0111\u1ec3 v\u1eadn chuy\u1ec3n li\u1ec7u t\u1eeb kho \u0111\u1ebfn n\u1ed3i h\u01a1i<\/li>\n<\/ul>\n<h2>Hi\u1ec7u qu\u1ea3 kinh t\u1ebf<\/h2>\n<ul>\n<li>Ti\u1ebft ki\u1ec7m nh\u00e2n c\u00f4ng<\/li>\n<li>Ti\u1ebft ki\u1ec7m th\u1eddi gian<\/li>\n<li>Ti\u1ebft ki\u1ec7m chi ph\u00ed<\/li>\n<\/ul>\n<\/div>\n<\/div>\n<\/div>","protected":false},"excerpt":{"rendered":"<h3 class=\"uppercase\">TH\u00d4NG TIN S\u1ea2N PH\u1ea8M -THE DETAIL INFORMATION OF PRODUCT<\/h3>\n<div class=\"woocommerce-tabs wc-tabs-wrapper container tabbed-content\">\n<div class=\"tab-panels\">\n<div id=\"tab-description\" class=\"woocommerce-Tabs-panel woocommerce-Tabs-panel--description panel entry-content active\" role=\"tabpanel\" aria-labelledby=\"tab-title-description\">\n<p><strong>M\u00e1y h\u00fat tr\u1ea5u<\/strong>\u00a0d\u00f9ng \u0111\u1ec3 v\u1eadn chuy\u1ec3n li\u1ec7u t\u1eeb n\u01a1i n\u00e0y \u0111\u1ebfn n\u01a1i kh\u00e1c, t\u1eeb \u0111\u01b0\u1eddng th\u1ee7y l\u00ean \u0111\u01b0\u1eddng b\u1ed9. V\u01a1\u0301i th\u00ea\u0301 ma\u0323nh v\u00ea\u0300 n\u0103ng l\u01b0\u0323c m\u00e1y m\u00f3c s\u1ea3n xu\u1ea5t c\u00f4ng ngh\u1ec7 cao , nh\u00e2n s\u01b0\u0323 ky\u0303 thu\u00e2\u0323t ch\u00e2\u0301t l\u01b0\u01a1\u0323ng c\u00f4\u0323ng v\u01a1\u0301i qua\u0301 tri\u0300nh nghi\u00ean c\u01b0\u0301u, tr\u00e3i nghi\u1ec7m, kh\u00f4ng ng\u1eebng c\u1ea3i ti\u1ebfn, n\u00ean s\u1ea3n ph\u1ea9m \u0111\u00e3 \u0111\u01b0\u1ee3c nhi\u1ec1u kh\u00e1ch h\u00e0ng tin t\u01b0\u1edfng s\u1eed d\u1ee5ng,<\/p>\n<h2><strong>M\u00e1y h\u00fat tr\u1ea5u<\/strong>\u00a0v\u1edbi nh\u1eefng \u01b0u \u0111i\u1ec3m n\u1ed5i b\u1eadt :<\/h2>\n<ul>\n<li>M\u00e1y v\u1eadn h\u00e0nh \u0111\u01a1n gi\u1ea3n<\/li>\n<li>V\u1eadt li\u1ec7u kh\u00f4ng qua b\u01a1m<\/li>\n<li>Di chuy\u1ec3n d\u1ec5 d\u00e0ng<\/li>\n<li>\u1ed0ng h\u00fat th\u1ed5i c\u00f3 th\u1ec3 n\u1ed1i xa , g\u1ea7n t\u00f9y nhu c\u1ea7u<\/li>\n<li>M\u00e1y ch\u1ea1y r\u1ea5t \u00eam v\u00e0 b\u1ec1n<\/li>\n<li>B\u1ea3o tr\u00ec \u0111\u01a1n gi\u1ea3n<\/li>\n<li>Ti\u1ebft ki\u1ec7m nhi\u1ec1u nhi\u00ean li\u1ec7u<\/li>\n<\/ul>\n<h2>\u1ee8ng d\u1ee5ng c\u1ee7a\u00a0<strong>m\u00e1y h\u00fat tr\u1ea5u<\/strong><\/h2>\n<ul>\n<li>M\u00e1y d\u00f9ng \u0111\u1ec3 v\u1eadn chuy\u1ec3n li\u1ec7u t\u1eeb n\u01a1i n\u00e0y \u0111\u1ebfn n\u01a1i kh\u00e1c<\/li>\n<li>M\u00e1y d\u00f9ng \u0111\u1ec3 v\u1eadn chuy\u1ec3n li\u1ec7u t\u1eeb t\u00e0u ,thuy\u1ec1n, ghe \u2026 \u0111\u1ebfn kho ch\u1ee9a, xe t\u1ea3i.<\/li>\n<li>M\u00e1y d\u00f9ng \u0111\u1ec3 v\u1eadn chuy\u1ec3n li\u1ec7u t\u1eeb kho \u0111\u1ebfn n\u1ed3i h\u01a1i<\/li>\n<\/ul>\n<h2>Hi\u1ec7u qu\u1ea3 kinh t\u1ebf<\/h2>\n<ul>\n<li>Ti\u1ebft ki\u1ec7m nh\u00e2n c\u00f4ng<\/li>\n<li>Ti\u1ebft ki\u1ec7m th\u1eddi gian<\/li>\n<li>Ti\u1ebft ki\u1ec7m chi ph\u00ed<\/li>\n<\/ul>\n<\/div>\n<\/div>\n<\/div>","protected":false},"featured_media":14924,"comment_status":"open","ping_status":"closed","template":"","meta":{"_acf_changed":false},"product_cat":[366,447,348,392],"product_tag":[],"class_list":{"0":"post-14920","1":"product","2":"type-product","3":"status-publish","4":"has-post-thumbnail","6":"product_cat-hang-cnnt-cap-qg","7":"product_cat-san-pham-cnnt-tb-cap-qg-2017","8":"product_cat-thiet-bi-co-khi","9":"product_cat-thiet-bi-may-moc-khac","11":"first","12":"instock","13":"shipping-taxable","14":"purchasable","15":"product-type-simple"},"acf":[],"_links":{"self":[{"href":"https:\/\/b2c.fairs.vn\/en\/wp-json\/wp\/v2\/product\/14920","targetHints":{"allow":["GET"]}}],"collection":[{"href":"https:\/\/b2c.fairs.vn\/en\/wp-json\/wp\/v2\/product"}],"about":[{"href":"https:\/\/b2c.fairs.vn\/en\/wp-json\/wp\/v2\/types\/product"}],"replies":[{"embeddable":true,"href":"https:\/\/b2c.fairs.vn\/en\/wp-json\/wp\/v2\/comments?post=14920"}],"version-history":[{"count":0,"href":"https:\/\/b2c.fairs.vn\/en\/wp-json\/wp\/v2\/product\/14920\/revisions"}],"wp:featuredmedia":[{"embeddable":true,"href":"https:\/\/b2c.fairs.vn\/en\/wp-json\/wp\/v2\/media\/14924"}],"wp:attachment":[{"href":"https:\/\/b2c.fairs.vn\/en\/wp-json\/wp\/v2\/media?parent=14920"}],"wp:term":[{"taxonomy":"product_cat","embeddable":true,"href":"https:\/\/b2c.fairs.vn\/en\/wp-json\/wp\/v2\/product_cat?post=14920"},{"taxonomy":"product_tag","embeddable":true,"href":"https:\/\/b2c.fairs.vn\/en\/wp-json\/wp\/v2\/product_tag?post=14920"}],"curies":[{"name":"wp","href":"https:\/\/api.w.org\/{rel}","templated":true}]}}