{"id":14901,"date":"2024-04-02T17:31:48","date_gmt":"2024-04-02T10:31:48","guid":{"rendered":"https:\/\/b2c.fairs.vn\/?post_type=product&#038;p=14901"},"modified":"2024-04-23T15:34:21","modified_gmt":"2024-04-23T08:34:21","slug":"chateau-dalat-apec-collection-2017","status":"publish","type":"product","link":"https:\/\/b2c.fairs.vn\/en\/product\/chateau-dalat-apec-collection-2017\/","title":{"rendered":"Chateau Dalat APEC Collection 2017"},"content":{"rendered":"<p>\ud83c\udf77\u00a0<strong>Ladofoods<\/strong>\u00a0t\u1ef1 h\u00e0o khi \u0111\u01b0\u1ee3c ch\u1ecdn l\u00e0 d\u00f2ng Vang ch\u00ednh th\u1ee9c chi\u00eau \u0111\u00e3i c\u00e1c nguy\u00ean th\u1ee7 qu\u1ed1c gia tham d\u1ef1 Apec 2017. C\u00f3 nh\u1eefng v\u1ecb l\u00e3nh \u0111\u1ea1o c\u1ea5p cao \u0111\u1ebfn t\u1eeb nh\u1eefng \u0111\u1ea5t n\u01b0\u1edbc l\u00e0 c\u00e1i n\u00f4i c\u1ee7a ng\u00e0nh Vang th\u1ebf gi\u1edbi nh\u01b0 \u00dd, Ph\u00e1p, Anh\u2026 \u0110\u1ec3 ghi d\u1ea5u cho ni\u1ec1m t\u1ef1 h\u00e0o \u0111\u00f3, Ladofoods \u0111\u00e3 cho ra \u0111\u1eddi s\u1ea3n ph\u1ea9m \u0111\u1ec3 ghi d\u1ea5u \u1ea5n cho s\u1ef1 ki\u1ec7n mang t\u1ea7m qu\u1ed1c t\u1ebf n\u00e0y.<\/p>\n<p><strong><em>Ladofoods t\u1ef1 h\u00e0o khi \u0111\u01b0\u1ee3c ch\u1ecdn l\u00e0 d\u00f2ng Vang ch\u00ednh th\u1ee9c chi\u00eau \u0111\u00e3i c\u00e1c nguy\u00ean th\u1ee7 qu\u1ed1c gia tham d\u1ef1 Apec 2017<\/em><\/strong><\/p>\n<p>\ud83c\udf77\u00a0Nh\u1eefng ch\u00f9m Vang Cabernet Sauvignon, Shiraz &amp; Merlot \u0111\u01b0\u1ee3c \u1ee7 ch\u00edn trong th\u00f9ng g\u1ed7 s\u1ed3i, t\u1ea1o cho Vang c\u00f3 m\u00e0u \u0111\u1ecf ruby \u0111\u1eadm quy\u1ebfn v\u00e0 m\u00f9i th\u01a1m c\u1ee7a anh \u0111\u00e0o, d\u00e2u t\u00e2y ho\u00e0 quy\u1ec7n m\u00f9i vani, ti\u00eau \u0111en v\u00e0 ca cao. \u0110i k\u00e8m v\u1edbi \u0111\u00f3 l\u00e0 v\u1ecb Vang \u0111\u1ea7y \u0111\u1eb7n, th\u00edch h\u1ee3p v\u1edbi nh\u1eefng m\u00f3n n\u01b0\u1edbng v\u00e0 nh\u1eefng m\u00f3n c\u00f3 v\u1ecb \u0111\u1eadm \u0111\u00e0. M\u1ed9t ch\u00fat Vang cho nh\u1eefng b\u1eefa \u0103n th\u01b0\u1eddng ng\u00e0y hay nh\u1eefng bu\u1ed5i ti\u1ec7c l\u00e0 s\u1ef1 k\u1ebft h\u1ee3p l\u00fd t\u01b0\u1edfng.<\/p>\n<p>\ud83c\udf77<em>Vang Chateau Dalat Apec 2017 Collection c\u00f3 m\u00e0u \u0111\u1ecf ruby \u0111\u1eadm quy\u1ebfn v\u00e0 m\u00f9i th\u01a1m c\u1ee7a anh \u0111\u00e0o r<\/em>\u1ea5t ph\u00f9 h\u1ee3p v\u1edbi c\u00e1c m\u00f3n \u0103n l\u00e0 th\u1ecbt \u0111\u1ecf, th\u1ecbt n\u01b0\u1edbng hay b\u1ecf l\u00f2, ho\u1eb7c gia v\u1ecb \u0111\u1eadm \u0111\u00e0. Ho\u1eb7c s\u1eed d\u1ee5ng nh\u01b0 m\u1ed9t qu\u00e0 t\u1eb7ng. N\u00ean th\u01b0\u1edfng th\u1ee9c \u1edf nhi\u1ec7t \u0111\u1ed9 16\u2103, c\u00f3 th\u1ec3 \u01b0\u1edbp l\u1ea1nh nh\u1eb9 v\u00e0o m\u00f9a h\u00e8.<\/p>\n<p>\ud83c\udf77 Chateau Dalat APEC Collection 2017 \u0111\u00e3 kh\u1eb3ng \u0111\u1ecbnh \u0111\u1eb3ng c\u1ea5p c\u1ee7a m\u00ecnh tr\u00ean th\u1ecb tr\u01b0\u1eddng qu\u1ed1c t\u1ebf v\u00e0 l\u00e0 l\u1ef1a ch\u1ecdn \u01b0a chu\u1ed9ng tr\u00ean kh\u1eafp qu\u1ed1c gia. V\u1edbi h\u00e0ng tri\u1ec7u chai \u0111\u01b0\u1ee3c ti\u00eau th\u1ee5 h\u00e0ng n\u0103m, s\u1ea3n ph\u1ea9m ch\u1ee9ng t\u1ecf s\u1ef1 ph\u1ed5 bi\u1ebfn v\u00e0 uy t\u00edn c\u1ee7a m\u00ecnh. Chateau Dalat APEC Collection 2017 \u0111\u00e3 g\u00f3p ph\u1ea7n l\u00e0m n\u00ean t\u00ean tu\u1ed5i c\u1ee7a \u0110\u00e0 L\u1ea1t l\u00e0 m\u1ed9t \u0111\u1ecba \u0111i\u1ec3m s\u1ea3n xu\u1ea5t r\u01b0\u1ee3u vang ch\u1ea5t l\u01b0\u1ee3ng v\u00e0 \u0111\u01b0\u1ee3c y\u00eau th\u00edch tr\u00ean to\u00e0n c\u1ea7u.<\/p>\n<p><strong>T\u00ean s\u1ea3n ph\u1ea9m: Chateau Dalat APEC Collection 2017<\/strong><br \/>\n\ud83c\udf47 \u0110\u1ed9 c\u1ed3n: 12.5% ABV<br \/>\n\ud83c\udf47 Th\u1ec3 t\u00edch: Chai 375ML<br \/>\n\ud83c\udf47 Quy c\u00e1ch \u0111\u00f3ng g\u00f3i: 12\u00a0chai\/th\u00f9ng<br \/>\n\ud83c\udf47 Gi\u1ed1ng nho: Shiraz, Merlot v\u00e0 Cabernet Sauvignon<\/p>","protected":false},"excerpt":{"rendered":"<p>\ud83c\udf77\u00a0Ladofoods\u00a0t\u1ef1 h\u00e0o khi \u0111\u01b0\u1ee3c ch\u1ecdn l\u00e0 d\u00f2ng Vang ch\u00ednh th\u1ee9c chi\u00eau \u0111\u00e3i c\u00e1c nguy\u00ean th\u1ee7 qu\u1ed1c gia tham d\u1ef1 Apec<\/p>","protected":false},"featured_media":14917,"comment_status":"open","ping_status":"closed","template":"","meta":{"_acf_changed":false},"product_cat":[325,326,328,366,398],"product_tag":[],"class_list":{"0":"post-14901","1":"product","2":"type-product","3":"status-publish","4":"has-post-thumbnail","6":"product_cat-san-pham-do-uong","7":"product_cat-do-uong-co-con","8":"product_cat-do-uong-co-con-khac","9":"product_cat-hang-cnnt-cap-qg","10":"product_cat-san-pham-cnnt-tb-cap-qg-2021","12":"first","13":"instock","14":"shipping-taxable","15":"purchasable","16":"product-type-simple"},"acf":[],"_links":{"self":[{"href":"https:\/\/b2c.fairs.vn\/en\/wp-json\/wp\/v2\/product\/14901","targetHints":{"allow":["GET"]}}],"collection":[{"href":"https:\/\/b2c.fairs.vn\/en\/wp-json\/wp\/v2\/product"}],"about":[{"href":"https:\/\/b2c.fairs.vn\/en\/wp-json\/wp\/v2\/types\/product"}],"replies":[{"embeddable":true,"href":"https:\/\/b2c.fairs.vn\/en\/wp-json\/wp\/v2\/comments?post=14901"}],"version-history":[{"count":0,"href":"https:\/\/b2c.fairs.vn\/en\/wp-json\/wp\/v2\/product\/14901\/revisions"}],"wp:featuredmedia":[{"embeddable":true,"href":"https:\/\/b2c.fairs.vn\/en\/wp-json\/wp\/v2\/media\/14917"}],"wp:attachment":[{"href":"https:\/\/b2c.fairs.vn\/en\/wp-json\/wp\/v2\/media?parent=14901"}],"wp:term":[{"taxonomy":"product_cat","embeddable":true,"href":"https:\/\/b2c.fairs.vn\/en\/wp-json\/wp\/v2\/product_cat?post=14901"},{"taxonomy":"product_tag","embeddable":true,"href":"https:\/\/b2c.fairs.vn\/en\/wp-json\/wp\/v2\/product_tag?post=14901"}],"curies":[{"name":"wp","href":"https:\/\/api.w.org\/{rel}","templated":true}]}}