{"id":14841,"date":"2024-04-02T17:23:09","date_gmt":"2024-04-02T10:23:09","guid":{"rendered":"https:\/\/b2c.fairs.vn\/?post_type=product&#038;p=14841"},"modified":"2024-04-23T15:34:14","modified_gmt":"2024-04-23T08:34:14","slug":"chateau-dalat-sparkling-750ml","status":"publish","type":"product","link":"https:\/\/b2c.fairs.vn\/en\/product\/chateau-dalat-sparkling-750ml\/","title":{"rendered":"Chateau Dalat Sparkling 750ML"},"content":{"rendered":"<p>\ud83c\udf77\u00a0<strong>Chateau Dalat Sparkling Red Wine\u00a0<\/strong>\u0111\u01b0\u1ee3c l\u00ean men t\u1eeb s\u1ef1 pha tr\u1ed9n nhi\u1ec1u gi\u1ed1ng nho kh\u00e1c nhau<\/p>\n<p>\ud83c\udf77 R\u01b0\u1ee3u t\u1ecfa h\u01b0\u01a1ng qu\u1ea3 m\u1eadn ch\u00edn v\u00e0 d\u00e2u r\u1eebng. V\u1ecb \u0111\u1eadm \u0111\u00e0 c\u1ee7a tr\u00e1i c\u00e2y ch\u00edn m\u1ecdng, m\u1ee9t qu\u1ea3, h\u1eadu chua ng\u1ecdt h\u00e0i h\u00f2a. V\u1ecb t\u01b0\u01a1i m\u00e1t c\u1ee7a tr\u00e1i c\u00e2y nhi\u1ec7t \u0111\u1edbi. U\u1ed1ng ngon nh\u1ea5t \u1edf nhi\u1ec7t \u0111\u1ed9 t\u1eeb 4\u00b0C \u0111\u1ebfn 6\u00b0C. R\u1ea5t ph\u00f9 h\u1ee3p v\u1edbi h\u1ea7u h\u1ebft c\u00e1c m\u00f3n \u0103n. \u0110\u1eb7c bi\u1ec7t th\u00edch h\u1ee3p l\u00e0m th\u1ee9c u\u1ed1ng khai v\u1ecb trong c\u00e1c d\u1ecbp ti\u1ec7c t\u00f9ng, c\u01b0\u1edbi xin, sinh nh\u1eadt, \u0103n m\u1eebng, k\u1ef7 ni\u1ec7m\u2026. Khi m\u1edf l\u01b0u \u00fd \u00e1p su\u1ea5t trong chai r\u01b0\u1ee3u l\u00e0 r\u1ea5t l\u1edbn. Sau khi m\u1edf n\u00ean s\u1eed d\u1ee5ng h\u1ebft.<\/p>\n<p>\ud83c\udf77 R\u1ea5t ph\u00f9 h\u1ee3p v\u1edbi c\u00e1c m\u00f3n \u0103n l\u00e0 th\u1ecbt \u0111\u1ecf, th\u1ecbt n\u01b0\u1edbng hay b\u1ecf l\u00f2, ho\u1eb7c gia v\u1ecb \u0111\u1eadm \u0111\u00e0. Ho\u1eb7c s\u1eed d\u1ee5ng nh\u01b0 m\u1ed9t qu\u00e0 t\u1eb7ng. N\u00ean th\u01b0\u1edfng th\u1ee9c \u1edf nhi\u1ec7t \u0111\u1ed9 16\u2103, c\u00f3 th\u1ec3 \u01b0\u1edbp l\u1ea1nh nh\u1eb9 v\u00e0o m\u00f9a h\u00e8.<\/p>\n<p>\ud83c\udf77 Chateau Dalat Sparkling Red Wine 750ml \u0111\u00e3 kh\u1eb3ng \u0111\u1ecbnh \u0111\u1eb3ng c\u1ea5p c\u1ee7a m\u00ecnh tr\u00ean th\u1ecb tr\u01b0\u1eddng qu\u1ed1c t\u1ebf v\u00e0 l\u00e0 l\u1ef1a ch\u1ecdn \u01b0a chu\u1ed9ng tr\u00ean kh\u1eafp qu\u1ed1c gia. V\u1edbi h\u00e0ng tri\u1ec7u chai \u0111\u01b0\u1ee3c ti\u00eau th\u1ee5 h\u00e0ng n\u0103m, s\u1ea3n ph\u1ea9m ch\u1ee9ng t\u1ecf s\u1ef1 ph\u1ed5 bi\u1ebfn v\u00e0 uy t\u00edn c\u1ee7a m\u00ecnh. Chateau Dalat Sparkling Red Wine 750ml \u0111\u00e3 g\u00f3p ph\u1ea7n l\u00e0m n\u00ean t\u00ean tu\u1ed5i c\u1ee7a \u0110\u00e0 L\u1ea1t l\u00e0 m\u1ed9t \u0111\u1ecba \u0111i\u1ec3m s\u1ea3n xu\u1ea5t r\u01b0\u1ee3u vang ch\u1ea5t l\u01b0\u1ee3ng v\u00e0 \u0111\u01b0\u1ee3c y\u00eau th\u00edch tr\u00ean to\u00e0n c\u1ea7u.<\/p>\n<p><strong>T\u00ean s\u1ea3n ph\u1ea9m: Chateau Dalat Sparkling Red Wine 750ml<\/strong><br \/>\n\ud83c\udf47 \u0110\u1ed9 c\u1ed3n: 10.5% ABV<br \/>\n\ud83c\udf47 Th\u1ec3 t\u00edch: Chai 750ML<br \/>\n\ud83c\udf47 Quy c\u00e1ch \u0111\u00f3ng g\u00f3i:\u00a06 chai\/th\u00f9ng<br \/>\n\ud83c\udf47 Gi\u1ed1ng nho: Nhi\u1ec1u gi\u1ed1ng nho<\/p>","protected":false},"excerpt":{"rendered":"<p>\ud83c\udf77\u00a0Chateau Dalat Sparkling Red Wine\u00a0\u0111\u01b0\u1ee3c l\u00ean men t\u1eeb s\u1ef1 pha tr\u1ed9n nhi\u1ec1u gi\u1ed1ng nho kh\u00e1c nhau \ud83c\udf77 R\u01b0\u1ee3u t\u1ecfa h\u01b0\u01a1ng<\/p>","protected":false},"featured_media":14851,"comment_status":"open","ping_status":"closed","template":"","meta":{"_acf_changed":false},"product_cat":[325,326,328,366,398],"product_tag":[],"class_list":{"0":"post-14841","1":"product","2":"type-product","3":"status-publish","4":"has-post-thumbnail","6":"product_cat-san-pham-do-uong","7":"product_cat-do-uong-co-con","8":"product_cat-do-uong-co-con-khac","9":"product_cat-hang-cnnt-cap-qg","10":"product_cat-san-pham-cnnt-tb-cap-qg-2021","12":"first","13":"instock","14":"shipping-taxable","15":"purchasable","16":"product-type-variable"},"acf":[],"_links":{"self":[{"href":"https:\/\/b2c.fairs.vn\/en\/wp-json\/wp\/v2\/product\/14841","targetHints":{"allow":["GET"]}}],"collection":[{"href":"https:\/\/b2c.fairs.vn\/en\/wp-json\/wp\/v2\/product"}],"about":[{"href":"https:\/\/b2c.fairs.vn\/en\/wp-json\/wp\/v2\/types\/product"}],"replies":[{"embeddable":true,"href":"https:\/\/b2c.fairs.vn\/en\/wp-json\/wp\/v2\/comments?post=14841"}],"version-history":[{"count":0,"href":"https:\/\/b2c.fairs.vn\/en\/wp-json\/wp\/v2\/product\/14841\/revisions"}],"wp:featuredmedia":[{"embeddable":true,"href":"https:\/\/b2c.fairs.vn\/en\/wp-json\/wp\/v2\/media\/14851"}],"wp:attachment":[{"href":"https:\/\/b2c.fairs.vn\/en\/wp-json\/wp\/v2\/media?parent=14841"}],"wp:term":[{"taxonomy":"product_cat","embeddable":true,"href":"https:\/\/b2c.fairs.vn\/en\/wp-json\/wp\/v2\/product_cat?post=14841"},{"taxonomy":"product_tag","embeddable":true,"href":"https:\/\/b2c.fairs.vn\/en\/wp-json\/wp\/v2\/product_tag?post=14841"}],"curies":[{"name":"wp","href":"https:\/\/api.w.org\/{rel}","templated":true}]}}