{"id":14836,"date":"2024-04-02T16:41:57","date_gmt":"2024-04-02T09:41:57","guid":{"rendered":"https:\/\/b2c.fairs.vn\/?post_type=product&#038;p=14836"},"modified":"2024-04-23T15:13:05","modified_gmt":"2024-04-23T08:13:05","slug":"c160","status":"publish","type":"product","link":"https:\/\/b2c.fairs.vn\/en\/product\/c160\/","title":{"rendered":"BALO h\u1ecdc sinh C160"},"content":{"rendered":"<p>C\u1eb7p h\u1ecdc sinh\u00a0Ladoda C160<br \/>\n1, Nguy\u00ean li\u1ec7u ch\u00ednh:<br \/>\n-Nguy\u00ean li\u1ec7u m\u1eb7t ngo\u00e0i ba l\u00f4: V\u1ea3i d\u00f9 x\u1ed1p Parachute fabric 70D k\u1ebft h\u1ee3p\u00a0Parachute fabric 600PVC \u00e9p Eva<br \/>\n-Nguy\u00ean li\u1ec7u m\u1eb7t trong ba l\u00f4: V\u1ea3i l\u00f3t V\u1ea3i l\u00f3t Lining cloth, 210D PU.<br \/>\n-D\u00e2y kho\u00e1: Nylon zipper chain.<br \/>\n-\u0110\u1ea7u kho\u00e1: #5 N\/slider,Ladoda tab.<br \/>\n-Ph\u1ee5 li\u1ec7u nh\u1ef1a th\u00e2n thi\u1ec7n v\u1edbi m\u00f4i tr\u01b0\u1eddng, in t\u00ean th\u01b0\u01a1ng hi\u1ec7u Ladoda.<br \/>\n-Ch\u1ec9 may: Nylon m\u00e0u.<br \/>\n2, C\u1ea5u t\u1ea1o s\u1ea3n ph\u1ea9m:<br \/>\n-K\u00edch th\u01b0\u1edbc: 32x31x15cm<br \/>\n-Tr\u1ecdng l\u01b0\u1ee3ng: 800gr<br \/>\n-S\u1ea3n ph\u1ea9m g\u1ed3m:<br \/>\n+1 ng\u0103n ch\u00ednh, b\u00ean trong c\u00f3 ng\u0103n l\u1eedng \u00e1p l\u01b0ng \u0111\u1ef1ng gi\u1ea5y ki\u1ec3m tra, b\u1ea3ng.<br \/>\n+ 1 ng\u0103n ph\u1ee5 tr\u01b0\u1edbc<br \/>\n+ 2 ng\u0103n l\u01b0\u1edbi\u00a02 b\u00ean h\u00f4ng c\u00f3 chun co d\u00e3n.<br \/>\n-B\u1ed9 quai \u0111eo c\u00f3 t\u0103ng cong \u0111i\u1ec1u ch\u1ec9nh \u0111\u1ed9 ng\u1eafn d\u00e0i gi\u00fap ba l\u00f4 \u00f4m s\u00e1t l\u01b0ng ng\u01b0\u1eddi s\u1eed d\u1ee5ng. Trong quai \u0111eo c\u00f3 l\u1edbp \u0111\u1ec7m x\u1ed1p PE FOAM \u00eam vai, th\u1ea5m m\u1ed3 h\u00f4i.<br \/>\n-L\u01b0ng c\u1eb7p \u0111\u01b0\u1ee3c \u00e9p m\u1ebfch Eva\u00a0c\u1ee9ng c\u00e1p, khung c\u1eb7p vi\u1ec1n d\u00f9 d\u00e0y d\u1eb7n, gi\u00fap s\u1ea3n ph\u1ea9m gi\u1eef form trong qu\u00e1 tr\u00ecnh s\u1eed d\u1ee5ng.<br \/>\n3, B\u1ea3o h\u00e0nh s\u1ea3n ph\u1ea9m.<br \/>\n-H\u1ed7 tr\u1ee3 check h\u00e0ng tr\u01b0\u1edbc khi thanh to\u00e1n.<br \/>\n-B\u1ea3o h\u00e0nh mi\u1ec5n ph\u00ed 12 th\u00e1ng k\u1ec3 t\u1eeb ng\u00e0y \u0111\u1ebfn tay ng\u01b0\u1eddi mua h\u00e0ng.<\/p>","protected":false},"excerpt":{"rendered":"<p>C\u1eb7p h\u1ecdc sinh\u00a0Ladoda C160<br \/>\n1, Nguy\u00ean li\u1ec7u ch\u00ednh:<br \/>\n-Nguy\u00ean li\u1ec7u m\u1eb7t ngo\u00e0i ba l\u00f4: V\u1ea3i d\u00f9 x\u1ed1p Parachute fabric 70D k\u1ebft h\u1ee3p\u00a0Parachute fabric 600PVC \u00e9p Eva<br \/>\n-Nguy\u00ean li\u1ec7u m\u1eb7t trong ba l\u00f4: V\u1ea3i l\u00f3t V\u1ea3i l\u00f3t Lining cloth, 210D PU.<br \/>\n-D\u00e2y kho\u00e1: Nylon zipper chain.<br \/>\n-\u0110\u1ea7u kho\u00e1: #5 N\/slider,Ladoda tab.<br \/>\n-Ph\u1ee5 li\u1ec7u nh\u1ef1a th\u00e2n thi\u1ec7n v\u1edbi m\u00f4i tr\u01b0\u1eddng, in t\u00ean th\u01b0\u01a1ng hi\u1ec7u Ladoda.<br \/>\n-Ch\u1ec9 may: Nylon m\u00e0u.<br \/>\n2, C\u1ea5u t\u1ea1o s\u1ea3n ph\u1ea9m:<br \/>\n-K\u00edch th\u01b0\u1edbc: 32x31x15cm<br \/>\n-Tr\u1ecdng l\u01b0\u1ee3ng: 800gr<br \/>\n-S\u1ea3n ph\u1ea9m g\u1ed3m:<br \/>\n+1 ng\u0103n ch\u00ednh, b\u00ean trong c\u00f3 ng\u0103n l\u1eedng \u00e1p l\u01b0ng \u0111\u1ef1ng gi\u1ea5y ki\u1ec3m tra, b\u1ea3ng.<br \/>\n+ 1 ng\u0103n ph\u1ee5 tr\u01b0\u1edbc<br \/>\n+ 2 ng\u0103n l\u01b0\u1edbi\u00a02 b\u00ean h\u00f4ng c\u00f3 chun co d\u00e3n.<br \/>\n-B\u1ed9 quai \u0111eo c\u00f3 t\u0103ng cong \u0111i\u1ec1u ch\u1ec9nh \u0111\u1ed9 ng\u1eafn d\u00e0i gi\u00fap ba l\u00f4 \u00f4m s\u00e1t l\u01b0ng ng\u01b0\u1eddi s\u1eed d\u1ee5ng. Trong quai \u0111eo c\u00f3 l\u1edbp \u0111\u1ec7m x\u1ed1p PE FOAM \u00eam vai, th\u1ea5m m\u1ed3 h\u00f4i.<br \/>\n-L\u01b0ng c\u1eb7p \u0111\u01b0\u1ee3c \u00e9p m\u1ebfch Eva\u00a0c\u1ee9ng c\u00e1p, khung c\u1eb7p vi\u1ec1n d\u00f9 d\u00e0y d\u1eb7n, gi\u00fap s\u1ea3n ph\u1ea9m gi\u1eef form trong qu\u00e1 tr\u00ecnh s\u1eed d\u1ee5ng.<br \/>\n3, B\u1ea3o h\u00e0nh s\u1ea3n ph\u1ea9m.<br \/>\n-H\u1ed7 tr\u1ee3 check h\u00e0ng tr\u01b0\u1edbc khi thanh to\u00e1n.<br \/>\n-B\u1ea3o h\u00e0nh mi\u1ec5n ph\u00ed 12 th\u00e1ng k\u1ec3 t\u1eeb ng\u00e0y \u0111\u1ebfn tay ng\u01b0\u1eddi mua h\u00e0ng.<\/p>","protected":false},"featured_media":14837,"comment_status":"open","ping_status":"closed","template":"","meta":{"_acf_changed":false},"product_cat":[520,366,447,368],"product_tag":[],"class_list":{"0":"post-14836","1":"product","2":"type-product","3":"status-publish","4":"has-post-thumbnail","6":"product_cat-nha-cua-doi-song","7":"product_cat-hang-cnnt-cap-qg","8":"product_cat-san-pham-cnnt-tb-cap-qg-2017","9":"product_cat-van-phong-pham","11":"first","12":"instock","13":"shipping-taxable","14":"product-type-simple"},"acf":[],"_links":{"self":[{"href":"https:\/\/b2c.fairs.vn\/en\/wp-json\/wp\/v2\/product\/14836","targetHints":{"allow":["GET"]}}],"collection":[{"href":"https:\/\/b2c.fairs.vn\/en\/wp-json\/wp\/v2\/product"}],"about":[{"href":"https:\/\/b2c.fairs.vn\/en\/wp-json\/wp\/v2\/types\/product"}],"replies":[{"embeddable":true,"href":"https:\/\/b2c.fairs.vn\/en\/wp-json\/wp\/v2\/comments?post=14836"}],"version-history":[{"count":0,"href":"https:\/\/b2c.fairs.vn\/en\/wp-json\/wp\/v2\/product\/14836\/revisions"}],"wp:featuredmedia":[{"embeddable":true,"href":"https:\/\/b2c.fairs.vn\/en\/wp-json\/wp\/v2\/media\/14837"}],"wp:attachment":[{"href":"https:\/\/b2c.fairs.vn\/en\/wp-json\/wp\/v2\/media?parent=14836"}],"wp:term":[{"taxonomy":"product_cat","embeddable":true,"href":"https:\/\/b2c.fairs.vn\/en\/wp-json\/wp\/v2\/product_cat?post=14836"},{"taxonomy":"product_tag","embeddable":true,"href":"https:\/\/b2c.fairs.vn\/en\/wp-json\/wp\/v2\/product_tag?post=14836"}],"curies":[{"name":"wp","href":"https:\/\/api.w.org\/{rel}","templated":true}]}}