{"id":14829,"date":"2024-04-02T16:40:28","date_gmt":"2024-04-02T09:40:28","guid":{"rendered":"https:\/\/b2c.fairs.vn\/?post_type=product&#038;p=14829"},"modified":"2024-04-23T15:12:41","modified_gmt":"2024-04-23T08:12:41","slug":"c163","status":"publish","type":"product","link":"https:\/\/b2c.fairs.vn\/en\/product\/c163\/","title":{"rendered":"BALO h\u1ecdc sinh C163"},"content":{"rendered":"<p>C\u1eb7p h\u1ecdc sinh\u00a0Ladoda C163<br \/>\n1, Nguy\u00ean li\u1ec7u ch\u00ednh:<br \/>\n-Nguy\u00ean li\u1ec7u m\u1eb7t ngo\u00e0i ba l\u00f4: V\u1ea3i Polyester 1000D\u00a0fabric\u00a0waterproof.<br \/>\n-Nguy\u00ean li\u1ec7u m\u1eb7t trong ba l\u00f4: V\u1ea3i l\u00f3t V\u1ea3i l\u00f3t Lining cloth, 210D PU.<br \/>\n-D\u00e2y kho\u00e1: Nylon zipper chain.<br \/>\n-\u0110\u1ea7u kho\u00e1: #5 N\/slider,Ladoda tab.<br \/>\n-Ph\u1ee5 li\u1ec7u nh\u1ef1a th\u00e2n thi\u1ec7n v\u1edbi m\u00f4i tr\u01b0\u1eddng, in t\u00ean th\u01b0\u01a1ng hi\u1ec7u Ladoda.<br \/>\n-Ch\u1ec9 may: Nylon m\u00e0u.<br \/>\n2, C\u1ea5u t\u1ea1o s\u1ea3n ph\u1ea9m:<br \/>\n-K\u00edch th\u01b0\u1edbc: 34x28x15cm<br \/>\n-Tr\u1ecdng l\u01b0\u1ee3ng: 800gr<br \/>\n-S\u1ea3n ph\u1ea9m g\u1ed3m:<br \/>\n+ Ng\u0103n ch\u00ednh \u0111\u1ef1ng s\u00e1ch v\u1edf r\u1ed9ng r\u00e3i, b\u00ean trong c\u00f3 1 ng\u0103n l\u1eedng, 2 ng\u0103n bo chun 2 b\u00ean th\u00e2n.<br \/>\n+ 1 ng\u0103n ph\u1ee5 tr\u01b0\u1edbc<br \/>\n+ 2 ng\u0103n l\u01b0\u1edbi<br \/>\n3, B\u1ea3o h\u00e0nh s\u1ea3n ph\u1ea9m.<br \/>\n-H\u1ed7 tr\u1ee3 check h\u00e0ng tr\u01b0\u1edbc khi thanh to\u00e1n.<br \/>\n-B\u1ea3o h\u00e0nh mi\u1ec5n ph\u00ed 12 th\u00e1ng k\u1ec3 t\u1eeb ng\u00e0y \u0111\u1ebfn tay ng\u01b0\u1eddi mua h\u00e0ng.<\/p>","protected":false},"excerpt":{"rendered":"<p>C\u1eb7p h\u1ecdc sinh\u00a0Ladoda C163<br \/>\n1, Nguy\u00ean li\u1ec7u ch\u00ednh:<br \/>\n-Nguy\u00ean li\u1ec7u m\u1eb7t ngo\u00e0i ba l\u00f4: V\u1ea3i Polyester 1000D\u00a0fabric\u00a0waterproof.<br \/>\n-Nguy\u00ean li\u1ec7u m\u1eb7t trong ba l\u00f4: V\u1ea3i l\u00f3t V\u1ea3i l\u00f3t Lining cloth, 210D PU.<br \/>\n-D\u00e2y kho\u00e1: Nylon zipper chain.<br \/>\n-\u0110\u1ea7u kho\u00e1: #5 N\/slider,Ladoda tab.<br \/>\n-Ph\u1ee5 li\u1ec7u nh\u1ef1a th\u00e2n thi\u1ec7n v\u1edbi m\u00f4i tr\u01b0\u1eddng, in t\u00ean th\u01b0\u01a1ng hi\u1ec7u Ladoda.<br \/>\n-Ch\u1ec9 may: Nylon m\u00e0u.<br \/>\n2, C\u1ea5u t\u1ea1o s\u1ea3n ph\u1ea9m:<br \/>\n-K\u00edch th\u01b0\u1edbc: 34x28x15cm<br \/>\n-Tr\u1ecdng l\u01b0\u1ee3ng: 800gr<br \/>\n-S\u1ea3n ph\u1ea9m g\u1ed3m:<br \/>\n+ Ng\u0103n ch\u00ednh \u0111\u1ef1ng s\u00e1ch v\u1edf r\u1ed9ng r\u00e3i, b\u00ean trong c\u00f3 1 ng\u0103n l\u1eedng, 2 ng\u0103n bo chun 2 b\u00ean th\u00e2n.<br \/>\n+ 1 ng\u0103n ph\u1ee5 tr\u01b0\u1edbc<br \/>\n+ 2 ng\u0103n l\u01b0\u1edbi<br \/>\n3, B\u1ea3o h\u00e0nh s\u1ea3n ph\u1ea9m.<br \/>\n-H\u1ed7 tr\u1ee3 check h\u00e0ng tr\u01b0\u1edbc khi thanh to\u00e1n.<br \/>\n-B\u1ea3o h\u00e0nh mi\u1ec5n ph\u00ed 12 th\u00e1ng k\u1ec3 t\u1eeb ng\u00e0y \u0111\u1ebfn tay ng\u01b0\u1eddi mua h\u00e0ng.<\/p>","protected":false},"featured_media":14832,"comment_status":"open","ping_status":"closed","template":"","meta":{"_acf_changed":false},"product_cat":[520,366,447,368],"product_tag":[],"class_list":{"0":"post-14829","1":"product","2":"type-product","3":"status-publish","4":"has-post-thumbnail","6":"product_cat-nha-cua-doi-song","7":"product_cat-hang-cnnt-cap-qg","8":"product_cat-san-pham-cnnt-tb-cap-qg-2017","9":"product_cat-van-phong-pham","11":"first","12":"instock","13":"shipping-taxable","14":"product-type-simple"},"acf":[],"_links":{"self":[{"href":"https:\/\/b2c.fairs.vn\/en\/wp-json\/wp\/v2\/product\/14829","targetHints":{"allow":["GET"]}}],"collection":[{"href":"https:\/\/b2c.fairs.vn\/en\/wp-json\/wp\/v2\/product"}],"about":[{"href":"https:\/\/b2c.fairs.vn\/en\/wp-json\/wp\/v2\/types\/product"}],"replies":[{"embeddable":true,"href":"https:\/\/b2c.fairs.vn\/en\/wp-json\/wp\/v2\/comments?post=14829"}],"version-history":[{"count":0,"href":"https:\/\/b2c.fairs.vn\/en\/wp-json\/wp\/v2\/product\/14829\/revisions"}],"wp:featuredmedia":[{"embeddable":true,"href":"https:\/\/b2c.fairs.vn\/en\/wp-json\/wp\/v2\/media\/14832"}],"wp:attachment":[{"href":"https:\/\/b2c.fairs.vn\/en\/wp-json\/wp\/v2\/media?parent=14829"}],"wp:term":[{"taxonomy":"product_cat","embeddable":true,"href":"https:\/\/b2c.fairs.vn\/en\/wp-json\/wp\/v2\/product_cat?post=14829"},{"taxonomy":"product_tag","embeddable":true,"href":"https:\/\/b2c.fairs.vn\/en\/wp-json\/wp\/v2\/product_tag?post=14829"}],"curies":[{"name":"wp","href":"https:\/\/api.w.org\/{rel}","templated":true}]}}