{"id":14823,"date":"2024-04-02T16:39:04","date_gmt":"2024-04-02T09:39:04","guid":{"rendered":"https:\/\/b2c.fairs.vn\/?post_type=product&#038;p=14823"},"modified":"2024-04-23T15:13:49","modified_gmt":"2024-04-23T08:13:49","slug":"c164","status":"publish","type":"product","link":"https:\/\/b2c.fairs.vn\/en\/product\/c164\/","title":{"rendered":"BALO h\u1ecdc sinh C164"},"content":{"rendered":"<p>C\u1eb7p h\u1ecdc sinh\u00a0Ladoda C164<br \/>\n1, Nguy\u00ean li\u1ec7u ch\u00ednh:<br \/>\n-Nguy\u00ean li\u1ec7u m\u1eb7t ngo\u00e0i ba l\u00f4: V\u1ea3i\u00a0Polyester 1000D\u00a0fabric\u00a0waterproof.<br \/>\n-Nguy\u00ean li\u1ec7u m\u1eb7t trong ba l\u00f4: V\u1ea3i l\u00f3t V\u1ea3i l\u00f3t Lining cloth, 210D PU.<br \/>\n-D\u00e2y kho\u00e1: Nylon zipper chain.<br \/>\n-\u0110\u1ea7u kho\u00e1: #5 N\/slider,Ladoda tab.<br \/>\n-Ph\u1ee5 li\u1ec7u nh\u1ef1a th\u00e2n thi\u1ec7n v\u1edbi m\u00f4i tr\u01b0\u1eddng, in t\u00ean th\u01b0\u01a1ng hi\u1ec7u Ladoda.<br \/>\n-Ch\u1ec9 may: Nylon m\u00e0u.<br \/>\n2, C\u1ea5u t\u1ea1o s\u1ea3n ph\u1ea9m:<br \/>\n-K\u00edch th\u01b0\u1edbc: 36x29x15cm<br \/>\n-Tr\u1ecdng l\u01b0\u1ee3ng: 750gr<br \/>\n-M\u00f4 t\u1ea3\u00a0s\u1ea3n ph\u1ea9m: C\u1eb7p \u0111\u01b0\u1ee3c thi\u1ebft k\u1ebf d\u00e1ng h\u1ed9p, gi\u00fap b\u00e9 \u0111\u1ec3 s\u00e1ch v\u1edf kh\u00f4ng b\u1ecb qu\u0103n m\u00e9p, s\u1ea3n ph\u1ea9m bao g\u1ed3m 4 ng\u0103n \u0111\u1ef1ng:<br \/>\n+ Ng\u0103n ch\u00ednh \u0111\u00e1y r\u1ed9ng\u00a015cm\u00a0b\u00ean trong c\u00f3 ng\u0103n l\u1eedng \u00e1p l\u01b0ng.<br \/>\n+ 1 ng\u0103n ph\u1ee5 tr\u01b0\u1edbc.<br \/>\n+ 2 ng\u0103n l\u01b0\u1edbi b\u00ean h\u00f4ng.<br \/>\n+ C\u1eb7p\u00a0c\u00f3 d\u1ea3i ph\u00e1t quang\u00a0b\u1ea3o v\u1ec7 b\u00e9 khi \u0111i trong tr\u1eddi t\u1ed1i.<br \/>\n+ Quai \u0111eo b\u1ec1n, tho\u00e1t kh\u00ed v\u00e0 c\u00f3 kh\u1ea3 n\u0103ng ch\u1ecbu l\u1ef1c t\u1ed1t, chi\u1ec1u d\u00e0i d\u1ec5 d\u00e0ng thay \u0111\u1ed5i ph\u00f9 h\u1ee3p v\u1edbi chi\u1ec1u cao c\u1ee7a tr\u1ebb.<br \/>\n+ Ph\u1ea7n l\u01b0ng \u0111\u01b0\u1ee3c \u0111\u1ec7m x\u1ed1p d\u00e0y d\u1eb7n, l\u00f3t l\u01b0\u1edbi 3 l\u1edbp tho\u00e1ng kh\u00ed, th\u1ea5m h\u00fat m\u1ed3 m\u00f4i, h\u00f5m \u1edf gi\u1eefa gi\u1ea3m\u00a0va \u0111\u1eadp l\u00ean c\u1ed9t s\u1ed1ng.<br \/>\n3, B\u1ea3o h\u00e0nh s\u1ea3n ph\u1ea9m.<br \/>\n-H\u1ed7 tr\u1ee3 check h\u00e0ng tr\u01b0\u1edbc khi thanh to\u00e1n.<br \/>\n-B\u1ea3o h\u00e0nh mi\u1ec5n ph\u00ed 12 th\u00e1ng k\u1ec3 t\u1eeb ng\u00e0y \u0111\u1ebfn tay ng\u01b0\u1eddi mua h\u00e0ng.<\/p>","protected":false},"excerpt":{"rendered":"<p>C\u1eb7p h\u1ecdc sinh\u00a0Ladoda C164<br \/>\n1, Nguy\u00ean li\u1ec7u ch\u00ednh:<br \/>\n-Nguy\u00ean li\u1ec7u m\u1eb7t ngo\u00e0i ba l\u00f4: V\u1ea3i\u00a0Polyester 1000D\u00a0fabric\u00a0waterproof.<br \/>\n-Nguy\u00ean li\u1ec7u m\u1eb7t trong ba l\u00f4: V\u1ea3i l\u00f3t V\u1ea3i l\u00f3t Lining cloth, 210D PU.<br \/>\n-D\u00e2y kho\u00e1: Nylon zipper chain.<br \/>\n-\u0110\u1ea7u kho\u00e1: #5 N\/slider,Ladoda tab.<br \/>\n-Ph\u1ee5 li\u1ec7u nh\u1ef1a th\u00e2n thi\u1ec7n v\u1edbi m\u00f4i tr\u01b0\u1eddng, in t\u00ean th\u01b0\u01a1ng hi\u1ec7u Ladoda.<br \/>\n-Ch\u1ec9 may: Nylon m\u00e0u.<br \/>\n2, C\u1ea5u t\u1ea1o s\u1ea3n ph\u1ea9m:<br \/>\n-K\u00edch th\u01b0\u1edbc: 36x29x15cm<br \/>\n-Tr\u1ecdng l\u01b0\u1ee3ng: 750gr<br \/>\n-M\u00f4 t\u1ea3\u00a0s\u1ea3n ph\u1ea9m: C\u1eb7p \u0111\u01b0\u1ee3c thi\u1ebft k\u1ebf d\u00e1ng h\u1ed9p, gi\u00fap b\u00e9 \u0111\u1ec3 s\u00e1ch v\u1edf kh\u00f4ng b\u1ecb qu\u0103n m\u00e9p, s\u1ea3n ph\u1ea9m bao g\u1ed3m 4 ng\u0103n \u0111\u1ef1ng:<br \/>\n+ Ng\u0103n ch\u00ednh \u0111\u00e1y r\u1ed9ng\u00a015cm\u00a0b\u00ean trong c\u00f3 ng\u0103n l\u1eedng \u00e1p l\u01b0ng.<br \/>\n+ 1 ng\u0103n ph\u1ee5 tr\u01b0\u1edbc.<br \/>\n+ 2 ng\u0103n l\u01b0\u1edbi b\u00ean h\u00f4ng.<br \/>\n+ C\u1eb7p\u00a0c\u00f3 d\u1ea3i ph\u00e1t quang\u00a0b\u1ea3o v\u1ec7 b\u00e9 khi \u0111i trong tr\u1eddi t\u1ed1i.<br \/>\n+ Quai \u0111eo b\u1ec1n, tho\u00e1t kh\u00ed v\u00e0 c\u00f3 kh\u1ea3 n\u0103ng ch\u1ecbu l\u1ef1c t\u1ed1t, chi\u1ec1u d\u00e0i d\u1ec5 d\u00e0ng thay \u0111\u1ed5i ph\u00f9 h\u1ee3p v\u1edbi chi\u1ec1u cao c\u1ee7a tr\u1ebb.<br \/>\n+ Ph\u1ea7n l\u01b0ng \u0111\u01b0\u1ee3c \u0111\u1ec7m x\u1ed1p d\u00e0y d\u1eb7n, l\u00f3t l\u01b0\u1edbi 3 l\u1edbp tho\u00e1ng kh\u00ed, th\u1ea5m h\u00fat m\u1ed3 m\u00f4i, h\u00f5m \u1edf gi\u1eefa gi\u1ea3m\u00a0va \u0111\u1eadp l\u00ean c\u1ed9t s\u1ed1ng.<br \/>\n3, B\u1ea3o h\u00e0nh s\u1ea3n ph\u1ea9m.<br \/>\n-H\u1ed7 tr\u1ee3 check h\u00e0ng tr\u01b0\u1edbc khi thanh to\u00e1n.<br \/>\n-B\u1ea3o h\u00e0nh mi\u1ec5n ph\u00ed 12 th\u00e1ng k\u1ec3 t\u1eeb ng\u00e0y \u0111\u1ebfn tay ng\u01b0\u1eddi mua h\u00e0ng.<\/p>","protected":false},"featured_media":14825,"comment_status":"open","ping_status":"closed","template":"","meta":{"_acf_changed":false},"product_cat":[520,366,447,368],"product_tag":[],"class_list":{"0":"post-14823","1":"product","2":"type-product","3":"status-publish","4":"has-post-thumbnail","6":"product_cat-nha-cua-doi-song","7":"product_cat-hang-cnnt-cap-qg","8":"product_cat-san-pham-cnnt-tb-cap-qg-2017","9":"product_cat-van-phong-pham","11":"first","12":"instock","13":"shipping-taxable","14":"product-type-simple"},"acf":[],"_links":{"self":[{"href":"https:\/\/b2c.fairs.vn\/en\/wp-json\/wp\/v2\/product\/14823","targetHints":{"allow":["GET"]}}],"collection":[{"href":"https:\/\/b2c.fairs.vn\/en\/wp-json\/wp\/v2\/product"}],"about":[{"href":"https:\/\/b2c.fairs.vn\/en\/wp-json\/wp\/v2\/types\/product"}],"replies":[{"embeddable":true,"href":"https:\/\/b2c.fairs.vn\/en\/wp-json\/wp\/v2\/comments?post=14823"}],"version-history":[{"count":0,"href":"https:\/\/b2c.fairs.vn\/en\/wp-json\/wp\/v2\/product\/14823\/revisions"}],"wp:featuredmedia":[{"embeddable":true,"href":"https:\/\/b2c.fairs.vn\/en\/wp-json\/wp\/v2\/media\/14825"}],"wp:attachment":[{"href":"https:\/\/b2c.fairs.vn\/en\/wp-json\/wp\/v2\/media?parent=14823"}],"wp:term":[{"taxonomy":"product_cat","embeddable":true,"href":"https:\/\/b2c.fairs.vn\/en\/wp-json\/wp\/v2\/product_cat?post=14823"},{"taxonomy":"product_tag","embeddable":true,"href":"https:\/\/b2c.fairs.vn\/en\/wp-json\/wp\/v2\/product_tag?post=14823"}],"curies":[{"name":"wp","href":"https:\/\/api.w.org\/{rel}","templated":true}]}}