{"id":14815,"date":"2024-04-02T16:37:39","date_gmt":"2024-04-02T09:37:39","guid":{"rendered":"https:\/\/b2c.fairs.vn\/?post_type=product&#038;p=14815"},"modified":"2024-04-23T15:45:40","modified_gmt":"2024-04-23T08:45:40","slug":"ca0012023","status":"publish","type":"product","link":"https:\/\/b2c.fairs.vn\/en\/product\/ca0012023\/","title":{"rendered":"C\u1eb7p da Ca0012023"},"content":{"rendered":"<p>1, K\u00edch th\u01b0\u1edbc : d\u00e0i 400 mm, r\u1ed9ng 300 mm d\u00e0y 80 mm<\/p>\n<p>2, Ch\u1ea5t li\u1ec7u<br \/>\n&#8211; M\u1eb7t ngo\u00e0i c\u1eb7p:\u00a0 V\u1ea3i gi\u1ea3 da m\u00e0u \u0111en b\u00f3ng c\u00f3 v\u00e2n ch\u00ecm cao c\u1ea5p nh\u1eadp kh\u1ea9u , v\u1ea3i c\u00f3 c\u00e1c th\u00f4ng s\u1ed1 c\u01a1 b\u1ea3n nh\u01b0 sau v\u00e0 \u0111\u01b0\u1ee3c th\u1eed nghi\u1ec7m t\u1ea1i c\u01a1 quan ch\u1ee9c n\u0103ng c\u00f3 th\u1ea9m quy\u1ec1n<br \/>\n&#8211; M\u1eb7t trong c\u1eb7p: s\u1eed d\u1ee5ng nguy\u00ean li\u1ec7u:\u00a0\u00a0Lining cloth, 210D PU\u00a0m\u00e0u,\u00a0 v\u1ea3i c\u00f3 c\u00e1c th\u00f4ng s\u1ed1 c\u01a1 b\u1ea3n nh\u01b0 sau v\u00e0 \u0111\u01b0\u1ee3c th\u1eed nghi\u1ec7m t\u1ea1i c\u01a1 quan ch\u1ee9c n\u0103ng c\u00f3 th\u1ea9m quy\u1ec1n<\/p>\n<p>3, M\u00e0u s\u1eafc c\u1eb7p : \u0111en b\u00f3ng\u00a0 c\u00f3 v\u00e2n ch\u00ecm<\/p>\n<p>4, Ph\u1ee5 ki\u1ec7n c\u1eb7p:<br \/>\n&#8211; B\u1eb1ng kim lo\u1ea1i m\u1ea1 m\u00e0u ,\u00a0 \u0111\u1ea3m b\u1ea3o kh\u00f4ng b\u1ea1c m\u00e0u, kh\u00f4ng r\u1ea1n n\u1ee9t han r\u1ec9 trong th\u1eddi gian b\u1ea3o h\u00e0nh<br \/>\n&#8211; D\u00e2y kh\u00f3a: Nylon zipper chain #8<br \/>\n&#8211; \u0110\u1ea7u kh\u00f3a: N\/slide shiny nickel #6 , #8<br \/>\n&#8211; L\u00f3t ng\u0103n m\u00e1y t\u00ednh: Foam PE<br \/>\n&#8211; Ch\u1ec9 may: nylon<\/p>\n<p>5, K\u1ebft c\u1ea5u c\u1eb7p<br \/>\n&#8211;\u00a0 C\u1eb7p c\u00f3 01 ng\u0103n ch\u00ednh to r\u1ed9ng, b\u00ean trong c\u00f3 th\u1ec3 \u0111\u1ef1ng \u0111\u01b0\u1ee3c m\u00e1y t\u00ednh v\u00e0 c\u00e1c t\u00e0i li\u1ec7u quan tr\u1ecdng, b\u00ean trong ng\u0103n r\u1ed9ng c\u00f3 v\u00e1ch chia \u0111\u00f4i, trong v\u00e1ch chia \u0111\u00f4i c\u00f3 ng\u0103n m\u1edf c\u00f3 kh\u00f3a k\u00e9o mi\u1ec7ng, kh\u00f3a k\u00e9o mi\u1ec7ng s\u1eed d\u1ee5ng tay kh\u00f3a, \u0111\u1ea7u kh\u00f3a, r\u0103ng kh\u00f3a b\u1eb1ng kim lo\u1ea1i. M\u1edf r\u1ed9ng b\u00ean trong ng\u0103n ch\u00ednh c\u00f3 thi\u1ebft k\u1ebf \u0111\u1ec3 \u0111\u01b0\u1ee3c m\u00e1y t\u00ednh x\u00e1ch tay, ch\u1ed7 \u0111\u1ec3 m\u00e1y t\u00ednh x\u00e1ch tay c\u00f3 chun co gi\u00e3n \u0111\u1ec3 gi\u1eef m\u00e1y t\u00ednh lu\u00f4n \u00e1p s\u00e1t th\u00e2n sau C\u1eb7p c\u00f3 quai s\u00e1ch tay v\u00e0 quai \u0111eo, quai \u0111eo l\u00e0m c\u00f9ng ch\u1ea5t li\u1ec7u v\u1edbi c\u1eb7p, b\u00ean trong quai \u0111eo c\u00f3 l\u00f3t d\u00f9 \u0111\u1ea3m b\u1ea3o s\u1eed d\u1ee5ng \u0111\u01b0\u1ee3c l\u00e2u d\u00e0i, quai \u0111eo c\u00f3 th\u1ec3 th\u00e1o r\u1eddi. C\u1eb7p\u00a0 \u0111\u00f3ng m\u1edf ng\u0103n ch\u00ednh b\u1eb1ng d\u00e2y kh\u00f3a k\u00e9o, r\u0103ng kh\u00f3a, tai kh\u00f3a b\u1eb1ng h\u1ee3p kim m\u1ea1 c\u00f9ng m\u00e0u \u1ed1p c\u1eb7p. C\u1ed1t c\u1eb7p c\u00f3\u00a0 d\u1ef1ng m\u1ebfc may c\u00f4ng nghi\u1ec7p, c\u00f3 l\u00f3t Foam PE cho ng\u0103n ch\u1ed1ng s\u1ed1c.<br \/>\n&#8211; M\u1eb7t tr\u01b0\u1edbc c\u1eb7p c\u00f3 g\u1eafn trang tr\u00ed ph\u1ea7n \u1ed1p quai s\u00e1ch tay, c\u00f3 in ch\u00ecm ch\u1eef v\u00e0 logo theo y\u00eau c\u1ea7u ch\u1ee7 \u0111\u1ea7u t\u01b0<br \/>\n&#8211; M\u1eb7t sau c\u00f3 ng\u0103n tr\u00edch d\u00e0i 20 cm c\u00f3 kh\u00f3a k\u00e9o mi\u1ec7ng, tay kh\u00f3a, \u0111\u1ea7u kh\u00f3a, r\u0103ng kh\u00f3a b\u1eb1ng kim lo\u1ea1i c\u00f9ng m\u00e0u v\u1edbi ph\u1ea7n \u1ed1p quai s\u00e1ch tay.<br \/>\n&#8211; to\u00e0n b\u1ed9 tai kh\u00f3a \u0111\u1ec1u c\u00f3 in t\u00ean nh\u00e0 s\u1ea3n xu\u1ea5t c\u1eb7p \u0111\u1ec3 ng\u01b0\u1eddi ti\u00eau d\u00f9ng nh\u1eadn di\u1ec7n khi c\u00f3 nhu c\u1ea7u b\u1ea3o h\u00e0nh, s\u1eeda ch\u1eefa s\u1ea3n ph\u1ea9m sau th\u1eddi gian s\u1eed d\u1ee5ng<\/p>\n<p>6, Tr\u1ecdng l\u01b0\u1ee3ng<br \/>\nTr\u1ecdng l\u01b0\u1ee3ng s\u1ea3n ph\u1ea9m: 0,7kg<br \/>\nTr\u1ecdng l\u01b0\u1ee3ng s\u1eed d\u1ee5ng: 5 kg<\/p>\n<p>7, b\u1ea3o h\u00e0nh s\u1ea3n ph\u1ea9m: s\u1ea3n ph\u1ea9m ph\u1ea3i \u0111\u01b0\u1ee3c b\u1ea3o h\u00e0nh 12 th\u00e1ng k\u1ec3 t\u1eeb ng\u00e0y nh\u1eadn h\u00e0ng,\u00a0 \u0111\u01a1n v\u1ecb cung \u1ee9ng ph\u1ea3i c\u00f3 \u0111\u1ecba ch\u1ec9 b\u1ea3o h\u00e0nh t\u1ea1i Vi\u1ec7t Nam<\/p>","protected":false},"excerpt":{"rendered":"<p>1, K\u00edch th\u01b0\u1edbc : d\u00e0i 400 mm, r\u1ed9ng 300 mm d\u00e0y 80 mm<\/p>\n<p>2, Ch\u1ea5t li\u1ec7u<br \/>\n&#8211; M\u1eb7t ngo\u00e0i c\u1eb7p:\u00a0 V\u1ea3i gi\u1ea3 da m\u00e0u \u0111en b\u00f3ng c\u00f3 v\u00e2n ch\u00ecm cao c\u1ea5p nh\u1eadp kh\u1ea9u , v\u1ea3i c\u00f3 c\u00e1c th\u00f4ng s\u1ed1 c\u01a1 b\u1ea3n nh\u01b0 sau v\u00e0 \u0111\u01b0\u1ee3c th\u1eed nghi\u1ec7m t\u1ea1i c\u01a1 quan ch\u1ee9c n\u0103ng c\u00f3 th\u1ea9m quy\u1ec1n<br \/>\n&#8211; M\u1eb7t trong c\u1eb7p: s\u1eed d\u1ee5ng nguy\u00ean li\u1ec7u:\u00a0\u00a0Lining cloth, 210D PU\u00a0m\u00e0u,\u00a0 v\u1ea3i c\u00f3 c\u00e1c th\u00f4ng s\u1ed1 c\u01a1 b\u1ea3n nh\u01b0 sau v\u00e0 \u0111\u01b0\u1ee3c th\u1eed nghi\u1ec7m t\u1ea1i c\u01a1 quan ch\u1ee9c n\u0103ng c\u00f3 th\u1ea9m quy\u1ec1n<\/p>\n<p>3, M\u00e0u s\u1eafc c\u1eb7p : \u0111en b\u00f3ng\u00a0 c\u00f3 v\u00e2n ch\u00ecm<\/p>\n<p>4, Ph\u1ee5 ki\u1ec7n c\u1eb7p:<br \/>\n&#8211; B\u1eb1ng kim lo\u1ea1i m\u1ea1 m\u00e0u ,\u00a0 \u0111\u1ea3m b\u1ea3o kh\u00f4ng b\u1ea1c m\u00e0u, kh\u00f4ng r\u1ea1n n\u1ee9t han r\u1ec9 trong th\u1eddi gian b\u1ea3o h\u00e0nh<br \/>\n&#8211; D\u00e2y kh\u00f3a: Nylon zipper chain #8<br \/>\n&#8211; \u0110\u1ea7u kh\u00f3a: N\/slide shiny nickel #6 , #8<br \/>\n&#8211; L\u00f3t ng\u0103n m\u00e1y t\u00ednh: Foam PE<br \/>\n&#8211; Ch\u1ec9 may: nylon<\/p>\n<p>5, K\u1ebft c\u1ea5u c\u1eb7p<br \/>\n&#8211;\u00a0 C\u1eb7p c\u00f3 01 ng\u0103n ch\u00ednh to r\u1ed9ng, b\u00ean trong c\u00f3 th\u1ec3 \u0111\u1ef1ng \u0111\u01b0\u1ee3c m\u00e1y t\u00ednh v\u00e0 c\u00e1c t\u00e0i li\u1ec7u quan tr\u1ecdng, b\u00ean trong ng\u0103n r\u1ed9ng c\u00f3 v\u00e1ch chia \u0111\u00f4i, trong v\u00e1ch chia \u0111\u00f4i c\u00f3 ng\u0103n m\u1edf c\u00f3 kh\u00f3a k\u00e9o mi\u1ec7ng, kh\u00f3a k\u00e9o mi\u1ec7ng s\u1eed d\u1ee5ng tay kh\u00f3a, \u0111\u1ea7u kh\u00f3a, r\u0103ng kh\u00f3a b\u1eb1ng kim lo\u1ea1i. M\u1edf r\u1ed9ng b\u00ean trong ng\u0103n ch\u00ednh c\u00f3 thi\u1ebft k\u1ebf \u0111\u1ec3 \u0111\u01b0\u1ee3c m\u00e1y t\u00ednh x\u00e1ch tay, ch\u1ed7 \u0111\u1ec3 m\u00e1y t\u00ednh x\u00e1ch tay c\u00f3 chun co gi\u00e3n \u0111\u1ec3 gi\u1eef m\u00e1y t\u00ednh lu\u00f4n \u00e1p s\u00e1t th\u00e2n sau C\u1eb7p c\u00f3 quai s\u00e1ch tay v\u00e0 quai \u0111eo, quai \u0111eo l\u00e0m c\u00f9ng ch\u1ea5t li\u1ec7u v\u1edbi c\u1eb7p, b\u00ean trong quai \u0111eo c\u00f3 l\u00f3t d\u00f9 \u0111\u1ea3m b\u1ea3o s\u1eed d\u1ee5ng \u0111\u01b0\u1ee3c l\u00e2u d\u00e0i, quai \u0111eo c\u00f3 th\u1ec3 th\u00e1o r\u1eddi. C\u1eb7p\u00a0 \u0111\u00f3ng m\u1edf ng\u0103n ch\u00ednh b\u1eb1ng d\u00e2y kh\u00f3a k\u00e9o, r\u0103ng kh\u00f3a, tai kh\u00f3a b\u1eb1ng h\u1ee3p kim m\u1ea1 c\u00f9ng m\u00e0u \u1ed1p c\u1eb7p. C\u1ed1t c\u1eb7p c\u00f3\u00a0 d\u1ef1ng m\u1ebfc may c\u00f4ng nghi\u1ec7p, c\u00f3 l\u00f3t Foam PE cho ng\u0103n ch\u1ed1ng s\u1ed1c.<br \/>\n&#8211; M\u1eb7t tr\u01b0\u1edbc c\u1eb7p c\u00f3 g\u1eafn trang tr\u00ed ph\u1ea7n \u1ed1p quai s\u00e1ch tay, c\u00f3 in ch\u00ecm ch\u1eef v\u00e0 logo theo y\u00eau c\u1ea7u ch\u1ee7 \u0111\u1ea7u t\u01b0<br \/>\n&#8211; M\u1eb7t sau c\u00f3 ng\u0103n tr\u00edch d\u00e0i 20 cm c\u00f3 kh\u00f3a k\u00e9o mi\u1ec7ng, tay kh\u00f3a, \u0111\u1ea7u kh\u00f3a, r\u0103ng kh\u00f3a b\u1eb1ng kim lo\u1ea1i c\u00f9ng m\u00e0u v\u1edbi ph\u1ea7n \u1ed1p quai s\u00e1ch tay.<br \/>\n&#8211; to\u00e0n b\u1ed9 tai kh\u00f3a \u0111\u1ec1u c\u00f3 in t\u00ean nh\u00e0 s\u1ea3n xu\u1ea5t c\u1eb7p \u0111\u1ec3 ng\u01b0\u1eddi ti\u00eau d\u00f9ng nh\u1eadn di\u1ec7n khi c\u00f3 nhu c\u1ea7u b\u1ea3o h\u00e0nh, s\u1eeda ch\u1eefa s\u1ea3n ph\u1ea9m sau th\u1eddi gian s\u1eed d\u1ee5ng<\/p>\n<p>6, Tr\u1ecdng l\u01b0\u1ee3ng<br \/>\nTr\u1ecdng l\u01b0\u1ee3ng s\u1ea3n ph\u1ea9m: 0,7kg<br \/>\nTr\u1ecdng l\u01b0\u1ee3ng s\u1eed d\u1ee5ng: 5 kg<\/p>\n<p>7, b\u1ea3o h\u00e0nh s\u1ea3n ph\u1ea9m: s\u1ea3n ph\u1ea9m ph\u1ea3i \u0111\u01b0\u1ee3c b\u1ea3o h\u00e0nh 12 th\u00e1ng k\u1ec3 t\u1eeb ng\u00e0y nh\u1eadn h\u00e0ng,\u00a0 \u0111\u01a1n v\u1ecb cung \u1ee9ng ph\u1ea3i c\u00f3 \u0111\u1ecba ch\u1ec9 b\u1ea3o h\u00e0nh t\u1ea1i Vi\u1ec7t Nam<\/p>","protected":false},"featured_media":14820,"comment_status":"open","ping_status":"closed","template":"","meta":{"_acf_changed":false},"product_cat":[520,366,447,368],"product_tag":[],"class_list":{"0":"post-14815","1":"product","2":"type-product","3":"status-publish","4":"has-post-thumbnail","6":"product_cat-nha-cua-doi-song","7":"product_cat-hang-cnnt-cap-qg","8":"product_cat-san-pham-cnnt-tb-cap-qg-2017","9":"product_cat-van-phong-pham","11":"first","12":"instock","13":"shipping-taxable","14":"product-type-simple"},"acf":[],"_links":{"self":[{"href":"https:\/\/b2c.fairs.vn\/en\/wp-json\/wp\/v2\/product\/14815","targetHints":{"allow":["GET"]}}],"collection":[{"href":"https:\/\/b2c.fairs.vn\/en\/wp-json\/wp\/v2\/product"}],"about":[{"href":"https:\/\/b2c.fairs.vn\/en\/wp-json\/wp\/v2\/types\/product"}],"replies":[{"embeddable":true,"href":"https:\/\/b2c.fairs.vn\/en\/wp-json\/wp\/v2\/comments?post=14815"}],"version-history":[{"count":0,"href":"https:\/\/b2c.fairs.vn\/en\/wp-json\/wp\/v2\/product\/14815\/revisions"}],"wp:featuredmedia":[{"embeddable":true,"href":"https:\/\/b2c.fairs.vn\/en\/wp-json\/wp\/v2\/media\/14820"}],"wp:attachment":[{"href":"https:\/\/b2c.fairs.vn\/en\/wp-json\/wp\/v2\/media?parent=14815"}],"wp:term":[{"taxonomy":"product_cat","embeddable":true,"href":"https:\/\/b2c.fairs.vn\/en\/wp-json\/wp\/v2\/product_cat?post=14815"},{"taxonomy":"product_tag","embeddable":true,"href":"https:\/\/b2c.fairs.vn\/en\/wp-json\/wp\/v2\/product_tag?post=14815"}],"curies":[{"name":"wp","href":"https:\/\/api.w.org\/{rel}","templated":true}]}}