{"id":14808,"date":"2024-04-02T16:35:45","date_gmt":"2024-04-02T09:35:45","guid":{"rendered":"https:\/\/b2c.fairs.vn\/?post_type=product&#038;p=14808"},"modified":"2024-04-23T15:14:08","modified_gmt":"2024-04-23T08:14:08","slug":"c269dt","status":"publish","type":"product","link":"https:\/\/b2c.fairs.vn\/en\/product\/c269dt\/","title":{"rendered":"C\u1eb7p da C269DT"},"content":{"rendered":"<p>C\u1eb7p da th\u1eadt C269DT<br \/>\n1, Nguy\u00ean li\u1ec7u ch\u00ednh:<br \/>\n-Ch\u1ea5t li\u1ec7u m\u1eb7t ngo\u00e0i c\u1eb7p: Da th\u1eadt Full-grain leather cao c\u1ea5p,v\u00e2n s\u1ea7n, ch\u1ed1ng b\u00e1m b\u1ea9n v\u00e0 ch\u1ed1ng th\u1ea5m n\u01b0\u1edbc.<br \/>\n-Ch\u1ea5t li\u1ec7u m\u1eb7t trong c\u1eb7p: V\u1ea3i l\u00f3t\u00a0Lining cloth, 210D PU.<br \/>\n&#8211; Ph\u1ee5 li\u1ec7u ng\u0169 kim m\u1ea1 tr\u1eafng,\u00a0 \u0111\u1ea3m b\u1ea3o kh\u00f4ng b\u1ea1c m\u00e0u, kh\u00f4ng r\u1ea1n n\u1ee9t han g\u1ec9 trong th\u1eddi gian b\u1ea3o h\u00e0nh, in t\u00ean th\u01b0\u01a1ng hi\u1ec7u Ladoda.<br \/>\n&#8211; D\u00e2y kh\u00f3a: N\/slide shiny nickel zipper #5.<br \/>\n&#8211; \u0110\u1ea7u kh\u00f3a: N\/slide shiny nickel puller #5.<br \/>\n&#8211; L\u00f3t ng\u0103n m\u00e1y t\u00ednh: Foam PE.<br \/>\n&#8211; Ch\u1ec9 may: Nylon.<br \/>\n2, C\u1ea5u t\u1ea1o s\u1ea3n ph\u1ea9m:<br \/>\n-K\u00edch th\u01b0\u1edbc: D\u00e0i 39x r\u1ed9ng 29x d\u00e0y 10cm.<br \/>\n-Tr\u1ecdng l\u01b0\u1ee3ng s\u1ea3n ph\u1ea9m: 0,7kg.<br \/>\n-Tr\u1ecdng l\u01b0\u1ee3ng s\u1eed d\u1ee5ng: 5 kg.<br \/>\n-C\u1eb7p c\u00f3 01 ng\u0103n ch\u00ednh to r\u1ed9ng. B\u00ean trong c\u00f3 ng\u0103n \u0111\u1ef1ng m\u00e1y t\u00ednh thi\u1ebft k\u1ebf \u0111\u1ec7m Foam PE ch\u1ed1ng x\u1ed1c, chun co gi\u00e3n \u0111\u1ec3 gi\u1eef m\u00e1y t\u00ednh lu\u00f4n \u00e1p s\u00e1t th\u00e2n sau.<br \/>\n-1 ng\u0103n ph\u1ee5 c\u00f3 kho\u00e1 k\u00e9o v\u00e0 2 ng\u0103n nh\u1ecf \u0111\u1ef1ng v\u1eadt d\u1ee5ng c\u00e1 nh\u00e2n nh\u01b0 v\u00ed ti\u1ec1n, th\u1ebb t\u00edn d\u1ee5ng, c\u0103n c\u01b0\u1edbc, \u0111i\u1ec7n tho\u1ea1i.<br \/>\n3, B\u1ea3o h\u00e0nh s\u1ea3n ph\u1ea9m:<br \/>\nS\u1ea3n ph\u1ea9m ph\u1ea3i \u0111\u01b0\u1ee3c b\u1ea3o h\u00e0nh 12 th\u00e1ng k\u1ec3 t\u1eeb ng\u00e0y \u0111\u1ebfn tay ng\u01b0\u1eddi mua h\u00e0ng.<\/p>","protected":false},"excerpt":{"rendered":"<p>C\u1eb7p da th\u1eadt C269DT<br \/>\n1, Nguy\u00ean li\u1ec7u ch\u00ednh:<br \/>\n-Ch\u1ea5t li\u1ec7u m\u1eb7t ngo\u00e0i c\u1eb7p: Da th\u1eadt Full-grain leather cao c\u1ea5p,v\u00e2n s\u1ea7n, ch\u1ed1ng b\u00e1m b\u1ea9n v\u00e0 ch\u1ed1ng th\u1ea5m n\u01b0\u1edbc.<br \/>\n-Ch\u1ea5t li\u1ec7u m\u1eb7t trong c\u1eb7p: V\u1ea3i l\u00f3t\u00a0Lining cloth, 210D PU.<br \/>\n&#8211; Ph\u1ee5 li\u1ec7u ng\u0169 kim m\u1ea1 tr\u1eafng,\u00a0 \u0111\u1ea3m b\u1ea3o kh\u00f4ng b\u1ea1c m\u00e0u, kh\u00f4ng r\u1ea1n n\u1ee9t han g\u1ec9 trong th\u1eddi gian b\u1ea3o h\u00e0nh, in t\u00ean th\u01b0\u01a1ng hi\u1ec7u Ladoda.<br \/>\n&#8211; D\u00e2y kh\u00f3a: N\/slide shiny nickel zipper #5.<br \/>\n&#8211; \u0110\u1ea7u kh\u00f3a: N\/slide shiny nickel puller #5.<br \/>\n&#8211; L\u00f3t ng\u0103n m\u00e1y t\u00ednh: Foam PE.<br \/>\n&#8211; Ch\u1ec9 may: Nylon.<br \/>\n2, C\u1ea5u t\u1ea1o s\u1ea3n ph\u1ea9m:<br \/>\n-K\u00edch th\u01b0\u1edbc: D\u00e0i 39x r\u1ed9ng 29x d\u00e0y 10cm.<br \/>\n-Tr\u1ecdng l\u01b0\u1ee3ng s\u1ea3n ph\u1ea9m: 0,7kg.<br \/>\n-Tr\u1ecdng l\u01b0\u1ee3ng s\u1eed d\u1ee5ng: 5 kg.<br \/>\n-C\u1eb7p c\u00f3 01 ng\u0103n ch\u00ednh to r\u1ed9ng. B\u00ean trong c\u00f3 ng\u0103n \u0111\u1ef1ng m\u00e1y t\u00ednh thi\u1ebft k\u1ebf \u0111\u1ec7m Foam PE ch\u1ed1ng x\u1ed1c, chun co gi\u00e3n \u0111\u1ec3 gi\u1eef m\u00e1y t\u00ednh lu\u00f4n \u00e1p s\u00e1t th\u00e2n sau.<br \/>\n-1 ng\u0103n ph\u1ee5 c\u00f3 kho\u00e1 k\u00e9o v\u00e0 2 ng\u0103n nh\u1ecf \u0111\u1ef1ng v\u1eadt d\u1ee5ng c\u00e1 nh\u00e2n nh\u01b0 v\u00ed ti\u1ec1n, th\u1ebb t\u00edn d\u1ee5ng, c\u0103n c\u01b0\u1edbc, \u0111i\u1ec7n tho\u1ea1i.<br \/>\n3, B\u1ea3o h\u00e0nh s\u1ea3n ph\u1ea9m:<br \/>\nS\u1ea3n ph\u1ea9m ph\u1ea3i \u0111\u01b0\u1ee3c b\u1ea3o h\u00e0nh 12 th\u00e1ng k\u1ec3 t\u1eeb ng\u00e0y \u0111\u1ebfn tay ng\u01b0\u1eddi mua h\u00e0ng.<\/p>","protected":false},"featured_media":14812,"comment_status":"open","ping_status":"closed","template":"","meta":{"_acf_changed":false},"product_cat":[520,366,447,368],"product_tag":[],"class_list":{"0":"post-14808","1":"product","2":"type-product","3":"status-publish","4":"has-post-thumbnail","6":"product_cat-nha-cua-doi-song","7":"product_cat-hang-cnnt-cap-qg","8":"product_cat-san-pham-cnnt-tb-cap-qg-2017","9":"product_cat-van-phong-pham","11":"first","12":"instock","13":"shipping-taxable","14":"product-type-simple"},"acf":[],"_links":{"self":[{"href":"https:\/\/b2c.fairs.vn\/en\/wp-json\/wp\/v2\/product\/14808","targetHints":{"allow":["GET"]}}],"collection":[{"href":"https:\/\/b2c.fairs.vn\/en\/wp-json\/wp\/v2\/product"}],"about":[{"href":"https:\/\/b2c.fairs.vn\/en\/wp-json\/wp\/v2\/types\/product"}],"replies":[{"embeddable":true,"href":"https:\/\/b2c.fairs.vn\/en\/wp-json\/wp\/v2\/comments?post=14808"}],"version-history":[{"count":0,"href":"https:\/\/b2c.fairs.vn\/en\/wp-json\/wp\/v2\/product\/14808\/revisions"}],"wp:featuredmedia":[{"embeddable":true,"href":"https:\/\/b2c.fairs.vn\/en\/wp-json\/wp\/v2\/media\/14812"}],"wp:attachment":[{"href":"https:\/\/b2c.fairs.vn\/en\/wp-json\/wp\/v2\/media?parent=14808"}],"wp:term":[{"taxonomy":"product_cat","embeddable":true,"href":"https:\/\/b2c.fairs.vn\/en\/wp-json\/wp\/v2\/product_cat?post=14808"},{"taxonomy":"product_tag","embeddable":true,"href":"https:\/\/b2c.fairs.vn\/en\/wp-json\/wp\/v2\/product_tag?post=14808"}],"curies":[{"name":"wp","href":"https:\/\/api.w.org\/{rel}","templated":true}]}}