{"id":14804,"date":"2024-04-02T17:16:24","date_gmt":"2024-04-02T10:16:24","guid":{"rendered":"https:\/\/b2c.fairs.vn\/?post_type=product&#038;p=14804"},"modified":"2024-04-02T17:16:25","modified_gmt":"2024-04-02T10:16:25","slug":"nuoc-mam-nu-hoang-45-do-dam-hieu-con-ca-vang","status":"publish","type":"product","link":"https:\/\/b2c.fairs.vn\/en\/product\/nuoc-mam-nu-hoang-45-do-dam-hieu-con-ca-vang\/","title":{"rendered":"N\u01b0\u1edbc m\u1eafm N\u1eef Ho\u00e0ng 45 \u0111\u1ed9 \u0111\u1ea1m hi\u1ec7u Con C\u00e1 V\u00e0ng"},"content":{"rendered":"<table>\n<tbody>\n<tr>\n<td width=\"100\">M\u00e3 SP<\/td>\n<td>:<\/td>\n<th>chai th\u1ee7y tinh<\/th>\n<\/tr>\n<tr>\n<td width=\"100\">Nguy\u00ean li\u1ec7u<\/td>\n<td>:<\/td>\n<th>C\u00e1 c\u01a1m<\/th>\n<\/tr>\n<tr>\n<td width=\"100\">Dung l\u01b0\u1ee3ng<\/td>\n<td>:<\/td>\n<th>45 ml\/chai (10 chai\/x\u00e1ch)<\/th>\n<\/tr>\n<\/tbody>\n<\/table>\n<p><b>N\u01af\u1edaC M\u1eaeM NGUY\u00caN CH\u1ea4T C\u00c1 C\u01a0M 45 \u0111\u1ed9 \u0111\u1ea1m, \u0111\u01b0\u1ee3c s\u1ea3n xu\u1ea5t theo ph\u01b0\u01a1ng ph\u00e1p truy\u1ec1n th\u1ed1ng. L\u00e0 s\u1ea3n ph\u1ea9m \u0111\u1eb7c bi\u1ec7t, ch\u1ec9 b\u00e1n v\u00e0o c\u00e1c d\u1ecbp L\u1ec5, T\u1ebft trong n\u0103m<\/b><\/p>\n<p>Th\u00e0nh ph\u1ea7n ch\u00ednh: C\u00e1 c\u01a1m, mu\u1ed1i<\/p>\n<p>L\u00e0 s\u1ea3n ph\u1ea9m cao c\u1ea5p, \u0111\u1ea3m b\u1ea3o an to\u00e0n v\u1ec7 sinh th\u1ef1c ph\u1ea9m, kh\u00f4ng ph\u1ea9m m\u00e0u, h\u00f3a ch\u1ea5t. Th\u01b0\u01a1ng hi\u1ec7u, nh\u00e3n hi\u1ec7u h\u00e0ng h\u00f3a, ki\u1ec3u d\u00e1ng c\u00f4ng nghi\u1ec7p \u0111\u00e3 \u0111\u01b0\u1ee3c \u0111\u0103ng k\u00fd \u0111\u1ed9c quy\u1ec1n t\u1ea1i C\u1ee5c S\u1edf H\u1eefu Tr\u00ed Tu\u1ec7. S\u1ea3n ph\u1ea9m mang l\u1ea1i gi\u00e1 tr\u1ecb dinh d\u01b0\u1ee1ng cao. Ch\u1ea5t l\u01b0\u1ee3ng n\u01b0\u1edbc m\u1eafm \u0111\u1ea3m b\u1ea3o \u0111\u00fang h\u00e0m l\u01b0\u1ee3ng ghi tr\u00ean nh\u00e3n, l\u00e0 s\u1ea3n ph\u1ea9m th\u1eadt. \u0110\u1ea3m b\u1ea3o an to\u00e0n v\u1ec7 sinh th\u1ef1c ph\u1ea9m, kh\u00f4ng c\u00f3 h\u00f3a ch\u1ea5t b\u1ea3o qu\u1ea3n, kh\u00f4ng c\u00f3 ure g\u00e2y h\u1ea1i.<\/p>\n<p>\u0110\u00e2y l\u00e0 lo\u1ea1i n\u01b0\u1edbc m\u1eafm r\u1ea5t l\u00e2u \u0111\u1eddi v\u00e0 ch\u1ea5t l\u01b0\u1ee3ng, \u0111\u01b0\u1ee3c du kh\u00e1ch \u01b0a chu\u1ed9ng v\u00e0 mua v\u1ec1 l\u00e0m qu\u00e0 t\u1eb7ng cho ng\u01b0\u1eddi th\u00e2n, b\u1ea1n b\u00e8.<\/p>\n<p>&#8211;\u00a0D\u00f9ng l\u00e0m gia v\u1ecb ch\u1ea5m th\u1ecbt, c\u00e1, rau<\/p>\n<p>&#8211; D\u00f9ng \u0111\u1ec3 pha n\u1ea5u ch\u1ebf bi\u1ebfn th\u1ef1c ph\u1ea9m<\/p>\n<p>&#8211; \u0110\u1ec3 n\u01a1i kh\u00f4 r\u00e1o, tr\u00e1nh \u00e1nh n\u1eafng m\u1eb7t tr\u1eddi v\u00e0 \u0111\u1eady n\u1eafp k\u00edn sau khi s\u1eed d\u1ee5ng<\/p>","protected":false},"excerpt":{"rendered":"<p>M\u00e3 SP : chai th\u1ee7y tinh Nguy\u00ean li\u1ec7u : C\u00e1 c\u01a1m Dung l\u01b0\u1ee3ng : 45 ml\/chai (10 chai\/x\u00e1ch) N\u01af\u1edaC M\u1eaeM<\/p>","protected":false},"featured_media":14887,"comment_status":"open","ping_status":"closed","template":"","meta":{"_acf_changed":false},"product_cat":[318,366,447,22,319],"product_tag":[],"class_list":{"0":"post-14804","1":"product","2":"type-product","3":"status-publish","4":"has-post-thumbnail","6":"product_cat-gia-vi","7":"product_cat-hang-cnnt-cap-qg","8":"product_cat-san-pham-cnnt-tb-cap-qg-2017","9":"product_cat-sanphamthucpham","10":"product_cat-tuong-nuoc-mam-gia-vi-dang-long-khac","12":"first","13":"instock","14":"shipping-taxable","15":"product-type-simple"},"acf":[],"_links":{"self":[{"href":"https:\/\/b2c.fairs.vn\/en\/wp-json\/wp\/v2\/product\/14804","targetHints":{"allow":["GET"]}}],"collection":[{"href":"https:\/\/b2c.fairs.vn\/en\/wp-json\/wp\/v2\/product"}],"about":[{"href":"https:\/\/b2c.fairs.vn\/en\/wp-json\/wp\/v2\/types\/product"}],"replies":[{"embeddable":true,"href":"https:\/\/b2c.fairs.vn\/en\/wp-json\/wp\/v2\/comments?post=14804"}],"version-history":[{"count":0,"href":"https:\/\/b2c.fairs.vn\/en\/wp-json\/wp\/v2\/product\/14804\/revisions"}],"wp:featuredmedia":[{"embeddable":true,"href":"https:\/\/b2c.fairs.vn\/en\/wp-json\/wp\/v2\/media\/14887"}],"wp:attachment":[{"href":"https:\/\/b2c.fairs.vn\/en\/wp-json\/wp\/v2\/media?parent=14804"}],"wp:term":[{"taxonomy":"product_cat","embeddable":true,"href":"https:\/\/b2c.fairs.vn\/en\/wp-json\/wp\/v2\/product_cat?post=14804"},{"taxonomy":"product_tag","embeddable":true,"href":"https:\/\/b2c.fairs.vn\/en\/wp-json\/wp\/v2\/product_tag?post=14804"}],"curies":[{"name":"wp","href":"https:\/\/api.w.org\/{rel}","templated":true}]}}