{"id":14803,"date":"2024-04-02T16:34:10","date_gmt":"2024-04-02T09:34:10","guid":{"rendered":"https:\/\/b2c.fairs.vn\/?post_type=product&#038;p=14803"},"modified":"2024-04-23T15:14:16","modified_gmt":"2024-04-23T08:14:16","slug":"c334","status":"publish","type":"product","link":"https:\/\/b2c.fairs.vn\/en\/product\/c334\/","title":{"rendered":"C\u1eb7p da C334"},"content":{"rendered":"<p>C\u1eb7p g\u1ea5p\u00a0C334<br \/>\n1, Nguy\u00ean li\u1ec7u ch\u00ednh:<br \/>\nCh\u1ea5t li\u1ec7u c\u1eb7p: V\u1ea3i\u00a0da Simili\u00a0cao c\u1ea5p.<br \/>\n&#8211; Ph\u1ee5 li\u1ec7u ng\u0169 kim m\u1ea1 v\u00e0ng.<br \/>\n&#8211; D\u00e2y kh\u00f3a: N\/slide shiny nickel zipper.<br \/>\n&#8211; \u0110\u1ea7u kh\u00f3a: N\/slide shiny nickel puller.<br \/>\n-Ch\u1ec9 may: Nylon.<br \/>\n2, C\u1ea5u t\u1ea1o s\u1ea3n ph\u1ea9m:<br \/>\n-K\u00edch th\u01b0\u1edbc: D\u00e0i 37x r\u1ed9ng 27.5x d\u00e0y 5cm.<br \/>\n-Tr\u1ecdng l\u01b0\u1ee3ng s\u1ea3n ph\u1ea9m: 0,7kg.<br \/>\n-S\u1ea3n ph\u1ea9m c\u00f3 c\u1ea5u t\u1ea1o\u00a0kho\u00e1 k\u00e9o m\u1edf nh\u01b0 1 quy\u1ec3n s\u00e1ch, 1 b\u00ean thi\u1ebft k\u1ebf k\u1eb9p file t\u00e0i li\u1ec7u gi\u1ea5y t\u1edd a4 v\u00e0 ch\u1ed7 c\u00e0i b\u00fat, 1 b\u00ean c\u00f3 c\u00e1c ng\u0103n nh\u1ecf \u0111\u1ef1ng card, th\u1ebb t\u00ean, v\u00ed ti\u1ec1n, \u0111i\u1ec7n tho\u1ea1i.<br \/>\n3 Th\u1eddi h\u1ea1n b\u1ea3o h\u00e0nh:<br \/>\n-S\u1ea3n ph\u1ea9m b\u1ea3o h\u00e0nh 12 th\u00e1ng k\u1ec3 t\u1eeb ng\u00e0y mua h\u00e0ng.<\/p>","protected":false},"excerpt":{"rendered":"<p>C\u1eb7p g\u1ea5p\u00a0C334<br \/>\n1, Nguy\u00ean li\u1ec7u ch\u00ednh:<br \/>\nCh\u1ea5t li\u1ec7u c\u1eb7p: V\u1ea3i\u00a0da Simili\u00a0cao c\u1ea5p.<br \/>\n&#8211; Ph\u1ee5 li\u1ec7u ng\u0169 kim m\u1ea1 v\u00e0ng.<br \/>\n&#8211; D\u00e2y kh\u00f3a: N\/slide shiny nickel zipper.<br \/>\n&#8211; \u0110\u1ea7u kh\u00f3a: N\/slide shiny nickel puller.<br \/>\n-Ch\u1ec9 may: Nylon.<br \/>\n2, C\u1ea5u t\u1ea1o s\u1ea3n ph\u1ea9m:<br \/>\n-K\u00edch th\u01b0\u1edbc: D\u00e0i 37x r\u1ed9ng 27.5x d\u00e0y 5cm.<br \/>\n-Tr\u1ecdng l\u01b0\u1ee3ng s\u1ea3n ph\u1ea9m: 0,7kg.<br \/>\n-S\u1ea3n ph\u1ea9m c\u00f3 c\u1ea5u t\u1ea1o\u00a0kho\u00e1 k\u00e9o m\u1edf nh\u01b0 1 quy\u1ec3n s\u00e1ch, 1 b\u00ean thi\u1ebft k\u1ebf k\u1eb9p file t\u00e0i li\u1ec7u gi\u1ea5y t\u1edd a4 v\u00e0 ch\u1ed7 c\u00e0i b\u00fat, 1 b\u00ean c\u00f3 c\u00e1c ng\u0103n nh\u1ecf \u0111\u1ef1ng card, th\u1ebb t\u00ean, v\u00ed ti\u1ec1n, \u0111i\u1ec7n tho\u1ea1i.<br \/>\n3 Th\u1eddi h\u1ea1n b\u1ea3o h\u00e0nh:<br \/>\n-S\u1ea3n ph\u1ea9m b\u1ea3o h\u00e0nh 12 th\u00e1ng k\u1ec3 t\u1eeb ng\u00e0y mua h\u00e0ng.<\/p>","protected":false},"featured_media":14805,"comment_status":"open","ping_status":"closed","template":"","meta":{"_acf_changed":false},"product_cat":[520,366,447,368],"product_tag":[],"class_list":{"0":"post-14803","1":"product","2":"type-product","3":"status-publish","4":"has-post-thumbnail","6":"product_cat-nha-cua-doi-song","7":"product_cat-hang-cnnt-cap-qg","8":"product_cat-san-pham-cnnt-tb-cap-qg-2017","9":"product_cat-van-phong-pham","11":"first","12":"instock","13":"shipping-taxable","14":"product-type-simple"},"acf":[],"_links":{"self":[{"href":"https:\/\/b2c.fairs.vn\/en\/wp-json\/wp\/v2\/product\/14803","targetHints":{"allow":["GET"]}}],"collection":[{"href":"https:\/\/b2c.fairs.vn\/en\/wp-json\/wp\/v2\/product"}],"about":[{"href":"https:\/\/b2c.fairs.vn\/en\/wp-json\/wp\/v2\/types\/product"}],"replies":[{"embeddable":true,"href":"https:\/\/b2c.fairs.vn\/en\/wp-json\/wp\/v2\/comments?post=14803"}],"version-history":[{"count":0,"href":"https:\/\/b2c.fairs.vn\/en\/wp-json\/wp\/v2\/product\/14803\/revisions"}],"wp:featuredmedia":[{"embeddable":true,"href":"https:\/\/b2c.fairs.vn\/en\/wp-json\/wp\/v2\/media\/14805"}],"wp:attachment":[{"href":"https:\/\/b2c.fairs.vn\/en\/wp-json\/wp\/v2\/media?parent=14803"}],"wp:term":[{"taxonomy":"product_cat","embeddable":true,"href":"https:\/\/b2c.fairs.vn\/en\/wp-json\/wp\/v2\/product_cat?post=14803"},{"taxonomy":"product_tag","embeddable":true,"href":"https:\/\/b2c.fairs.vn\/en\/wp-json\/wp\/v2\/product_tag?post=14803"}],"curies":[{"name":"wp","href":"https:\/\/api.w.org\/{rel}","templated":true}]}}