{"id":14793,"date":"2024-04-02T16:31:51","date_gmt":"2024-04-02T09:31:51","guid":{"rendered":"https:\/\/b2c.fairs.vn\/?post_type=product&#038;p=14793"},"modified":"2024-04-23T15:34:32","modified_gmt":"2024-04-23T08:34:32","slug":"chateau-dalat-selection-red-wine-750ml","status":"publish","type":"product","link":"https:\/\/b2c.fairs.vn\/en\/product\/chateau-dalat-selection-red-wine-750ml\/","title":{"rendered":"Chateau Dalat &#8211; Selection &#8211; Red Wine 750ML"},"content":{"rendered":"<p>\ud83c\udf77 Chateau Dalat Selection Red Wine l\u00ean men v\u00e0 ph\u1ed1i tr\u1ed9n t\u1eeb c\u00e1c gi\u1ed1ng nho ch\u00ednh: Merlot, Cabernet Sauvignon v\u00e0 Shiraz.<\/p>\n<p>\ud83c\udf77 R\u1ea5t ph\u00f9 h\u1ee3p v\u1edbi c\u00e1c m\u00f3n \u0103n l\u00e0 th\u1ecbt \u0111\u1ecf, th\u1ecbt n\u01b0\u1edbng hay b\u1ecf l\u00f2, ho\u1eb7c gia v\u1ecb \u0111\u1eadm \u0111\u00e0. Ho\u1eb7c s\u1eed d\u1ee5ng nh\u01b0 m\u1ed9t qu\u00e0 t\u1eb7ng. N\u00ean th\u01b0\u1edfng th\u1ee9c \u1edf nhi\u1ec7t \u0111\u1ed9 16\u2103, c\u00f3 th\u1ec3 \u01b0\u1edbp l\u1ea1nh nh\u1eb9 v\u00e0o m\u00f9a h\u00e8.<\/p>\n<p>\ud83c\udf77 Vang Chateau Dalat Selection Red\u00a0Wine 750ml \u0111\u00e3 kh\u1eb3ng \u0111\u1ecbnh \u0111\u1eb3ng c\u1ea5p c\u1ee7a m\u00ecnh tr\u00ean th\u1ecb tr\u01b0\u1eddng qu\u1ed1c t\u1ebf v\u00e0 l\u00e0 l\u1ef1a ch\u1ecdn \u01b0a chu\u1ed9ng tr\u00ean kh\u1eafp qu\u1ed1c gia. V\u1edbi h\u00e0ng tri\u1ec7u chai \u0111\u01b0\u1ee3c ti\u00eau th\u1ee5 h\u00e0ng n\u0103m, s\u1ea3n ph\u1ea9m ch\u1ee9ng t\u1ecf s\u1ef1 ph\u1ed5 bi\u1ebfn v\u00e0 uy t\u00edn c\u1ee7a m\u00ecnh. Vang Chateau Dalat Selection Red\u00a0Wine \u0111\u00e3 g\u00f3p ph\u1ea7n l\u00e0m n\u00ean t\u00ean tu\u1ed5i c\u1ee7a \u0110\u00e0 L\u1ea1t l\u00e0 m\u1ed9t \u0111\u1ecba \u0111i\u1ec3m s\u1ea3n xu\u1ea5t r\u01b0\u1ee3u vang ch\u1ea5t l\u01b0\u1ee3ng v\u00e0 \u0111\u01b0\u1ee3c y\u00eau th\u00edch tr\u00ean to\u00e0n c\u1ea7u.<\/p>\n<p><strong>T\u00ean s\u1ea3n ph\u1ea9m: Vang Chateau Dalat Selection Red\u00a0Wine<\/strong><strong>\u00a0750ml<\/strong><br \/>\n\ud83c\udf47 \u0110\u1ed9 c\u1ed3n: 12% ABV<br \/>\n\ud83c\udf47 Th\u1ec3 t\u00edch: Chai 750ml<br \/>\n\ud83c\udf47 Quy c\u00e1ch \u0111\u00f3ng g\u00f3i:\u00a06 chai\/th\u00f9ng<br \/>\n\ud83c\udf47 Th\u00e0nh ph\u1ea7n: Tr\u00e1i nho Merlot, Cabernet Sauvignon v\u00e0 Shiraz<\/p>","protected":false},"excerpt":{"rendered":"<p>\ud83c\udf77 Chateau Dalat Selection Red Wine l\u00ean men v\u00e0 ph\u1ed1i tr\u1ed9n t\u1eeb c\u00e1c gi\u1ed1ng nho ch\u00ednh: Merlot, Cabernet Sauvignon v\u00e0<\/p>","protected":false},"featured_media":14798,"comment_status":"open","ping_status":"closed","template":"","meta":{"_acf_changed":false},"product_cat":[325,326,328,366,398],"product_tag":[],"class_list":{"0":"post-14793","1":"product","2":"type-product","3":"status-publish","4":"has-post-thumbnail","6":"product_cat-san-pham-do-uong","7":"product_cat-do-uong-co-con","8":"product_cat-do-uong-co-con-khac","9":"product_cat-hang-cnnt-cap-qg","10":"product_cat-san-pham-cnnt-tb-cap-qg-2021","12":"first","13":"instock","14":"shipping-taxable","15":"purchasable","16":"product-type-simple"},"acf":[],"_links":{"self":[{"href":"https:\/\/b2c.fairs.vn\/en\/wp-json\/wp\/v2\/product\/14793","targetHints":{"allow":["GET"]}}],"collection":[{"href":"https:\/\/b2c.fairs.vn\/en\/wp-json\/wp\/v2\/product"}],"about":[{"href":"https:\/\/b2c.fairs.vn\/en\/wp-json\/wp\/v2\/types\/product"}],"replies":[{"embeddable":true,"href":"https:\/\/b2c.fairs.vn\/en\/wp-json\/wp\/v2\/comments?post=14793"}],"version-history":[{"count":0,"href":"https:\/\/b2c.fairs.vn\/en\/wp-json\/wp\/v2\/product\/14793\/revisions"}],"wp:featuredmedia":[{"embeddable":true,"href":"https:\/\/b2c.fairs.vn\/en\/wp-json\/wp\/v2\/media\/14798"}],"wp:attachment":[{"href":"https:\/\/b2c.fairs.vn\/en\/wp-json\/wp\/v2\/media?parent=14793"}],"wp:term":[{"taxonomy":"product_cat","embeddable":true,"href":"https:\/\/b2c.fairs.vn\/en\/wp-json\/wp\/v2\/product_cat?post=14793"},{"taxonomy":"product_tag","embeddable":true,"href":"https:\/\/b2c.fairs.vn\/en\/wp-json\/wp\/v2\/product_tag?post=14793"}],"curies":[{"name":"wp","href":"https:\/\/api.w.org\/{rel}","templated":true}]}}