{"id":14782,"date":"2024-04-02T16:21:58","date_gmt":"2024-04-02T09:21:58","guid":{"rendered":"https:\/\/b2c.fairs.vn\/?post_type=product&#038;p=14782"},"modified":"2024-04-03T09:18:47","modified_gmt":"2024-04-03T02:18:47","slug":"bo-do-tho-vang-kim","status":"publish","type":"product","link":"https:\/\/b2c.fairs.vn\/en\/product\/bo-do-tho-vang-kim\/","title":{"rendered":"B\u1ed8 \u0110\u1ed2 TH\u1edc V\u00c0NG KIM"},"content":{"rendered":"<p>Trong t\u00edn ng\u01b0\u1ee1ng t\u1eeb x\u01b0a \u0111\u1ebfn nay, ng\u01b0\u1eddi Vi\u1ec7t lu\u00f4n tin r\u1eb1ng t\u1ed5 ti\u00ean, \u00f4ng b\u00e0, nh\u1eefng ng\u01b0\u1eddi \u0111\u00e3 khu\u1ea5t trong gia \u0111\u00ecnh s\u1ebd lu\u00f4n d\u00f5i theo v\u00e0 ph\u00f9 h\u1ed9 cho con ch\u00e1u. V\u00ec v\u1eady, phong t\u1ee5c th\u1edd c\u00fang lu\u00f4n ch\u00fa tr\u1ecdng c\u1ea9n th\u1ea9n v\u00e0 t\u1ec9 m\u1ec9 ngay t\u1eeb nh\u1eefng b\u01b0\u1edbc nh\u1ecf nh\u1ea5t. Vi\u1ec7c ch\u1ecdn m\u1ed9t b\u1ed9 \u0111\u1ed3 th\u1edd ph\u00f9 h\u1ee3p t\u1eeb k\u00edch th\u01b0\u1edbc \u0111\u1ebfn hoa v\u0103n h\u1ecda ti\u1ebft c\u0169ng nh\u01b0 phong t\u1ee5c v\u00f9ng mi\u1ec1n l\u00e0 c\u00e1ch m\u00e0 m\u1ed7i ng\u01b0\u1eddi con Vi\u1ec7t t\u1ecf l\u00f2ng th\u00e0nh k\u00ednh, trang nghi\u00eam \u0111\u1ebfn Th\u1ea7n Ph\u1eadt v\u00e0 gia ti\u00ean.<\/p>\n<p><strong>B\u1ed9 \u0111\u1ed3 th\u1edd v\u1ebd v\u00e0ng kim<\/strong>\u00a0\u0111\u01b0\u1ee3c c\u00e1c ngh\u1ec7 nh\u00e2n l\u00e0ng g\u1ed1m Chu \u0110\u1eadu \u00e1p d\u1ee5ng k\u0129 n\u0103ng ch\u1ebf t\u00e1c \u0111i\u00eau luy\u1ec7n \u0111\u00e3 \u0111\u01b0\u1ee3c \u0111\u00fac k\u1ebft t\u1eeb ng\u00e0n \u0111\u1eddi. T\u1eeb k\u0129 thu\u1eadt ch\u1ebf t\u1ea1o men t\u1eeb v\u1ecf tr\u1ea5u cho \u0111\u1ebfn k\u0129 thu\u1eadt v\u1ebd v\u00e0ng tinh t\u1ebf \u0111\u1ebfn t\u1eebng chi ti\u1ebft.<\/p>\n<p>T\u1ed5ng th\u1ec3 b\u1ed9 \u0111\u1ed3 th\u1edd g\u1ed1m Chu \u0110\u1eadu v\u1ebd v\u00e0ng kim\u00a0s\u1ebd mang \u0111\u1ebfn cho kh\u00f4ng gian ph\u00f2ng th\u1edd c\u1ee7a gia \u0111\u00ecnh ng\u01b0\u1eddi Vi\u1ec7t v\u1ebb \u0111\u1eb9p t\u00f4n k\u00ednh, l\u00e0 s\u1ef1 t\u00f4n tr\u1ecdng, t\u01b0\u1edfng nh\u1edb t\u1edbi ng\u01b0\u1eddi \u0111\u00e3 khu\u1ea5t<\/p>","protected":false},"excerpt":{"rendered":"<p>Trong t\u00edn ng\u01b0\u1ee1ng t\u1eeb x\u01b0a \u0111\u1ebfn nay, ng\u01b0\u1eddi Vi\u1ec7t lu\u00f4n tin r\u1eb1ng t\u1ed5 ti\u00ean, \u00f4ng b\u00e0, nh\u1eefng ng\u01b0\u1eddi \u0111\u00e3 khu\u1ea5t trong gia \u0111\u00ecnh s\u1ebd lu\u00f4n d\u00f5i theo v\u00e0 ph\u00f9 h\u1ed9 cho con ch\u00e1u. V\u00ec v\u1eady, phong t\u1ee5c th\u1edd c\u00fang lu\u00f4n ch\u00fa tr\u1ecdng c\u1ea9n th\u1ea9n v\u00e0 t\u1ec9 m\u1ec9 ngay t\u1eeb nh\u1eefng b\u01b0\u1edbc nh\u1ecf nh\u1ea5t. Vi\u1ec7c ch\u1ecdn m\u1ed9t b\u1ed9 \u0111\u1ed3 th\u1edd ph\u00f9 h\u1ee3p t\u1eeb k\u00edch th\u01b0\u1edbc \u0111\u1ebfn hoa v\u0103n h\u1ecda ti\u1ebft c\u0169ng nh\u01b0 phong t\u1ee5c v\u00f9ng mi\u1ec1n l\u00e0 c\u00e1ch m\u00e0 m\u1ed7i ng\u01b0\u1eddi con Vi\u1ec7t t\u1ecf l\u00f2ng th\u00e0nh k\u00ednh, trang nghi\u00eam \u0111\u1ebfn Th\u1ea7n Ph\u1eadt v\u00e0 gia ti\u00ean.<\/p>\n<p><strong>B\u1ed9 \u0111\u1ed3 th\u1edd v\u1ebd v\u00e0ng kim<\/strong>\u00a0\u0111\u01b0\u1ee3c c\u00e1c ngh\u1ec7 nh\u00e2n l\u00e0ng g\u1ed1m Chu \u0110\u1eadu \u00e1p d\u1ee5ng k\u0129 n\u0103ng ch\u1ebf t\u00e1c \u0111i\u00eau luy\u1ec7n \u0111\u00e3 \u0111\u01b0\u1ee3c \u0111\u00fac k\u1ebft t\u1eeb ng\u00e0n \u0111\u1eddi. T\u1eeb k\u0129 thu\u1eadt ch\u1ebf t\u1ea1o men t\u1eeb v\u1ecf tr\u1ea5u cho \u0111\u1ebfn k\u0129 thu\u1eadt v\u1ebd v\u00e0ng tinh t\u1ebf \u0111\u1ebfn t\u1eebng chi ti\u1ebft.<\/p>\n<p>T\u1ed5ng th\u1ec3 b\u1ed9 \u0111\u1ed3 th\u1edd g\u1ed1m Chu \u0110\u1eadu v\u1ebd v\u00e0ng kim\u00a0s\u1ebd mang \u0111\u1ebfn cho kh\u00f4ng gian ph\u00f2ng th\u1edd c\u1ee7a gia \u0111\u00ecnh ng\u01b0\u1eddi Vi\u1ec7t v\u1ebb \u0111\u1eb9p t\u00f4n k\u00ednh, l\u00e0 s\u1ef1 t\u00f4n tr\u1ecdng, t\u01b0\u1edfng nh\u1edb t\u1edbi ng\u01b0\u1eddi \u0111\u00e3 khu\u1ea5t<\/p>","protected":false},"featured_media":15015,"comment_status":"open","ping_status":"closed","template":"","meta":{"_acf_changed":false},"product_cat":[395,366,447,336,337],"product_tag":[],"class_list":{"0":"post-14782","1":"product","2":"type-product","3":"status-publish","4":"has-post-thumbnail","6":"product_cat-gom-su-my-nghe","7":"product_cat-hang-cnnt-cap-qg","8":"product_cat-san-pham-cnnt-tb-cap-qg-2017","9":"product_cat-san-pham-thu-cong-my-nghe","10":"product_cat-thu-cong-my-nghe-gia-dung-trang-tri","12":"first","13":"instock","14":"shipping-taxable","15":"purchasable","16":"product-type-simple"},"acf":[],"_links":{"self":[{"href":"https:\/\/b2c.fairs.vn\/en\/wp-json\/wp\/v2\/product\/14782","targetHints":{"allow":["GET"]}}],"collection":[{"href":"https:\/\/b2c.fairs.vn\/en\/wp-json\/wp\/v2\/product"}],"about":[{"href":"https:\/\/b2c.fairs.vn\/en\/wp-json\/wp\/v2\/types\/product"}],"replies":[{"embeddable":true,"href":"https:\/\/b2c.fairs.vn\/en\/wp-json\/wp\/v2\/comments?post=14782"}],"version-history":[{"count":0,"href":"https:\/\/b2c.fairs.vn\/en\/wp-json\/wp\/v2\/product\/14782\/revisions"}],"wp:featuredmedia":[{"embeddable":true,"href":"https:\/\/b2c.fairs.vn\/en\/wp-json\/wp\/v2\/media\/15015"}],"wp:attachment":[{"href":"https:\/\/b2c.fairs.vn\/en\/wp-json\/wp\/v2\/media?parent=14782"}],"wp:term":[{"taxonomy":"product_cat","embeddable":true,"href":"https:\/\/b2c.fairs.vn\/en\/wp-json\/wp\/v2\/product_cat?post=14782"},{"taxonomy":"product_tag","embeddable":true,"href":"https:\/\/b2c.fairs.vn\/en\/wp-json\/wp\/v2\/product_tag?post=14782"}],"curies":[{"name":"wp","href":"https:\/\/api.w.org\/{rel}","templated":true}]}}