{"id":14766,"date":"2024-04-02T16:48:20","date_gmt":"2024-04-02T09:48:20","guid":{"rendered":"https:\/\/b2c.fairs.vn\/?post_type=product&#038;p=14766"},"modified":"2024-04-23T15:38:10","modified_gmt":"2024-04-23T08:38:10","slug":"ca-phe-mc","status":"publish","type":"product","link":"https:\/\/b2c.fairs.vn\/en\/product\/ca-phe-mc\/","title":{"rendered":"C\u00e0 ph\u00ea MC"},"content":{"rendered":"<p><strong>C\u00e0 ph\u00ea b\u1ed9t MC C\u1ed9ng \u0111\u1ed3ng (MC Community Ground Coffee)<\/strong><br \/>\n\u0110\u01b0\u1ee3c ch\u1ecdn l\u1ecdc t\u1eeb nh\u1eefng h\u1ea1t c\u00e0 ph\u00ea t\u1ed1t nh\u1ea5t c\u1ee7a v\u00f9ng \u0111\u1ea5t \u0111\u1ecf bazan &#8211; Ban M\u00ea Thu\u1eadt Vi\u1ec7t Nam. K\u1ebft h\u1ee3p v\u1edbi c\u00f4ng th\u1ee9c pha ch\u1ebf \u0111\u1eb7c bi\u1ec7t c\u00f9ng s\u1ef1 t\u01b0 v\u1ea5n v\u00e0 gi\u00e1m s\u00e1t c\u1ee7a c\u00e1c nh\u00e0 khoa h\u1ecdc. Metrang t\u1ea1o ra s\u1ea3n ph\u1ea9m &#8220;MC C\u1ed9ng \u0111\u1ed3ng&#8221; mang \u0111\u1ebfn cho c\u1ed9ng \u0111\u1ed3ng \u0111am m\u00ea c\u00e0 ph\u00ea nh\u1eefng ly c\u00e0 ph\u00ea th\u01a1m ngon. Gi\u00fap b\u1ea1n minh m\u1eabn, th\u00e0nh c\u00f4ng trong m\u1ecdi l\u0129nh v\u1ef1c.<\/p>\n<p><strong>Th\u00e0nh ph\u1ea7n<\/strong><strong>: <\/strong>C\u00e0 ph\u00ea Arabica, Robusta<br \/>\n<strong>H\u1ea1n s\u1eed d\u1ee5n<\/strong><strong>g:<\/strong> 24 th\u00e1ng<br \/>\n<strong>B\u1ea3o qu\u1ea3n: <\/strong>N\u01a1i tho\u00e1ng m\u00e1t, tr\u00e1nh \u00e1nh n\u1eafng tr\u1ef1c ti\u1ebfp<\/p>","protected":false},"excerpt":{"rendered":"<p>C\u00e0 ph\u00ea b\u1ed9t MC C\u1ed9ng \u0111\u1ed3ng (MC Community Ground Coffee) \u0110\u01b0\u1ee3c ch\u1ecdn l\u1ecdc t\u1eeb nh\u1eefng h\u1ea1t c\u00e0 ph\u00ea t\u1ed1t nh\u1ea5t<\/p>","protected":false},"featured_media":14784,"comment_status":"open","ping_status":"closed","template":"","meta":{"_acf_changed":false},"product_cat":[324,366,447,22],"product_tag":[],"class_list":{"0":"post-14766","1":"product","2":"type-product","3":"status-publish","4":"has-post-thumbnail","6":"product_cat-ca-phe-ca-cao","7":"product_cat-hang-cnnt-cap-qg","8":"product_cat-san-pham-cnnt-tb-cap-qg-2017","9":"product_cat-sanphamthucpham","11":"first","12":"instock","13":"shipping-taxable","14":"purchasable","15":"product-type-variable"},"acf":[],"_links":{"self":[{"href":"https:\/\/b2c.fairs.vn\/en\/wp-json\/wp\/v2\/product\/14766","targetHints":{"allow":["GET"]}}],"collection":[{"href":"https:\/\/b2c.fairs.vn\/en\/wp-json\/wp\/v2\/product"}],"about":[{"href":"https:\/\/b2c.fairs.vn\/en\/wp-json\/wp\/v2\/types\/product"}],"replies":[{"embeddable":true,"href":"https:\/\/b2c.fairs.vn\/en\/wp-json\/wp\/v2\/comments?post=14766"}],"version-history":[{"count":0,"href":"https:\/\/b2c.fairs.vn\/en\/wp-json\/wp\/v2\/product\/14766\/revisions"}],"wp:featuredmedia":[{"embeddable":true,"href":"https:\/\/b2c.fairs.vn\/en\/wp-json\/wp\/v2\/media\/14784"}],"wp:attachment":[{"href":"https:\/\/b2c.fairs.vn\/en\/wp-json\/wp\/v2\/media?parent=14766"}],"wp:term":[{"taxonomy":"product_cat","embeddable":true,"href":"https:\/\/b2c.fairs.vn\/en\/wp-json\/wp\/v2\/product_cat?post=14766"},{"taxonomy":"product_tag","embeddable":true,"href":"https:\/\/b2c.fairs.vn\/en\/wp-json\/wp\/v2\/product_tag?post=14766"}],"curies":[{"name":"wp","href":"https:\/\/api.w.org\/{rel}","templated":true}]}}