{"id":14753,"date":"2024-04-02T16:21:54","date_gmt":"2024-04-02T09:21:54","guid":{"rendered":"https:\/\/b2c.fairs.vn\/?post_type=product&#038;p=14753"},"modified":"2024-04-23T15:34:17","modified_gmt":"2024-04-23T08:34:17","slug":"chateau-dalat-signature-shiraz-750ml","status":"publish","type":"product","link":"https:\/\/b2c.fairs.vn\/en\/product\/chateau-dalat-signature-shiraz-750ml\/","title":{"rendered":"Chateau Dalat Signature Shiraz 750ML"},"content":{"rendered":"<p>\ud83c\udf77 Chateau Dalat Signature Shiraz 750ml l\u00e0 m\u1ed9t d\u00f2ng r\u01b0\u1ee3u vang phi\u00ean b\u1ea3n \u0111\u1eb7c bi\u1ec7t T\u1ebeT GI\u00c1P TH\u00ccN 2024, mang \u0111\u1ebfn h\u01b0\u01a1ng v\u1ecb ch\u00e1t \u0111\u1eadm v\u00e0 c\u00e2n b\u1eb1ng tuy\u1ec7t v\u1eddi, l\u00e0 s\u1ef1 l\u1ef1a ch\u1ecdn ho\u00e0n h\u1ea3o cho c\u00e1c m\u00f3n \u0103n t\u1eeb th\u1ecbt \u0111\u1ecf. S\u1ea3n ph\u1ea9m n\u00e0y ph\u1ee5c v\u1ee5 \u0111a d\u1ea1ng c\u00e1c \u0111\u1ed1i t\u01b0\u1ee3ng mu\u1ed1n tr\u1ea3i nghi\u1ec7m h\u01b0\u01a1ng v\u1ecb \u0111\u1ed9c \u0111\u00e1o.<\/p>\n<p>\ud83c\udf77 Chateau Dalat Signature Shiraz \u0111\u01b0\u1ee3c l\u00ean men 100% t\u1eeb nho Shiraz, \u0111\u01b0\u1ee3c l\u1ef1a ch\u1ecdn k\u1ef9 c\u00e0ng t\u1eeb nh\u1eefng tr\u00f9m nho \u0111\u1ea7u v\u1ee5 v\u00e0 t\u1eeb nh\u1eefng th\u00f9ng \u1ee7 vang nho ngon nh\u1ea5t. \u00a0Vang c\u00f3 m\u00e0u \u0111\u1ecf ruby s\u1eabm \u00e1nh t\u00edm sang tr\u1ecdng, h\u01b0\u01a1ng th\u01a1m n\u1ed3ng n\u00e0n c\u1ee7a d\u00e2u \u0111en, ti\u00eau \u0111en, ca cao. V\u1ecb vang \u0111\u1eadm \u0111\u00e0 tho\u1ea3ng m\u00f9i kho\u00e1ng ch\u1ea5t \u0111\u1eb7c tr\u01b0ng, \u0111\u1ed9 ch\u00e1t h\u00e0i h\u00f2a k\u00e9o d\u00e0i. Nh\u1eefng tr\u00e1i nho shiraz c\u0169ng l\u00e0 nh\u1eefng tr\u00e1i nho sinh tr\u01b0\u1edfng v\u00e0 ph\u00e1t tri\u1ec3n ph\u00f9 h\u1ee3p nh\u1ea5t v\u1edbi th\u1ed5 nh\u01b0\u1ee1ng Vi\u1ec7t Nam t\u1ea1o ra nh\u1eefng chai vang ngon nh\u1ea5t, mang \u0111\u1eadm \u0111\u1eb7c tr\u01b0ng c\u1ee7a gi\u1ed1ng nho. R\u1ea5t ph\u00f9 h\u1ee3p v\u1edbi c\u00e1c m\u00f3n \u0103n l\u00e0 th\u1ecbt \u0111\u1ecf, th\u1ecbt n\u01b0\u1edbng hay b\u1ecf l\u00f2, ho\u1eb7c gia v\u1ecb \u0111\u1eadm \u0111\u00e0. Ho\u1eb7c s\u1eed d\u1ee5ng nh\u01b0 m\u1ed9t qu\u00e0 t\u1eb7ng. N\u00ean th\u01b0\u1edfng th\u1ee9c \u1edf nhi\u1ec7t \u0111\u1ed9 16\u2103, c\u00f3 th\u1ec3 \u01b0\u1edbp l\u1ea1nh nh\u1eb9 v\u00e0o m\u00f9a h\u00e8.<\/p>\n<p>\ud83c\udf77 Chateau Dalat Signature Shiraz 750ml \u0111\u00e3 kh\u1eb3ng \u0111\u1ecbnh \u0111\u1eb3ng c\u1ea5p c\u1ee7a m\u00ecnh tr\u00ean th\u1ecb tr\u01b0\u1eddng qu\u1ed1c t\u1ebf v\u00e0 l\u00e0 l\u1ef1a ch\u1ecdn \u01b0a chu\u1ed9ng tr\u00ean kh\u1eafp qu\u1ed1c gia. V\u1edbi h\u00e0ng tri\u1ec7u chai \u0111\u01b0\u1ee3c ti\u00eau th\u1ee5 h\u00e0ng n\u0103m, s\u1ea3n ph\u1ea9m ch\u1ee9ng t\u1ecf s\u1ef1 ph\u1ed5 bi\u1ebfn v\u00e0 uy t\u00edn c\u1ee7a m\u00ecnh. Chateau Dalat Signature Shiraz \u0111\u00e3 g\u00f3p ph\u1ea7n l\u00e0m n\u00ean t\u00ean tu\u1ed5i c\u1ee7a \u0110\u00e0 L\u1ea1t l\u00e0 m\u1ed9t \u0111\u1ecba \u0111i\u1ec3m s\u1ea3n xu\u1ea5t r\u01b0\u1ee3u vang ch\u1ea5t l\u01b0\u1ee3ng v\u00e0 \u0111\u01b0\u1ee3c y\u00eau th\u00edch tr\u00ean to\u00e0n c\u1ea7u.<\/p>\n<p><strong>T\u00ean s\u1ea3n ph\u1ea9m: Chateau Dalat Signature <\/strong><strong>750ml<\/strong><br \/>\n\ud83c\udf47 \u0110\u1ed9 c\u1ed3n: 13% ABV<br \/>\n\ud83c\udf47 Th\u1ec3 t\u00edch: Chai 750ml<br \/>\n\ud83c\udf47 Quy c\u00e1ch \u0111\u00f3ng g\u00f3i:\u00a06 chai\/th\u00f9ng<br \/>\n\ud83c\udf47 Gi\u1ed1ng nho: 100% Shiraz<\/p>","protected":false},"excerpt":{"rendered":"<p>\ud83c\udf77 Chateau Dalat Signature Shiraz 750ml l\u00e0 m\u1ed9t d\u00f2ng r\u01b0\u1ee3u vang phi\u00ean b\u1ea3n \u0111\u1eb7c bi\u1ec7t T\u1ebeT GI\u00c1P TH\u00ccN 2024, mang<\/p>","protected":false},"featured_media":14757,"comment_status":"open","ping_status":"closed","template":"","meta":{"_acf_changed":false},"product_cat":[325,326,328,366,398],"product_tag":[],"class_list":{"0":"post-14753","1":"product","2":"type-product","3":"status-publish","4":"has-post-thumbnail","6":"product_cat-san-pham-do-uong","7":"product_cat-do-uong-co-con","8":"product_cat-do-uong-co-con-khac","9":"product_cat-hang-cnnt-cap-qg","10":"product_cat-san-pham-cnnt-tb-cap-qg-2021","12":"first","13":"instock","14":"shipping-taxable","15":"purchasable","16":"product-type-variable"},"acf":[],"_links":{"self":[{"href":"https:\/\/b2c.fairs.vn\/en\/wp-json\/wp\/v2\/product\/14753","targetHints":{"allow":["GET"]}}],"collection":[{"href":"https:\/\/b2c.fairs.vn\/en\/wp-json\/wp\/v2\/product"}],"about":[{"href":"https:\/\/b2c.fairs.vn\/en\/wp-json\/wp\/v2\/types\/product"}],"replies":[{"embeddable":true,"href":"https:\/\/b2c.fairs.vn\/en\/wp-json\/wp\/v2\/comments?post=14753"}],"version-history":[{"count":0,"href":"https:\/\/b2c.fairs.vn\/en\/wp-json\/wp\/v2\/product\/14753\/revisions"}],"wp:featuredmedia":[{"embeddable":true,"href":"https:\/\/b2c.fairs.vn\/en\/wp-json\/wp\/v2\/media\/14757"}],"wp:attachment":[{"href":"https:\/\/b2c.fairs.vn\/en\/wp-json\/wp\/v2\/media?parent=14753"}],"wp:term":[{"taxonomy":"product_cat","embeddable":true,"href":"https:\/\/b2c.fairs.vn\/en\/wp-json\/wp\/v2\/product_cat?post=14753"},{"taxonomy":"product_tag","embeddable":true,"href":"https:\/\/b2c.fairs.vn\/en\/wp-json\/wp\/v2\/product_tag?post=14753"}],"curies":[{"name":"wp","href":"https:\/\/api.w.org\/{rel}","templated":true}]}}