{"id":14711,"date":"2024-04-02T16:00:36","date_gmt":"2024-04-02T09:00:36","guid":{"rendered":"https:\/\/b2c.fairs.vn\/?post_type=product&#038;p=14711"},"modified":"2024-04-02T16:00:37","modified_gmt":"2024-04-02T09:00:37","slug":"nuoc-mam-cat-hai-50-do-dam","status":"publish","type":"product","link":"https:\/\/b2c.fairs.vn\/en\/product\/nuoc-mam-cat-hai-50-do-dam\/","title":{"rendered":"N\u01b0\u1edbc m\u1eafm C\u00e1t H\u1ea3i 50 \u0111\u1ed9 \u0111\u1ea1m"},"content":{"rendered":"<p>N\u01b0\u1edbc M\u1eafm C\u00e1t H\u1ea3i 50 \u0110\u1ed9 \u0110\u1ea1m \u0111\u01b0\u1ee3c ch\u1ebf bi\u1ebfn t\u1eeb c\u00e1 bi\u1ec3n v\u1edbi quy tr\u00ecnh c\u00f4ng ngh\u1ec7 c\u1ed5 truy\u1ec1n \u2018Ph\u00e2n gi\u1ea3i Protein th\u00e0nh Ax\u00edt amin b\u1eb1ng ph\u01b0\u01a1ng ph\u00e1p ch\u1ebf bi\u1ebfn l\u00ean h\u01b0\u01a1ng t\u1ef1 nhi\u00ean\u2019, kh\u00f4ng d\u00f9ng b\u1ea5t c\u1ee9 m\u1ed9t lo\u1ea1i ch\u1ea5t x\u00fac t\u00e1c n\u00e0o, v\u1edbi v\u1ecb \u0111\u1eb7c tr\u01b0ng ri\u00eang, \u0111\u00e2y s\u1ebd l\u00e0 l\u1ef1a ch\u1ecdn t\u1ed1t nh\u1ea5t v\u1eeba ch\u1ea5t l\u01b0\u1ee3ng v\u1eeba \u0111\u1ea3m b\u1ea3o \u0111\u1ed9 \u0111\u1ea1m cao gi\u00fap b\u1eefa \u0103n gia \u0111\u00ecnh th\u00eam m\u1eb7n m\u00e0 chu\u1ea9n v\u1ecb.<\/p>\n<p>N\u01b0\u1edbc M\u1eafm C\u00e1t H\u1ea3i \u0111\u01b0\u1ee3c ch\u1ebf bi\u1ebfn t\u1eeb c\u00e1c bi\u1ec3n v\u1edbi quy tr\u00ecnh c\u00f4ng ngh\u1ec7 c\u1ed5 truy\u1ec1n, kh\u00f4ng d\u00f9ng b\u1ea5t c\u1ee9 lo\u1ea1i ch\u1ea5t x\u00fac t\u00e1c n\u00e0o v\u1edbi m\u00f9i v\u1ecb \u0111\u1eb7c tr\u01b0ng ri\u00eang. Ch\u1ec9 ti\u00eau ch\u1ea5t l\u01b0\u1ee3ng: Gi\u00e1 tr\u1ecb dinh d\u01b0\u1ee1ng &gt; 1.250 kcal\/lit. H\u00e0m l\u01b0\u1ee3ng nit\u01a1 t\u1ed5ng s\u1ed1 (\u0111\u1ed9 \u0111\u1ea1m) &gt; 50g\/l\u00edt. H\u00e0m l\u01b0\u1ee3ng axit amin &gt; 45% so v\u1edbi h\u00e0m l\u01b0\u1ee3ng nit\u01a1 t\u1ed5ng s\u1ed1.<\/p>\n<p>Th\u00e0nh ph\u1ea7n: C\u00e1 bi\u1ec3n,mu\u1ed1i NaCl. H\u1ea1n s\u1eed d\u1ee5ng: 24 th\u00e1ng. Xu\u1ea5t x\u1ee9: Vi\u1ec7t Nam.<\/p>\n<p>H\u01b0\u1edbng d\u1eabn s\u1eed d\u1ee5ng: S\u1ea3n ph\u1ea9m \u0111\u01b0\u1ee3c s\u1eed d\u1ee5ng tr\u1ef1c ti\u1ebfp hay th\u00eam gia v\u1ecb l\u00e0m n\u01b0\u1edbc ch\u1ea5m khi \u0103n ho\u1eb7c khi l\u00e0m gia v\u1ecb ch\u1ebf bi\u1ebfn m\u00f3n \u0103n kh\u00e1c. D\u00f9ng tr\u1ef1c ti\u1ebfp v\u1edbi c\u01a1m, b\u00fan, m\u00ec,&#8230; D\u00f9ng ch\u1ebf bi\u1ebfn n\u01b0\u1edbc ch\u1ea5m cho c\u00e1c m\u00f3n lu\u1ed9c, chi\u00ean, rang, n\u01b0\u1edbng,&#8230; Ch\u1ebf bi\u1ebfn c\u00e1c m\u00f3n \u0103n, n\u00eam n\u1ebfm cho h\u01b0\u01a1ng v\u1ecb \u0111\u1eadm \u0111\u00e0. H\u01b0\u1edbng d\u1eabn b\u1ea3o qu\u1ea3n: \u1ede nhi\u1ec7t \u0111\u1ed9 th\u01b0\u1eddng, \u0111\u1ec3 n\u01a1i kh\u00f4 r\u00e1o, tho\u00e1ng m\u00e1t, s\u1ea1ch s\u1ebd, tr\u00e1nh \u00e1nh n\u1eafng tr\u1ef1c ti\u1ebfp.<\/p>","protected":false},"excerpt":{"rendered":"<p>N\u01b0\u1edbc M\u1eafm C\u00e1t H\u1ea3i 50 \u0110\u1ed9 \u0110\u1ea1m \u0111\u01b0\u1ee3c ch\u1ebf bi\u1ebfn t\u1eeb c\u00e1 bi\u1ec3n v\u1edbi quy tr\u00ecnh c\u00f4ng ngh\u1ec7 c\u1ed5 truy\u1ec1n<\/p>","protected":false},"featured_media":14716,"comment_status":"open","ping_status":"closed","template":"","meta":{"_acf_changed":false},"product_cat":[318,366,446,22,319],"product_tag":[],"class_list":{"0":"post-14711","1":"product","2":"type-product","3":"status-publish","4":"has-post-thumbnail","6":"product_cat-gia-vi","7":"product_cat-hang-cnnt-cap-qg","8":"product_cat-san-pham-cnnt-tb-cap-qg-2019","9":"product_cat-sanphamthucpham","10":"product_cat-tuong-nuoc-mam-gia-vi-dang-long-khac","12":"first","13":"instock","14":"shipping-taxable","15":"product-type-simple"},"acf":[],"_links":{"self":[{"href":"https:\/\/b2c.fairs.vn\/en\/wp-json\/wp\/v2\/product\/14711","targetHints":{"allow":["GET"]}}],"collection":[{"href":"https:\/\/b2c.fairs.vn\/en\/wp-json\/wp\/v2\/product"}],"about":[{"href":"https:\/\/b2c.fairs.vn\/en\/wp-json\/wp\/v2\/types\/product"}],"replies":[{"embeddable":true,"href":"https:\/\/b2c.fairs.vn\/en\/wp-json\/wp\/v2\/comments?post=14711"}],"version-history":[{"count":0,"href":"https:\/\/b2c.fairs.vn\/en\/wp-json\/wp\/v2\/product\/14711\/revisions"}],"wp:featuredmedia":[{"embeddable":true,"href":"https:\/\/b2c.fairs.vn\/en\/wp-json\/wp\/v2\/media\/14716"}],"wp:attachment":[{"href":"https:\/\/b2c.fairs.vn\/en\/wp-json\/wp\/v2\/media?parent=14711"}],"wp:term":[{"taxonomy":"product_cat","embeddable":true,"href":"https:\/\/b2c.fairs.vn\/en\/wp-json\/wp\/v2\/product_cat?post=14711"},{"taxonomy":"product_tag","embeddable":true,"href":"https:\/\/b2c.fairs.vn\/en\/wp-json\/wp\/v2\/product_tag?post=14711"}],"curies":[{"name":"wp","href":"https:\/\/api.w.org\/{rel}","templated":true}]}}