{"id":14704,"date":"2024-04-02T15:58:06","date_gmt":"2024-04-02T08:58:06","guid":{"rendered":"https:\/\/b2c.fairs.vn\/?post_type=product&#038;p=14704"},"modified":"2024-04-02T16:05:05","modified_gmt":"2024-04-02T09:05:05","slug":"bo-dung-cu-tap-the-duc-da-nang","status":"publish","type":"product","link":"https:\/\/b2c.fairs.vn\/en\/product\/bo-dung-cu-tap-the-duc-da-nang\/","title":{"rendered":"B\u1ed9 d\u1ee5ng c\u1ee5 t\u1eadp th\u1ec3 d\u1ee5c \u0111a n\u0103ng"},"content":{"rendered":"<ul>\n<li>Gh\u1ebf t\u1ea1 Home Gym \u0111a n\u0103ng v\u1edbi kh\u1ed1i t\u1ea1 100 kg c\u00f3 r\u00e0o k\u1ebdm xung quanh.<\/li>\n<li>T\u1eadp s\u00f4, \u0111\u1ea9y \u00e9p ng\u1ef1c, g\u1eadp \u0111\u00f9i v\u00e0 t\u1eadp tay tr\u01b0\u1edbc.<\/li>\n<li><strong>K\u00edch th\u01b0\u1edbc s\u1ea3n ph\u1ea9m:\u00a0<\/strong>D183 x R105 x C212 cm.<\/li>\n<li><strong>Tr\u1ecdng l\u01b0\u1ee3ng gi\u1edbi h\u1ea1n:<\/strong>\u00a0135 kg.<\/li>\n<li><strong>Ch\u1ee9ng nh\u1eadn:<\/strong>\u00a0EN 957-1 &amp; EN 957-4.<\/li>\n<li><strong>Tr\u1ecdng l\u01b0\u1ee3ng s\u1ea3n ph\u1ea9m:<\/strong>\u00a0NW: 177 kg\u00a0&#8211; GW: 187.9 kg<\/li>\n<li><strong>B\u1ea3o h\u00e0nh:<\/strong>\u00a01 n\u0103m.<\/li>\n<\/ul>","protected":false},"excerpt":{"rendered":"<p>Gh\u1ebf t\u1ea1 Home Gym \u0111a n\u0103ng v\u1edbi kh\u1ed1i t\u1ea1 100 kg c\u00f3 r\u00e0o k\u1ebdm xung quanh. T\u1eadp s\u00f4, \u0111\u1ea9y \u00e9p<\/p>","protected":false},"featured_media":14709,"comment_status":"open","ping_status":"closed","template":"","meta":{"_acf_changed":false},"product_cat":[366,447,348,392],"product_tag":[],"class_list":{"0":"post-14704","1":"product","2":"type-product","3":"status-publish","4":"has-post-thumbnail","6":"product_cat-hang-cnnt-cap-qg","7":"product_cat-san-pham-cnnt-tb-cap-qg-2017","8":"product_cat-thiet-bi-co-khi","9":"product_cat-thiet-bi-may-moc-khac","11":"first","12":"instock","13":"shipping-taxable","14":"purchasable","15":"product-type-simple"},"acf":[],"_links":{"self":[{"href":"https:\/\/b2c.fairs.vn\/en\/wp-json\/wp\/v2\/product\/14704","targetHints":{"allow":["GET"]}}],"collection":[{"href":"https:\/\/b2c.fairs.vn\/en\/wp-json\/wp\/v2\/product"}],"about":[{"href":"https:\/\/b2c.fairs.vn\/en\/wp-json\/wp\/v2\/types\/product"}],"replies":[{"embeddable":true,"href":"https:\/\/b2c.fairs.vn\/en\/wp-json\/wp\/v2\/comments?post=14704"}],"version-history":[{"count":0,"href":"https:\/\/b2c.fairs.vn\/en\/wp-json\/wp\/v2\/product\/14704\/revisions"}],"wp:featuredmedia":[{"embeddable":true,"href":"https:\/\/b2c.fairs.vn\/en\/wp-json\/wp\/v2\/media\/14709"}],"wp:attachment":[{"href":"https:\/\/b2c.fairs.vn\/en\/wp-json\/wp\/v2\/media?parent=14704"}],"wp:term":[{"taxonomy":"product_cat","embeddable":true,"href":"https:\/\/b2c.fairs.vn\/en\/wp-json\/wp\/v2\/product_cat?post=14704"},{"taxonomy":"product_tag","embeddable":true,"href":"https:\/\/b2c.fairs.vn\/en\/wp-json\/wp\/v2\/product_tag?post=14704"}],"curies":[{"name":"wp","href":"https:\/\/api.w.org\/{rel}","templated":true}]}}