{"id":14678,"date":"2024-04-02T15:47:29","date_gmt":"2024-04-02T08:47:29","guid":{"rendered":"https:\/\/b2c.fairs.vn\/?post_type=product&#038;p=14678"},"modified":"2024-04-03T11:52:04","modified_gmt":"2024-04-03T04:52:04","slug":"bo-do-tho-truyen-thong-set-10","status":"publish","type":"product","link":"https:\/\/b2c.fairs.vn\/en\/product\/bo-do-tho-truyen-thong-set-10\/","title":{"rendered":"B\u1ed8 \u0110\u1ed2 TH\u1edc TRUY\u1ec0N TH\u1ed0NG SET 10"},"content":{"rendered":"<p>Vi\u1ec7t Nam lu\u00f4n g\u00ecn gi\u1eef trong m\u00ecnh nh\u1eefng n\u00e9t v\u0103n h\u00f3a truy\u1ec1n th\u1ed1ng l\u00e0 b\u1ea3n s\u1eafc ngh\u00ecn n\u0103m v\u0103n hi\u1ebfn c\u1ee7a d\u00e2n t\u1ed9c. Phong t\u1ee5c th\u1edd c\u00fang th\u1ea7n Ph\u1eadt, gia ti\u00ean l\u00e0 n\u00e9t \u0111\u1eb9p ng\u00e0n \u0111\u1eddi m\u00e0 ng\u01b0\u1eddi Vi\u1ec7t v\u1eabn lu\u00f4n g\u00ecn gi\u1eef v\u00e0 duy tr\u00ec.<\/p>\n<p>V\u0103n h\u00f3a th\u1edd c\u00fang tr\u01b0\u1edbc h\u1ebft \u0111\u01b0\u1ee3c th\u1ec3 hi\u1ec7n t\u1eeb vi\u1ec7c l\u1ef1a ch\u1ecdn b\u1ed9 \u0111\u1ed3 th\u1edd. V\u1edbi mong mu\u1ed1n g\u00ecn gi\u1eef n\u00e9t \u0111\u1eb9p truy\u1ec1n th\u1ed1ng c\u1ee7a d\u00e2n t\u1ed9c, nh\u1eefng ng\u01b0\u1eddi ngh\u1ec7 nh\u00e2n l\u00e0ng G\u1ed1m Chu \u0110\u1eadu \u0111\u00e3 cho ra m\u1eaft<strong>\u00a0B\u1ed9 \u0111\u1ed3 th\u1edd truy\u1ec1n th\u1ed1ng &#8211; G\u1ed1m Chu \u0110\u1eadu.<\/strong><br \/>\nB\u1ed9 \u0111\u1ed3 th\u1edd 15 s\u1ea3n ph\u1ea9m bao g\u1ed3m: b\u00e1t h\u01b0\u01a1ng, b\u1ed9 \u0111\u1ec9nh h\u1ea1c, ch\u0129nh th\u1edd, l\u1ed9c b\u00ecnh, n\u1eadm r\u01b0\u1ee3u, ch\u00e9n th\u1edd, h\u1ea1c n\u1ebfn, \u0111\u00e8n d\u1ea7u, \u0111\u1ec9nh th\u1edd, m\u00e2m b\u1ed3ng, \u1ed1ng h\u01b0\u01a1ng, l\u01b0 h\u01b0\u01a1ng,b\u1ed9 ch\u00e9n th\u1edd, khay tr\u1ea7u cau,l\u1ecd hoa g\u1ed1m, \u0111\u01b0\u1ee3c ch\u1ebf t\u00e1c v\u00e0 thi\u1ebft k\u1ebf v\u00f4 c\u00f9ng c\u1ea9n th\u1eadn v\u00e0 t\u1ec9 m\u1ea9n t\u1eeb c\u00e1c ngh\u1ec7 nh\u00e2n. T\u1eeb kh\u00e2u ch\u1ecdn \u0111\u1ea5t, nh\u1eefng vi\u00ean \u0111\u1ea5t \u0111\u01b0\u1ee3c ch\u1ecdn l\u1ef1a k\u0129 c\u00e0ng t\u1eeb v\u00f9ng \u0111\u1ea5t Ch\u00ed Linh, sau \u0111\u00f3 \u0111\u01b0a v\u1ec1 l\u00e0ng qua nhi\u1ec1u c\u00f4ng \u0111o\u1ea1n nghi\u1ec1n, tr\u1ed9n, \u1ee7, \u0111\u00fac khu\u00f4n m\u1edbi mang \u0111\u1ebfn \u0111\u01b0\u1ee3c nh\u1eefng s\u1ea3n ph\u1ea9m g\u1ed1m men r\u1ea1n ch\u1ec9 ri\u00eang\u00a0<strong>g\u1ed1m Chu \u0110\u1eadu<\/strong>\u00a0m\u1edbi c\u00f3.<\/p>\n<p>Hoa v\u0103n, n\u00e9t v\u1ebd tr\u00ean t\u1eebng m\u1eabu \u0111\u1ed3 th\u1edd \u0111\u01b0\u1ee3c v\u1ebd th\u1ee7 c\u00f4ng, t\u1eebng n\u00e9t v\u1ebd l\u00e0 c\u1ea3 m\u1ed9t t\u00e2m h\u1ed3n mu\u1ed1n g\u00ecn gi\u1eef h\u1ed3n c\u1ed1t ng\u01b0\u1eddi Vi\u1ec7t.<\/p>","protected":false},"excerpt":{"rendered":"<p>Vi\u1ec7t Nam lu\u00f4n g\u00ecn gi\u1eef trong m\u00ecnh nh\u1eefng n\u00e9t v\u0103n h\u00f3a truy\u1ec1n th\u1ed1ng l\u00e0 b\u1ea3n s\u1eafc ngh\u00ecn n\u0103m v\u0103n hi\u1ebfn c\u1ee7a d\u00e2n t\u1ed9c. Phong t\u1ee5c th\u1edd c\u00fang th\u1ea7n Ph\u1eadt, gia ti\u00ean l\u00e0 n\u00e9t \u0111\u1eb9p ng\u00e0n \u0111\u1eddi m\u00e0 ng\u01b0\u1eddi Vi\u1ec7t v\u1eabn lu\u00f4n g\u00ecn gi\u1eef v\u00e0 duy tr\u00ec.<\/p>\n<p>V\u0103n h\u00f3a th\u1edd c\u00fang tr\u01b0\u1edbc h\u1ebft \u0111\u01b0\u1ee3c th\u1ec3 hi\u1ec7n t\u1eeb vi\u1ec7c l\u1ef1a ch\u1ecdn b\u1ed9 \u0111\u1ed3 th\u1edd. V\u1edbi mong mu\u1ed1n g\u00ecn gi\u1eef n\u00e9t \u0111\u1eb9p truy\u1ec1n th\u1ed1ng c\u1ee7a d\u00e2n t\u1ed9c, nh\u1eefng ng\u01b0\u1eddi ngh\u1ec7 nh\u00e2n l\u00e0ng G\u1ed1m Chu \u0110\u1eadu \u0111\u00e3 cho ra m\u1eaft<strong>\u00a0B\u1ed9 \u0111\u1ed3 th\u1edd truy\u1ec1n th\u1ed1ng &#8211; G\u1ed1m Chu \u0110\u1eadu.<\/strong><br \/>\nB\u1ed9 \u0111\u1ed3 th\u1edd 15 s\u1ea3n ph\u1ea9m bao g\u1ed3m: b\u00e1t h\u01b0\u01a1ng, b\u1ed9 \u0111\u1ec9nh h\u1ea1c, ch\u0129nh th\u1edd, l\u1ed9c b\u00ecnh, n\u1eadm r\u01b0\u1ee3u, ch\u00e9n th\u1edd, h\u1ea1c n\u1ebfn, \u0111\u00e8n d\u1ea7u, \u0111\u1ec9nh th\u1edd, m\u00e2m b\u1ed3ng, \u1ed1ng h\u01b0\u01a1ng, l\u01b0 h\u01b0\u01a1ng,b\u1ed9 ch\u00e9n th\u1edd, khay tr\u1ea7u cau,l\u1ecd hoa g\u1ed1m, \u0111\u01b0\u1ee3c ch\u1ebf t\u00e1c v\u00e0 thi\u1ebft k\u1ebf v\u00f4 c\u00f9ng c\u1ea9n th\u1eadn v\u00e0 t\u1ec9 m\u1ea9n t\u1eeb c\u00e1c ngh\u1ec7 nh\u00e2n. T\u1eeb kh\u00e2u ch\u1ecdn \u0111\u1ea5t, nh\u1eefng vi\u00ean \u0111\u1ea5t \u0111\u01b0\u1ee3c ch\u1ecdn l\u1ef1a k\u0129 c\u00e0ng t\u1eeb v\u00f9ng \u0111\u1ea5t Ch\u00ed Linh, sau \u0111\u00f3 \u0111\u01b0a v\u1ec1 l\u00e0ng qua nhi\u1ec1u c\u00f4ng \u0111o\u1ea1n nghi\u1ec1n, tr\u1ed9n, \u1ee7, \u0111\u00fac khu\u00f4n m\u1edbi mang \u0111\u1ebfn \u0111\u01b0\u1ee3c nh\u1eefng s\u1ea3n ph\u1ea9m g\u1ed1m men r\u1ea1n ch\u1ec9 ri\u00eang\u00a0<strong>g\u1ed1m Chu \u0110\u1eadu<\/strong>\u00a0m\u1edbi c\u00f3.<\/p>\n<p>Hoa v\u0103n, n\u00e9t v\u1ebd tr\u00ean t\u1eebng m\u1eabu \u0111\u1ed3 th\u1edd \u0111\u01b0\u1ee3c v\u1ebd th\u1ee7 c\u00f4ng, t\u1eebng n\u00e9t v\u1ebd l\u00e0 c\u1ea3 m\u1ed9t t\u00e2m h\u1ed3n mu\u1ed1n g\u00ecn gi\u1eef h\u1ed3n c\u1ed1t ng\u01b0\u1eddi Vi\u1ec7t.<\/p>","protected":false},"featured_media":15322,"comment_status":"open","ping_status":"closed","template":"","meta":{"_acf_changed":false},"product_cat":[395,366,447,336,337],"product_tag":[],"class_list":{"0":"post-14678","1":"product","2":"type-product","3":"status-publish","4":"has-post-thumbnail","6":"product_cat-gom-su-my-nghe","7":"product_cat-hang-cnnt-cap-qg","8":"product_cat-san-pham-cnnt-tb-cap-qg-2017","9":"product_cat-san-pham-thu-cong-my-nghe","10":"product_cat-thu-cong-my-nghe-gia-dung-trang-tri","12":"first","13":"instock","14":"shipping-taxable","15":"purchasable","16":"product-type-variable"},"acf":[],"_links":{"self":[{"href":"https:\/\/b2c.fairs.vn\/en\/wp-json\/wp\/v2\/product\/14678","targetHints":{"allow":["GET"]}}],"collection":[{"href":"https:\/\/b2c.fairs.vn\/en\/wp-json\/wp\/v2\/product"}],"about":[{"href":"https:\/\/b2c.fairs.vn\/en\/wp-json\/wp\/v2\/types\/product"}],"replies":[{"embeddable":true,"href":"https:\/\/b2c.fairs.vn\/en\/wp-json\/wp\/v2\/comments?post=14678"}],"version-history":[{"count":0,"href":"https:\/\/b2c.fairs.vn\/en\/wp-json\/wp\/v2\/product\/14678\/revisions"}],"wp:featuredmedia":[{"embeddable":true,"href":"https:\/\/b2c.fairs.vn\/en\/wp-json\/wp\/v2\/media\/15322"}],"wp:attachment":[{"href":"https:\/\/b2c.fairs.vn\/en\/wp-json\/wp\/v2\/media?parent=14678"}],"wp:term":[{"taxonomy":"product_cat","embeddable":true,"href":"https:\/\/b2c.fairs.vn\/en\/wp-json\/wp\/v2\/product_cat?post=14678"},{"taxonomy":"product_tag","embeddable":true,"href":"https:\/\/b2c.fairs.vn\/en\/wp-json\/wp\/v2\/product_tag?post=14678"}],"curies":[{"name":"wp","href":"https:\/\/api.w.org\/{rel}","templated":true}]}}