{"id":14673,"date":"2024-04-02T15:40:38","date_gmt":"2024-04-02T08:40:38","guid":{"rendered":"https:\/\/b2c.fairs.vn\/?post_type=product&#038;p=14673"},"modified":"2024-04-02T17:18:30","modified_gmt":"2024-04-02T10:18:30","slug":"loc-binh-mieng-luon-truyen-thong-gom-chu-dau","status":"publish","type":"product","link":"https:\/\/b2c.fairs.vn\/en\/product\/loc-binh-mieng-luon-truyen-thong-gom-chu-dau\/","title":{"rendered":"L\u1ed8C B\u00ccNH MI\u1ec6NG L\u01af\u1ee2N TRUY\u1ec0N TH\u1ed0NG G\u1ed0M CHU \u0110\u1eacU"},"content":{"rendered":"<p>L\u1ed9c B\u00ecnh g\u1ed1m Chu \u0110\u1eadu \u0111\u01b0\u1ee3c c\u00e1c ngh\u1ec7 nh\u00e2n m\u00f4 ph\u1ecfng theo d\u00e1ng c\u1ee7a l\u1ed9c b\u00ecnh c\u1ed5 v\u1edbi d\u00e1ng b\u00ecnh v\u01b0\u01a1n cao \u0111\u1ec3 h\u00fat v\u01b0\u1ee3ng kh\u00ed. Ng\u01b0\u1eddi Vi\u1ec7t x\u01b0a c\u00f3 tri\u1ebft l\u00fd \u0111\u1ec3 l\u1ed9c b\u00ecnh trong nh\u00e0 mang l\u1ea1i s\u1ef1 m\u1edbi m\u1ebb, may m\u1eafn, ph\u00e1t t\u00e0i ph\u00e1t l\u1ed9c, \u0111\u1ed3ng th\u1eddi l\u1ed9c b\u00ecnh c\u0169ng t\u01b0\u1ee3ng tr\u01b0ng cho s\u1ef1 b\u1ea3o qu\u1ea3n t\u00e0i s\u1ea3n cho gia ch\u1ee7.<img decoding=\"async\" class=\"lazied\" src=\"http:\/\/chudauceramic.vn\/uploaded\/san%20pham\/loc%20binh\/binh%20hoa%20doc%20binh%20gom%20chu%20dau-chudauceramic.vn-%201200-900.jpg\" alt=\"\" \/><\/p>\n<p><img decoding=\"async\" class=\"lazied\" src=\"https:\/\/bizweb.dktcdn.net\/100\/376\/052\/products\/2021-09-24-08-36-50-zs-pmax.jpg?v=1662432038157\" data-thumb=\"original\" \/><br \/>\n<em>L\u1ed9c b\u00ecnh mi\u1ec7ng l\u01b0\u1ee3n g\u1ed1m Chu \u0110\u1eadu v\u1ebd sen<\/em><\/p>\n<p>&nbsp;<\/p>\n<p dir=\"ltr\">L\u1ed9c b\u00ecnh g\u1ed1m Chu \u0110\u1eadu BRG \u0111\u01b0\u1ee3c ngh\u1ec7 nh\u00e2n t\u00e0i hoa g\u1ed1m Chu \u0110\u1eadu v\u1ebd th\u1ee7 c\u00f4ng d\u01b0\u1edbi men (men \u0111\u01b0\u1ee3c chi\u1ebft xu\u1ea5t t\u1eeb tro tr\u1ea5u th\u00f3c n\u1ebfp) v\u1edbi b\u1ed1 c\u1ee5c ch\u1eb7t ch\u1ebd, chia l\u00e0m 3 ph\u1ea7n:<\/p>\n<ul dir=\"ltr\">\n<li>Ph\u1ea7n c\u1ed5 b\u00ecnh l\u00e0 h\u00ecnh \u1ea3nh l\u00e1 chu\u1ed1i, l\u00e1 l\u00faa th\u1ec3 hi\u1ec7n cho n\u1ec1n v\u0103n minh l\u00faa n\u01b0\u1edbc c\u1ee7a ng\u01b0\u1eddi Vi\u1ec7t. S\u00e2u xa h\u01a1n \u0111\u00f3 l\u00e0 h\u00ecnh \u1ea3nh l\u00f4ng chim l\u1ea1c Vi\u1ec7t tr\u00ean m\u0169 Vua H\u00f9ng th\u1ec3 hi\u1ec7n cho \u0111\u1ed9c l\u1eadp, t\u1ef1 do c\u1ee7a d\u00e2n t\u1ed9c.<\/li>\n<li>Ph\u1ea7n th\u00e2n b\u00ecnh l\u00e0 phong c\u1ea3nh b\u1ed1n m\u00f9a: Xu\u00e2n &#8211; H\u1ea1 &#8211; Thu &#8211; \u0110\u00f4ng th\u1ec3 hi\u1ec7n cho n\u00e9t \u0111\u1eb7c tr\u01b0ng v\u0103n h\u00f3a, tri\u1ebft l\u00fd s\u00e2u xa c\u1ee7a ng\u01b0\u1eddi Vi\u1ec7t. \u0110\u1ed3ng th\u1eddi, l\u00e0 bi\u1ec3u t\u01b0\u1ee3ng c\u1ee7a b\u1ed1n m\u00f9a b\u00ecnh an, gia \u0111\u00ecnh h\u1ea1nh ph\u00fac.<\/li>\n<li>Ph\u1ea7n ch\u00e2n b\u00ecnh l\u00e0 h\u1ecda ti\u1ebft c\u00e1nh Sen c\u00e1ch \u0111i\u1ec7u th\u1ec3 hi\u1ec7n t\u00edn ng\u01b0\u1ee1ng, v\u0103n h\u00f3a Vi\u1ec7t l\u1ea5y \u0111\u1ea1o ph\u1eadt, \u0111\u1ea1o nh\u00e0 l\u00e0m g\u1ed1c.<\/li>\n<\/ul>\n<p dir=\"ltr\">L\u1ed9c b\u00ecnh c\u00f3 c\u00e1c k\u00edch c\u1ee1 chi\u1ec1u cao \u0111a d\u1ea1ng t\u1eeb 27- 215 cm. V\u1edbi nh\u1eefng s\u1ea3n ph\u1ea9m c\u00f3 k\u00edch th\u01b0\u1edbc l\u1edbn c\u00f3 th\u1ec3 b\u00e0y t\u1ea1i \u0111\u1ea1i s\u1ea3nh c\u1ee7a c\u00e1c c\u00f4ng ty, b\u00e0y trong ph\u00f2ng th\u1edd ho\u1eb7c ph\u00f2ng l\u00e0m vi\u1ec7c. K\u00edch th\u01b0\u1edbc nh\u1ecf h\u01a1n s\u1ebd th\u00edch h\u1ee3p cho trang tr\u00ed ph\u00f2ng kh\u00e1ch, ph\u00f2ng ng\u1ee7, b\u00e0n l\u00e0m vi\u1ec7c, t\u1ee7 s\u00e1ch v\u00e0 c\u00f3 th\u1ec3 s\u1eed d\u1ee5ng c\u1eafm hoa \u0111\u00e0o ng\u00e0y t\u1ebft&#8230; t\u00f9y theo th\u1ea9m m\u1ef9 v\u00e0 s\u1ef1 s\u00e1ng t\u1ea1o c\u1ee7a kh\u00e1ch h\u00e0ng.<\/p>\n<p dir=\"ltr\"><img decoding=\"async\" class=\"lazied\" src=\"http:\/\/chudauceramic.vn\/uploaded\/san%20pham\/loc%20binh\/loc%20binh%20vang%20kim%201%20(1).jpg\" alt=\"\" \/><img decoding=\"async\" class=\"lazied\" src=\"https:\/\/bizweb.dktcdn.net\/100\/376\/052\/products\/doc-binh-vk.jpg?v=1621841404953\" data-thumb=\"original\" \/><\/p>","protected":false},"excerpt":{"rendered":"<p>L\u1ed9c B\u00ecnh g\u1ed1m Chu \u0110\u1eadu \u0111\u01b0\u1ee3c c\u00e1c ngh\u1ec7 nh\u00e2n m\u00f4 ph\u1ecfng theo d\u00e1ng c\u1ee7a l\u1ed9c b\u00ecnh c\u1ed5 v\u1edbi d\u00e1ng b\u00ecnh v\u01b0\u01a1n cao \u0111\u1ec3 h\u00fat v\u01b0\u1ee3ng kh\u00ed. Ng\u01b0\u1eddi Vi\u1ec7t x\u01b0a c\u00f3 tri\u1ebft l\u00fd \u0111\u1ec3 l\u1ed9c b\u00ecnh trong nh\u00e0 mang l\u1ea1i s\u1ef1 m\u1edbi m\u1ebb, may m\u1eafn, ph\u00e1t t\u00e0i ph\u00e1t l\u1ed9c, \u0111\u1ed3ng th\u1eddi l\u1ed9c b\u00ecnh c\u0169ng t\u01b0\u1ee3ng tr\u01b0ng cho s\u1ef1 b\u1ea3o qu\u1ea3n t\u00e0i s\u1ea3n cho gia ch\u1ee7.<img decoding=\"async\" class=\"lazied\" src=\"http:\/\/chudauceramic.vn\/uploaded\/san%20pham\/loc%20binh\/binh%20hoa%20doc%20binh%20gom%20chu%20dau-chudauceramic.vn-%201200-900.jpg\" alt=\"\" \/><\/p>\n<p><img decoding=\"async\" class=\"lazied\" src=\"https:\/\/bizweb.dktcdn.net\/100\/376\/052\/products\/2021-09-24-08-36-50-zs-pmax.jpg?v=1662432038157\" data-thumb=\"original\" \/><br \/>\n<em>L\u1ed9c b\u00ecnh mi\u1ec7ng l\u01b0\u1ee3n g\u1ed1m Chu \u0110\u1eadu v\u1ebd sen<\/em><\/p>\n<p>&nbsp;<\/p>\n<p dir=\"ltr\">L\u1ed9c b\u00ecnh g\u1ed1m Chu \u0110\u1eadu BRG \u0111\u01b0\u1ee3c ngh\u1ec7 nh\u00e2n t\u00e0i hoa g\u1ed1m Chu \u0110\u1eadu v\u1ebd th\u1ee7 c\u00f4ng d\u01b0\u1edbi men (men \u0111\u01b0\u1ee3c chi\u1ebft xu\u1ea5t t\u1eeb tro tr\u1ea5u th\u00f3c n\u1ebfp) v\u1edbi b\u1ed1 c\u1ee5c ch\u1eb7t ch\u1ebd, chia l\u00e0m 3 ph\u1ea7n:<\/p>\n<ul dir=\"ltr\">\n<li>Ph\u1ea7n c\u1ed5 b\u00ecnh l\u00e0 h\u00ecnh \u1ea3nh l\u00e1 chu\u1ed1i, l\u00e1 l\u00faa th\u1ec3 hi\u1ec7n cho n\u1ec1n v\u0103n minh l\u00faa n\u01b0\u1edbc c\u1ee7a ng\u01b0\u1eddi Vi\u1ec7t. S\u00e2u xa h\u01a1n \u0111\u00f3 l\u00e0 h\u00ecnh \u1ea3nh l\u00f4ng chim l\u1ea1c Vi\u1ec7t tr\u00ean m\u0169 Vua H\u00f9ng th\u1ec3 hi\u1ec7n cho \u0111\u1ed9c l\u1eadp, t\u1ef1 do c\u1ee7a d\u00e2n t\u1ed9c.<\/li>\n<li>Ph\u1ea7n th\u00e2n b\u00ecnh l\u00e0 phong c\u1ea3nh b\u1ed1n m\u00f9a: Xu\u00e2n &#8211; H\u1ea1 &#8211; Thu &#8211; \u0110\u00f4ng th\u1ec3 hi\u1ec7n cho n\u00e9t \u0111\u1eb7c tr\u01b0ng v\u0103n h\u00f3a, tri\u1ebft l\u00fd s\u00e2u xa c\u1ee7a ng\u01b0\u1eddi Vi\u1ec7t. \u0110\u1ed3ng th\u1eddi, l\u00e0 bi\u1ec3u t\u01b0\u1ee3ng c\u1ee7a b\u1ed1n m\u00f9a b\u00ecnh an, gia \u0111\u00ecnh h\u1ea1nh ph\u00fac.<\/li>\n<li>Ph\u1ea7n ch\u00e2n b\u00ecnh l\u00e0 h\u1ecda ti\u1ebft c\u00e1nh Sen c\u00e1ch \u0111i\u1ec7u th\u1ec3 hi\u1ec7n t\u00edn ng\u01b0\u1ee1ng, v\u0103n h\u00f3a Vi\u1ec7t l\u1ea5y \u0111\u1ea1o ph\u1eadt, \u0111\u1ea1o nh\u00e0 l\u00e0m g\u1ed1c.<\/li>\n<\/ul>\n<p dir=\"ltr\">L\u1ed9c b\u00ecnh c\u00f3 c\u00e1c k\u00edch c\u1ee1 chi\u1ec1u cao \u0111a d\u1ea1ng t\u1eeb 27- 215 cm. V\u1edbi nh\u1eefng s\u1ea3n ph\u1ea9m c\u00f3 k\u00edch th\u01b0\u1edbc l\u1edbn c\u00f3 th\u1ec3 b\u00e0y t\u1ea1i \u0111\u1ea1i s\u1ea3nh c\u1ee7a c\u00e1c c\u00f4ng ty, b\u00e0y trong ph\u00f2ng th\u1edd ho\u1eb7c ph\u00f2ng l\u00e0m vi\u1ec7c. K\u00edch th\u01b0\u1edbc nh\u1ecf h\u01a1n s\u1ebd th\u00edch h\u1ee3p cho trang tr\u00ed ph\u00f2ng kh\u00e1ch, ph\u00f2ng ng\u1ee7, b\u00e0n l\u00e0m vi\u1ec7c, t\u1ee7 s\u00e1ch v\u00e0 c\u00f3 th\u1ec3 s\u1eed d\u1ee5ng c\u1eafm hoa \u0111\u00e0o ng\u00e0y t\u1ebft&#8230; t\u00f9y theo th\u1ea9m m\u1ef9 v\u00e0 s\u1ef1 s\u00e1ng t\u1ea1o c\u1ee7a kh\u00e1ch h\u00e0ng.<\/p>\n<p dir=\"ltr\"><img decoding=\"async\" class=\"lazied\" src=\"http:\/\/chudauceramic.vn\/uploaded\/san%20pham\/loc%20binh\/loc%20binh%20vang%20kim%201%20(1).jpg\" alt=\"\" \/><img decoding=\"async\" class=\"lazied\" src=\"https:\/\/bizweb.dktcdn.net\/100\/376\/052\/products\/doc-binh-vk.jpg?v=1621841404953\" data-thumb=\"original\" \/><\/p>","protected":false},"featured_media":14675,"comment_status":"open","ping_status":"closed","template":"","meta":{"_acf_changed":false},"product_cat":[395,366,447,336,337],"product_tag":[],"class_list":{"0":"post-14673","1":"product","2":"type-product","3":"status-publish","4":"has-post-thumbnail","6":"product_cat-gom-su-my-nghe","7":"product_cat-hang-cnnt-cap-qg","8":"product_cat-san-pham-cnnt-tb-cap-qg-2017","9":"product_cat-san-pham-thu-cong-my-nghe","10":"product_cat-thu-cong-my-nghe-gia-dung-trang-tri","12":"first","13":"instock","14":"shipping-taxable","15":"purchasable","16":"product-type-simple"},"acf":[],"_links":{"self":[{"href":"https:\/\/b2c.fairs.vn\/en\/wp-json\/wp\/v2\/product\/14673","targetHints":{"allow":["GET"]}}],"collection":[{"href":"https:\/\/b2c.fairs.vn\/en\/wp-json\/wp\/v2\/product"}],"about":[{"href":"https:\/\/b2c.fairs.vn\/en\/wp-json\/wp\/v2\/types\/product"}],"replies":[{"embeddable":true,"href":"https:\/\/b2c.fairs.vn\/en\/wp-json\/wp\/v2\/comments?post=14673"}],"version-history":[{"count":0,"href":"https:\/\/b2c.fairs.vn\/en\/wp-json\/wp\/v2\/product\/14673\/revisions"}],"wp:featuredmedia":[{"embeddable":true,"href":"https:\/\/b2c.fairs.vn\/en\/wp-json\/wp\/v2\/media\/14675"}],"wp:attachment":[{"href":"https:\/\/b2c.fairs.vn\/en\/wp-json\/wp\/v2\/media?parent=14673"}],"wp:term":[{"taxonomy":"product_cat","embeddable":true,"href":"https:\/\/b2c.fairs.vn\/en\/wp-json\/wp\/v2\/product_cat?post=14673"},{"taxonomy":"product_tag","embeddable":true,"href":"https:\/\/b2c.fairs.vn\/en\/wp-json\/wp\/v2\/product_tag?post=14673"}],"curies":[{"name":"wp","href":"https:\/\/api.w.org\/{rel}","templated":true}]}}