{"id":14669,"date":"2024-04-02T15:38:48","date_gmt":"2024-04-02T08:38:48","guid":{"rendered":"https:\/\/b2c.fairs.vn\/?post_type=product&#038;p=14669"},"modified":"2024-04-02T17:18:24","modified_gmt":"2024-04-02T10:18:24","slug":"bat-huong-dap-noi-gom-chu-dau","status":"publish","type":"product","link":"https:\/\/b2c.fairs.vn\/en\/product\/bat-huong-dap-noi-gom-chu-dau\/","title":{"rendered":"B\u00c1T H\u01af\u01a0NG \u0110\u1eaeP N\u1ed4I G\u1ed0M CHU \u0110\u1eacU"},"content":{"rendered":"<p>Th\u01b0\u01a1ng hi\u1ec7u: g\u1ed1m Chu \u0110\u1eadu<br \/>\nGhi ch\u00fa quan tr\u1ecdng:<br \/>\n&#8211; V\u00ec s\u1ea3n ph\u1ea9m l\u00e0 th\u1ee7 c\u00f4ng, k\u00edch th\u01b0\u1edbc tr\u00ean \u0111\u01b0\u1ee3c \u0111o b\u1eb1ng tay, k\u00edch th\u01b0\u1edbc c\u1ee7a m\u1eb7t h\u00e0ng th\u1ef1c t\u1ebf b\u1ea1n nh\u1eadn \u0111\u01b0\u1ee3c c\u00f3 th\u1ec3 h\u01a1i kh\u00e1c so v\u1edbi k\u00edch th\u01b0\u1edbc \u1edf tr\u00ean.<br \/>\n&#8211; Do hi\u1ec7u \u1ee9ng \u00e1nh s\u00e1ng, m\u00e0n h\u00ecnh c\u1ee7a \u0111\u1ed9 s\u00e1ng \/ \u0111\u1ed9 t\u01b0\u01a1ng ph\u1ea3n c\u00e0i \u0111\u1eb7t vv, c\u00f3 th\u1ec3 c\u00f3 m\u1ed9t s\u1ed1 kh\u00e1c bi\u1ec7t nh\u1eb9 v\u1ec1 t\u00f4ng m\u00e0u c\u1ee7a \u1ea3nh v\u00e0 v\u1ecb tr\u00ed th\u1ef1c t\u1ebf.<\/p>\n<p>&#8220;C\u00f3 th\u1edd c\u00f3 thi\u00eang, c\u00f3 ki\u00eang c\u00f3 l\u00e0nh&#8221; l\u00e0 c\u00e2u n\u00f3i t\u1eeb bao \u0111\u1eddi nay \u00f4ng cha \u0111\u00e3 truy\u1ec1n l\u1ea1i.<br \/>\n<strong>B\u00e1t h\u01b0\u01a1ng \u0111\u1eafp n\u1ed5i g\u1ed1m Chu \u0110\u1eadu<\/strong>\u00a0\u0111\u01b0\u1ee3c l\u00e0m n\u00ean t\u1eeb \u0111\u00f4i b\u00e0n tay l\u00e0nh ngh\u1ec1 c\u1ee7a nh\u1eefng ngh\u1ec7 nh\u00e2n l\u00e0ng g\u1ed1m Chu \u0110\u1eadu.<\/p>\n<p><img decoding=\"async\" class=\"lazied\" src=\"https:\/\/bizweb.dktcdn.net\/100\/376\/052\/products\/2021-09-24-09-08-31-zs-pmax-fc9fc0c8-c301-40d8-a521-61fa4498a608.jpg?v=1698720299357\" data-thumb=\"original\" \/><\/p>\n<p><em>B\u00e1t h\u01b0\u01a1ng \u0111\u1eafp n\u1ed5i g\u1ed1m Chu \u0110\u1eadu<\/em><\/p>\n<p><strong>B\u00e1t h\u01b0\u01a1ng \u0111\u1eafp n\u1ed5i g\u1ed1m Chu \u0110\u1eadu<\/strong>\u00a0\u0111\u01b0\u1ee3c v\u1ebd th\u1ee7 c\u00f4ng d\u01b0\u1edbi men \u0111\u01b0\u1ee3c chia l\u00e0m hai ph\u1ea7n:<\/p>\n<p>Ph\u1ea7n th\u00e2n s\u1eed d\u1ee5ng h\u1ecda ti\u1ebft Song long ch\u1ea7u nguy\u1ec7t.<br \/>\nT\u1eeb ng\u00e0n x\u01b0a, R\u1ed3ng l\u00e0 h\u00ecnh \u1ea3nh t\u01b0\u1ee3ng tr\u01b0ng cho c\u00e1c v\u1ecb vua, cho quy\u1ec1n l\u1ef1c tuy\u1ec7t \u0111\u1ed1i gi\u00fap di\u1ec7t tr\u1eeb ma qu\u1ef7, h\u00f3a gi\u1ea3i s\u00e1t kh\u00ed gi\u00fap c\u00e1c gia \u0111\u00ecnh tr\u1ea5n tr\u1ea1ch, b\u00ecnh an mu\u00f4n \u0111\u1eddi. H\u1ecda ti\u1ebft R\u1ed3ng \u0111\u01b0\u1ee3c c\u00e1c ngh\u1ec7 nh\u00e2n g\u1ed1m Chu \u0110\u1eadu s\u1eed d\u1ee5ng h\u1ecda ti\u1ebft \u0111\u1eafp n\u1ed5i,\u00a0mang \u0111\u1ea7y phong th\u00e1i uy nghi, d\u00e1ng \u0111\u1ea7u r\u1eebng r\u1ef1c kh\u00ed th\u1ebf, d\u0169ng m\u00e3nh kh\u00f4ng \u0111\u1ec3 b\u1ea5t k\u00ec tr\u1edf ng\u1ea1i n\u00e0o c\u1ea3n tr\u1edf.<\/p>\n<p>Ph\u1ea7n \u0111\u1ebf b\u00e1t h\u01b0\u01a1ng s\u1eed d\u1ee5ng h\u1ecda ti\u1ebft ri\u00eang c\u00f3 c\u1ee7a\u00a0G\u1ed1m Chu \u0110\u1eadu\u00a0\u0111\u00f3 l\u00e0 h\u1ecda ti\u1ebft &#8220;Th\u1ee7y Ba&#8221;. T\u01b0\u01a1ng truy\u1ec1n, sau khi nh\u00e0 Tr\u1ea7n 3 l\u1ea7n \u0111\u1ea1i ph\u00e1 qu\u00e2n Nguy\u00ean, nh\u1eefng ngh\u1ec7 nh\u00e2n l\u00e0ng g\u1ed1m Chu \u0110\u1eadu \u0111\u00e3 th\u1ec3 hi\u1ec7n n\u00e9t v\u0103n h\u00f3a c\u1ee7a H\u00e0o kh\u00ed \u0110\u00f4ng A l\u00ean t\u1eebng s\u1ea3n ph\u1ea9m c\u1ee7a m\u00ecnh \u0111\u1ec3 th\u1ec3 hi\u1ec7n l\u00f2ng t\u00f4n k\u00ednh v\u1edbi \u0111\u1ea5t n\u01b0\u1edbc, v\u1edbi tri\u1ec1u \u0111\u1ea1i.<\/p>\n<p><img decoding=\"async\" class=\"lazied\" src=\"http:\/\/chudauceramic.vn\/uploaded\/san%20pham\/G%E1%BB%91m%20t%C3%A2m%20linh\/bat%20huong\/9002.jpg\" alt=\"\" \/><img decoding=\"async\" class=\"lazied\" src=\"https:\/\/bizweb.dktcdn.net\/100\/376\/052\/products\/bat-huong-ve-truyen-thong-website.jpg?v=1710476278797\" data-thumb=\"original\" \/><br \/>\n<em>B\u00e1t h\u01b0\u01a1ng v\u1ebd truy\u1ec1n th\u1ed1ng h\u1ecda ti\u1ebft r\u1ed3ng-g\u1ed1m Chu \u0110\u1eadu<\/em><\/p>\n<p><strong>G\u1ed1m Chu \u0110\u1eadu &#8211; tinh hoa v\u0103n h\u00f3a Vi\u1ec7t<\/strong>. M\u00e0u men tr\u1eafng ng\u00e0 hoa lam v\u00e0 ho\u1ea1t ti\u1ebft m\u00e0u lam \u0111\u01b0\u1ee3c c\u00e1c ngh\u1ec7 nh\u00e2n g\u00ecn gi\u1eef qua n\u0103m th\u00e1ng ch\u1ec9 v\u1edbi nh\u1eefng nguy\u00ean li\u1ec7u tro, tr\u1ea5u, v\u00f4i, \u0111\u1ea5t.<\/p>","protected":false},"excerpt":{"rendered":"<p>Th\u01b0\u01a1ng hi\u1ec7u: g\u1ed1m Chu \u0110\u1eadu<br \/>\nGhi ch\u00fa quan tr\u1ecdng:<br \/>\n&#8211; V\u00ec s\u1ea3n ph\u1ea9m l\u00e0 th\u1ee7 c\u00f4ng, k\u00edch th\u01b0\u1edbc tr\u00ean \u0111\u01b0\u1ee3c \u0111o b\u1eb1ng tay, k\u00edch th\u01b0\u1edbc c\u1ee7a m\u1eb7t h\u00e0ng th\u1ef1c t\u1ebf b\u1ea1n nh\u1eadn \u0111\u01b0\u1ee3c c\u00f3 th\u1ec3 h\u01a1i kh\u00e1c so v\u1edbi k\u00edch th\u01b0\u1edbc \u1edf tr\u00ean.<br \/>\n&#8211; Do hi\u1ec7u \u1ee9ng \u00e1nh s\u00e1ng, m\u00e0n h\u00ecnh c\u1ee7a \u0111\u1ed9 s\u00e1ng \/ \u0111\u1ed9 t\u01b0\u01a1ng ph\u1ea3n c\u00e0i \u0111\u1eb7t vv, c\u00f3 th\u1ec3 c\u00f3 m\u1ed9t s\u1ed1 kh\u00e1c bi\u1ec7t nh\u1eb9 v\u1ec1 t\u00f4ng m\u00e0u c\u1ee7a \u1ea3nh v\u00e0 v\u1ecb tr\u00ed th\u1ef1c t\u1ebf.<\/p>\n<p>&#8220;C\u00f3 th\u1edd c\u00f3 thi\u00eang, c\u00f3 ki\u00eang c\u00f3 l\u00e0nh&#8221; l\u00e0 c\u00e2u n\u00f3i t\u1eeb bao \u0111\u1eddi nay \u00f4ng cha \u0111\u00e3 truy\u1ec1n l\u1ea1i.<br \/>\n<strong>B\u00e1t h\u01b0\u01a1ng \u0111\u1eafp n\u1ed5i g\u1ed1m Chu \u0110\u1eadu<\/strong>\u00a0\u0111\u01b0\u1ee3c l\u00e0m n\u00ean t\u1eeb \u0111\u00f4i b\u00e0n tay l\u00e0nh ngh\u1ec1 c\u1ee7a nh\u1eefng ngh\u1ec7 nh\u00e2n l\u00e0ng g\u1ed1m Chu \u0110\u1eadu.<\/p>\n<p><img decoding=\"async\" class=\"lazied\" src=\"https:\/\/bizweb.dktcdn.net\/100\/376\/052\/products\/2021-09-24-09-08-31-zs-pmax-fc9fc0c8-c301-40d8-a521-61fa4498a608.jpg?v=1698720299357\" data-thumb=\"original\" \/><\/p>\n<p><em>B\u00e1t h\u01b0\u01a1ng \u0111\u1eafp n\u1ed5i g\u1ed1m Chu \u0110\u1eadu<\/em><\/p>\n<p><strong>B\u00e1t h\u01b0\u01a1ng \u0111\u1eafp n\u1ed5i g\u1ed1m Chu \u0110\u1eadu<\/strong>\u00a0\u0111\u01b0\u1ee3c v\u1ebd th\u1ee7 c\u00f4ng d\u01b0\u1edbi men \u0111\u01b0\u1ee3c chia l\u00e0m hai ph\u1ea7n:<\/p>\n<p>Ph\u1ea7n th\u00e2n s\u1eed d\u1ee5ng h\u1ecda ti\u1ebft Song long ch\u1ea7u nguy\u1ec7t.<br \/>\nT\u1eeb ng\u00e0n x\u01b0a, R\u1ed3ng l\u00e0 h\u00ecnh \u1ea3nh t\u01b0\u1ee3ng tr\u01b0ng cho c\u00e1c v\u1ecb vua, cho quy\u1ec1n l\u1ef1c tuy\u1ec7t \u0111\u1ed1i gi\u00fap di\u1ec7t tr\u1eeb ma qu\u1ef7, h\u00f3a gi\u1ea3i s\u00e1t kh\u00ed gi\u00fap c\u00e1c gia \u0111\u00ecnh tr\u1ea5n tr\u1ea1ch, b\u00ecnh an mu\u00f4n \u0111\u1eddi. H\u1ecda ti\u1ebft R\u1ed3ng \u0111\u01b0\u1ee3c c\u00e1c ngh\u1ec7 nh\u00e2n g\u1ed1m Chu \u0110\u1eadu s\u1eed d\u1ee5ng h\u1ecda ti\u1ebft \u0111\u1eafp n\u1ed5i,\u00a0mang \u0111\u1ea7y phong th\u00e1i uy nghi, d\u00e1ng \u0111\u1ea7u r\u1eebng r\u1ef1c kh\u00ed th\u1ebf, d\u0169ng m\u00e3nh kh\u00f4ng \u0111\u1ec3 b\u1ea5t k\u00ec tr\u1edf ng\u1ea1i n\u00e0o c\u1ea3n tr\u1edf.<\/p>\n<p>Ph\u1ea7n \u0111\u1ebf b\u00e1t h\u01b0\u01a1ng s\u1eed d\u1ee5ng h\u1ecda ti\u1ebft ri\u00eang c\u00f3 c\u1ee7a\u00a0G\u1ed1m Chu \u0110\u1eadu\u00a0\u0111\u00f3 l\u00e0 h\u1ecda ti\u1ebft &#8220;Th\u1ee7y Ba&#8221;. T\u01b0\u01a1ng truy\u1ec1n, sau khi nh\u00e0 Tr\u1ea7n 3 l\u1ea7n \u0111\u1ea1i ph\u00e1 qu\u00e2n Nguy\u00ean, nh\u1eefng ngh\u1ec7 nh\u00e2n l\u00e0ng g\u1ed1m Chu \u0110\u1eadu \u0111\u00e3 th\u1ec3 hi\u1ec7n n\u00e9t v\u0103n h\u00f3a c\u1ee7a H\u00e0o kh\u00ed \u0110\u00f4ng A l\u00ean t\u1eebng s\u1ea3n ph\u1ea9m c\u1ee7a m\u00ecnh \u0111\u1ec3 th\u1ec3 hi\u1ec7n l\u00f2ng t\u00f4n k\u00ednh v\u1edbi \u0111\u1ea5t n\u01b0\u1edbc, v\u1edbi tri\u1ec1u \u0111\u1ea1i.<\/p>\n<p><img decoding=\"async\" class=\"lazied\" src=\"http:\/\/chudauceramic.vn\/uploaded\/san%20pham\/G%E1%BB%91m%20t%C3%A2m%20linh\/bat%20huong\/9002.jpg\" alt=\"\" \/><img decoding=\"async\" class=\"lazied\" src=\"https:\/\/bizweb.dktcdn.net\/100\/376\/052\/products\/bat-huong-ve-truyen-thong-website.jpg?v=1710476278797\" data-thumb=\"original\" \/><br \/>\n<em>B\u00e1t h\u01b0\u01a1ng v\u1ebd truy\u1ec1n th\u1ed1ng h\u1ecda ti\u1ebft r\u1ed3ng-g\u1ed1m Chu \u0110\u1eadu<\/em><\/p>\n<p><strong>G\u1ed1m Chu \u0110\u1eadu &#8211; tinh hoa v\u0103n h\u00f3a Vi\u1ec7t<\/strong>. M\u00e0u men tr\u1eafng ng\u00e0 hoa lam v\u00e0 ho\u1ea1t ti\u1ebft m\u00e0u lam \u0111\u01b0\u1ee3c c\u00e1c ngh\u1ec7 nh\u00e2n g\u00ecn gi\u1eef qua n\u0103m th\u00e1ng ch\u1ec9 v\u1edbi nh\u1eefng nguy\u00ean li\u1ec7u tro, tr\u1ea5u, v\u00f4i, \u0111\u1ea5t.<\/p>","protected":false},"featured_media":14670,"comment_status":"open","ping_status":"closed","template":"","meta":{"_acf_changed":false},"product_cat":[395,366,447,336,337],"product_tag":[],"class_list":{"0":"post-14669","1":"product","2":"type-product","3":"status-publish","4":"has-post-thumbnail","6":"product_cat-gom-su-my-nghe","7":"product_cat-hang-cnnt-cap-qg","8":"product_cat-san-pham-cnnt-tb-cap-qg-2017","9":"product_cat-san-pham-thu-cong-my-nghe","10":"product_cat-thu-cong-my-nghe-gia-dung-trang-tri","12":"first","13":"instock","14":"shipping-taxable","15":"purchasable","16":"product-type-simple"},"acf":[],"_links":{"self":[{"href":"https:\/\/b2c.fairs.vn\/en\/wp-json\/wp\/v2\/product\/14669","targetHints":{"allow":["GET"]}}],"collection":[{"href":"https:\/\/b2c.fairs.vn\/en\/wp-json\/wp\/v2\/product"}],"about":[{"href":"https:\/\/b2c.fairs.vn\/en\/wp-json\/wp\/v2\/types\/product"}],"replies":[{"embeddable":true,"href":"https:\/\/b2c.fairs.vn\/en\/wp-json\/wp\/v2\/comments?post=14669"}],"version-history":[{"count":0,"href":"https:\/\/b2c.fairs.vn\/en\/wp-json\/wp\/v2\/product\/14669\/revisions"}],"wp:featuredmedia":[{"embeddable":true,"href":"https:\/\/b2c.fairs.vn\/en\/wp-json\/wp\/v2\/media\/14670"}],"wp:attachment":[{"href":"https:\/\/b2c.fairs.vn\/en\/wp-json\/wp\/v2\/media?parent=14669"}],"wp:term":[{"taxonomy":"product_cat","embeddable":true,"href":"https:\/\/b2c.fairs.vn\/en\/wp-json\/wp\/v2\/product_cat?post=14669"},{"taxonomy":"product_tag","embeddable":true,"href":"https:\/\/b2c.fairs.vn\/en\/wp-json\/wp\/v2\/product_tag?post=14669"}],"curies":[{"name":"wp","href":"https:\/\/api.w.org\/{rel}","templated":true}]}}