{"id":14668,"date":"2024-04-02T15:45:53","date_gmt":"2024-04-02T08:45:53","guid":{"rendered":"https:\/\/b2c.fairs.vn\/?post_type=product&#038;p=14668"},"modified":"2024-04-23T16:12:02","modified_gmt":"2024-04-23T09:12:02","slug":"vong-trang-suc-tram-huong","status":"publish","type":"product","link":"https:\/\/b2c.fairs.vn\/en\/product\/vong-trang-suc-tram-huong\/","title":{"rendered":"V\u00f2ng trang s\u1ee9c tr\u1ea7m h\u01b0\u01a1ng"},"content":{"rendered":"<p><em>&#8220;Kh\u00e1nh H\u00f2a l\u00e0 x\u1ee9 tr\u1ea7m h\u01b0\u01a1ng<\/em><\/p>\n<p><em>Non cao bi\u1ec3n r\u1ed9ng ng\u01b0\u1eddi th\u01b0\u01a1ng \u0111i v\u1ec1&#8221;<\/em><\/p>\n<p>Ninh H\u00f2a, v\u00f9ng \u0111\u1ea5t ven bi\u1ec3n Kh\u00e1nh H\u00f2a, n\u01a1i con \u0111\u00e8o C\u1ea3 s\u1eebng s\u1eefng \u00f4m tr\u1ecdn, l\u00e0 mi\u1ec1n \u0111\u1ea5t n\u1eafng gi\u00f3 \u1ea5m \u00e1p, n\u01a1i c\u00e2y D\u00f3 B\u1ea7u qu\u00fd hi\u1ebfm v\u00e0 \u0111\u1ed9c \u0111\u00e1o sinh s\u00f4i. Tr\u1ea7m h\u01b0\u01a1ng l\u00e0 s\u1ea3n v\u1eadt qu\u00fd gi\u00e1, \u0111\u01b0\u1ee3c h\u00ecnh th\u00e0nh t\u1eeb nh\u1eefng gi\u1ecdt nh\u1ef1a c\u00e2y D\u00f3 B\u1ea7u, qua h\u00e0ng tr\u0103m n\u0103m t\u00edch t\u1ee5, tr\u1ea3i qua bao bi\u1ebfn \u0111\u1ed5i c\u1ee7a th\u1eddi ti\u1ebft, kh\u00ed h\u1eadu, v\u00e0 s\u1ef1 t\u00e1c \u0111\u1ed9ng c\u1ee7a thi\u00ean nhi\u00ean. H\u01b0\u01a1ng th\u01a1m c\u1ee7a tr\u1ea7m h\u01b0\u01a1ng nh\u01b0 m\u1ed9t l\u1eddi th\u1ee7 th\u1ec9, t\u00e2m t\u00ecnh, mang theo h\u01a1i th\u1edf c\u1ee7a \u0111\u1ea5t tr\u1eddi, c\u1ee7a bi\u1ec3n c\u1ea3, c\u1ee7a nh\u1eefng con ng\u01b0\u1eddi n\u01a1i \u0111\u00e2y.<\/p>\n<p>Nh\u1eefng s\u1ea3n ph\u1ea9m t\u1eeb tr\u1ea7m h\u01b0\u01a1ng l\u00e0 ngh\u1ec7 thu\u1eadt, l\u00e0 s\u1ef1 ch\u0103m s\u00f3c k\u1ef9 l\u01b0\u1ee1ng, t\u00f4n tr\u1ecdng b\u1ea3n n\u0103ng c\u1ee7a c\u00e2y D\u00f3 B\u1ea7u v\u00e0 gi\u1eef g\u00ecn gi\u00e1 tr\u1ecb v\u0103n h\u00f3a. C\u00e1c s\u1ea3n ph\u1ea9m c\u1ee7a c\u00f4ng ty TNHH Tr\u1ea7m H\u01b0\u01a1ng Non N\u01b0\u1edbc Kh\u00e1nh H\u00f2a kh\u00f4ng ch\u1ec9 \u0111\u01a1n thu\u1ea7n l\u00e0 S\u1ea3n ph\u1ea9m \u0111\u1ea1t huy ch\u01b0\u01a1ng V\u00e0ng h\u00e0ng Vi\u1ec7t Nam ch\u1ea5t l\u01b0\u1ee3ng cao n\u0103m 2014, m\u00e0 c\u00f2n l\u00e0 bi\u1ec3u t\u01b0\u1ee3ng c\u1ee7a s\u1ef1 k\u1ebft h\u1ee3p h\u00e0i h\u00f2a gi\u1eefa thi\u00ean nhi\u00ean v\u00e0 con ng\u01b0\u1eddi, n\u01a1i nh\u1eefng s\u1ee3i h\u01b0\u01a1ng mang theo m\u1ed9t ch\u00fat h\u1ed3n qu\u00ea, k\u1ec3 m\u1ed9t c\u00e2u chuy\u1ec7n \u0111\u1eadm \u0111\u00e0 v\u1ec1 v\u0103n h\u00f3a v\u00e0 truy\u1ec1n th\u1ed1ng.<\/p>\n<p><strong>B\u1ed9 v\u00f2ng tay tr\u1ea7m h\u01b0\u01a1ng non n\u01b0\u1edbc Kh\u00e1nh H\u00f2a<\/strong>\u00a0t\u1eeb nh\u1eefng kh\u1ed1i g\u1ed7 tr\u1ea7m h\u01b0\u01a1ng nguy\u00ean ch\u1ea5t, c\u00f3 m\u00e0u \u0111en tuy\u1ec1n, v\u00e2n g\u1ed7 \u0111\u1eb9p m\u1eaft, l\u00e0 s\u1ea3n ph\u1ea9m th\u1ea9m m\u1ef9, mang nhi\u1ec1u \u00fd ngh\u0129a phong th\u1ee7y. S\u1ea3n ph\u1ea9m \u0111\u01b0\u1ee3c xem l\u00e0 bi\u1ec3u t\u01b0\u1ee3ng c\u1ee7a s\u1ef1 thanh t\u1ecbnh, mang trong m\u00ecnh n\u0103ng l\u01b0\u1ee3ng t\u00edch c\u1ef1c.<\/p>\n<p>Khi \u0111eo\u00a0<strong>b\u1ed9 v\u00f2ng tay tr\u1ea7m h\u01b0\u01a1ng non n\u01b0\u1edbc Kh\u00e1nh H\u00f2a<\/strong>, ng\u01b0\u1eddi \u0111eo s\u1ebd c\u1ea3m nh\u1eadn \u0111\u01b0\u1ee3c s\u1ef1 th\u01b0 th\u00e1i, t\u0129nh l\u1eb7ng, gi\u00fap c\u1ea3i thi\u1ec7n t\u00e2m tr\u1ea1ng v\u00e0 gi\u1ea3m c\u0103ng th\u1eb3ng. \u0110i\u1ec1u n\u00e0y s\u1ebd gi\u00fap ng\u01b0\u1eddi \u0111eo c\u00f3 m\u1ed9t tinh th\u1ea7n tho\u1ea3i m\u00e1i, d\u1ec5 ch\u1ecbu, t\u1eeb \u0111\u00f3 c\u1ea3i thi\u1ec7n kh\u00ed ch\u1ea5t v\u00e0 thu h\u00fat n\u0103ng l\u01b0\u1ee3ng t\u1ed1t, c\u1ea3m nh\u1eadn \u0111\u01b0\u1ee3c s\u1ef1 th\u01b0 th\u00e1i, t\u0129nh l\u1eb7ng, gi\u00fap c\u1ea3i thi\u1ec7n t\u00e2m tr\u1ea1ng v\u00e0 gi\u1ea3m c\u0103ng th\u1eb3ng h\u00e0ng ng\u00e0y. \u0110i\u1ec1u n\u00e0y c\u00f3 t\u00e1c d\u1ee5ng t\u00edch c\u1ef1c \u0111\u1ebfn s\u1ee9c kh\u1ecfe, mang l\u1ea1i m\u1ecdi s\u1ef1 b\u00ecnh an.<\/p>\n<p><strong>B\u1ed9 v\u00f2ng tay tr\u1ea7m h\u01b0\u01a1ng non n\u01b0\u1edbc Kh\u00e1nh H\u00f2a<\/strong>\u00a0kh\u00f4ng ch\u1ec9 l\u00e0 m\u1ed9t m\u00f3n qu\u00e0 trang s\u1ee9c t\u00e2m linh m\u00e0 c\u00f2n l\u00e0 ph\u1ee5 ki\u1ec7n th\u1eddi trang \u0111\u1ed9c \u0111\u00e1o v\u00e0 tinh t\u1ebf. V\u1edbi thi\u1ebft k\u1ebf tr\u01a1n tru v\u00e0 t\u1ec9 m\u1ec9 t\u1ea1o n\u00ean m\u1ed9t v\u1ebb \u0111\u1eb9p \u0111\u01a1n gi\u1ea3n nh\u01b0ng kh\u00f4ng k\u00e9m ph\u1ea7n sang tr\u1ecdng. S\u1ea3n ph\u1ea9m ph\u00f9 h\u1ee3p v\u1edbi m\u1ecdi l\u1ee9a tu\u1ed5i v\u00e0 phong c\u00e1ch, c\u00f3 th\u1ec3 \u0111\u01b0\u1ee3c \u0111eo trong m\u1ecdi ho\u00e0n c\u1ea3nh.<\/p>\n<p>&nbsp;<\/p>\n<p><em>*****<\/em><\/p>\n<p><em>C\u00f4ng ty TNHH Tr\u1ea7m H\u01b0\u01a1ng Non N\u01b0\u1edbc Kh\u00e1nh H\u00f2a<\/em><\/p>\n<p><em>Ng\u00e3 ba trong, Qu\u1ed1c l\u1ed9 1A, Ninh H\u00f2a, Kh\u00e1nh H\u00f2a<\/em><\/p>\n<p><em>02583 644 567 &#8211; 0979 126 118<\/em><\/p>\n<p><em>tramhuongbienquocdung@gmail.com<\/em><\/p>","protected":false},"excerpt":{"rendered":"<p>\u201c C\u00f4ng ty ch\u00fang t\u00f4i c\u00f3 cung c\u1ea5p nguy\u00ean li\u1ec7u cho c\u00e1c c\u01a1 s\u1edf s\u1ea3n xu\u1ea5t h\u01b0\u01a1ng. N\u1ebfu c\u00f3 nhu c\u1ea7u h\u00e3y li\u00ean h\u1ec7 v\u1edbi ch\u00fang t\u00f4i \u0111\u1ec3 \u0111\u01b0\u1ee3c t\u01b0 v\u1ea5n. \u201d<\/p>","protected":false},"featured_media":14674,"comment_status":"open","ping_status":"closed","template":"","meta":{"_acf_changed":false},"product_cat":[366,447,336,337,397],"product_tag":[],"class_list":{"0":"post-14668","1":"product","2":"type-product","3":"status-publish","4":"has-post-thumbnail","6":"product_cat-hang-cnnt-cap-qg","7":"product_cat-san-pham-cnnt-tb-cap-qg-2017","8":"product_cat-san-pham-thu-cong-my-nghe","9":"product_cat-thu-cong-my-nghe-gia-dung-trang-tri","10":"product_cat-thu-cong-my-nghe-khac","12":"first","13":"instock","14":"shipping-taxable","15":"product-type-variable"},"acf":[],"_links":{"self":[{"href":"https:\/\/b2c.fairs.vn\/en\/wp-json\/wp\/v2\/product\/14668","targetHints":{"allow":["GET"]}}],"collection":[{"href":"https:\/\/b2c.fairs.vn\/en\/wp-json\/wp\/v2\/product"}],"about":[{"href":"https:\/\/b2c.fairs.vn\/en\/wp-json\/wp\/v2\/types\/product"}],"replies":[{"embeddable":true,"href":"https:\/\/b2c.fairs.vn\/en\/wp-json\/wp\/v2\/comments?post=14668"}],"version-history":[{"count":0,"href":"https:\/\/b2c.fairs.vn\/en\/wp-json\/wp\/v2\/product\/14668\/revisions"}],"wp:featuredmedia":[{"embeddable":true,"href":"https:\/\/b2c.fairs.vn\/en\/wp-json\/wp\/v2\/media\/14674"}],"wp:attachment":[{"href":"https:\/\/b2c.fairs.vn\/en\/wp-json\/wp\/v2\/media?parent=14668"}],"wp:term":[{"taxonomy":"product_cat","embeddable":true,"href":"https:\/\/b2c.fairs.vn\/en\/wp-json\/wp\/v2\/product_cat?post=14668"},{"taxonomy":"product_tag","embeddable":true,"href":"https:\/\/b2c.fairs.vn\/en\/wp-json\/wp\/v2\/product_tag?post=14668"}],"curies":[{"name":"wp","href":"https:\/\/api.w.org\/{rel}","templated":true}]}}