{"id":14657,"date":"2024-04-02T15:59:37","date_gmt":"2024-04-02T08:59:37","guid":{"rendered":"https:\/\/b2c.fairs.vn\/?post_type=product&#038;p=14657"},"modified":"2024-04-04T09:46:20","modified_gmt":"2024-04-04T02:46:20","slug":"chau-poly-dan-da-hien-hoa-anh","status":"publish","type":"product","link":"https:\/\/b2c.fairs.vn\/en\/product\/chau-poly-dan-da-hien-hoa-anh\/","title":{"rendered":"Ch\u1eadu Poly d\u00e1n \u0111\u00e1 &#8211; HI\u00caN HOA ANH"},"content":{"rendered":"<p><strong>\u01afu \u0111i\u1ec3m c\u1ee7a Ch\u1eadu Poly d\u00e1n \u0111\u00e1<\/strong><\/p>\n<p><strong>\u0110a d\u1ea1ng v\u1ec1 m\u1eabu m\u00e3.<\/strong><\/p>\n<p>C\u00f3 \u0111\u1eb7c \u0111i\u1ec3m chung c\u1ee7a c\u00e1c lo\u1ea1i ch\u1eadu Poly d\u00e1n \u0111\u00e1 l\u00e0 c\u1ef1c k\u00ec \u0111a d\u1ea1ng v\u1ec1 h\u00ecnh d\u1ea1ng, tr\u00f2n, vu\u00f4ng, ch\u1eef nh\u1eadt h\u00ecnh thoi. Ch\u1eadu Poly d\u00e1n \u0111\u00e1 c\u00f3 th\u1ec3 c\u00f3 mu\u00f4n h\u00ecnh v\u1ea1n d\u1ea1ng, ch\u1ec9 ph\u1ee5 thu\u1ed9c v\u00e0o b\u00e0n tay kh\u00e9o l\u00e9o c\u1ee7a ng\u01b0\u1eddi th\u1ee3 l\u00e0m ra ch\u00fang.<\/p>\n<p><strong>Nh\u1eb9<\/strong><\/p>\n<p>Nh\u01b0 \u0111\u00e3 n\u00f3i \u1edf tr\u00ean, ch\u1eadu Poly d\u00e1n \u0111\u00e1 r\u1ea5t nh\u1eb9, b\u1edfi v\u1eady, n\u00f3 r\u1ea5t d\u1ec5 di chuy\u1ec3n. N\u1ebfu nh\u01b0 b\u1ea1n l\u00e0 ng\u01b0\u1eddi c\u00f3 s\u1edf th\u00edch thay \u0111\u1ed5i v\u1ecb tr\u00ed c\u1ee7a c\u00e1c ch\u1eadu c\u00e2y trong nh\u00e0.<\/p>\n<p><strong>Poly d\u00e1n \u0111\u00e1<\/strong><\/p>\n<p>Ch\u1eadu Poly d\u00e1n \u0111\u00e1 r\u1ea5t b\u1ec1n. Ch\u1ecbu \u0111\u01b0\u1ee3c va \u0111\u1eadp m\u1ea1nh th\u1eadm ch\u00ed l\u00e0 c\u1ea3 ng\u00e3 \u0111\u1ed5. Do \u0111\u00f3, b\u1ea1n s\u1ebd y\u00ean t\u00e2m h\u01a1n trong qu\u00e1 tr\u00ecnh v\u1eadn chuy\u1ec3n v\u00e0 s\u1eed d\u1ee5ng s\u1ea3n ph\u1ea9m. Ngo\u00e0i ra, n\u00f3 c\u0169ng gi\u00fap b\u1ea1n ti\u1ebft ki\u1ec7m chi ph\u00ed h\u01a1n v\u00ec t\u00ednh b\u1ec1n b\u1ec9 c\u1ee7a n\u00f3.<\/p>\n<p><strong>Kh\u00f4ng phai m\u00e0u<\/strong><\/p>\n<p>B\u1edfi \u0111\u01b0\u1ee3c pha tr\u1ed9n t\u1eeb nhi\u1ec1u lo\u1ea1i ch\u1ea5t li\u1ec7u kh\u00e1c nhau, ch\u1eadu Poly d\u00e1n \u0111\u00e1 r\u1ea5t hi\u1ebfm khi b\u1ecb phai m\u00e0u. Do \u0111\u00f3, d\u00f9 b\u1ea1n \u0111\u1ec3 ngo\u00e0i tr\u1eddi, ph\u01a1i n\u1eafng, ph\u01a1i m\u01b0a. Th\u00ec ch\u1eadu v\u1eabn gi\u1eef \u0111\u01b0\u1ee3c m\u00e0u nguy\u00ean v\u1eb9n nh\u01b0 thu\u1edf s\u01a1 khai c\u1ee7a n\u00f3. N\u1ebfu b\u1ea1n l\u00e0 ch\u1ee7 qu\u00e1n cafe mu\u1ed1n trang tr\u00ed cho qu\u00e1n m\u00ecnh v\u00e0i ch\u1eadu c\u00e2y c\u1ea3nh xinh xinh th\u00ec h\u00e3y t\u1edbi shop c\u1ee7a ch\u00fang t\u00f4i \u0111\u1ec3 s\u1eafm cho m\u00ecnh m\u1ed9t chi\u1ebfc ch\u1eadu Poly d\u00e1n \u0111\u00e1 nh\u00e9.<\/p>\n<p><strong>B\u1ec1 m\u1eb7t ch\u1eadu nh\u1eb5n.<\/strong><\/p>\n<p>N\u1ebfu b\u1ea1n n\u00e0o \u0111\u00e3 theo d\u00f5i chaucay.vn t\u1eeb l\u00e2u ch\u1eafc ch\u1eafn s\u1ebd gi\u1ea3i th\u00edch \u0111\u01b0\u1ee3c \u0111i\u1ec1u n\u00e0y. C\u00e1c ch\u1eadu th\u00f4ng th\u01b0\u01a1ng s\u1ebd b\u1ecb ph\u1ed3ng r\u1ed9p \u1edf b\u1ec1 m\u1eb7t. Nh\u01b0ng ch\u1eadu Poly d\u00e1n \u0111\u00e1 th\u00ec kh\u00f4ng. \u0110\u00f3 l\u00e0 b\u1edfi trong qu\u00e1 tr\u00ecnh gia c\u00f4ng, c\u00e1c th\u1ee3 l\u00e0m ch\u1eadu \u0111\u00e1 m\u00e0i nh\u1eb5n v\u00e0 qu\u00e9t l\u00ean m\u1ed9t l\u1edbp b\u1ea3o v\u1ec7. N\u00ean b\u1ec1 m\u1eb7t ch\u1eadu lu\u00f4n lu\u00f4n nh\u1eb5n b\u00f3ng. \u0110\u1ea1t \u0111\u01b0\u1ee3c t\u00ednh th\u1ea9m m\u0129 cao. Ngay c\u1ea3 nh\u1eefng ng\u01b0\u1eddi ch\u01a1i c\u00e2y c\u1ea3nh kh\u00f3 t\u00ednh nh\u1ea5t c\u0169ng ph\u1ea3i khen ng\u1ee3i ch\u1eadu Poly d\u00e1n \u0111\u00e1 b\u1edfi \u0111\u1eb7c t\u00ednh n\u00e0y.<\/p>\n<p><strong>\u0110\u1ed1i m\u1eb7t v\u1edbi th\u1eddi ti\u1ebft.<\/strong><\/p>\n<p>\u1ede Vi\u1ec7t Nam, ch\u00fang ta \u0111\u01b0\u1ee3c c\u00f3 4 m\u00f9a xu\u00e2n h\u1ea1 thu \u0111\u00f4ng. Trong \u0111\u00f3 m\u00f9a n\u00f3ng nh\u1ea5t l\u00e0 m\u00f9a h\u1ea1, nhi\u1ec7t \u0111\u1ed9 r\u1ea5t cao v\u00e0 \u0111\u1ed9 \u1ea9m r\u1ea5t th\u1ea5p. Nh\u01b0ng khi \u0111\u1ebfn m\u00f9a \u0111\u00f4ng th\u00ec ng\u01b0\u1ee3c l\u1ea1i nhi\u1ec7t \u0111\u1ed9 r\u1ea5t th\u1ea5p. Ch\u01b0a t\u00ednh m\u01b0a gi\u00f3 m\u1ed7i m\u00f9a. Ch\u1eadu c\u00e2y s\u1ebd ch\u1ecbu \u1ea3nh h\u01b0\u1edfng r\u1ea5t l\u1edbn t\u1eeb th\u1eddi ti\u1ebft. N\u1ebfu nh\u01b0 b\u1ea3o qu\u1ea3n kh\u00f4ng t\u1ed1t s\u1ebd l\u00e0m gi\u1ea3m tu\u1ed5i th\u1ecd c\u1ee7a ch\u1eadu. Nh\u01b0ng \u0111\u1ed1i v\u1edbi Poly d\u00e1n \u0111\u00e1 th\u00ec l\u1ea1i kh\u00e1c. B\u1ea1n s\u1ebd kh\u00f4ng c\u1ea7n lo l\u1eafng b\u1edfi \u0111i\u1ec1u \u0111\u00f3. Ch\u1eadu Poly d\u00e1n \u0111\u00e1 c\u00f3 s\u1ee9c ch\u1ed1ng ch\u1ecbu v\u1edbi c\u00e1c lo\u1ea1i th\u1eddi ti\u1ebft v\u00e0 ho\u00e0n c\u1ea3nh kh\u00e1c nhau, b\u1edfi v\u1eady, d\u00f9 cho th\u1eddi ti\u1ebft c\u00f3 nh\u01b0 n\u00e0o c\u0169ng kh\u00f4ng th\u1ec3 \u1ea3nh h\u01b0\u1edfng t\u1edbi tu\u1ed5i th\u1ecd ch\u1eadu.<\/p>","protected":false},"excerpt":{"rendered":"<p>\u01afu \u0111i\u1ec3m c\u1ee7a Ch\u1eadu Poly d\u00e1n \u0111\u00e1 \u0110a d\u1ea1ng v\u1ec1 m\u1eabu m\u00e3. C\u00f3 \u0111\u1eb7c \u0111i\u1ec3m chung c\u1ee7a c\u00e1c lo\u1ea1i ch\u1eadu<\/p>","protected":false},"featured_media":14710,"comment_status":"open","ping_status":"closed","template":"","meta":{"_acf_changed":false},"product_cat":[520,400,366,447],"product_tag":[],"class_list":{"0":"post-14657","1":"product","2":"type-product","3":"status-publish","4":"has-post-thumbnail","6":"product_cat-nha-cua-doi-song","7":"product_cat-noi-that","8":"product_cat-hang-cnnt-cap-qg","9":"product_cat-san-pham-cnnt-tb-cap-qg-2017","11":"first","12":"instock","13":"shipping-taxable","14":"product-type-variable"},"acf":[],"_links":{"self":[{"href":"https:\/\/b2c.fairs.vn\/en\/wp-json\/wp\/v2\/product\/14657","targetHints":{"allow":["GET"]}}],"collection":[{"href":"https:\/\/b2c.fairs.vn\/en\/wp-json\/wp\/v2\/product"}],"about":[{"href":"https:\/\/b2c.fairs.vn\/en\/wp-json\/wp\/v2\/types\/product"}],"replies":[{"embeddable":true,"href":"https:\/\/b2c.fairs.vn\/en\/wp-json\/wp\/v2\/comments?post=14657"}],"version-history":[{"count":0,"href":"https:\/\/b2c.fairs.vn\/en\/wp-json\/wp\/v2\/product\/14657\/revisions"}],"wp:featuredmedia":[{"embeddable":true,"href":"https:\/\/b2c.fairs.vn\/en\/wp-json\/wp\/v2\/media\/14710"}],"wp:attachment":[{"href":"https:\/\/b2c.fairs.vn\/en\/wp-json\/wp\/v2\/media?parent=14657"}],"wp:term":[{"taxonomy":"product_cat","embeddable":true,"href":"https:\/\/b2c.fairs.vn\/en\/wp-json\/wp\/v2\/product_cat?post=14657"},{"taxonomy":"product_tag","embeddable":true,"href":"https:\/\/b2c.fairs.vn\/en\/wp-json\/wp\/v2\/product_tag?post=14657"}],"curies":[{"name":"wp","href":"https:\/\/api.w.org\/{rel}","templated":true}]}}