{"id":14610,"date":"2024-04-02T15:08:51","date_gmt":"2024-04-02T08:08:51","guid":{"rendered":"https:\/\/b2c.fairs.vn\/?post_type=product&#038;p=14610"},"modified":"2024-04-02T15:08:52","modified_gmt":"2024-04-02T08:08:52","slug":"may-dam-dui","status":"publish","type":"product","link":"https:\/\/b2c.fairs.vn\/en\/product\/may-dam-dui\/","title":{"rendered":"M\u00e1y \u0111\u1ea7m d\u00f9i"},"content":{"rendered":"<p>\u0110\u1ed9ng c\u01a1 \u0111\u01b0\u1ee3c qu\u1ea5n 100% d\u00e2y \u0111i\u1ec7n t\u1eeb b\u1eb1ng \u0111\u1ed3ng.<\/p>\n<p>Ph\u1ee5 t\u00f9ng linh ki\u1ec7n \u0111\u01b0\u1ee3c gia c\u00f4ng s\u1ea3n xu\u1ea5t \u0111\u1ed3ng b\u1ed9<\/p>\n<p>\u0110\u1ed9ng c\u01a1 ch\u1ea1y \u00eam, sinh c\u00f4ng l\u1edbn, \u0111\u1ea1t hi\u1ec7u su\u1ea5t cao, tu\u1ed5i th\u1ecd \u0111\u1ed9ng c\u01a1 cao, ti\u1ebft ki\u1ec7m \u0111i\u1ec7n n\u0103ng.<\/p>\n<p>M\u00e1y c\u00f3 thi\u1ebft k\u1ebf nh\u1ecf g\u1ecdn, ch\u1eafc ch\u1eafn, ki\u1ec3u d\u00e1ng thi\u1ebft k\u1ebf th\u00f4ng minh.<\/p>\n<p>M\u00e1y \u0111\u1ea7m d\u00f9i b\u00ea t\u00f4ng TO\u00c0N PH\u00c1T c\u00f3 tr\u1ecdng l\u01b0\u1ee3ng kh\u00f4ng qu\u00e1 n\u1eb7ng n\u00ean di chuy\u1ec3n khi l\u00e0m vi\u1ec7c d\u1ec5 d\u00e0ng.<\/p>\n<p>M\u00e1y thi\u1ebft k\u1ebf c\u1ea5u t\u1ea1o \u0111\u01a1n gi\u1ea3n, l\u1eafp \u0111\u1eb7t d\u00e2y \u0111\u1ea7m d\u1ec5 d\u00e0ng.<\/p>\n<p>Th\u00e2n m\u00e1y \u0111\u1ea7m \u0111\u01b0\u1ee3c l\u00e0m b\u1eb1ng h\u1ee3p kim nh\u00f4m ch\u1eafc ch\u1eafn, ch\u1ecbu l\u1ef1c t\u1ed1t v\u00e0 ph\u1ee7 l\u1edbp s\u01a1n m\u00e0u nh\u0169 \u0111\u1ed3ng ch\u1ed1ng g\u1ec9 s\u00e9t gi\u00fap m\u00e1y b\u1ec1n h\u01a1n d\u00f9 ti\u1ebfp x\u00fac th\u01b0\u1eddng xuy\u00ean v\u1edbi m\u00f4i tr\u01b0\u1eddng \u1ea9m \u01b0\u1edbt.<\/p>\n<p>T\u1ea7n su\u1ea5t rung \u1ed5n \u0111\u1ecbnh, mang l\u1ea1i hi\u1ec7u qu\u1ea3 cao cho c\u00e1c c\u00f4ng tr\u00ecnh.<\/p>","protected":false},"excerpt":{"rendered":"<p>\u0110\u1ed9ng c\u01a1 \u0111\u01b0\u1ee3c qu\u1ea5n 100% d\u00e2y \u0111i\u1ec7n t\u1eeb b\u1eb1ng \u0111\u1ed3ng. Ph\u1ee5 t\u00f9ng linh ki\u1ec7n \u0111\u01b0\u1ee3c gia c\u00f4ng s\u1ea3n xu\u1ea5t \u0111\u1ed3ng<\/p>","protected":false},"featured_media":14622,"comment_status":"open","ping_status":"closed","template":"","meta":{"_acf_changed":false},"product_cat":[366,446,348,392],"product_tag":[],"class_list":{"0":"post-14610","1":"product","2":"type-product","3":"status-publish","4":"has-post-thumbnail","6":"product_cat-hang-cnnt-cap-qg","7":"product_cat-san-pham-cnnt-tb-cap-qg-2019","8":"product_cat-thiet-bi-co-khi","9":"product_cat-thiet-bi-may-moc-khac","11":"first","12":"instock","13":"shipping-taxable","14":"product-type-simple"},"acf":[],"_links":{"self":[{"href":"https:\/\/b2c.fairs.vn\/en\/wp-json\/wp\/v2\/product\/14610","targetHints":{"allow":["GET"]}}],"collection":[{"href":"https:\/\/b2c.fairs.vn\/en\/wp-json\/wp\/v2\/product"}],"about":[{"href":"https:\/\/b2c.fairs.vn\/en\/wp-json\/wp\/v2\/types\/product"}],"replies":[{"embeddable":true,"href":"https:\/\/b2c.fairs.vn\/en\/wp-json\/wp\/v2\/comments?post=14610"}],"version-history":[{"count":0,"href":"https:\/\/b2c.fairs.vn\/en\/wp-json\/wp\/v2\/product\/14610\/revisions"}],"wp:featuredmedia":[{"embeddable":true,"href":"https:\/\/b2c.fairs.vn\/en\/wp-json\/wp\/v2\/media\/14622"}],"wp:attachment":[{"href":"https:\/\/b2c.fairs.vn\/en\/wp-json\/wp\/v2\/media?parent=14610"}],"wp:term":[{"taxonomy":"product_cat","embeddable":true,"href":"https:\/\/b2c.fairs.vn\/en\/wp-json\/wp\/v2\/product_cat?post=14610"},{"taxonomy":"product_tag","embeddable":true,"href":"https:\/\/b2c.fairs.vn\/en\/wp-json\/wp\/v2\/product_tag?post=14610"}],"curies":[{"name":"wp","href":"https:\/\/api.w.org\/{rel}","templated":true}]}}