{"id":14599,"date":"2024-04-02T14:48:00","date_gmt":"2024-04-02T07:48:00","guid":{"rendered":"https:\/\/b2c.fairs.vn\/?post_type=product&#038;p=14599"},"modified":"2024-04-23T15:15:36","modified_gmt":"2024-04-23T08:15:36","slug":"ca-phe-che-phin-moc-cafe-nguyen-chat","status":"publish","type":"product","link":"https:\/\/b2c.fairs.vn\/en\/product\/ca-phe-che-phin-moc-cafe-nguyen-chat\/","title":{"rendered":"C\u00c0 PH\u00ca CH\u1ebe PHIN M\u1ed8C CAFE NGUY\u00caN CH\u1ea4T"},"content":{"rendered":"<div class=\"product-info__title\" data-v-a0cb31da=\"\">M\u00f4 t\u1ea3 chi ti\u1ebft<\/div>\n<div class=\"product-info__content\" data-v-a0cb31da=\"\">\n<p>C\u00e0 ph\u00ea \u0110\u0103k H\u00e0 &#8211; c\u00e0 ph\u00ea s\u1ea1ch, c\u00e0 ph\u00ea nguy\u00ean ch\u1ea5t \u0111\u01b0\u1ee3c ng\u01b0\u1eddi ti\u00eau d\u00f9ng \u01b0a chu\u1ed9ng trong r\u1ea5t nhi\u1ec1u n\u0103m qua.<\/p>\n<p>Nguy\u00ean ch\u1ea5t 100%, kh\u00f4ng tr\u1ed9n \u0111\u1eadu b\u1eafp<br \/>\nRang m\u1ed9c kh\u00f4ng sao t\u1ea9m h\u01b0\u01a1ng li\u1ec7u, h\u00f3a ch\u1ea5t<br \/>\nTh\u01a1m c\u00e0 ph\u00ea t\u1ef1 nhi\u00ean, v\u1ecb \u0111\u1eafng nh\u1eb9, kh\u00f4ng chua<br \/>\nPh\u00f9 h\u1ee3p pha phin hay pha m\u00e1y<\/p>\n<\/div>","protected":false},"excerpt":{"rendered":"<div class=\"product-info__title\" data-v-a0cb31da=\"\">M\u00f4 t\u1ea3 chi ti\u1ebft<\/div>\n<div class=\"product-info__content\" data-v-a0cb31da=\"\">\n<p>C\u00e0 ph\u00ea \u0110\u0103k H\u00e0 &#8211; c\u00e0 ph\u00ea s\u1ea1ch, c\u00e0 ph\u00ea nguy\u00ean ch\u1ea5t \u0111\u01b0\u1ee3c ng\u01b0\u1eddi ti\u00eau d\u00f9ng \u01b0a chu\u1ed9ng trong r\u1ea5t nhi\u1ec1u n\u0103m qua.<\/p>\n<p>Nguy\u00ean ch\u1ea5t 100%, kh\u00f4ng tr\u1ed9n \u0111\u1eadu b\u1eafp<br \/>\nRang m\u1ed9c kh\u00f4ng sao t\u1ea9m h\u01b0\u01a1ng li\u1ec7u, h\u00f3a ch\u1ea5t<br \/>\nTh\u01a1m c\u00e0 ph\u00ea t\u1ef1 nhi\u00ean, v\u1ecb \u0111\u1eafng nh\u1eb9, kh\u00f4ng chua<br \/>\nPh\u00f9 h\u1ee3p pha phin hay pha m\u00e1y<\/p>\n<\/div>","protected":false},"featured_media":14602,"comment_status":"open","ping_status":"closed","template":"","meta":{"_acf_changed":false},"product_cat":[324,366,447,22],"product_tag":[],"class_list":{"0":"post-14599","1":"product","2":"type-product","3":"status-publish","4":"has-post-thumbnail","6":"product_cat-ca-phe-ca-cao","7":"product_cat-hang-cnnt-cap-qg","8":"product_cat-san-pham-cnnt-tb-cap-qg-2017","9":"product_cat-sanphamthucpham","11":"first","12":"instock","13":"shipping-taxable","14":"purchasable","15":"product-type-simple"},"acf":[],"_links":{"self":[{"href":"https:\/\/b2c.fairs.vn\/en\/wp-json\/wp\/v2\/product\/14599","targetHints":{"allow":["GET"]}}],"collection":[{"href":"https:\/\/b2c.fairs.vn\/en\/wp-json\/wp\/v2\/product"}],"about":[{"href":"https:\/\/b2c.fairs.vn\/en\/wp-json\/wp\/v2\/types\/product"}],"replies":[{"embeddable":true,"href":"https:\/\/b2c.fairs.vn\/en\/wp-json\/wp\/v2\/comments?post=14599"}],"version-history":[{"count":0,"href":"https:\/\/b2c.fairs.vn\/en\/wp-json\/wp\/v2\/product\/14599\/revisions"}],"wp:featuredmedia":[{"embeddable":true,"href":"https:\/\/b2c.fairs.vn\/en\/wp-json\/wp\/v2\/media\/14602"}],"wp:attachment":[{"href":"https:\/\/b2c.fairs.vn\/en\/wp-json\/wp\/v2\/media?parent=14599"}],"wp:term":[{"taxonomy":"product_cat","embeddable":true,"href":"https:\/\/b2c.fairs.vn\/en\/wp-json\/wp\/v2\/product_cat?post=14599"},{"taxonomy":"product_tag","embeddable":true,"href":"https:\/\/b2c.fairs.vn\/en\/wp-json\/wp\/v2\/product_tag?post=14599"}],"curies":[{"name":"wp","href":"https:\/\/api.w.org\/{rel}","templated":true}]}}