{"id":14577,"date":"2024-04-02T14:42:45","date_gmt":"2024-04-02T07:42:45","guid":{"rendered":"https:\/\/b2c.fairs.vn\/?post_type=product&#038;p=14577"},"modified":"2024-04-02T14:42:46","modified_gmt":"2024-04-02T07:42:46","slug":"ca-phe-hoa-tan-dang-sam-ngoc-linh","status":"publish","type":"product","link":"https:\/\/b2c.fairs.vn\/en\/product\/ca-phe-hoa-tan-dang-sam-ngoc-linh\/","title":{"rendered":"C\u00c0 PH\u00ca HO\u00c0 TAN \u0110\u1eb2NG S\u00c2M NG\u1eccC LINH"},"content":{"rendered":"<p>\u0110\u1eb3ng c\u1ea5p s\u1ea3n ph\u1ea9m ch\u1ea5t l\u01b0\u1ee3ng v\u00e0ng lu\u00f4n l\u00e0m h\u00e0i l\u00f2ng ng\u01b0\u1eddi s\u00e0nh \u0111i\u1ec7u v\u00e0 \u0111\u01b0a l\u1ea1i c\u1ea3m gi\u00e1c th\u0103ng hoa cho th\u1ef1c kh\u00e1ch.<\/p>\n<p>Dakha coffee kh\u00f4ng d\u00f9ng h\u00f3a ch\u1ea5t \u0111\u1ec3 l\u1eeba d\u1ed1i v\u00e0 quy\u1ebfn r\u0169 th\u01b0\u1ee3ng \u0111\u1ebf.<\/p>\n<p>Ngo\u00e0i c\u00e1c t\u00e1c d\u1ee5ng c\u1ee7a c\u00e0 ph\u00ea v\u00e0 \u0111\u1eb3ng s\u00e2m, n\u00f3 c\u00f2n c\u00f3 t\u00e1c d\u1ee5ng gi\u1ea3m say c\u00e0 ph\u00ea, gi\u1ea3m m\u1ea5t ng\u1ee7 v\u00e0 kh\u00f4ng \u1ea3nh h\u01b0\u1edfng \u0111\u1ebfn b\u1ec7nh \u0111\u01b0\u1eddng ru\u1ed9t.<\/p>\n<p>L\u00e0 s\u1ea3n ph\u1ea9m c\u00f3 kh\u00e1c bi\u1ec7t v\u01b0\u1ee3t tr\u1ed9i, c\u00f3 m\u1ed9t kh\u00f4ng hai tr\u00ean th\u1ecb tr\u01b0\u1eddng v\u00e0 \u0111\u01b0\u1ee3c t\u00f4n vinh s\u1ea3n ph\u1ea9m ch\u1ea5t l\u01b0\u1ee3ng v\u00e0ng n\u0103m 2023.<\/p>","protected":false},"excerpt":{"rendered":"<p>\u0110\u1eb3ng c\u1ea5p s\u1ea3n ph\u1ea9m ch\u1ea5t l\u01b0\u1ee3ng v\u00e0ng lu\u00f4n l\u00e0m h\u00e0i l\u00f2ng ng\u01b0\u1eddi s\u00e0nh \u0111i\u1ec7u v\u00e0 \u0111\u01b0a l\u1ea1i c\u1ea3m gi\u00e1c th\u0103ng<\/p>","protected":false},"featured_media":14593,"comment_status":"open","ping_status":"closed","template":"","meta":{"_acf_changed":false},"product_cat":[324,366,447,22],"product_tag":[],"class_list":{"0":"post-14577","1":"product","2":"type-product","3":"status-publish","4":"has-post-thumbnail","6":"product_cat-ca-phe-ca-cao","7":"product_cat-hang-cnnt-cap-qg","8":"product_cat-san-pham-cnnt-tb-cap-qg-2017","9":"product_cat-sanphamthucpham","11":"first","12":"instock","13":"shipping-taxable","14":"purchasable","15":"product-type-variable"},"acf":[],"_links":{"self":[{"href":"https:\/\/b2c.fairs.vn\/en\/wp-json\/wp\/v2\/product\/14577","targetHints":{"allow":["GET"]}}],"collection":[{"href":"https:\/\/b2c.fairs.vn\/en\/wp-json\/wp\/v2\/product"}],"about":[{"href":"https:\/\/b2c.fairs.vn\/en\/wp-json\/wp\/v2\/types\/product"}],"replies":[{"embeddable":true,"href":"https:\/\/b2c.fairs.vn\/en\/wp-json\/wp\/v2\/comments?post=14577"}],"version-history":[{"count":0,"href":"https:\/\/b2c.fairs.vn\/en\/wp-json\/wp\/v2\/product\/14577\/revisions"}],"wp:featuredmedia":[{"embeddable":true,"href":"https:\/\/b2c.fairs.vn\/en\/wp-json\/wp\/v2\/media\/14593"}],"wp:attachment":[{"href":"https:\/\/b2c.fairs.vn\/en\/wp-json\/wp\/v2\/media?parent=14577"}],"wp:term":[{"taxonomy":"product_cat","embeddable":true,"href":"https:\/\/b2c.fairs.vn\/en\/wp-json\/wp\/v2\/product_cat?post=14577"},{"taxonomy":"product_tag","embeddable":true,"href":"https:\/\/b2c.fairs.vn\/en\/wp-json\/wp\/v2\/product_tag?post=14577"}],"curies":[{"name":"wp","href":"https:\/\/api.w.org\/{rel}","templated":true}]}}