{"id":14554,"date":"2024-04-02T14:21:11","date_gmt":"2024-04-02T07:21:11","guid":{"rendered":"https:\/\/b2c.fairs.vn\/?post_type=product&#038;p=14554"},"modified":"2024-04-02T14:21:11","modified_gmt":"2024-04-02T07:21:11","slug":"tra-gung-hoa-tan-hadiphar","status":"publish","type":"product","link":"https:\/\/b2c.fairs.vn\/en\/product\/tra-gung-hoa-tan-hadiphar\/","title":{"rendered":"Tr\u00e0 g\u1eebng h\u00f2a tan Hadiphar"},"content":{"rendered":"<p>\u272a Tr\u00e0 g\u1eebng h\u00f2a tan Hadiphar l\u00e0 m\u00f3n qu\u00e0 v\u00f4 c\u00f9ng \u00fd ngh\u0129a cho s\u1ee9c kh\u1ecfe c\u1ee7a b\u1ea1n v\u00e0 ng\u01b0\u1eddi th\u00e2n. \u0110\u01b0\u1ee3c ch\u1ebf bi\u1ebfn t\u1eeb nguy\u00ean li\u1ec7u thi\u00ean nhi\u00ean gi\u1eef nguy\u00ean v\u1eb9n tinh g\u1eebng th\u01a1m n\u1ed3ng. Trong g\u1eebng c\u00f3 t\u1eeb 2-3% tinh d\u1ea7u. Ngo\u00e0i ra c\u00f2n c\u00f3 ch\u1ea5t nh\u1ef1a d\u1ea7u 5%, ch\u1ea5t b\u00e9o 3,7 %, tinh b\u1ed9t v\u00e0 c\u00e1c ch\u1ea5t cay nh\u01b0: Zingerron, zingerola v\u00e0 shogaola. Khi u\u1ed1ng v\u00e0o c\u00e1c ch\u1ea5t cay v\u00e0 tinh d\u1ea7u c\u00f3 t\u00e1c d\u1ee5ng l\u00e0m \u1ea5m c\u01a1 th\u1ec3, gi\u1ea3i c\u1ea3m l\u1ea1nh, gi\u1ea3i \u0111\u1ed9c do th\u1ee9c \u0103n l\u1ea1nh.<br \/>\n\u272a Tr\u00e0 g\u1eebng Hadiphar \u0111\u01b0\u1ee3c b\u00e0o ch\u1ebf t\u1eeb ngu\u1ed3n g\u1eebng t\u1ef1 nhi\u00ean t\u1ea1i \u0111\u1ecba ph\u01b0\u01a1ng H\u00e0 T\u0129nh v\u1edbi h\u00e0m l\u01b0\u1ee3ng tinh d\u1ea7u cao. N\u0103m 2020, S\u1ea3n ph\u1ea9m \u0111\u00e3 v\u01b0\u1ee3t qua nhi\u1ec1u v\u00f2ng ch\u1ea5m \u0111i\u1ec3m g\u1eaft gao \u0111\u1ec3 \u0111\u01b0\u1ee3c c\u00f4ng nh\u1eadn \u0111\u1ea1t OCOP 4 sao \u272a\u272a\u272a\u272a<br \/>\n*** C\u00f4ng d\u1ee5ng c\u1ee7a Tr\u00e0 g\u1eebng h\u00f2a tan Hadiphar :<br \/>\n\u272a K\u00edch th\u00edch ti\u00eau h\u00f3a, ch\u1ed1ng n\u00f4n, ph\u00f2ng ng\u1eeba \u0111\u1ea7y h\u01a1i, \u0103n kh\u00f3 ti\u00eau, say t\u00e0u xe,<br \/>\n\u272a Ph\u00f2ng ng\u1eeba nhi\u1ec5m l\u1ea1nh, gi\u1ea3i \u0111\u1ed9c th\u1ee9c \u0103n l\u1ea1nh.<br \/>\n*** Th\u00e0nh ph\u1ea7n:<br \/>\n&#8211;\u00a0\u00a0 \u00a0Cao g\u1eebng: 2g (T\u01b0\u01a1ng \u0111\u01b0\u01a1ng v\u1edbi 20 g g\u1eebng t\u01b0\u01a1i)<br \/>\n&#8211;\u00a0\u00a0 \u00a0T\u00e1 d\u01b0\u1ee3c v\u0111<br \/>\n*** C\u00e1ch d\u00f9ng :<br \/>\n&#8211;\u00a0\u00a0 \u00a0H\u00f2a m\u1ed7i g\u00f3i v\u00e0o 200ml n\u01b0\u1edbc n\u00f3ng, khu\u1ea5y tan.<br \/>\n&#8211;\u00a0\u00a0 \u00a0U\u1ed1ng 1 g\u00f3i\/ l\u1ea7n, ng\u00e0y 2-3 l\u1ea7n.<br \/>\n*** \u0110\u00f3ng g\u00f3i : H\u1ed9p 10 g\u00f3i x 20g<\/p>","protected":false},"excerpt":{"rendered":"<p>\u272a Tr\u00e0 g\u1eebng h\u00f2a tan Hadiphar l\u00e0 m\u00f3n qu\u00e0 v\u00f4 c\u00f9ng \u00fd ngh\u0129a cho s\u1ee9c kh\u1ecfe c\u1ee7a b\u1ea1n v\u00e0 ng\u01b0\u1eddi<\/p>","protected":false},"featured_media":14562,"comment_status":"open","ping_status":"closed","template":"","meta":{"_acf_changed":false},"product_cat":[332,366,446,333],"product_tag":[],"class_list":{"0":"post-14554","1":"product","2":"type-product","3":"status-publish","4":"has-post-thumbnail","6":"product_cat-san-pham-duoc-lieu-va-san-pham-tu-duoc-lieu","7":"product_cat-hang-cnnt-cap-qg","8":"product_cat-san-pham-cnnt-tb-cap-qg-2019","9":"product_cat-thuc-pham-chuc-nang-thuoc-duoc-lieu-thuoc-y-hoc-co-truyen","11":"first","12":"instock","13":"shipping-taxable","14":"purchasable","15":"product-type-simple"},"acf":[],"_links":{"self":[{"href":"https:\/\/b2c.fairs.vn\/en\/wp-json\/wp\/v2\/product\/14554","targetHints":{"allow":["GET"]}}],"collection":[{"href":"https:\/\/b2c.fairs.vn\/en\/wp-json\/wp\/v2\/product"}],"about":[{"href":"https:\/\/b2c.fairs.vn\/en\/wp-json\/wp\/v2\/types\/product"}],"replies":[{"embeddable":true,"href":"https:\/\/b2c.fairs.vn\/en\/wp-json\/wp\/v2\/comments?post=14554"}],"version-history":[{"count":0,"href":"https:\/\/b2c.fairs.vn\/en\/wp-json\/wp\/v2\/product\/14554\/revisions"}],"wp:featuredmedia":[{"embeddable":true,"href":"https:\/\/b2c.fairs.vn\/en\/wp-json\/wp\/v2\/media\/14562"}],"wp:attachment":[{"href":"https:\/\/b2c.fairs.vn\/en\/wp-json\/wp\/v2\/media?parent=14554"}],"wp:term":[{"taxonomy":"product_cat","embeddable":true,"href":"https:\/\/b2c.fairs.vn\/en\/wp-json\/wp\/v2\/product_cat?post=14554"},{"taxonomy":"product_tag","embeddable":true,"href":"https:\/\/b2c.fairs.vn\/en\/wp-json\/wp\/v2\/product_tag?post=14554"}],"curies":[{"name":"wp","href":"https:\/\/api.w.org\/{rel}","templated":true}]}}