{"id":14553,"date":"2024-04-02T15:14:17","date_gmt":"2024-04-02T08:14:17","guid":{"rendered":"https:\/\/b2c.fairs.vn\/?post_type=product&#038;p=14553"},"modified":"2024-04-02T15:18:13","modified_gmt":"2024-04-02T08:18:13","slug":"keo-dua-soc-cacao-dong-a","status":"publish","type":"product","link":"https:\/\/b2c.fairs.vn\/en\/product\/keo-dua-soc-cacao-dong-a\/","title":{"rendered":"K\u1eb9o d\u1eeba s\u1ecdc cacao \u0110\u00f4ng \u00c1"},"content":{"rendered":"<div class=\"column mcb-column one column_column\">\n<div class=\"column_attr clearfix align_justify\">\n<p><b>C\u00e2u chuy\u1ec7n s\u1ea3n ph\u1ea9m: K\u1eb9o d\u1eeba ca cao B\u1ebfn Tre c\u1ee7a c\u00f4ng ty TNHH S\u1ea3n xu\u1ea5t Kinh Doanh T\u1ed5ng h\u1ee3p \u0110\u00f4ng \u00c1<\/b>T\u1ec9nh B\u1ebfn Tre n\u1ed5i ti\u1ebfng v\u1edbi nh\u1eefng h\u00e0ng d\u1eeba cao v\u00fat, c\u00f5ng tr\u0129u nh\u1eefng ch\u00f9m qu\u1ea3 n\u1eb7ng. Ng\u01b0\u1eddi d\u00e2n qu\u00ea h\u01b0\u01a1ng \u0110\u1ed3ng Kh\u1edfi bao \u0111\u1eddi g\u1eafn b\u00f3 v\u1edbi ngh\u1ec1 s\u1ea3n xu\u1ea5t v\u00e0 ch\u1ebf bi\u1ebfn \u0111\u1eb7c s\u1ea3n k\u1eb9o d\u1eeba. Sinh ra v\u00e0 l\u1edbn l\u00ean n\u01a1i \u201cX\u1ee9 D\u1eeba\u201d, C\u00f4 Hai T\u1ecf &#8211; bi\u1ec7t danh c\u1ee7a B\u00e0 Ph\u1ea1m Th\u1ecb T\u1ecf &#8211; ng\u01b0\u1eddi s\u00e1ng l\u1eadp c\u00f4ng ty TNHH S\u1ea3n xu\u1ea5t Kinh Doanh T\u1ed5ng h\u1ee3p \u0110\u00f4ng \u00c1 lu\u00f4n mang trong m\u00ecnh ni\u1ec1m t\u1ef1 h\u00e0o v\u00e0 t\u00e2m huy\u1ebft v\u1edbi ngh\u1ec1 truy\u1ec1n th\u1ed1ng qu\u00ea h\u01b0\u01a1ng. \u0110i\u1ec1u \u0111\u00f3 \u0111\u00e3 th\u00f4i th\u00fac c\u00f4 Hai T\u1ecf ti\u00ean phong t\u00ecm t\u00f2i v\u00e0 ch\u1ebf bi\u1ebfn k\u1eb9o d\u1eeba v\u1edbi nh\u1eefng h\u01b0\u01a1ng v\u1ecb kh\u00e1c nhau k\u1ec3 t\u1eeb 30 n\u0103m v\u1ec1 tr\u01b0\u1edbc. C\u0169ng t\u1eeb \u0111\u00f3, c\u00e1ch l\u00e0m c\u1ee7a c\u00f4 \u0111\u01b0\u1ee3c ng\u01b0\u1eddi d\u00e2n nh\u00e2n r\u1ed9ng v\u00e0 k\u1eb9o d\u1eeba B\u1ebfn Tre mang trong m\u00ecnh s\u1ee9c s\u1ed1ng m\u1edbi nh\u01b0ng v\u1eabn lu\u00f4n gi\u1eef \u0111\u01b0\u1ee3c gi\u00e1 tri v\u1ed1n c\u00f3.<\/p>\n<p>Ch\u1eb7ng \u0111\u01b0\u1eddng x\u00e2y d\u1ef1ng th\u01b0\u01a1ng hi\u1ec7u s\u1ea3n ph\u1ea9m k\u1eb9o d\u1eeba c\u1ee7a C\u00f4ng ty \u0110\u00f4ng \u00c1 c\u0169ng tr\u1ea3i qua kh\u00f4ng \u00edt th\u0103ng tr\u1ea7m. \u0110\u1ea7u n\u0103m 1998, k\u1eb9o d\u1eeba B\u1ebfn Tre \u0111\u00e3 b\u1ecb l\u00e0m gi\u1ea3 v\u1edbi bao b\u00ec v\u00e0 th\u01b0\u01a1ng hi\u1ec7u gi\u1ed1ng h\u1ec7t t\u1ea1i Trung Qu\u1ed1c, tuy nhi\u00ean ch\u1ea5t l\u01b0\u1ee3ng kh\u00f4ng \u0111\u1ea3m b\u1ea3o. C\u00f4 Hai T\u1ecf \u0111\u00e3 b\u1eaft \u0111\u1ea7u h\u00e0nh tr\u00ecnh \u0111\u00f2i l\u1ea1i c\u00f4ng l\u00fd cho th\u01b0\u01a1ng hi\u1ec7u Vi\u1ec7t n\u00f3i chung v\u00e0 k\u1eb9o d\u1eeba B\u1ebfn Tre n\u00f3i ri\u00eang. Sau th\u1eddi gian 8 th\u00e1ng r\u00f2ng r\u00e3, c\u00f4 m\u1ed9t m\u00ecnh d\u0169ng c\u1ea3m \u0111\u1ea5u tranh tr\u00ean m\u1eadt tr\u1eadn c\u00f4ng l\u00fd, chi\u1ebfn th\u1eafng m\u1ec9m c\u01b0\u1eddi v\u1edbi c\u00f4 khi nh\u00e0 m\u00e1y s\u1ea3n xu\u1ea5t k\u1eb9o gi\u1ea3 t\u1ea1i Trung Qu\u1ed1c bu\u1ed9c ph\u1ea3i \u0111\u00f3ng c\u1eeda sau v\u1ee5 ki\u1ec7n v\u00e0 k\u1eb9o d\u1eeba B\u1ebfn Tre ng\u00e0y c\u00e0ng \u0111\u01b0\u1ee3c t\u00edn nhi\u1ec7m v\u00e0 qu\u1ea3ng b\u00e1 nhi\u1ec1u h\u01a1n \u1edf th\u1ecb tr\u01b0\u1eddng Trung Qu\u1ed1c.<\/p>\n<\/div>\n<\/div>\n<div class=\"column mcb-column one column_column\">\n<div class=\"column_attr clearfix align_justify\">\n<p>K\u1ebf th\u1eeba v\u00e0 ph\u00e1t huy gi\u00e1 tr\u1ecb n\u1ec1n t\u1ea3ng, C\u00f4ng ty TNHH S\u1ea3n xu\u1ea5t Kinh Doanh T\u1ed5ng h\u1ee3p \u0110\u00f4ng \u00c1 li\u00ean t\u1ee5c nghi\u00ean c\u1ee9u c\u00f4ng ngh\u1ec7 s\u1ea3n xu\u1ea5t ti\u00ean ti\u1ebfn nh\u1eb1m n\u00e2ng cao ch\u1ea5t l\u01b0\u1ee3ng, \u0111a d\u1ea1ng h\u00f3a s\u1ea3n ph\u1ea9m \u0111\u00e1p \u1ee9ng nhu c\u1ea7u ng\u00e0y c\u00e0ng cao c\u1ee7a kh\u00e1ch h\u00e0ng v\u00e0 th\u1ecfa m\u00e3n xu h\u01b0\u1edbng th\u1ecb tr\u01b0\u1eddng. Trong s\u1ed1 nh\u1eefng s\u1ea3n ph\u1ea9m n\u1ed5i ti\u1ebfng c\u1ee7a c\u00f4ng ty, k\u1eb9o d\u1eeba ca cao B\u1ebfn Tre l\u00e0 s\u1ef1 k\u1ebft h\u1ee3p tuy\u1ec7t v\u1eddi gi\u1eefa v\u1ecb truy\u1ec1n th\u1ed1ng v\u00e0 hi\u1ec7n \u0111\u1ea1i, r\u1ea5t d\u1ec5 \u201cg\u00e2y nghi\u1ec7n\u201d cho nh\u1eefng ai t\u1eebng m\u1ed9t l\u1ea7n th\u01b0\u1edfng th\u1ee9c.<\/p>\n<p>K\u1eb9o d\u1eeba ca cao B\u1ebfn Tre k\u1ebft h\u1ee3p t\u1eeb 3 nguy\u00ean li\u1ec7u ch\u00ednh l\u00e0 n\u01b0\u1edbc c\u1ed1t d\u1eeba, \u0111\u01b0\u1eddng c\u00e1t tr\u1eafng, m\u1ea1ch nha n\u1ebfp v\u00e0 ph\u1ee5 li\u1ec7u l\u00e0 ca cao. S\u1ea3n ph\u1ea9m \u0111\u00e3 n\u00e2ng t\u1ea7m gi\u00e1 tr\u1ecb l\u00ean g\u1ea5p 3-4 l\u1ea7n nguy\u00ean li\u1ec7u th\u00f4 ban \u0111\u1ea7u. N\u1ebfu nh\u01b0 k\u1eb9o d\u1eeba v\u1ecb nguy\u00ean b\u1ea3n m\u1ec1m m\u1ecbn, th\u01a1m b\u00e9o th\u00ec k\u1eb9o d\u1eeba ca cao c\u00f3 v\u1ecb ng\u1ecdt thanh c\u1ee7a d\u1eeba ho\u00e0 quy\u1ec7n v\u1edbi v\u1ecb \u0111\u1eafng nh\u1eb9 &#8211; tinh t\u1ebf, hi\u1ec7n \u0111\u1ea1i c\u1ee7a ca cao. Th\u1ef1c kh\u00e1ch ch\u1ec9 m\u1ed9t l\u1ea7n th\u01b0\u1edfng th\u1ee9c vi\u00ean k\u1eb9o \u0111\u1ec1u c\u1ea3m th\u1ea5y b\u1eebng t\u1ec9nh, l\u1ea1c quan, y\u00eau \u0111\u1eddi h\u01a1n. Nh\u1eefng vi\u00ean k\u1eb9o tuy nh\u1ecf b\u00e9 nh\u01b0ng mang \u0111\u1ebfn s\u1ee9c m\u1ea1nh l\u1edbn lao, k\u1ebft n\u1ed1i th\u1ef1c kh\u00e1ch v\u1edbi nh\u1eefng con ng\u01b0\u1eddi \u201cx\u1ee9 d\u1eeba\u201d c\u00f9ng h\u00f2a chung gi\u1ea5c m\u01a1 \u201c\u0110\u1ed3ng Kh\u1edfi\u201d. K\u1eb9o d\u1eeba ca cao B\u1ebfn Tre l\u00e0 m\u00f3n qu\u00e0 t\u1eeb thi\u00ean nhi\u00ean, g\u00f3i c\u1ea3 n\u00e9t m\u1ed9c m\u1ea1c, b\u00ecnh d\u1ecb c\u1ee7a t\u00ecnh \u0111\u1ea5t v\u00e0 ng\u01b0\u1eddi B\u1ebfn Tre.<\/p>\n<p>Quy tr\u00ecnh s\u1ea3n xu\u1ea5t k\u1eb9o d\u1eeba ca cao tr\u1ea3i qua c\u00e1c c\u00f4ng \u0111o\u1ea1n ch\u1eb7t ch\u1ebd. T\u1eeb nh\u1eefng tr\u00e1i d\u1eeba thu ho\u1ea1ch t\u1ea1i c\u00e1c v\u01b0\u1eddn \u0111\u01b0\u1ee3c ch\u1ecdn l\u1ecdc v\u00e0 \u0111\u01b0a v\u00e0o nh\u00e0 m\u00e1y, c\u00f4ng nh\u00e2n s\u1ebd c\u1ea1y l\u1ea5y c\u01a1m d\u1eeba, r\u1eeda s\u1ea1ch, xay nhuy\u1ec5n, b\u1ecdc l\u01b0\u1edbi \u00e9p l\u1ea5y n\u01b0\u1edbc c\u1ed1t d\u1eeba, chuy\u1ec3n qua giai \u0111o\u1ea1n h\u00f2a tr\u1ed9n s\u1ea3n ph\u1ea9m cho tan \u0111\u1ec1u. Ti\u1ebfp \u0111\u00f3, ti\u1ebfn h\u00e0nh qu\u1eady c\u00f4 \u0111\u1eb7c, \u0111\u1ecbnh h\u00ecnh vi\u00ean k\u1eb9o g\u00f3i v\u00e0o t\u00fai. Qu\u00e1 tr\u00ecnh s\u1ea3n xu\u1ea5t, \u0111\u00f3ng g\u00f3i lu\u00f4n \u0111\u00e1p \u1ee9ng c\u00e1c ti\u00eau chu\u1ea9n qu\u1ea3n l\u00fd ch\u1ea5t l\u01b0\u1ee3ng ISO 9001-2015, HACCP.<\/p>\n<p>\u0110\u1ebfn nay, k\u1eb9o d\u1eeba B\u1ebfn Tre s\u1ea3n xu\u1ea5t ra h\u00e0ng tr\u0103m t\u1ea5n s\u1ea3n ph\u1ea9m m\u1ed7i n\u0103m, t\u1ef7 l\u1ec7 xu\u1ea5t kh\u1ea9u ti\u1ebfp t\u1ee5c t\u0103ng \u0111\u1ec1u \u0111\u1eb7n. C\u00f4ng ty kh\u00f4ng ch\u1ec9 t\u1ea1o c\u00f4ng \u0103n vi\u1ec7c l\u00e0m cho h\u00e0ng ng\u00e0n lao \u0111\u1ed9ng m\u00e0 c\u00f2n gi\u00fap ng\u01b0\u1eddi gi\u1eef cho ng\u1ecdn l\u1eeda ngh\u1ec1 truy\u1ec1n th\u1ed1ng lu\u00f4n ch\u00e1y m\u00e3i tr\u00ean m\u1ea3nh \u0111\u1ea5t qu\u00ea h\u01b0\u01a1ng \u0110\u1ed3ng Kh\u1edfi anh h\u00f9ng.<\/p>\n<\/div>\n<\/div>","protected":false},"excerpt":{"rendered":"<p>C\u00e2u chuy\u1ec7n s\u1ea3n ph\u1ea9m: K\u1eb9o d\u1eeba ca cao B\u1ebfn Tre c\u1ee7a c\u00f4ng ty TNHH S\u1ea3n xu\u1ea5t Kinh Doanh T\u1ed5ng h\u1ee3p<\/p>","protected":false},"featured_media":14636,"comment_status":"open","ping_status":"closed","template":"","meta":{"_acf_changed":false},"product_cat":[324,316,314,366,447,22,313],"product_tag":[],"class_list":{"0":"post-14553","1":"product","2":"type-product","3":"status-publish","4":"has-post-thumbnail","6":"product_cat-ca-phe-ca-cao","7":"product_cat-che-bien-tu-rau-cu-qua-hat","8":"product_cat-do-an-nhanh","9":"product_cat-hang-cnnt-cap-qg","10":"product_cat-san-pham-cnnt-tb-cap-qg-2017","11":"product_cat-sanphamthucpham","12":"product_cat-thuc-pham-che-bien","14":"first","15":"instock","16":"shipping-taxable","17":"product-type-variable"},"acf":[],"_links":{"self":[{"href":"https:\/\/b2c.fairs.vn\/en\/wp-json\/wp\/v2\/product\/14553","targetHints":{"allow":["GET"]}}],"collection":[{"href":"https:\/\/b2c.fairs.vn\/en\/wp-json\/wp\/v2\/product"}],"about":[{"href":"https:\/\/b2c.fairs.vn\/en\/wp-json\/wp\/v2\/types\/product"}],"replies":[{"embeddable":true,"href":"https:\/\/b2c.fairs.vn\/en\/wp-json\/wp\/v2\/comments?post=14553"}],"version-history":[{"count":0,"href":"https:\/\/b2c.fairs.vn\/en\/wp-json\/wp\/v2\/product\/14553\/revisions"}],"wp:featuredmedia":[{"embeddable":true,"href":"https:\/\/b2c.fairs.vn\/en\/wp-json\/wp\/v2\/media\/14636"}],"wp:attachment":[{"href":"https:\/\/b2c.fairs.vn\/en\/wp-json\/wp\/v2\/media?parent=14553"}],"wp:term":[{"taxonomy":"product_cat","embeddable":true,"href":"https:\/\/b2c.fairs.vn\/en\/wp-json\/wp\/v2\/product_cat?post=14553"},{"taxonomy":"product_tag","embeddable":true,"href":"https:\/\/b2c.fairs.vn\/en\/wp-json\/wp\/v2\/product_tag?post=14553"}],"curies":[{"name":"wp","href":"https:\/\/api.w.org\/{rel}","templated":true}]}}