{"id":14543,"date":"2024-04-02T14:10:12","date_gmt":"2024-04-02T07:10:12","guid":{"rendered":"https:\/\/b2c.fairs.vn\/?post_type=product&#038;p=14543"},"modified":"2024-04-23T16:09:34","modified_gmt":"2024-04-23T09:09:34","slug":"thung-chao","status":"publish","type":"product","link":"https:\/\/b2c.fairs.vn\/en\/product\/thung-chao\/","title":{"rendered":"Th\u00f9ng Chao"},"content":{"rendered":"<div class=\"border\">\n<p class=\"bold\">Th\u00e0nh ph\u1ea7n ch\u00ednh:<\/p>\n<p>\u0110\u1eadu n\u00e0nh (60%), \u1edbt t\u01b0\u01a1i, mu\u1ed1i, n\u01b0\u1edbc, r\u01b0\u1ee3u, \u0111\u01b0\u1eddng, ch\u1ea5t \u0111i\u1ec1u v\u1ecb: (Mononatri Glutamat (INS 621), Dinatri 5&#8242;-guanylat (INS 627), Dinatri 5&#8242;-inosinat (INS 631)), ch\u1ea5t b\u1ea3o qu\u1ea3n Natri propionat (INS 281).<\/p>\n<\/div>\n<div class=\"usage\">\n<p class=\"s12 bold\">C\u00e1ch s\u1eed d\u1ee5ng<\/p>\n<p>D\u00f9ng \u0111\u1ec3 ch\u1ea5m v\u1edbi c\u00e1c m\u00f3n lu\u1ed9c nh\u01b0 b\u1ea7u, \u0111\u1eadu b\u1eafp, c\u00e1c m\u00f3n n\u01b0\u1edbng nh\u01b0 d\u00ea, nai, b\u00f2 v\u00e0 ch\u1ebf bi\u1ebfn nhi\u1ec1u m\u00f3n \u0103n h\u1ea5p d\u1eabn nh\u01b0 rau mu\u1ed1ng x\u00e0o chao, v\u1ecbt n\u1ea5u chao,\u2026\u0111\u1ec1u r\u1ea5t ngon!<\/p>\n<\/div>","protected":false},"excerpt":{"rendered":"<div class=\"border\">\n<p class=\"bold\">Th\u00e0nh ph\u1ea7n ch\u00ednh:<\/p>\n<p>\u0110\u1eadu n\u00e0nh (60%), \u1edbt t\u01b0\u01a1i, mu\u1ed1i, n\u01b0\u1edbc, r\u01b0\u1ee3u, \u0111\u01b0\u1eddng, ch\u1ea5t \u0111i\u1ec1u v\u1ecb: (Mononatri Glutamat (INS 621), Dinatri 5&#8242;-guanylat (INS 627), Dinatri 5&#8242;-inosinat (INS 631)), ch\u1ea5t b\u1ea3o qu\u1ea3n Natri propionat (INS 281).<\/p>\n<\/div>\n<div class=\"usage\">\n<p class=\"s12 bold\">C\u00e1ch s\u1eed d\u1ee5ng<\/p>\n<p>D\u00f9ng \u0111\u1ec3 ch\u1ea5m v\u1edbi c\u00e1c m\u00f3n lu\u1ed9c nh\u01b0 b\u1ea7u, \u0111\u1eadu b\u1eafp, c\u00e1c m\u00f3n n\u01b0\u1edbng nh\u01b0 d\u00ea, nai, b\u00f2 v\u00e0 ch\u1ebf bi\u1ebfn nhi\u1ec1u m\u00f3n \u0103n h\u1ea5p d\u1eabn nh\u01b0 rau mu\u1ed1ng x\u00e0o chao, v\u1ecbt n\u1ea5u chao,\u2026\u0111\u1ec1u r\u1ea5t ngon!<\/p>\n<\/div>","protected":false},"featured_media":14547,"comment_status":"open","ping_status":"closed","template":"","meta":{"_acf_changed":false},"product_cat":[318,366,447,22,319],"product_tag":[],"class_list":{"0":"post-14543","1":"product","2":"type-product","3":"status-publish","4":"has-post-thumbnail","6":"product_cat-gia-vi","7":"product_cat-hang-cnnt-cap-qg","8":"product_cat-san-pham-cnnt-tb-cap-qg-2017","9":"product_cat-sanphamthucpham","10":"product_cat-tuong-nuoc-mam-gia-vi-dang-long-khac","12":"first","13":"instock","14":"shipping-taxable","15":"product-type-variable"},"acf":[],"_links":{"self":[{"href":"https:\/\/b2c.fairs.vn\/en\/wp-json\/wp\/v2\/product\/14543","targetHints":{"allow":["GET"]}}],"collection":[{"href":"https:\/\/b2c.fairs.vn\/en\/wp-json\/wp\/v2\/product"}],"about":[{"href":"https:\/\/b2c.fairs.vn\/en\/wp-json\/wp\/v2\/types\/product"}],"replies":[{"embeddable":true,"href":"https:\/\/b2c.fairs.vn\/en\/wp-json\/wp\/v2\/comments?post=14543"}],"version-history":[{"count":0,"href":"https:\/\/b2c.fairs.vn\/en\/wp-json\/wp\/v2\/product\/14543\/revisions"}],"wp:featuredmedia":[{"embeddable":true,"href":"https:\/\/b2c.fairs.vn\/en\/wp-json\/wp\/v2\/media\/14547"}],"wp:attachment":[{"href":"https:\/\/b2c.fairs.vn\/en\/wp-json\/wp\/v2\/media?parent=14543"}],"wp:term":[{"taxonomy":"product_cat","embeddable":true,"href":"https:\/\/b2c.fairs.vn\/en\/wp-json\/wp\/v2\/product_cat?post=14543"},{"taxonomy":"product_tag","embeddable":true,"href":"https:\/\/b2c.fairs.vn\/en\/wp-json\/wp\/v2\/product_tag?post=14543"}],"curies":[{"name":"wp","href":"https:\/\/api.w.org\/{rel}","templated":true}]}}