{"id":14501,"date":"2024-04-02T13:40:53","date_gmt":"2024-04-02T06:40:53","guid":{"rendered":"https:\/\/b2c.fairs.vn\/?post_type=product&#038;p=14501"},"modified":"2024-04-02T13:40:54","modified_gmt":"2024-04-02T06:40:54","slug":"den-led-downlight-7w","status":"publish","type":"product","link":"https:\/\/b2c.fairs.vn\/en\/product\/den-led-downlight-7w\/","title":{"rendered":"\u0110\u00e8n LED DOWNLIGHT 7W"},"content":{"rendered":"<p><i>Ng\u00e0y nay, \u0111\u00e8n LED downlight n\u1ed5i th\u01b0\u01a1ng hi\u1ec7u Elink \u0111ang d\u1ea7n chi\u1ebfm \u0111\u01b0\u1ee3c l\u00f2ng tin y\u00eau c\u1ee7a kh\u00e1ch h\u00e0ng b\u1edfi \u0111\u00e8n kh\u00f4ng ch\u1ec9 l\u00e0m t\u1ed1t vai tr\u00f2 chi\u1ebfu s\u00e1ng m\u00e0 c\u00f2n\u00a0 nh\u1edd v\u00e0o thi\u1ebft k\u1ebf \u1ed1p tr\u1ea7n d\u1ea1ng n\u1ed5i c\u00f9ng ki\u1ec3u d\u00e1ng tao nh\u00e3, sang tr\u1ecdng g\u00f3p ph\u1ea7n t\u1ea1o \u0111i\u1ec3m nh\u1ea5n \u0111em \u0111\u1ebfn m\u1ed9t kh\u00f4ng gian chi\u1ebfu s\u00e1ng \u1ea5n t\u01b0\u1ee3ng, sinh \u0111\u1ed9ng.<\/i><\/p>","protected":false},"excerpt":{"rendered":"<p>Ng\u00e0y nay, \u0111\u00e8n LED downlight n\u1ed5i th\u01b0\u01a1ng hi\u1ec7u Elink \u0111ang d\u1ea7n chi\u1ebfm \u0111\u01b0\u1ee3c l\u00f2ng tin y\u00eau c\u1ee7a kh\u00e1ch h\u00e0ng b\u1edfi<\/p>","protected":false},"featured_media":14505,"comment_status":"open","ping_status":"closed","template":"","meta":{"_acf_changed":false},"product_cat":[366,447,348,392],"product_tag":[],"class_list":{"0":"post-14501","1":"product","2":"type-product","3":"status-publish","4":"has-post-thumbnail","6":"product_cat-hang-cnnt-cap-qg","7":"product_cat-san-pham-cnnt-tb-cap-qg-2017","8":"product_cat-thiet-bi-co-khi","9":"product_cat-thiet-bi-may-moc-khac","11":"first","12":"instock","13":"shipping-taxable","14":"purchasable","15":"product-type-variable"},"acf":[],"_links":{"self":[{"href":"https:\/\/b2c.fairs.vn\/en\/wp-json\/wp\/v2\/product\/14501","targetHints":{"allow":["GET"]}}],"collection":[{"href":"https:\/\/b2c.fairs.vn\/en\/wp-json\/wp\/v2\/product"}],"about":[{"href":"https:\/\/b2c.fairs.vn\/en\/wp-json\/wp\/v2\/types\/product"}],"replies":[{"embeddable":true,"href":"https:\/\/b2c.fairs.vn\/en\/wp-json\/wp\/v2\/comments?post=14501"}],"version-history":[{"count":0,"href":"https:\/\/b2c.fairs.vn\/en\/wp-json\/wp\/v2\/product\/14501\/revisions"}],"wp:featuredmedia":[{"embeddable":true,"href":"https:\/\/b2c.fairs.vn\/en\/wp-json\/wp\/v2\/media\/14505"}],"wp:attachment":[{"href":"https:\/\/b2c.fairs.vn\/en\/wp-json\/wp\/v2\/media?parent=14501"}],"wp:term":[{"taxonomy":"product_cat","embeddable":true,"href":"https:\/\/b2c.fairs.vn\/en\/wp-json\/wp\/v2\/product_cat?post=14501"},{"taxonomy":"product_tag","embeddable":true,"href":"https:\/\/b2c.fairs.vn\/en\/wp-json\/wp\/v2\/product_tag?post=14501"}],"curies":[{"name":"wp","href":"https:\/\/api.w.org\/{rel}","templated":true}]}}