{"id":14487,"date":"2024-04-02T13:19:40","date_gmt":"2024-04-02T06:19:40","guid":{"rendered":"https:\/\/b2c.fairs.vn\/?post_type=product&#038;p=14487"},"modified":"2024-04-24T17:10:54","modified_gmt":"2024-04-24T10:10:54","slug":"tam-pin-nang-luong-mat-troi-redsun","status":"publish","type":"product","link":"https:\/\/b2c.fairs.vn\/en\/product\/tam-pin-nang-luong-mat-troi-redsun\/","title":{"rendered":"T\u1ea5m pin n\u0103ng l\u01b0\u1ee3ng m\u1eb7t tr\u1eddi Redsun"},"content":{"rendered":"<p><strong>M\u1eb7t Tr\u1eddi \u0110\u1ecf<\/strong>\u00a0chuy\u00ean cung c\u1ea5p gi\u1ea3i ph\u00e1p t\u01b0 v\u1ea5n, thi c\u00f4ng, l\u1eafp \u0111\u1eb7t tr\u1ecdn g\u00f3i h\u1ec7 th\u1ed1ng \u0111i\u1ec7n m\u1eb7t tr\u1eddi ho\u00e0 l\u01b0\u1edbi d\u00e0nh cho\u00a0<strong>h\u1ed9 gia \u0111\u00ecnh<\/strong>\u00a0v\u1edbi c\u00e1c h\u1ec7 th\u1ed1ng t\u1eeb\u00a0<strong>3 KWp\u00a0&#8211; 10 KWp<\/strong>.<br \/>\nNgo\u00e0i ra, ch\u00fang t\u00f4i c\u0169ng cung c\u1ea5p\u00a0<strong>tr\u1ecdn b\u1ed9 v\u1eadt t\u01b0 h\u1ec7\u00a0th\u1ed1ng v\u00e0 h\u01b0\u1edbng d\u1eabn<\/strong>\u00a0\u0111\u1ec3 kh\u00e1ch h\u00e0ng c\u00f3 nhu c\u1ea7u c\u00f3 th\u1ec3 t\u1ef1 l\u1eafp \u0111\u1eb7t v\u00e0 s\u1eed d\u1ee5ng, \u0111\u1ea3m b\u1ea3o \u0111\u00fang k\u1ef9 thu\u1eadt v\u00e0 an to\u00e0n.<br \/>\nV\u1edbi h\u1ec7 th\u1ed1ng h\u1ed9 gia \u0111\u00ecnh, trung b\u00ecnh\u00a0<strong>4,5 &#8211; 5 n\u0103m<\/strong>\u00a0kh\u00e1ch h\u00e0ng s\u1ebd thu h\u1ed3i v\u1ed1n,\u00a0<strong>tu\u1ed5i th\u1ecd<\/strong>\u00a0h\u1ec7 th\u1ed1ng l\u00ean \u0111\u1ebfn\u00a0<strong>25 n\u0103m<\/strong>, nh\u01b0 v\u1eady kh\u00e1ch h\u00e0ng \u0111\u01b0\u1ee3c\u00a0<strong>h\u01b0\u1edfng l\u1ee3i t\u1eeb h\u1ec7 th\u1ed1ng tr\u00ean 20 n\u0103m<\/strong>. H\u1ee3p \u0111\u1ed3ng mua b\u00e1n \u0111i\u1ec7n v\u1edbi ng\u00e0nh \u0111i\u1ec7n c\u00f3 hi\u1ec7u l\u1ef1c 20 n\u0103m.<\/p>","protected":false},"excerpt":{"rendered":"<p><strong>M\u1eb7t Tr\u1eddi \u0110\u1ecf<\/strong>\u00a0chuy\u00ean cung c\u1ea5p gi\u1ea3i ph\u00e1p t\u01b0 v\u1ea5n, thi c\u00f4ng, l\u1eafp \u0111\u1eb7t tr\u1ecdn g\u00f3i h\u1ec7 th\u1ed1ng \u0111i\u1ec7n m\u1eb7t tr\u1eddi ho\u00e0 l\u01b0\u1edbi d\u00e0nh cho\u00a0<strong>h\u1ed9 gia \u0111\u00ecnh<\/strong>\u00a0v\u1edbi c\u00e1c h\u1ec7 th\u1ed1ng t\u1eeb\u00a0<strong>3 KWp\u00a0&#8211; 10 KWp<\/strong>.<br \/>\nNgo\u00e0i ra, ch\u00fang t\u00f4i c\u0169ng cung c\u1ea5p\u00a0<strong>tr\u1ecdn b\u1ed9 v\u1eadt t\u01b0 h\u1ec7\u00a0th\u1ed1ng v\u00e0 h\u01b0\u1edbng d\u1eabn<\/strong>\u00a0\u0111\u1ec3 kh\u00e1ch h\u00e0ng c\u00f3 nhu c\u1ea7u c\u00f3 th\u1ec3 t\u1ef1 l\u1eafp \u0111\u1eb7t v\u00e0 s\u1eed d\u1ee5ng, \u0111\u1ea3m b\u1ea3o \u0111\u00fang k\u1ef9 thu\u1eadt v\u00e0 an to\u00e0n.<br \/>\nV\u1edbi h\u1ec7 th\u1ed1ng h\u1ed9 gia \u0111\u00ecnh, trung b\u00ecnh\u00a0<strong>4,5 &#8211; 5 n\u0103m<\/strong>\u00a0kh\u00e1ch h\u00e0ng s\u1ebd thu h\u1ed3i v\u1ed1n,\u00a0<strong>tu\u1ed5i th\u1ecd<\/strong>\u00a0h\u1ec7 th\u1ed1ng l\u00ean \u0111\u1ebfn\u00a0<strong>25 n\u0103m<\/strong>, nh\u01b0 v\u1eady kh\u00e1ch h\u00e0ng \u0111\u01b0\u1ee3c\u00a0<strong>h\u01b0\u1edfng l\u1ee3i t\u1eeb h\u1ec7 th\u1ed1ng tr\u00ean 20 n\u0103m<\/strong>. H\u1ee3p \u0111\u1ed3ng mua b\u00e1n \u0111i\u1ec7n v\u1edbi ng\u00e0nh \u0111i\u1ec7n c\u00f3 hi\u1ec7u l\u1ef1c 20 n\u0103m.<\/p>","protected":false},"featured_media":14488,"comment_status":"open","ping_status":"closed","template":"","meta":{"_acf_changed":false},"product_cat":[529,366,447],"product_tag":[],"class_list":{"0":"post-14487","1":"product","2":"type-product","3":"status-publish","4":"has-post-thumbnail","6":"product_cat-khac","7":"product_cat-hang-cnnt-cap-qg","8":"product_cat-san-pham-cnnt-tb-cap-qg-2017","10":"first","11":"instock","12":"shipping-taxable","13":"product-type-simple"},"acf":[],"_links":{"self":[{"href":"https:\/\/b2c.fairs.vn\/en\/wp-json\/wp\/v2\/product\/14487","targetHints":{"allow":["GET"]}}],"collection":[{"href":"https:\/\/b2c.fairs.vn\/en\/wp-json\/wp\/v2\/product"}],"about":[{"href":"https:\/\/b2c.fairs.vn\/en\/wp-json\/wp\/v2\/types\/product"}],"replies":[{"embeddable":true,"href":"https:\/\/b2c.fairs.vn\/en\/wp-json\/wp\/v2\/comments?post=14487"}],"version-history":[{"count":0,"href":"https:\/\/b2c.fairs.vn\/en\/wp-json\/wp\/v2\/product\/14487\/revisions"}],"wp:featuredmedia":[{"embeddable":true,"href":"https:\/\/b2c.fairs.vn\/en\/wp-json\/wp\/v2\/media\/14488"}],"wp:attachment":[{"href":"https:\/\/b2c.fairs.vn\/en\/wp-json\/wp\/v2\/media?parent=14487"}],"wp:term":[{"taxonomy":"product_cat","embeddable":true,"href":"https:\/\/b2c.fairs.vn\/en\/wp-json\/wp\/v2\/product_cat?post=14487"},{"taxonomy":"product_tag","embeddable":true,"href":"https:\/\/b2c.fairs.vn\/en\/wp-json\/wp\/v2\/product_tag?post=14487"}],"curies":[{"name":"wp","href":"https:\/\/api.w.org\/{rel}","templated":true}]}}