{"id":14448,"date":"2024-04-02T11:58:43","date_gmt":"2024-04-02T04:58:43","guid":{"rendered":"https:\/\/b2c.fairs.vn\/?post_type=product&#038;p=14448"},"modified":"2024-04-02T12:02:23","modified_gmt":"2024-04-02T05:02:23","slug":"che-xanh-ban-ven-htx-than-truong","status":"publish","type":"product","link":"https:\/\/b2c.fairs.vn\/en\/product\/che-xanh-ban-ven-htx-than-truong\/","title":{"rendered":"Ch\u00e8 xanh B\u1ea3n Ven &#8211; HTX Th\u00e2n Tr\u01b0\u1eddng"},"content":{"rendered":"<h4 class=\"rtejustify\">Th\u00f4ng tin s\u1ea3n ph\u1ea9m:<\/h4>\n<p class=\"rtejustify\">Ch\u00e8 xanh b\u1ea3n Ven, \u0111\u01b0\u1ee3c c\u00e1c th\u00e0nh vi\u00ean c\u1ee7a HTX Th\u00e2n Tr\u01b0\u1eddng huy\u1ec7n Y\u00ean Th\u1ebf tr\u1ed3ng, ch\u0103m s\u00f3c theo ti\u00eau chu\u1ea9n VietGap. C\u00e1c di\u1ec7n t\u00edch ch\u00e8 \u0111\u1ec1u \u0111\u01b0\u1ee3c ki\u1ec3m so\u00e1t t\u1ea5t c\u1ea3 c\u00e1c quy tr\u00ecnh, t\u1eeb ch\u0103m s\u00f3c \u0111\u1ebfn thu h\u00e1i v\u00e0 sao ch\u00e8. Kh\u00e1c v\u1edbi nhi\u1ec1u n\u01a1i, ch\u00e8 b\u1ea3n Ven l\u00e1 to, b\u00fap xanh h\u01a1n. N\u01b0\u1edbc ch\u00e8 xanh m\u00e0u c\u1ed1m, \u0111\u1ec3 qua \u0111\u00eam c\u0169ng kh\u00f4ng \u0111\u1ed5i m\u00e0u c\u00f9ng h\u01b0\u01a1ng th\u01a1m n\u1ed3ng l\u00e0 nh\u1eefng \u0111\u1eb7c \u0111i\u1ec3m n\u1ed5i b\u1eadt c\u1ee7a Ch\u00e8 xanh b\u1ea3n Ven (Y\u00ean Th\u1ebf).<\/p>\n<p class=\"rtejustify\">\u0110\u1ec3 s\u1ea3n ph\u1ea9m ch\u00e8 ch\u1ea5t l\u01b0\u1ee3ng, nguy\u00ean li\u1ec7u ph\u1ea3i \u0111\u01b0\u1ee3c h\u00e1i \u0111\u00fang ti\u00eau chu\u1ea9n 1 t\u00f4m 2 l\u00e1 non, kh\u00f4ng b\u1ecb d\u1eadp n\u00e1t, sau \u0111\u00f3 l\u00e0m h\u00e9o s\u01a1 b\u1ed9 b\u1eb1ng c\u00e1ch r\u1ea3i l\u00ean nong \u0111\u1ec3 \u1edf n\u01a1i tho\u00e1ng m\u00e1t kho\u1ea3ng 4 gi\u1edd. \u0110\u1ec3 b\u00fap ch\u00e8 m\u1ec1m m\u1ea1i, xo\u0103n ch\u1eb7t, ch\u00edn \u0111\u1ec1u kh\u00f4ng b\u1ecb g\u00e3y, HTX Th\u00e2n Tr\u01b0\u1eddng s\u1eed d\u1ee5ng m\u00e1y sao li\u00ean t\u1ee5c v\u1edbi c\u00f4ng su\u1ea5t 40kg ch\u00e8 nguy\u00ean li\u1ec7u\/gi\u1edd. Sau \u0111\u00f3 cho v\u00e0o m\u00e1y v\u00f2 kho\u1ea3ng 10 &#8211; 15 ph\u00fat \u0111\u1ec3 c\u00e1nh ch\u00e8 c\u1ee9ng ch\u1eafc, cho v\u00e0o m\u00e1y sao th\u00eam ch\u1eebng 20 &#8211; 25 ph\u00fat, s\u00e0ng qua \u0111\u1ec3 lo\u1ea1i b\u1ecf ch\u00e8 v\u1ee5n r\u1ed3i sao 25 &#8211; 30 ph\u00fat cho kh\u00f4 h\u1eb3n. \u0110\u1ec3 c\u00f3 \u0111\u01b0\u1ee3c s\u1ea3n ph\u1ea9m ngon, kh\u00e1c bi\u1ec7t so v\u1edbi c\u00e1c \u0111\u1ecba ph\u01b0\u01a1ng kh\u00e1c, b\u00ed quy\u1ebft c\u1ee7a ng\u01b0\u1eddi Cao Lan \u1edf b\u1ea3n Ven l\u00e0 khi ch\u00e8 \u0111\u00e3 ngu\u1ed9i th\u00ec r\u1ea3i xu\u1ed1ng n\u1ec1n \u0111\u1ea5t \u0111\u00e3 \u0111\u01b0\u1ee3c l\u00e0m s\u1ea1ch ch\u1eebng 1 gi\u1edd \u0111\u1ec3 l\u1ea5y h\u01b0\u01a1ng \u201c\u00e2m\u201d, \u0111\u00f3ng b\u1ea3o qu\u1ea3n trong th\u00f9ng x\u1ed1p m\u1ed9t tu\u1ea7n r\u1ed3i m\u1edbi \u0111\u01b0a ra \u0111\u00f3ng g\u00f3i s\u1ea3n ph\u1ea9m. S\u1ea3n ph\u1ea9m ch\u00e8 xanh b\u1ea3n Ven, \u0111\u00e3 \u0111\u01b0\u1ee3c C\u1ee5c S\u1edf h\u1eefu tr\u00ed tu\u1ec7 (B\u1ed9 Khoa h\u1ecdc v\u00e0 C\u00f4ng ngh\u1ec7) c\u1ea5p gi\u1ea5y ch\u1ee9ng nh\u1eadn nh\u00e3n hi\u1ec7u \u201cCh\u00e8 xanh b\u1ea3n Ven\u201d n\u0103m 2014.<\/p>\n<h4 class=\"rtejustify\"><strong>H\u01b0\u1edbng d\u1eabn s\u1eed d\u1ee5ng:<\/strong><\/h4>\n<p class=\"rtejustify\">B\u01b0\u1edbc 1: \u0110\u1ec3 pha \u0111\u01b0\u1ee3c ch\u00e8 ngon th\u00ec b\u1ea1n n\u00ean s\u1eed d\u1ee5ng n\u01b0\u1edbc l\u1ecdc (Kh\u00f4ng n\u00ean d\u00f9ng n\u01b0\u1edbc m\u00e1y \u0111\u1ec3 pha ch\u00e8, v\u00ec n\u00f3 s\u1ebd l\u00e0m gi\u1ea3m \u0111i \u0111\u1ed9 ngon c\u1ee7a v\u1ecb ch\u00e8) sau \u0111\u00f3 \u0111un trong kho\u1ea3ng 75\u00b0C \u2013 98\u00b0C.<\/p>\n<p class=\"rtejustify\">B\u01b0\u1edbc 2: Khi m\u00e0 n\u01b0\u1edbc \u0111\u1ea1t t\u1edbi \u0111\u1ed9 s\u00f4i nh\u1ea5t \u0111\u1ecbnh, b\u1ea1n l\u1ea5y m\u1ed9t ph\u1ea7n n\u01b0\u1edbc \u0111\u1ed5 v\u00e0o \u1ea5m, sau \u0111\u00f3 \u0111\u1eady \u1ea5m l\u1ea1i. \u0110\u1ee3i khi \u1ea5m n\u00f3ng n\u00ean th\u00ec b\u1ea1n \u0111\u1ed5 ph\u1ea7n n\u01b0\u1edbc \u0111\u00f3 v\u00e0o c\u00e1c ch\u00e9n u\u1ed1ng ch\u00e8. Sau \u0111\u00f3, cho ch\u00e8 kh\u00f4 v\u00e0o \u1ea5m. T\u00f9y thu\u1ed9c v\u00e0o vi\u1ec7c b\u1ea1n mu\u1ed1n u\u1ed1ng lo\u00e3ng hay u\u1ed1ng \u0111\u1eb7c m\u00e0 l\u01b0\u1ee3ng ch\u00e8 b\u1ea1n cho c\u0169ng nhi\u1ec1u hay \u00edt.<\/p>\n<p class=\"rtejustify\">B\u01b0\u1edbc 3: \u0110\u1ea7u ti\u00ean l\u00e0 b\u1ea1n r\u00f3t n\u01b0\u1edbc v\u00e0o \u1ea5m ch\u00e8. Sau \u0111\u00f3 \u0111\u1ed5 \u0111i c\u00e0ng nhanh c\u00e0ng t\u1ed1t. Vi\u1ec7c n\u00e0y d\u00f9ng \u0111\u1ec3 \u0111\u00e1nh th\u1ee9c ch\u00e8. N\u01b0\u1edbc d\u00f9ng \u0111\u1ec3 \u0111\u00e1nh th\u1ee9c ch\u00e8 l\u00e0 lo\u1ea1i n\u01b0\u1edbc n\u00f3ng, kh\u00f4ng ph\u1ea3i l\u00e0 n\u01b0\u1edbc s\u00f4i.<\/p>\n<p class=\"rtejustify\">B\u01b0\u1edbc 4: \u0110\u1ed5 n\u01b0\u1edbc n\u00f3ng v\u00e0o \u0111\u1ea7y \u1ea5m, \u0111\u1eady n\u1eafp \u1ea5m v\u00e0 h\u00e3m ch\u00e8 trong kho\u1ea3ng 20-40 gi\u00e2y. Sau \u0111\u00f3, b\u1ea1n c\u00f3 th\u1ec3 th\u01b0\u1edfng th\u1ee9c h\u01b0\u01a1ng v\u1ecb th\u01a1m ngon \u0111\u1eb7c tr\u01b0ng c\u1ee7a Ch\u00e8 xanh b\u1ea3n Ven. L\u01b0u \u00fd l\u01b0\u1ee3ng n\u01b0\u1edbc cho v\u00e0o \u1ea5m m\u1ed7i l\u1ea7n v\u1eeba \u0111\u1ee7 s\u1ed1 ng\u01b0\u1eddi th\u01b0\u1edfng th\u1ee9c, kh\u00f4ng \u0111\u1ec3 n\u01b0\u1edbc d\u01b0 trong \u1ea5m v\u00ec s\u1ebd l\u00e0m ch\u00e8 b\u1ecb n\u1eabu.<\/p>\n<h4 class=\"rtejustify\">Quy c\u00e1ch \u0111\u00f3ng g\u00f3i:<\/h4>\n<p class=\"rtejustify\">S\u1ea3n ph\u1ea9m ch\u00e8 \u0111\u00f3ng g\u00f3i, b\u1ea3o qu\u1ea3n trong c\u00e1c t\u00fai h\u00fat ch\u00e2n kh\u00f4ng sau \u0111\u00f3 b\u1ecf v\u00e0o h\u1ed9p v\u1edbi nhi\u1ec1u tr\u1ecdng l\u01b0\u1ee3ng kh\u00e1c nhau: 500g, 200g,100g.<\/p>\n<h4 class=\"rtejustify\">Th\u1ecb tr\u01b0\u1eddng ti\u00eau th\u1ee5:<\/h4>\n<p class=\"rtejustify\">Ch\u00e8 xanh b\u1ea3n Ven \u0111\u01b0\u1ee3c b\u00e1n t\u1ea1i c\u00e1c si\u00eau th\u1ecb, Trung t\u00e2m th\u01b0\u01a1ng m\u1ea1i, c\u00e1c c\u1eeda h\u00e0ng b\u00e1n l\u1ebb tr\u00ean th\u1ecb tr\u01b0\u1eddng to\u00e0n qu\u1ed1c.<\/p>\n<p class=\"rtejustify\">","protected":false},"excerpt":{"rendered":"<p>Th\u00f4ng tin s\u1ea3n ph\u1ea9m: Ch\u00e8 xanh b\u1ea3n Ven, \u0111\u01b0\u1ee3c c\u00e1c th\u00e0nh vi\u00ean c\u1ee7a HTX Th\u00e2n Tr\u01b0\u1eddng huy\u1ec7n Y\u00ean Th\u1ebf tr\u1ed3ng,<\/p>","protected":false},"featured_media":14479,"comment_status":"open","ping_status":"closed","template":"","meta":{"_acf_changed":false},"product_cat":[321,322,366,447,22],"product_tag":[],"class_list":{"0":"post-14448","1":"product","2":"type-product","3":"status-publish","4":"has-post-thumbnail","6":"product_cat-che","7":"product_cat-che-tuoi-che-bien","8":"product_cat-hang-cnnt-cap-qg","9":"product_cat-san-pham-cnnt-tb-cap-qg-2017","10":"product_cat-sanphamthucpham","12":"first","13":"instock","14":"shipping-taxable","15":"purchasable","16":"product-type-simple"},"acf":[],"_links":{"self":[{"href":"https:\/\/b2c.fairs.vn\/en\/wp-json\/wp\/v2\/product\/14448","targetHints":{"allow":["GET"]}}],"collection":[{"href":"https:\/\/b2c.fairs.vn\/en\/wp-json\/wp\/v2\/product"}],"about":[{"href":"https:\/\/b2c.fairs.vn\/en\/wp-json\/wp\/v2\/types\/product"}],"replies":[{"embeddable":true,"href":"https:\/\/b2c.fairs.vn\/en\/wp-json\/wp\/v2\/comments?post=14448"}],"version-history":[{"count":0,"href":"https:\/\/b2c.fairs.vn\/en\/wp-json\/wp\/v2\/product\/14448\/revisions"}],"wp:featuredmedia":[{"embeddable":true,"href":"https:\/\/b2c.fairs.vn\/en\/wp-json\/wp\/v2\/media\/14479"}],"wp:attachment":[{"href":"https:\/\/b2c.fairs.vn\/en\/wp-json\/wp\/v2\/media?parent=14448"}],"wp:term":[{"taxonomy":"product_cat","embeddable":true,"href":"https:\/\/b2c.fairs.vn\/en\/wp-json\/wp\/v2\/product_cat?post=14448"},{"taxonomy":"product_tag","embeddable":true,"href":"https:\/\/b2c.fairs.vn\/en\/wp-json\/wp\/v2\/product_tag?post=14448"}],"curies":[{"name":"wp","href":"https:\/\/api.w.org\/{rel}","templated":true}]}}