{"id":14412,"date":"2024-04-02T11:44:20","date_gmt":"2024-04-02T04:44:20","guid":{"rendered":"https:\/\/b2c.fairs.vn\/?post_type=product&#038;p=14412"},"modified":"2024-04-22T09:42:15","modified_gmt":"2024-04-22T02:42:15","slug":"sua-chua-uong-co-duong","status":"publish","type":"product","link":"https:\/\/b2c.fairs.vn\/en\/product\/sua-chua-uong-co-duong\/","title":{"rendered":"S\u1eefa Chua U\u1ed1ng C\u00f3 \u0110\u01b0\u1eddng"},"content":{"rendered":"<h5 class=\"c-title2\">M\u00f4 t\u1ea3<\/h5>\n<ul>\n<li>S\u1ea3n ph\u1ea9m s\u1eefa thanh tr\u00f9ng Dalatmilk \u0111\u01b0\u1ee3c ch\u1ebf bi\u1ebfn t\u1eeb s\u1eefa b\u00f2 t\u01b0\u01a1i nguy\u00ean ch\u1ea5t t\u1eeb cao nguy\u00ean L\u00e2m \u0110\u1ed3ng \u2013 n\u01a1i c\u00f3 ngu\u1ed3n nguy\u00ean li\u1ec7u s\u1eefa t\u01b0\u01a1i ch\u1ea5t l\u01b0\u1ee3ng cao \u0111\u01b0\u1ee3c v\u1eaft t\u1eeb nh\u1eefng gi\u1ed1ng b\u00f2 s\u1eefa t\u1ed1t nh\u1ea5t trong \u0111i\u1ec1u ki\u1ec7n kh\u00ed h\u1eadu trung b\u00ecnh t\u1eeb 15 \u2013 25oC v\u00e0 \u0111\u1ed9 cao tr\u00ean 1000m.<\/li>\n<li>S\u1eefa chua u\u1ed1ng Dalatmilk \u0111\u01b0\u1ee3c l\u00ean men t\u1eeb s\u1eefa t\u01b0\u01a1i thanh tr\u00f9ng, d\u1ecbch l\u00ean men kh\u00f4ng qua qu\u00e1 tr\u00ecnh x\u1eed l\u00fd nhi\u1ec7t, gi\u1eef l\u1ea1i ch\u1ee7ng vi sinh v\u1eadt c\u00f3 l\u1ee3i L. Bulgaricus.<\/li>\n<li>B\u1ea3o qu\u1ea3n: Lu\u00f4n b\u1ea3o qu\u1ea3n l\u1ea1nh \u1edf nhi\u1ec7t \u0111\u1ed9 t\u1eeb 2 oC \u2013 6 oC<\/li>\n<li>S\u1eed d\u1ee5ng trong v\u00f2ng 24 gi\u1edd sau khi m\u1edf<\/li>\n<li>H\u1ea1n s\u1eed d\u1ee5ng: 30 ng\u00e0y k\u1ec3 t\u1eeb ng\u00e0y s\u1ea3n xu\u1ea5t in tr\u00ean bao b\u00ec<\/li>\n<\/ul>\n<h4 class=\"title2\">Gi\u00e1 tr\u1ecb dinh d\u01b0\u1ee1ng trung b\u00ecnh trong 100ml<\/h4>\n<div class=\"row list2 woocommerce-product-attributes\">\n<div class=\"col-12 featured 0 list2__card1\" data-att=\"attribute_n%c4%83ng-l%c6%b0%e1%bb%a3ng-energy\">\n<div class=\"list2__item1\">\n<h4>N\u0103ng l\u01b0\u1ee3ng\/ Energy<\/h4>\n<div class=\"desc\">\n<p>84,3 kcal<\/p>\n<\/div>\n<\/div>\n<\/div>\n<div class=\"col-sm-6 col-md-4 1 list2__card1\" data-att=\"attribute_hydrat-cacbon-carbohydrates\">\n<div class=\"list2__item1\">\n<h4>Hydrat cacbon\/ Carbohydrates<\/h4>\n<div class=\"desc\">\n<p>12,6 g<\/p>\n<\/div>\n<\/div>\n<\/div>\n<div class=\"col-sm-6 col-md-4 2 list2__card1\" data-att=\"attribute_ch%e1%ba%a5t-%c4%91%e1%ba%a1m-protein\">\n<div class=\"list2__item1\">\n<h4>Ch\u1ea5t \u0111\u1ea1m\/ Protein<\/h4>\n<div class=\"desc\">\n<p>2,4 g<\/p>\n<\/div>\n<\/div>\n<\/div>\n<div class=\"col-sm-6 col-md-4 3 list2__card1\" data-att=\"attribute_ch%e1%ba%a5t-b%c3%a9o-fat\">\n<div class=\"list2__item1\">\n<h4>Ch\u1ea5t b\u00e9o\/ Fat<\/h4>\n<div class=\"desc\">\n<p>2,7 g<\/p>\n<\/div>\n<\/div>\n<\/div>\n<div class=\"col-sm-6 col-md-4 4 list2__card1\" data-att=\"attribute_canxi-calcium\">\n<div class=\"list2__item1\">\n<h4>Canxi\/ Calcium<\/h4>\n<div class=\"desc\">\n<p>86 mg<\/p>\n<\/div>\n<\/div>\n<\/div>\n<\/div>","protected":false},"excerpt":{"rendered":"<p>M\u00f4 t\u1ea3 S\u1ea3n ph\u1ea9m s\u1eefa thanh tr\u00f9ng Dalatmilk \u0111\u01b0\u1ee3c ch\u1ebf bi\u1ebfn t\u1eeb s\u1eefa b\u00f2 t\u01b0\u01a1i nguy\u00ean ch\u1ea5t t\u1eeb cao nguy\u00ean<\/p>","protected":false},"featured_media":14424,"comment_status":"open","ping_status":"closed","template":"","meta":{"_acf_changed":false},"product_cat":[317,366,398,22,313],"product_tag":[],"class_list":{"0":"post-14412","1":"product","2":"type-product","3":"status-publish","4":"has-post-thumbnail","6":"product_cat-che-bien-tu-thit-trung-sua-thuy-san-cac-san-pham-tu-mat-ong-mat-khac-va-nong-san-thuc-pham-khac","7":"product_cat-hang-cnnt-cap-qg","8":"product_cat-san-pham-cnnt-tb-cap-qg-2021","9":"product_cat-sanphamthucpham","10":"product_cat-thuc-pham-che-bien","12":"first","13":"instock","14":"shipping-taxable","15":"product-type-variable"},"acf":[],"_links":{"self":[{"href":"https:\/\/b2c.fairs.vn\/en\/wp-json\/wp\/v2\/product\/14412","targetHints":{"allow":["GET"]}}],"collection":[{"href":"https:\/\/b2c.fairs.vn\/en\/wp-json\/wp\/v2\/product"}],"about":[{"href":"https:\/\/b2c.fairs.vn\/en\/wp-json\/wp\/v2\/types\/product"}],"replies":[{"embeddable":true,"href":"https:\/\/b2c.fairs.vn\/en\/wp-json\/wp\/v2\/comments?post=14412"}],"version-history":[{"count":0,"href":"https:\/\/b2c.fairs.vn\/en\/wp-json\/wp\/v2\/product\/14412\/revisions"}],"wp:featuredmedia":[{"embeddable":true,"href":"https:\/\/b2c.fairs.vn\/en\/wp-json\/wp\/v2\/media\/14424"}],"wp:attachment":[{"href":"https:\/\/b2c.fairs.vn\/en\/wp-json\/wp\/v2\/media?parent=14412"}],"wp:term":[{"taxonomy":"product_cat","embeddable":true,"href":"https:\/\/b2c.fairs.vn\/en\/wp-json\/wp\/v2\/product_cat?post=14412"},{"taxonomy":"product_tag","embeddable":true,"href":"https:\/\/b2c.fairs.vn\/en\/wp-json\/wp\/v2\/product_tag?post=14412"}],"curies":[{"name":"wp","href":"https:\/\/api.w.org\/{rel}","templated":true}]}}