{"id":14388,"date":"2024-04-02T11:50:10","date_gmt":"2024-04-02T04:50:10","guid":{"rendered":"https:\/\/b2c.fairs.vn\/?post_type=product&#038;p=14388"},"modified":"2024-04-16T15:42:34","modified_gmt":"2024-04-16T08:42:34","slug":"nuoc-mam-van-phan","status":"publish","type":"product","link":"https:\/\/b2c.fairs.vn\/en\/product\/nuoc-mam-van-phan\/","title":{"rendered":"N\u01b0\u1edbc m\u1eafm V\u1ea1n Ph\u1ea7n"},"content":{"rendered":"<h1><strong>Th\u00f4ng tin s\u1ea3n ph\u1ea9m<\/strong><\/h1>\n<p>N\u01b0\u1edbc m\u1eafm c\u1ed1t nh\u0129 V\u1ea1n Ph\u1ea7n 40 \u0111\u1ed9 \u0111\u1ea1m 500ml\u00a0\u0111\u1eadm \u0111\u1eb7c h\u01a1n, s\u00e1nh quy\u1ec7n h\u01a1n, c\u00f3 h\u1eadu v\u1ecb ng\u1ecdt \u0111\u1eb7c tr\u01b0ng c\u1ee7a c\u00e1, v\u00e0 m\u00e0u n\u00e2u m\u1eadt ong.<\/p>\n<table class=\"Table\" cellspacing=\"0\">\n<tbody>\n<tr>\n<td>\u0110\u1ed9 \u0111\u1ea1m<\/td>\n<td>40 \u0111\u1ed9 \u0111\u1ea1m<\/td>\n<\/tr>\n<tr>\n<td>Th\u00e0nh ph\u1ea7n<\/td>\n<td>C\u00e1 c\u01a1m t\u01b0\u01a1i v\u00e0 Mu\u1ed1i bi\u1ec3n.<\/p>\n<p>S\u1ea3n xu\u1ea5t t\u1eeb c\u00e1 c\u01a1m than theo ti\u00eau chu\u1ea9n TCVN 5107\/2018, h\u1ec7 th\u1ed1ng qu\u1ea3n l\u00fd ch\u1ea5t l\u01b0\u1ee3ng HACCP.<\/td>\n<\/tr>\n<tr>\n<td>Xu\u1ea5t x\u1ee9<\/td>\n<td>Vi\u1ec7t Nam<\/td>\n<\/tr>\n<tr>\n<td>S\u1ed1 CBCL<\/td>\n<td>12\/CTVP\/2023<\/td>\n<\/tr>\n<tr>\n<td>Th\u01b0\u01a1ng hi\u1ec7u<\/td>\n<td>V\u1ea1n Ph\u1ea7n (Vi\u1ec7t Nam)<\/td>\n<\/tr>\n<tr>\n<td>S\u1ea3n xu\u1ea5t t\u1ea1i<\/td>\n<td>C\u00d4NG TY C\u1ed4 PH\u1ea6N TH\u1ee6Y S\u1ea2N V\u1ea0N PH\u1ea6N DI\u1ec4N CH\u00c2U.<\/p>\n<p>\u0110\u1ecba ch\u1ec9: X\u00e3 Di\u1ec5n Ng\u1ecdc &#8211; Huy\u1ec7n Di\u1ec5n Ch\u00e2u &#8211; T\u1ec9nh Ngh\u1ec7 An.<\/td>\n<\/tr>\n<\/tbody>\n<\/table>\n<p>&nbsp;<\/p>","protected":false},"excerpt":{"rendered":"<p>Th\u00f4ng tin s\u1ea3n ph\u1ea9m N\u01b0\u1edbc m\u1eafm c\u1ed1t nh\u0129 V\u1ea1n Ph\u1ea7n 40 \u0111\u1ed9 \u0111\u1ea1m 500ml\u00a0\u0111\u1eadm \u0111\u1eb7c h\u01a1n, s\u00e1nh quy\u1ec7n h\u01a1n, c\u00f3<\/p>","protected":false},"featured_media":14418,"comment_status":"open","ping_status":"closed","template":"","meta":{"_acf_changed":false},"product_cat":[366,447,446,22],"product_tag":[],"class_list":{"0":"post-14388","1":"product","2":"type-product","3":"status-publish","4":"has-post-thumbnail","6":"product_cat-hang-cnnt-cap-qg","7":"product_cat-san-pham-cnnt-tb-cap-qg-2017","8":"product_cat-san-pham-cnnt-tb-cap-qg-2019","9":"product_cat-sanphamthucpham","11":"first","12":"instock","13":"shipping-taxable","14":"purchasable","15":"product-type-variable"},"acf":[],"_links":{"self":[{"href":"https:\/\/b2c.fairs.vn\/en\/wp-json\/wp\/v2\/product\/14388","targetHints":{"allow":["GET"]}}],"collection":[{"href":"https:\/\/b2c.fairs.vn\/en\/wp-json\/wp\/v2\/product"}],"about":[{"href":"https:\/\/b2c.fairs.vn\/en\/wp-json\/wp\/v2\/types\/product"}],"replies":[{"embeddable":true,"href":"https:\/\/b2c.fairs.vn\/en\/wp-json\/wp\/v2\/comments?post=14388"}],"version-history":[{"count":0,"href":"https:\/\/b2c.fairs.vn\/en\/wp-json\/wp\/v2\/product\/14388\/revisions"}],"wp:featuredmedia":[{"embeddable":true,"href":"https:\/\/b2c.fairs.vn\/en\/wp-json\/wp\/v2\/media\/14418"}],"wp:attachment":[{"href":"https:\/\/b2c.fairs.vn\/en\/wp-json\/wp\/v2\/media?parent=14388"}],"wp:term":[{"taxonomy":"product_cat","embeddable":true,"href":"https:\/\/b2c.fairs.vn\/en\/wp-json\/wp\/v2\/product_cat?post=14388"},{"taxonomy":"product_tag","embeddable":true,"href":"https:\/\/b2c.fairs.vn\/en\/wp-json\/wp\/v2\/product_tag?post=14388"}],"curies":[{"name":"wp","href":"https:\/\/api.w.org\/{rel}","templated":true}]}}