{"id":14386,"date":"2024-04-02T11:44:32","date_gmt":"2024-04-02T04:44:32","guid":{"rendered":"https:\/\/b2c.fairs.vn\/?post_type=product&#038;p=14386"},"modified":"2024-04-02T11:44:33","modified_gmt":"2024-04-02T04:44:33","slug":"vien-bao-phim-kim-tien-thao-opc-chai-100-vien","status":"publish","type":"product","link":"https:\/\/b2c.fairs.vn\/en\/product\/vien-bao-phim-kim-tien-thao-opc-chai-100-vien\/","title":{"rendered":"Vi\u00ean bao phim Kim Ti\u1ec1n Th\u1ea3o OPC chai 100 vi\u00ean"},"content":{"rendered":"<p><strong>C\u00d4NG TH\u1ee8C:<\/strong><\/p>\n<p>Cho 1 vi\u00ean bao phim:<br \/>\nCao \u0111\u1eb7c Kim ti\u1ec1n th\u1ea3o: 120 mg<br \/>\nT\u00e1 d\u01b0\u1ee3c: v\u1eeba \u0111\u1ee7 1 vi\u00ean<\/p>\n<p><strong>CH\u1ec8 \u0110\u1ecaNH:\u00a0<\/strong>D\u00f9ng trong tr\u01b0\u1eddng h\u1ee3p b\u1ecb s\u1ecfi \u0111\u01b0\u1eddng ti\u1ebft ni\u1ec7u, s\u1ecfi th\u1eadn.<\/p>\n<p><strong>C\u00c1CH D\u00d9NG: <\/strong>U\u1ed1ng m\u00f4\u0303i l\u00e2\u0300n 5 vi\u00ean, nga\u0300y 3 l\u1ea7n. U\u00f4\u0301ng nhi\u00ea\u0300u n\u01b0\u01a1\u0301c trong th\u01a1\u0300i gian \u0111i\u00ea\u0300u tri\u0323.<\/p>\n<p><strong>CH\u1ed0NG CH\u1ec8 \u0110\u1ecaNH:<\/strong><\/p>\n<p>Ng\u01b0\u1eddi thi\u1ebfu m\u00e1u, h\u00e1o kh\u00e1t, \u00e2m h\u01b0.<\/p>\n<p>Ng\u01b0\u1eddi m\u1eabn c\u1ea3m v\u1edbi b\u1ea5t k\u1ef3 th\u00e0nh ph\u1ea7n n\u00e0o c\u1ee7a s\u1ea3n ph\u1ea9m.<\/p>\n<p><strong>D\u1ea0NG TR\u00ccNH B\u00c0Y<\/strong>:\u00a0H\u1ed9p nh\u1ef1a 100 vi\u00ean bao phim.<\/p>\n<p><strong>\u0110I\u1ec0U KI\u1ec6N B\u1ea2O QU\u1ea2N<\/strong>:\u00a0N\u01a1i kh\u00f4 ma\u0301t, nhi\u1ec7t \u0111\u1ed9 d\u01b0\u01a1\u0301i 30 \u0111\u1ed9 C.<\/p>\n<p><strong>H\u1ea0N S\u1eec D\u1ee4NG:\u00a0<\/strong>36 th\u00e1ng k\u1ec3 t\u1eeb ng\u00e0y s\u1ea3n xu\u1ea5t.<\/p>\n<p><strong>NG\u00c0Y S\u1ea2N XU\u1ea4T:\u00a0<\/strong>In tr\u00ean bao b\u00ec.<\/p>\n<p><strong>XU\u1ea4T X\u1ee8:\u00a0<\/strong>Vi\u1ec7t Nam.<\/p>","protected":false},"excerpt":{"rendered":"<p>C\u00d4NG TH\u1ee8C: Cho 1 vi\u00ean bao phim: Cao \u0111\u1eb7c Kim ti\u1ec1n th\u1ea3o: 120 mg T\u00e1 d\u01b0\u1ee3c: v\u1eeba \u0111\u1ee7 1 vi\u00ean<\/p>","protected":false},"featured_media":14417,"comment_status":"open","ping_status":"closed","template":"","meta":{"_acf_changed":false},"product_cat":[332,366,447,333],"product_tag":[],"class_list":{"0":"post-14386","1":"product","2":"type-product","3":"status-publish","4":"has-post-thumbnail","6":"product_cat-san-pham-duoc-lieu-va-san-pham-tu-duoc-lieu","7":"product_cat-hang-cnnt-cap-qg","8":"product_cat-san-pham-cnnt-tb-cap-qg-2017","9":"product_cat-thuc-pham-chuc-nang-thuoc-duoc-lieu-thuoc-y-hoc-co-truyen","11":"first","12":"instock","13":"shipping-taxable","14":"purchasable","15":"product-type-simple"},"acf":[],"_links":{"self":[{"href":"https:\/\/b2c.fairs.vn\/en\/wp-json\/wp\/v2\/product\/14386","targetHints":{"allow":["GET"]}}],"collection":[{"href":"https:\/\/b2c.fairs.vn\/en\/wp-json\/wp\/v2\/product"}],"about":[{"href":"https:\/\/b2c.fairs.vn\/en\/wp-json\/wp\/v2\/types\/product"}],"replies":[{"embeddable":true,"href":"https:\/\/b2c.fairs.vn\/en\/wp-json\/wp\/v2\/comments?post=14386"}],"version-history":[{"count":0,"href":"https:\/\/b2c.fairs.vn\/en\/wp-json\/wp\/v2\/product\/14386\/revisions"}],"wp:featuredmedia":[{"embeddable":true,"href":"https:\/\/b2c.fairs.vn\/en\/wp-json\/wp\/v2\/media\/14417"}],"wp:attachment":[{"href":"https:\/\/b2c.fairs.vn\/en\/wp-json\/wp\/v2\/media?parent=14386"}],"wp:term":[{"taxonomy":"product_cat","embeddable":true,"href":"https:\/\/b2c.fairs.vn\/en\/wp-json\/wp\/v2\/product_cat?post=14386"},{"taxonomy":"product_tag","embeddable":true,"href":"https:\/\/b2c.fairs.vn\/en\/wp-json\/wp\/v2\/product_tag?post=14386"}],"curies":[{"name":"wp","href":"https:\/\/api.w.org\/{rel}","templated":true}]}}