{"id":14355,"date":"2024-04-02T11:52:07","date_gmt":"2024-04-02T04:52:07","guid":{"rendered":"https:\/\/b2c.fairs.vn\/?post_type=product&#038;p=14355"},"modified":"2024-04-02T12:11:46","modified_gmt":"2024-04-02T05:11:46","slug":"mat-hoa-dua","status":"publish","type":"product","link":"https:\/\/b2c.fairs.vn\/en\/product\/mat-hoa-dua\/","title":{"rendered":"M\u1eadt Hoa D\u1eeba"},"content":{"rendered":"<p>&nbsp;<\/p>\n<p><strong>1. M\u1eadt hoa d\u1eeba l\u00e0 g\u00ec?<\/strong><\/p>\n<p>\u2013 m\u1eadt hoa d\u1eeba \u0111\u01b0\u1ee3c l\u1ea5y t\u1eeb hoa c\u1ee7a c\u00e2y d\u1eeba (m\u1eadt hoa d\u1eeba kh\u00f4ng ph\u1ea3i l\u00e0 m\u1eadt ong)<\/p>\n<p>\u2013 hoa d\u1eeba \u0111\u01b0\u1ee3c tuy\u1ec3n ch\u1ecdn t\u1eeb nh\u1eefng c\u00e2y d\u1eeba 3-10 n\u0103m tu\u1ed5i, b\u1eb1ng c\u00e1c k\u1ef9 thu\u1eadt \u201cm\u00e1t xa\u201d hoa v\u00e0 c\u1eaft l\u1edbp m\u1ecfng ph\u1ea7n \u0111\u1ea7u hoa c\u1ee7a ng\u01b0\u1eddi khmer t\u1ea1i tr\u00e0 vinh, nh\u1eefng gi\u1ecdt m\u1eadt hoa d\u1eeba s\u1ebd ch\u1ea3y ra t\u1eeb \u0111\u00f3. M\u1ed9t hoa d\u1eeba c\u00f3 th\u1ec3 cho t\u1edbi 25 l\u00edt m\u1eadt, v\u00e0 ph\u1ea3i c\u1ea7n t\u1edbi 8 l\u00edt m\u1eadt hoa c\u00f4 \u0111\u1eb7c l\u1ea1i m\u1edbi \u0111\u01b0\u1ee3c 1 l\u00edt m\u1eadt hoa d\u1eeba th\u00e0nh ph\u1ea9m.<\/p>\n<p>\u2013 ch\u1ec9 s\u1ed1 \u0111\u01b0\u1eddng huy\u1ebft (gi) th\u1ea5p n\u00ean s\u1eed d\u1ee5ng \u0111\u01b0\u1ee3c cho ng\u01b0\u1eddi ti\u1ec3u \u0111\u01b0\u1eddng type 2, ng\u01b0\u1eddi \u0111\u01b0\u1eddng huy\u1ebft cao, ng\u01b0\u1eddi \u0103n ch\u1ebf \u0111\u1ed9<\/p>\n<p>\u2013 m\u1eadt hoa d\u1eeba thu\u1ea7n t\u1ef1 nhi\u00ean l\u1ea1i g\u1ed1c th\u1ef1c v\u1eadt n\u00ean l\u00e0nh t\u00ednh 100%. Th\u00edch h\u1ee3p v\u1edbi to\u00e0n b\u1ed9 m\u1ecdi ng\u01b0\u1eddi<\/p>\n<p>\u2013 m\u1eadt hoa d\u1eeba \u0111\u01b0\u1ee3c l\u1ea5y tr\u00ean c\u1ea3 hoa \u0111\u1ef1c v\u00e0 hoa c\u00e1i n\u00ean m\u1eadt hoa d\u1eeba t\u1ef1 c\u00e2n b\u1eb1ng \u00e2m d\u01b0\u01a1ng. V\u00ec v\u1eady d\u00f9ng m\u1eadt hoa d\u1eeba kh\u00f4ng lo b\u1ecb nhi\u1ec7t, c\u0169ng kh\u00f4ng s\u1ee3 b\u1ecb h\u00e0n n\u1ebfu c\u00f3 d\u00f9ng qu\u00e1 nhi\u1ec1u.<\/p>\n<p>\u2013 m\u1eadt hoa d\u1eeba v\u01b0\u1ee3t tr\u1ed9i ho\u00e0n to\u00e0n so v\u1edbi n\u01b0\u1edbc d\u1eeba (d\u00f9 c\u00f9ng t\u1eeb hoa d\u1eeba sinh ra), v\u00ec n\u01b0\u1edbc d\u1eeba t\u00ednh \u00e2m, n\u1ebfu d\u00f9ng nhi\u1ec1u li\u00ean t\u1ee5c d\u1ec5 b\u1ecb t\u1ee5t huy\u1ebft \u00e1p. C\u00f2n c\u00e1c kho\u00e1ng ch\u1ea5t trong m\u1eadt hoa d\u1eeba c\u0169ng t\u1ef1 c\u00e2n b\u1eb1ng n\u00ean gi\u00fap c\u01a1 th\u1ec3 ng\u01b0\u1eddi s\u1eed d\u1ee5ng lu\u00f4n \u1edf th\u1ebf \u1ed5n \u0111\u1ecbnh.<\/p>\n<p><strong>2. C\u00f4ng D\u1ee5ng<\/strong><\/p>\n<p>\u2013 \u1ed4n \u0111\u1ecbnh \u0111\u01b0\u1eddng huy\u1ebft<br \/>\n\u2013 T\u0103ng s\u1ee9c \u0111\u1ec1 kh\u00e1ng<br \/>\n\u2013 B\u1ed5 sung n\u0103ng l\u01b0\u1ee3ng kho\u00e1ng ch\u1ea5t c\u01a1 th\u1ec3<br \/>\n\u2013 Thanh l\u1ecdc c\u01a1 th\u1ec3, gi\u00fap c\u00e2n b\u1eb1ng \u0111i\u1ec7n gi\u1ea3i<\/p>\n<p><strong>3. H\u01b0\u1edbng d\u1eabn s\u1eed d\u1ee5ng<\/strong><\/p>\n<p>C\u00f3 th\u1ec3 d\u00f9ng tr\u1ef1c ti\u1ebfp, t\u1ea9m \u01b0\u1edbp nh\u01b0 gia v\u1ecb trong n\u1ea5u \u0103n, pha c\u00e1c lo\u1ea1i th\u1ee9c u\u1ed1ng ho\u1eb7c d\u00f9ng v\u1edbi c\u00e1c l\u1ea1i b\u00e1nh.<br \/>\nTham kh\u1ea3o c\u00e1ch d\u00f9ng<br \/>\n\u2013 D\u00f9ng tr\u1ef1c ti\u1ebfp \u0111\u1ec3 b\u1ed5 sung n\u0103ng l\u01b0\u1ee3ng.<br \/>\n\u2013 Pha v\u1edbi n\u01b0\u1edbc \u1ea5m, b\u1ed9t ng\u0169 c\u1ed1c, cafe, tr\u00e0 s\u1eefa, s\u1eefa h\u1ea1t ho\u1eb7c c\u00e1c lo\u1ea1i th\u1ee9c u\u1ed1ng<br \/>\n\u2013 T\u1ea9m \u01b0\u1edbp nh\u01b0 gia v\u1ecb trong n\u1ea5u \u0103n \u0111\u01b0\u1ee3c (s\u1ea3n ph\u1ea9m ch\u1ecbu \u0111\u01b0\u1ee3c nhi\u1ec7t \u0111\u1ed9 cao, kh\u00e1c bi\u1ec7t so v\u1edbi m\u1eadt ong).<br \/>\n\u2013 Tr\u1ed9n v\u1edbi salad, ch\u1ebf bi\u1ebfn g\u1ecfi ho\u1eb7c d\u00f9ng tr\u1ed9n v\u1edbi c\u00e1c lo\u1ea1i tr\u00e1i c\u00e2y khi \u0103n k\u00e8m<br \/>\n\u2013 Ho\u1eb7c c\u00f3 th\u1ec3 d\u00f9ng k\u00e8m v\u1edbi c\u00e1c lo\u1ea1i b\u00e1nh t\u00e2y, b\u00e1nh m\u00ec<\/p>\n<p>Ngo\u00e0i ra c\u00f2n c\u00f3 th\u1ec3 l\u00e0m qu\u00e0 bi\u1ebfu t\u1eb7ng : M\u00f3n qu\u00e0 tuy\u1ec7t v\u1eddi v\u00e0 th\u1ec3 hi\u1ec7n t\u00ecnh c\u1ea3m quan t\u00e2m v\u1edbi nh\u1eefng ng\u01b0\u1eddi b\u1ea1n y\u00eau qu\u00fd nh\u01b0 \u00f4ng b\u00e0, b\u1ed1 m\u1eb9, anh ch\u1ecb em, V\u00e0 l\u00e0m qu\u00e0 bi\u1ebfu t\u1eb7ng cho s\u1ebfp, kh\u00e1ch h\u00e0ng, c\u00e1c \u0111\u1ed1i t\u00e1c trong v\u00e0 ngo\u00e0i n\u01b0\u1edbc.<\/p>\n<p><strong>4. H\u1ea1n s\u1eed d\u1ee5ng : 12 th\u00e1ng<\/strong><\/p>","protected":false},"excerpt":{"rendered":"<p>&nbsp; 1. M\u1eadt hoa d\u1eeba l\u00e0 g\u00ec? \u2013 m\u1eadt hoa d\u1eeba \u0111\u01b0\u1ee3c l\u1ea5y t\u1eeb hoa c\u1ee7a c\u00e2y d\u1eeba (m\u1eadt hoa<\/p>","protected":false},"featured_media":14453,"comment_status":"open","ping_status":"closed","template":"","meta":{"_acf_changed":false},"product_cat":[312,366,398,22,310],"product_tag":[],"class_list":{"0":"post-14355","1":"product","2":"type-product","3":"status-publish","4":"has-post-thumbnail","6":"product_cat-mat-ong-mat-khac-va-nong-san-thuc-pham-khac","7":"product_cat-hang-cnnt-cap-qg","8":"product_cat-san-pham-cnnt-tb-cap-qg-2021","9":"product_cat-sanphamthucpham","10":"product_cat-thuc-pham-tho-so-che","12":"first","13":"instock","14":"shipping-taxable","15":"purchasable","16":"product-type-simple"},"acf":[],"_links":{"self":[{"href":"https:\/\/b2c.fairs.vn\/en\/wp-json\/wp\/v2\/product\/14355","targetHints":{"allow":["GET"]}}],"collection":[{"href":"https:\/\/b2c.fairs.vn\/en\/wp-json\/wp\/v2\/product"}],"about":[{"href":"https:\/\/b2c.fairs.vn\/en\/wp-json\/wp\/v2\/types\/product"}],"replies":[{"embeddable":true,"href":"https:\/\/b2c.fairs.vn\/en\/wp-json\/wp\/v2\/comments?post=14355"}],"version-history":[{"count":0,"href":"https:\/\/b2c.fairs.vn\/en\/wp-json\/wp\/v2\/product\/14355\/revisions"}],"wp:featuredmedia":[{"embeddable":true,"href":"https:\/\/b2c.fairs.vn\/en\/wp-json\/wp\/v2\/media\/14453"}],"wp:attachment":[{"href":"https:\/\/b2c.fairs.vn\/en\/wp-json\/wp\/v2\/media?parent=14355"}],"wp:term":[{"taxonomy":"product_cat","embeddable":true,"href":"https:\/\/b2c.fairs.vn\/en\/wp-json\/wp\/v2\/product_cat?post=14355"},{"taxonomy":"product_tag","embeddable":true,"href":"https:\/\/b2c.fairs.vn\/en\/wp-json\/wp\/v2\/product_tag?post=14355"}],"curies":[{"name":"wp","href":"https:\/\/api.w.org\/{rel}","templated":true}]}}