{"id":14348,"date":"2024-04-02T11:14:47","date_gmt":"2024-04-02T04:14:47","guid":{"rendered":"https:\/\/b2c.fairs.vn\/?post_type=product&#038;p=14348"},"modified":"2024-04-16T15:31:15","modified_gmt":"2024-04-16T08:31:15","slug":"nuoc-khoang-thien-nhien-cuc-phuong","status":"publish","type":"product","link":"https:\/\/b2c.fairs.vn\/en\/product\/nuoc-khoang-thien-nhien-cuc-phuong\/","title":{"rendered":"N\u01b0\u1edbc kho\u00e1ng thi\u00ean nhi\u00ean C\u00fac Ph\u01b0\u01a1ng"},"content":{"rendered":"<p align=\"justify\"><strong>T\u00e1c d\u1ee5ng :<\/strong>\u00a0N\u01b0\u1edbc kho\u00e1ng thi\u00ean nhi\u00ean C\u00fac Ph\u01b0\u01a1ng c\u00f3 h\u00e0m l\u01b0\u1ee3ng kho\u00e1ng nh\u1eb9 gi\u00fap b\u1ed5 xung kho\u00e1ng ch\u1ea5t thi\u1ebft y\u1ebfu cho c\u01a1 th\u1ec3 b\u1ea1n kh\u1ecfe kho\u1eafn v\u00e0 n\u1eb7ng \u0111\u1ed9ng m\u1ed7i ng\u00e0y.<\/p>\n<p>V\u1edbi m\u00f4i tr\u01b0\u1eddng thi\u00ean nhi\u00ean nguy\u00ean sinh c\u1ee7a r\u1eebng m\u01b0a nhi\u1ec7t \u0111\u1edbi, t\u00e1ch b\u1ea1ch ho\u00e0n to\u00e0n v\u1edbii v\u00f9ng \u0111\u00f4ng d\u00e2n c\u01b0 v\u00e0 khu c\u00f4ng nghi\u1ec7p. Nh\u1edd \u0111\u00f3, n\u01b0\u1edbc kho\u00e1ng thi\u00ean nhi\u00ean C\u00fac Ph\u01b0\u01a1ng lu\u00f4n mang trong m\u00ecnh m\u1ed9t v\u1ecb h\u01b0\u01a1ng r\u1ea5t t\u1ef1\u00a0 nhi\u00ean. H\u00e3y u\u1ed1ng v\u00e0 c\u1ea3m nh\u1eadn&#8230; h\u01b0\u01a1ng v\u1ecb thi\u00ean nhi\u00ean n\u00fai r\u1eebng s\u1ebd l\u1eafng \u0111\u1ecdng trong t\u1eebng t\u1ebf b\u00e0o v\u1ecb gi\u00e1c c\u1ee7a b\u1ea1n<\/p>\n<p align=\"justify\"><strong>C\u00f4ng ngh\u1ec7 s\u1ea3n xu\u1ea5t :\u00a0<\/strong>C\u00f4ng ngh\u1ec7 s\u1ea3n xu\u1ea5t: N\u01b0\u1edbc kho\u00e1ng thi\u00ean nhi\u00ean C\u00fac Ph\u01b0\u01a1ng \u0111\u01b0\u1ee3c khai th\u00e1c t\u1ea1i m\u1ea1ch n\u01b0\u1edbc kho\u00e1ng ng\u1ea7m qu\u00fd hi\u1ebfm ngay v\u00f9ng \u0111\u1ec7m c\u1ee7a r\u1eebng nguy\u00ean sinh C\u00fac Ph\u01b0\u01a1ng v\u00e0 \u0111\u01b0\u1ee3c \u0111\u00f3ng chai t\u1ea1i ngu\u1ed3n tr\u00ean d\u00e2y chuy\u1ec1n c\u00f4ng ngh\u1ec7 hi\u1ec7n \u0111\u1ea1i Italy.<\/p>","protected":false},"excerpt":{"rendered":"<p align=\"justify\"><strong>T\u00e1c d\u1ee5ng :<\/strong>\u00a0N\u01b0\u1edbc kho\u00e1ng thi\u00ean nhi\u00ean C\u00fac Ph\u01b0\u01a1ng c\u00f3 h\u00e0m l\u01b0\u1ee3ng kho\u00e1ng nh\u1eb9 gi\u00fap b\u1ed5 xung kho\u00e1ng ch\u1ea5t thi\u1ebft y\u1ebfu cho c\u01a1 th\u1ec3 b\u1ea1n kh\u1ecfe kho\u1eafn v\u00e0 n\u1eb7ng \u0111\u1ed9ng m\u1ed7i ng\u00e0y.<\/p>\n<p>V\u1edbi m\u00f4i tr\u01b0\u1eddng thi\u00ean nhi\u00ean nguy\u00ean sinh c\u1ee7a r\u1eebng m\u01b0a nhi\u1ec7t \u0111\u1edbi, t\u00e1ch b\u1ea1ch ho\u00e0n to\u00e0n v\u1edbii v\u00f9ng \u0111\u00f4ng d\u00e2n c\u01b0 v\u00e0 khu c\u00f4ng nghi\u1ec7p. Nh\u1edd \u0111\u00f3, n\u01b0\u1edbc kho\u00e1ng thi\u00ean nhi\u00ean C\u00fac Ph\u01b0\u01a1ng lu\u00f4n mang trong m\u00ecnh m\u1ed9t v\u1ecb h\u01b0\u01a1ng r\u1ea5t t\u1ef1\u00a0 nhi\u00ean. H\u00e3y u\u1ed1ng v\u00e0 c\u1ea3m nh\u1eadn&#8230; h\u01b0\u01a1ng v\u1ecb thi\u00ean nhi\u00ean n\u00fai r\u1eebng s\u1ebd l\u1eafng \u0111\u1ecdng trong t\u1eebng t\u1ebf b\u00e0o v\u1ecb gi\u00e1c c\u1ee7a b\u1ea1n<\/p>\n<p align=\"justify\"><strong>C\u00f4ng ngh\u1ec7 s\u1ea3n xu\u1ea5t :\u00a0<\/strong>C\u00f4ng ngh\u1ec7 s\u1ea3n xu\u1ea5t: N\u01b0\u1edbc kho\u00e1ng thi\u00ean nhi\u00ean C\u00fac Ph\u01b0\u01a1ng \u0111\u01b0\u1ee3c khai th\u00e1c t\u1ea1i m\u1ea1ch n\u01b0\u1edbc kho\u00e1ng ng\u1ea7m qu\u00fd hi\u1ebfm ngay v\u00f9ng \u0111\u1ec7m c\u1ee7a r\u1eebng nguy\u00ean sinh C\u00fac Ph\u01b0\u01a1ng v\u00e0 \u0111\u01b0\u1ee3c \u0111\u00f3ng chai t\u1ea1i ngu\u1ed3n tr\u00ean d\u00e2y chuy\u1ec1n c\u00f4ng ngh\u1ec7 hi\u1ec7n \u0111\u1ea1i Italy.<\/p>","protected":false},"featured_media":14352,"comment_status":"open","ping_status":"closed","template":"","meta":{"_acf_changed":false},"product_cat":[325,329,330,366,447],"product_tag":[],"class_list":{"0":"post-14348","1":"product","2":"type-product","3":"status-publish","4":"has-post-thumbnail","6":"product_cat-san-pham-do-uong","7":"product_cat-do-uong-khong-con","8":"product_cat-nuoc-khoang-thien-nhien-nuoc-uong-tinh-khiet","9":"product_cat-hang-cnnt-cap-qg","10":"product_cat-san-pham-cnnt-tb-cap-qg-2017","12":"first","13":"instock","14":"shipping-taxable","15":"product-type-variable"},"acf":[],"_links":{"self":[{"href":"https:\/\/b2c.fairs.vn\/en\/wp-json\/wp\/v2\/product\/14348","targetHints":{"allow":["GET"]}}],"collection":[{"href":"https:\/\/b2c.fairs.vn\/en\/wp-json\/wp\/v2\/product"}],"about":[{"href":"https:\/\/b2c.fairs.vn\/en\/wp-json\/wp\/v2\/types\/product"}],"replies":[{"embeddable":true,"href":"https:\/\/b2c.fairs.vn\/en\/wp-json\/wp\/v2\/comments?post=14348"}],"version-history":[{"count":0,"href":"https:\/\/b2c.fairs.vn\/en\/wp-json\/wp\/v2\/product\/14348\/revisions"}],"wp:featuredmedia":[{"embeddable":true,"href":"https:\/\/b2c.fairs.vn\/en\/wp-json\/wp\/v2\/media\/14352"}],"wp:attachment":[{"href":"https:\/\/b2c.fairs.vn\/en\/wp-json\/wp\/v2\/media?parent=14348"}],"wp:term":[{"taxonomy":"product_cat","embeddable":true,"href":"https:\/\/b2c.fairs.vn\/en\/wp-json\/wp\/v2\/product_cat?post=14348"},{"taxonomy":"product_tag","embeddable":true,"href":"https:\/\/b2c.fairs.vn\/en\/wp-json\/wp\/v2\/product_tag?post=14348"}],"curies":[{"name":"wp","href":"https:\/\/api.w.org\/{rel}","templated":true}]}}