{"id":14347,"date":"2024-04-02T11:10:21","date_gmt":"2024-04-02T04:10:21","guid":{"rendered":"https:\/\/b2c.fairs.vn\/?post_type=product&#038;p=14347"},"modified":"2024-04-02T11:31:10","modified_gmt":"2024-04-02T04:31:10","slug":"tra-sua-oolong-xanh-240-g","status":"publish","type":"product","link":"https:\/\/b2c.fairs.vn\/en\/product\/tra-sua-oolong-xanh-240-g\/","title":{"rendered":"TR\u00c0 S\u1eeeA OOLONG XANH &#8211; 240 G"},"content":{"rendered":"<h2>Tr\u00e0 s\u1eefa Olong xanh nguy\u00ean ch\u1ea5t ho\u00e0 tan<\/h2>\n<p>&#8211; 100% kh\u00f4ng ch\u1ea5t t\u1ea1o m\u00e0u, 100% kh\u00f4ng ch\u1ea5t ph\u1ee5 gia<br \/>\n&#8211; Th\u00e0nh ph\u1ea7n: B\u1ed9t tr\u00e0 Olong xanh nguy\u00ean ch\u1ea5t, s\u1eefa, \u0111\u01b0\u1eddng tinh.<\/p>\n<p><em>C\u00f4ng d\u1ee5ng:<\/em>\u00a0Trong tr\u00e0 s\u1eefa Olong xanh c\u00f3 ch\u1ee9a epigallocatechin c\u00f3 kh\u1ea3 n\u0103ng ch\u1ed1ng ung th\u01b0, ch\u1ed1ng l\u00e3o ho\u00e1. C\u00e1c ch\u1ea5t Amino acid L &#8211; Theanine c\u00f3 trong tr\u00e0 gi\u00fap t\u0103ng c\u01b0\u1eddng h\u1ec7 mi\u1ec5n d\u1ecbch, t\u1ed1t cho h\u1ec7 ti\u00eau ho\u00e1. B\u1ed5 sung n\u0103ng l\u01b0\u1ee3ng v\u00e0 th\u01b0 gi\u00e3n tinh th\u1ea7n.<\/p>\n<p><em>C\u00e1ch b\u1ea3o qu\u1ea3n:<\/em>\u00a0Tr\u00e1nh \u0111\u1ec3 n\u01a1i c\u00f3 nhi\u1ec7t \u0111\u1ed9 cao v\u00e0 tr\u00e1nh \u00e1nh n\u1eafng m\u1eb7t tr\u1eddi.<\/p>","protected":false},"excerpt":{"rendered":"<p>Tr\u00e0 s\u1eefa Olong xanh nguy\u00ean ch\u1ea5t ho\u00e0 tan &#8211; 100% kh\u00f4ng ch\u1ea5t t\u1ea1o m\u00e0u, 100% kh\u00f4ng ch\u1ea5t ph\u1ee5 gia &#8211;<\/p>","protected":false},"featured_media":14354,"comment_status":"open","ping_status":"closed","template":"","meta":{"_acf_changed":false},"product_cat":[321,366,398,22,323],"product_tag":[],"class_list":{"0":"post-14347","1":"product","2":"type-product","3":"status-publish","4":"has-post-thumbnail","6":"product_cat-che","7":"product_cat-hang-cnnt-cap-qg","8":"product_cat-san-pham-cnnt-tb-cap-qg-2021","9":"product_cat-sanphamthucpham","10":"product_cat-san-pham-tra-tu-thuc-vat-khac","12":"first","13":"instock","14":"shipping-taxable","15":"purchasable","16":"product-type-simple"},"acf":[],"_links":{"self":[{"href":"https:\/\/b2c.fairs.vn\/en\/wp-json\/wp\/v2\/product\/14347","targetHints":{"allow":["GET"]}}],"collection":[{"href":"https:\/\/b2c.fairs.vn\/en\/wp-json\/wp\/v2\/product"}],"about":[{"href":"https:\/\/b2c.fairs.vn\/en\/wp-json\/wp\/v2\/types\/product"}],"replies":[{"embeddable":true,"href":"https:\/\/b2c.fairs.vn\/en\/wp-json\/wp\/v2\/comments?post=14347"}],"version-history":[{"count":0,"href":"https:\/\/b2c.fairs.vn\/en\/wp-json\/wp\/v2\/product\/14347\/revisions"}],"wp:featuredmedia":[{"embeddable":true,"href":"https:\/\/b2c.fairs.vn\/en\/wp-json\/wp\/v2\/media\/14354"}],"wp:attachment":[{"href":"https:\/\/b2c.fairs.vn\/en\/wp-json\/wp\/v2\/media?parent=14347"}],"wp:term":[{"taxonomy":"product_cat","embeddable":true,"href":"https:\/\/b2c.fairs.vn\/en\/wp-json\/wp\/v2\/product_cat?post=14347"},{"taxonomy":"product_tag","embeddable":true,"href":"https:\/\/b2c.fairs.vn\/en\/wp-json\/wp\/v2\/product_tag?post=14347"}],"curies":[{"name":"wp","href":"https:\/\/api.w.org\/{rel}","templated":true}]}}