{"id":14326,"date":"2024-04-02T11:07:13","date_gmt":"2024-04-02T04:07:13","guid":{"rendered":"https:\/\/b2c.fairs.vn\/?post_type=product&#038;p=14326"},"modified":"2024-04-02T11:07:14","modified_gmt":"2024-04-02T04:07:14","slug":"tinh-dau-xa-thanh-cong","status":"publish","type":"product","link":"https:\/\/b2c.fairs.vn\/en\/product\/tinh-dau-xa-thanh-cong\/","title":{"rendered":"Tinh d\u1ea7u x\u1ea3 Th\u00e0nh C\u00f4ng"},"content":{"rendered":"<div dir=\"auto\">Tinh ch\u1ea5t t\u1eeb c\u00e2y s\u1ea3 chanh ch\u1ee9a r\u1ea5t nhi\u1ec1u lo\u1ea1i vitamin l\u00e0 A, B2, B2, B3, B5, C, Folate. Ngo\u00e0i ra c\u00f2n c\u00f3 c\u00e1c lo\u1ea1i kho\u00e1ng ch\u1ea5t magie, mangan, kali, k\u1ebdm, s\u1eaft\u2026<\/div>\n<div dir=\"auto\">V\u1edbi c\u00e1c th\u00e0nh ph\u1ea7n n\u00e0y m\u00e0 tinh d\u1ea7u s\u1ea3 chanh mang \u0111\u1ebfn r\u1ea5t nhi\u1ec1u c\u00f4ng d\u1ee5ng kh\u00e1c nhau cho s\u1ee9c kh\u1ecfe, m\u00f4i tr\u01b0\u1eddng s\u1ed1ng:<\/div>\n<div dir=\"auto\">&#8211; Kh\u1eed m\u00f9i, di\u1ec7t khu\u1ea9n: H\u00e0m l\u01b0\u1ee3ng Citral cao trong lo\u1ea1i tinh d\u1ea7u n\u00e0y c\u00f3 kh\u1ea3 n\u0103ng kh\u00e1ng khu\u1ea9n, kh\u00e1ng n\u1ea5m c\u1ef1c k\u1ef3 m\u1ea1nh. B\u1edfi v\u1eady, s\u1eed d\u1ee5ng tinh d\u1ea7u s\u1ea3 chanh s\u1ebd gi\u00fap l\u00e0m s\u1ea1ch kh\u00f4ng kh\u00ed, kh\u1eed m\u00f9i hi\u1ec7u qu\u1ea3, \u0111\u1ed3ng th\u1eddi lo\u1ea1i b\u1ecf vi khu\u1ea9n, gi\u1ea3m thi\u1ec3u vi r\u00fat.<\/div>\n<div dir=\"auto\">H\u01b0\u01a1ng th\u01a1m thoang tho\u1ea3ng nh\u1eb9 d\u1ecbu c\u00f2n \u00e1t \u0111i nh\u1eefng m\u00f9i h\u00f4i kh\u00f3 ch\u1ecbu nh\u01b0 thu\u1ed1c l\u00e1, \u1ea9m m\u1ed1c, m\u00f9i c\u1ee7a v\u1eadt nu\u00f4i, m\u00f9i xe\u2026<\/div>\n<div dir=\"auto\">&#8211; Gi\u1ea3i t\u1ecfa c\u0103ng th\u1eb3ng, stress: M\u00f9i h\u01b0\u01a1ng nh\u1eb9 d\u1ecbu c\u1ee7a tinh d\u1ea7u s\u1ea3 chanh s\u1ebd gi\u00fap c\u1ea3i thi\u1ec7n h\u1ec7 th\u1ea7n kinh, t\u1ec9nh t\u00e1o tinh th\u1ea7n, t\u1eadp trung tr\u00ed tu\u1ec7, \u0111i\u1ec1u tr\u1ecb ch\u1ee9ng gi\u1ea3m tr\u00ed nh\u1edb. X\u00f4ng h\u01a1i v\u1edbi tinh d\u1ea7u s\u1ea3 chanh c\u00f2n gi\u00fap kh\u00ed huy\u1ebft l\u01b0u th\u00f4ng, gi\u1ea3i c\u1ea3m.<\/div>\n<div dir=\"auto\">&#8211; \u0110u\u1ed5i mu\u1ed7i v\u00e0 c\u00f4n tr\u00f9ng: H\u01b0\u01a1ng s\u1ea3 chanh r\u1ea5t d\u1ec5 ch\u1ecbu v\u1edbi con ng\u01b0\u1eddi nh\u01b0ng l\u1ea1i l\u00e0 \u201ckh\u1eafc tinh\u201d c\u1ee7a c\u00f4n tr\u00f9ng, \u0111\u1eb7c bi\u1ec7t l\u00e0 mu\u1ed7i. B\u1edfi h\u01b0\u01a1ng th\u01a1m n\u00e0y l\u00e0m ch\u00fang b\u1ecb m\u1ea5t ki\u1ec3m so\u00e1t, kh\u00f4ng ph\u00e2n bi\u1ec7t \u0111\u01b0\u1ee3c h\u01b0\u1edbng bay. N\u00ean tinh d\u1ea7u s\u1ea3 chanh \u0111\u01b0\u1ee3c s\u1eed d\u1ee5ng r\u1ea5t r\u1ed9ng r\u00e3i \u0111\u1ec3 ph\u00f2ng tr\u00e1nh c\u00f4n tr\u00f9ng.<\/div>\n<div dir=\"auto\">&#8211; L\u00e0m l\u00e0nh v\u1ebft th\u01b0\u01a1ng: Ch\u1ec9 c\u1ea7n r\u1eeda v\u1ebft th\u01b0\u01a1ng v\u1edbi dung d\u1ecbch n\u01b0\u1edbc \u1ea5m pha tinh d\u1ea7u s\u1ea3 chanh s\u1ebd gi\u00fap v\u1ebft th\u01b0\u01a1ng, v\u1ebft b\u1ea7m t\u00edm nhanh l\u00e0nh h\u01a1n. Kh\u00f4ng nh\u1eefng th\u1ebf, v\u1edbi \u0111\u1eb7c t\u00ednh kh\u00e1ng khu\u1ea9n x\u00f4ng h\u01a1i v\u1edbi lo\u1ea1i tinh d\u1ea7u n\u00e0y c\u00f2n gi\u00fap ng\u0103n ng\u1eeba v\u00e0 h\u1ed7 tr\u1ee3 \u0111i\u1ec1u tr\u1ecb m\u1ee5n, d\u01b0\u1ee1ng da m\u1ecbn \u0111\u1eb9p.<\/div>\n<div dir=\"auto\">&#8211; D\u01b0\u1ee1ng t\u00f3c b\u00f3ng kh\u1ecfe: C\u0169ng gi\u1ed1ng nh\u01b0 tr\u00e1i b\u1ed3 k\u1ebft, khi g\u1ed9i \u0111\u1ea7u v\u1edbi tinh d\u1ea7u s\u1ea3 chanh s\u1ebd gi\u00fap l\u00e0m s\u1ea1ch g\u00e0u, d\u01b0\u1ee1ng t\u00f3c su\u00f4n m\u01b0\u1ee3t, gi\u1ea3m hi\u1ec7n t\u01b0\u1ee3ng g\u00e3y r\u1ee5ng<\/div>","protected":false},"excerpt":{"rendered":"<p>Tinh ch\u1ea5t t\u1eeb c\u00e2y s\u1ea3 chanh ch\u1ee9a r\u1ea5t nhi\u1ec1u lo\u1ea1i vitamin l\u00e0 A, B2, B2, B3, B5, C, Folate. Ngo\u00e0i<\/p>","protected":false},"featured_media":14332,"comment_status":"open","ping_status":"closed","template":"","meta":{"_acf_changed":false},"product_cat":[332,366,398,335],"product_tag":[],"class_list":{"0":"post-14326","1":"product","2":"type-product","3":"status-publish","4":"has-post-thumbnail","6":"product_cat-san-pham-duoc-lieu-va-san-pham-tu-duoc-lieu","7":"product_cat-hang-cnnt-cap-qg","8":"product_cat-san-pham-cnnt-tb-cap-qg-2021","9":"product_cat-tinh-dau-va-thao-duoc-khac","11":"first","12":"instock","13":"shipping-taxable","14":"purchasable","15":"product-type-variable"},"acf":[],"_links":{"self":[{"href":"https:\/\/b2c.fairs.vn\/en\/wp-json\/wp\/v2\/product\/14326","targetHints":{"allow":["GET"]}}],"collection":[{"href":"https:\/\/b2c.fairs.vn\/en\/wp-json\/wp\/v2\/product"}],"about":[{"href":"https:\/\/b2c.fairs.vn\/en\/wp-json\/wp\/v2\/types\/product"}],"replies":[{"embeddable":true,"href":"https:\/\/b2c.fairs.vn\/en\/wp-json\/wp\/v2\/comments?post=14326"}],"version-history":[{"count":0,"href":"https:\/\/b2c.fairs.vn\/en\/wp-json\/wp\/v2\/product\/14326\/revisions"}],"wp:featuredmedia":[{"embeddable":true,"href":"https:\/\/b2c.fairs.vn\/en\/wp-json\/wp\/v2\/media\/14332"}],"wp:attachment":[{"href":"https:\/\/b2c.fairs.vn\/en\/wp-json\/wp\/v2\/media?parent=14326"}],"wp:term":[{"taxonomy":"product_cat","embeddable":true,"href":"https:\/\/b2c.fairs.vn\/en\/wp-json\/wp\/v2\/product_cat?post=14326"},{"taxonomy":"product_tag","embeddable":true,"href":"https:\/\/b2c.fairs.vn\/en\/wp-json\/wp\/v2\/product_tag?post=14326"}],"curies":[{"name":"wp","href":"https:\/\/api.w.org\/{rel}","templated":true}]}}